{"id":1793,"date":"2021-09-21T14:54:39","date_gmt":"2021-09-21T14:54:39","guid":{"rendered":"https:\/\/blogs.glowscotland.org.uk\/sa\/languages\/?page_id=1793"},"modified":"2021-09-21T15:07:38","modified_gmt":"2021-09-21T15:07:38","slug":"gaidhlig-na-og-learning-videos","status":"publish","type":"page","link":"https:\/\/blogs.glowscotland.org.uk\/sa\/languages\/gaidhlig-na-og-learning-videos\/","title":{"rendered":"G\u00e0idhlig Na \u00d2g Learning Videos"},"content":{"rendered":"<p><img loading=\"lazy\" decoding=\"async\" data-attachment-id=\"1796\" data-permalink=\"https:\/\/blogs.glowscotland.org.uk\/sa\/languages\/gaidhlig-na-og-learning-videos\/tgaidhlig-no-og\/\" data-orig-file=\"https:\/\/blogs.glowscotland.org.uk\/sa\/public\/languages\/uploads\/sites\/11653\/2021\/09\/21145824\/tgaidhlig-No-og.jpg\" data-orig-size=\"185,175\" data-comments-opened=\"1\" data-image-meta=\"{&quot;aperture&quot;:&quot;0&quot;,&quot;credit&quot;:&quot;&quot;,&quot;camera&quot;:&quot;&quot;,&quot;caption&quot;:&quot;&quot;,&quot;created_timestamp&quot;:&quot;0&quot;,&quot;copyright&quot;:&quot;&quot;,&quot;focal_length&quot;:&quot;0&quot;,&quot;iso&quot;:&quot;0&quot;,&quot;shutter_speed&quot;:&quot;0&quot;,&quot;title&quot;:&quot;&quot;,&quot;orientation&quot;:&quot;0&quot;}\" data-image-title=\"tgaidhlig No og\" data-image-description=\"\" data-image-caption=\"\" data-medium-file=\"https:\/\/blogs.glowscotland.org.uk\/sa\/public\/languages\/uploads\/sites\/11653\/2021\/09\/21145824\/tgaidhlig-No-og.jpg\" data-large-file=\"https:\/\/blogs.glowscotland.org.uk\/sa\/public\/languages\/uploads\/sites\/11653\/2021\/09\/21145824\/tgaidhlig-No-og.jpg\" class=\"alignnone wp-image-1796\" src=\"https:\/\/blogs.glowscotland.org.uk\/sa\/public\/languages\/uploads\/sites\/11653\/2021\/09\/21145824\/tgaidhlig-No-og.jpg\" alt=\"\" width=\"90\" height=\"85\" \/><\/p>\n<p>We are delighted to inform you that\u00a0 the website G\u00e0idhlig nan \u00d2g have released 10 short Gaelic videos covering a range of topics. Each video is approximately 15 minutes long and provides an opportunity for new vocabulary, sentence structure and song.\u00a0 The videos are scripted and presented by Jackie Mullen.<\/p>\n<p>If you are searching them on the G\u00e0idhlig nan \u00d2g webpage they can be found under G\u00ecog Ort \u2013 which means Keek a Boo. The link below should take you straight to their home page.<\/p>\n<p><a href=\"https:\/\/www.gaidhlig-nan-og.scot\/\" target=\"_blank\" rel=\"noopener\">Link to G\u00e0idhlig Na \u00d2g Videos<\/a><\/p>\n","protected":false},"excerpt":{"rendered":"<p>We are delighted to inform you that\u00a0 the website G\u00e0idhlig nan \u00d2g have released 10 short Gaelic videos covering a range of topics. Each video is approximately 15 minutes long and provides an opportunity for new vocabulary, sentence structure and &hellip; <a href=\"https:\/\/blogs.glowscotland.org.uk\/sa\/languages\/gaidhlig-na-og-learning-videos\/\">Continue reading <span class=\"meta-nav\">&rarr;<\/span><\/a><\/p>\n","protected":false},"author":12798,"featured_media":0,"parent":0,"menu_order":0,"comment_status":"closed","ping_status":"closed","template":"","meta":{"footnotes":""},"class_list":["post-1793","page","type-page","status-publish","hentry"],"jetpack_sharing_enabled":true,"_links":{"self":[{"href":"https:\/\/blogs.glowscotland.org.uk\/sa\/languages\/wp-json\/wp\/v2\/pages\/1793","targetHints":{"allow":["GET"]}}],"collection":[{"href":"https:\/\/blogs.glowscotland.org.uk\/sa\/languages\/wp-json\/wp\/v2\/pages"}],"about":[{"href":"https:\/\/blogs.glowscotland.org.uk\/sa\/languages\/wp-json\/wp\/v2\/types\/page"}],"author":[{"embeddable":true,"href":"https:\/\/blogs.glowscotland.org.uk\/sa\/languages\/wp-json\/wp\/v2\/users\/12798"}],"replies":[{"embeddable":true,"href":"https:\/\/blogs.glowscotland.org.uk\/sa\/languages\/wp-json\/wp\/v2\/comments?post=1793"}],"version-history":[{"count":7,"href":"https:\/\/blogs.glowscotland.org.uk\/sa\/languages\/wp-json\/wp\/v2\/pages\/1793\/revisions"}],"predecessor-version":[{"id":1802,"href":"https:\/\/blogs.glowscotland.org.uk\/sa\/languages\/wp-json\/wp\/v2\/pages\/1793\/revisions\/1802"}],"wp:attachment":[{"href":"https:\/\/blogs.glowscotland.org.uk\/sa\/languages\/wp-json\/wp\/v2\/media?parent=1793"}],"curies":[{"name":"wp","href":"https:\/\/api.w.org\/{rel}","templated":true}]}}