{"id":5854,"date":"2022-11-11T11:02:23","date_gmt":"2022-11-11T11:02:23","guid":{"rendered":"https:\/\/blogs.glowscotland.org.uk\/re\/west\/?page_id=5854"},"modified":"2022-11-11T11:02:23","modified_gmt":"2022-11-11T11:02:23","slug":"gaelic-medium-education","status":"publish","type":"page","link":"https:\/\/blogs.glowscotland.org.uk\/re\/west\/gaelic-medium-education\/","title":{"rendered":"Gaelic Medium Education"},"content":{"rendered":"<p><strong>Gaelic Medium Education<\/strong><\/p>\n<p><em>Tha Foghlam tro Mheadhan na G\u00e0idhlig ri fhaighinn aig Bun-sgoil an Iar agus tha seo fosgailte do theaghlaichean air feadh Chomhairle Shiorrachd Rinn Fri\u00f9. Chaidh an t-aonad G\u00e0idhlig fhosgladh san L\u00f9nastal 2022.\u00a0<\/em><\/p>\n<p>Gaelic Medium Education is available at West Primary school for children and families across Renfrewshire Council. The Gaelic Medium unit was opened in August 2022. Gaelic Medium Education is open to children who have no prior experience of the language, as well as those who use Gaelic at home. Children in Gaelic Medium Education are fully immersed in the language during the school day, which supports the acquisition of fluency.<\/p>\n<p>Click here for further information regarding <a href=\"https:\/\/www.gaidhlig.scot\/en\/education\/primary\/\">Gaelic Medium Education<\/a>. Please get in touch with us at the school, should you have any questions or would like to explore the option of Gaelic Medium Education for your child.<\/p>\n","protected":false},"excerpt":{"rendered":"<p>Gaelic Medium Education Tha Foghlam tro Mheadhan na G\u00e0idhlig ri fhaighinn aig Bun-sgoil an Iar agus tha seo fosgailte do theaghlaichean air feadh Chomhairle Shiorrachd Rinn Fri\u00f9. Chaidh an t-aonad G\u00e0idhlig fhosgladh san L\u00f9nastal 2022.\u00a0 Gaelic Medium Education is available at West Primary school for children and families across Renfrewshire Council. The Gaelic Medium unit &hellip; <a href=\"https:\/\/blogs.glowscotland.org.uk\/re\/west\/gaelic-medium-education\/\" class=\"more-link\">Continue reading <span class=\"screen-reader-text\">Gaelic Medium Education<\/span> <span class=\"meta-nav\">&rarr;<\/span><\/a><\/p>\n","protected":false},"author":12062,"featured_media":0,"parent":0,"menu_order":0,"comment_status":"closed","ping_status":"closed","template":"","meta":{"footnotes":""},"class_list":["post-5854","page","type-page","status-publish","hentry"],"jetpack_sharing_enabled":true,"_links":{"self":[{"href":"https:\/\/blogs.glowscotland.org.uk\/re\/west\/wp-json\/wp\/v2\/pages\/5854","targetHints":{"allow":["GET"]}}],"collection":[{"href":"https:\/\/blogs.glowscotland.org.uk\/re\/west\/wp-json\/wp\/v2\/pages"}],"about":[{"href":"https:\/\/blogs.glowscotland.org.uk\/re\/west\/wp-json\/wp\/v2\/types\/page"}],"author":[{"embeddable":true,"href":"https:\/\/blogs.glowscotland.org.uk\/re\/west\/wp-json\/wp\/v2\/users\/12062"}],"replies":[{"embeddable":true,"href":"https:\/\/blogs.glowscotland.org.uk\/re\/west\/wp-json\/wp\/v2\/comments?post=5854"}],"version-history":[{"count":2,"href":"https:\/\/blogs.glowscotland.org.uk\/re\/west\/wp-json\/wp\/v2\/pages\/5854\/revisions"}],"predecessor-version":[{"id":5856,"href":"https:\/\/blogs.glowscotland.org.uk\/re\/west\/wp-json\/wp\/v2\/pages\/5854\/revisions\/5856"}],"wp:attachment":[{"href":"https:\/\/blogs.glowscotland.org.uk\/re\/west\/wp-json\/wp\/v2\/media?parent=5854"}],"curies":[{"name":"wp","href":"https:\/\/api.w.org\/{rel}","templated":true}]}}