{"id":189,"date":"2022-10-13T13:53:19","date_gmt":"2022-10-13T12:53:19","guid":{"rendered":"https:\/\/blogs.glowscotland.org.uk\/re\/rymi\/?page_id=189"},"modified":"2023-12-20T13:54:43","modified_gmt":"2023-12-20T13:54:43","slug":"introduction-to-traditional-music","status":"publish","type":"page","link":"https:\/\/blogs.glowscotland.org.uk\/re\/rymi\/introduction-to-traditional-music\/","title":{"rendered":"Introduction to Traditional Music"},"content":{"rendered":"<section id=\"builder-section-banner_31\" class=\"builder-section-first builder-section builder-section-banner builder-section-next-text\" style=\"background-size: cover; background-repeat: no-repeat;background-position: center center;\">\n<div class=\"builder-section-content cycle-slideshow\" data-cycle-log=\"false\" data-cycle-slides=\"div.builder-banner-slide\" data-cycle-swipe=\"true\" data-cycle-timeout=\"6000\" data-cycle-fx=\"scrollHorz\">\n<div class=\"builder-banner-slide content-position-none\" style=\"background-image: url(&#039;https:\/\/blogs.glowscotland.org.uk\/re\/public\/rymi\/uploads\/sites\/3004\/2023\/11\/30130220\/Intro-To-Trad-042-1.jpg&#039;);\">\n<div class=\"builder-banner-content\">\n<div class=\"builder-banner-inner-content\">\n\t\t\t\t\t\t\t\t\t<\/div>\n<\/p><\/div>\n<\/p><\/div>\n<div class=\"builder-banner-slide content-position-none\" style=\"background-image: url(&#039;https:\/\/blogs.glowscotland.org.uk\/re\/public\/rymi\/uploads\/sites\/3004\/2023\/11\/30130223\/Intro-To-Trad-007.jpg&#039;);\">\n<div class=\"builder-banner-content\">\n<div class=\"builder-banner-inner-content\">\n\t\t\t\t\t\t\t\t\t<\/div>\n<\/p><\/div>\n<\/p><\/div>\n<div class=\"builder-banner-slide content-position-none\" style=\"background-image: url(&#039;https:\/\/blogs.glowscotland.org.uk\/re\/public\/rymi\/uploads\/sites\/3004\/2023\/11\/30130226\/Intro-To-Trad-004.jpg&#039;);\">\n<div class=\"builder-banner-content\">\n<div class=\"builder-banner-inner-content\">\n\t\t\t\t\t\t\t\t\t<\/div>\n<\/p><\/div>\n<\/p><\/div>\n<div class=\"cycle-prev\"><\/div>\n<div class=\"cycle-next\"><\/div>\n<div class=\"cycle-pager\"><\/div>\n<\/p><\/div>\n<\/section>\n<section id=\"builder-section-text_36\" class=\"builder-section-prev-banner builder-section builder-section-text builder-section-next-text builder-text-columns-2 layout-6\" style=\"background-size: cover; background-repeat: no-repeat;background-position: center center;\">\n<div class=\"builder-section-content\">\n<div class=\"builder-text-row\">\n<div class=\"builder-text-column builder-text-column-1\" id=\"builder-section-text_36-column-1\">\n<div class=\"builder-text-content\">\n<h1>Introduction to Traditional Music<\/h1>\n<p>delivered by F\u00e8is Ph\u00e0islig<\/p>\n<\/p><\/div>\n<\/p><\/div>\n<div class=\"builder-text-column builder-text-column-2\" id=\"builder-section-text_36-column-2\">\n<div class=\"builder-text-content\">\n<p><a href=\"https:\/\/feisphaislig.com\"><img loading=\"lazy\" decoding=\"async\" data-attachment-id=\"194\" data-permalink=\"https:\/\/blogs.glowscotland.org.uk\/re\/rymi\/introduction-to-traditional-music\/feis-logo-copy\/\" data-orig-file=\"https:\/\/blogs.glowscotland.org.uk\/re\/public\/rymi\/uploads\/sites\/3004\/2022\/10\/13135746\/Feis-Logo-copy.png\" data-orig-size=\"1260,451\" data-comments-opened=\"1\" data-image-meta=\"{&quot;aperture&quot;:&quot;0&quot;,&quot;credit&quot;:&quot;&quot;,&quot;camera&quot;:&quot;&quot;,&quot;caption&quot;:&quot;&quot;,&quot;created_timestamp&quot;:&quot;0&quot;,&quot;copyright&quot;:&quot;&quot;,&quot;focal_length&quot;:&quot;0&quot;,&quot;iso&quot;:&quot;0&quot;,&quot;shutter_speed&quot;:&quot;0&quot;,&quot;title&quot;:&quot;&quot;,&quot;orientation&quot;:&quot;0&quot;}\" data-image-title=\"F\u00e8is Logo copy\" data-image-description=\"\" data-image-caption=\"\" data-medium-file=\"https:\/\/blogs.glowscotland.org.uk\/re\/public\/rymi\/uploads\/sites\/3004\/2022\/10\/13135746\/Feis-Logo-copy-300x107.png\" data-large-file=\"https:\/\/blogs.glowscotland.org.uk\/re\/public\/rymi\/uploads\/sites\/3004\/2022\/10\/13135746\/Feis-Logo-copy-1024x367.png\" class=\"alignright wp-image-194\" src=\"https:\/\/blogs.glowscotland.org.uk\/re\/public\/rymi\/uploads\/sites\/3004\/2022\/10\/13135746\/Feis-Logo-copy-300x107.png\" alt=\"\" width=\"179\" height=\"64\" srcset=\"https:\/\/blogs.glowscotland.org.uk\/re\/public\/rymi\/uploads\/sites\/3004\/2022\/10\/13135746\/Feis-Logo-copy-300x107.png 300w, https:\/\/blogs.glowscotland.org.uk\/re\/public\/rymi\/uploads\/sites\/3004\/2022\/10\/13135746\/Feis-Logo-copy-1024x367.png 1024w, https:\/\/blogs.glowscotland.org.uk\/re\/public\/rymi\/uploads\/sites\/3004\/2022\/10\/13135746\/Feis-Logo-copy-768x275.png 768w, https:\/\/blogs.glowscotland.org.uk\/re\/public\/rymi\/uploads\/sites\/3004\/2022\/10\/13135746\/Feis-Logo-copy.png 1260w\" sizes=\"auto, (max-width: 179px) 100vw, 179px\" \/><\/a><\/p>\n<\/p><\/div>\n<\/p><\/div>\n<\/p><\/div>\n<\/p><\/div>\n<\/section>\n<section id=\"builder-section-text_330\" class=\"builder-section-prev-text builder-section builder-section-text builder-section-next-gallery builder-text-columns-1\" style=\"background-size: cover; background-repeat: no-repeat;background-position: center center;\">\n<div class=\"builder-section-content\">\n<div class=\"builder-text-row\">\n<div class=\"builder-text-column builder-text-column-1\" id=\"builder-section-text_330-column-1\">\n<div class=\"builder-text-content\">\n<p><small><span data-contrast=\"auto\">F\u00e8is Ph\u00e0islig is an arts organisation that provides opportunities in traditional music and Gaelic culture for young people across Renfrewshire.\u202fGaelic for\u202fPaisley Festival,\u202fF\u00e8is Ph\u00e0islig was established in 2015 and delivered our first ever \u2018F\u00e8is Week\u2019, an intensive course of come-and-try workshops, that saw over 60 children take part in instrumental tuition, singing and drama with some of Scotland\u2019s leading traditional musicians.\u202fWe now provide a year-round programme of events that delivered to over 4500 in 2019.<\/span><span data-ccp-props=\"{&quot;335551550&quot;:6,&quot;335551620&quot;:6}\">\u00a0<\/span><\/small><\/p>\n<p><small><span data-contrast=\"auto\">As part of Renfrewshire Council\u2019s Youth Music Initiative programme, our Introduction to Traditional Music project aims to give pupils a fun and engaging experience of their culture and heritage. Through music, song, dance and more, our tutors provide a broad introduction to Scottish music and Gaelic culture and give pupils the opportunity to hear, experience and enjoy the traditional arts.<\/span><span data-ccp-props=\"{&quot;335551550&quot;:6,&quot;335551620&quot;:6}\">\u00a0<\/span><\/small><\/p>\n<p><small><span data-contrast=\"auto\">We work with Renfrewshire Council to identify schools that would benefit from the project and those schools are offered tuition in tin whistle or Gaelic song. Pupils require no previous experience of music or Gaelic to participate. You can watch a short introductory video to the project on <\/span><a href=\"https:\/\/www.youtube.com\/watch?v=jL4W9rBb4C4&amp;t\"><span data-contrast=\"none\">YouTube<\/span><\/a><span data-contrast=\"auto\">.<\/span><\/small><\/p>\n<\/p><\/div>\n<\/p><\/div>\n<\/p><\/div>\n<div class=\"builder-text-row\">\n<div class=\"builder-text-column builder-text-column-2\" id=\"builder-section-text_330-column-1\">\n<div class=\"builder-text-content\">\n<p><iframe loading=\"lazy\" width=\"560\" height=\"315\" src=\"https:\/\/www.youtube.com\/embed\/jL4W9rBb4C4\" title=\"YouTube video player\" frameborder=\"0\" allow=\"accelerometer; autoplay; clipboard-write; encrypted-media; gyroscope; picture-in-picture\" allowfullscreen><\/iframe><\/p>\n<\/p><\/div>\n<\/p><\/div>\n<\/p><\/div>\n<div class=\"builder-text-row\">\n<div class=\"builder-text-column builder-text-column-3\" id=\"builder-section-text_330-column-1\">\n<div class=\"builder-text-content\">\n<p><small><span data-contrast=\"auto\">Classes receive up to 8 consecutive sessions working with one of our team of professional musicians. Pupils will learn about different Scottish instruments, song traditions and dance while reinforcing the four capacities of Curriculum for Excellence. A teachers\u2019 resource is available allowing classroom teachers extra support in the absence of the tutor to go over what was learned in sessions.<\/span><span data-ccp-props=\"{&quot;335551550&quot;:6,&quot;335551620&quot;:6}\">\u00a0<\/span><\/small><\/p>\n<p><small><span data-contrast=\"auto\">One of our aims through the YMI sessions is to provide long-term learning\u202fpathways\u202ffor\u202fpupils, allowing them to develop their skills continually over time. Pupils are encouraged to continue learning with us through our year-round programme of events including our Gaelic Choir and Weekly Lessons programmes.<\/span><span data-ccp-props=\"{&quot;335551550&quot;:6,&quot;335551620&quot;:6}\">\u00a0<\/span><\/small><\/p>\n<p><small><span data-contrast=\"auto\">Watch on YouTube: <\/span><a href=\"https:\/\/www.youtube.com\/watch?v=jL4W9rBb4C4\"><span data-contrast=\"none\">https:\/\/www.youtube.com\/watch?v=jL4W9rBb4C4<\/span><\/a><span data-ccp-props=\"{&quot;335551550&quot;:6,&quot;335551620&quot;:6}\">\u00a0<\/span><\/small><\/p>\n<p><small><span data-contrast=\"auto\">For more information, contact <\/span><a href=\"mailto:info@feisphaislig.com\"><span data-contrast=\"none\">info@feisphaislig.com<\/span><\/a><span data-ccp-props=\"{&quot;335551550&quot;:6,&quot;335551620&quot;:6}\">\u00a0<\/span><\/small><\/p>\n<\/p><\/div>\n<\/p><\/div>\n<\/p><\/div>\n<\/p><\/div>\n<\/section>\n<section id=\"builder-section-gallery_1483\" class=\"builder-section-prev-text builder-section builder-section-gallery builder-section-last builder-gallery-columns-3 builder-gallery-captions-reveal builder-gallery-captions-light builder-gallery-aspect-square\" style=\"background-size: cover; background-repeat: no-repeat;background-position: center center;\">\n<div class=\"builder-section-content\">\n<div class=\"builder-gallery-item \">\n<figure class=\"builder-gallery-image\" style=\"background-image: url(&#039;https:\/\/blogs.glowscotland.org.uk\/re\/public\/rymi\/uploads\/sites\/3004\/2023\/11\/30130339\/Intro-To-Trad-003-1024x683.jpg&#039;);\"><\/figure>\n<\/p><\/div>\n<div class=\"builder-gallery-item \">\n<figure class=\"builder-gallery-image\" style=\"background-image: url(&#039;https:\/\/blogs.glowscotland.org.uk\/re\/public\/rymi\/uploads\/sites\/3004\/2023\/11\/30130342\/Intro-To-Trad-008-1024x683.jpg&#039;);\"><\/figure>\n<\/p><\/div>\n<div class=\"builder-gallery-item  last-3\">\n<figure class=\"builder-gallery-image\" style=\"background-image: url(&#039;https:\/\/blogs.glowscotland.org.uk\/re\/public\/rymi\/uploads\/sites\/3004\/2023\/11\/30130344\/Intro-To-Trad-016-683x1024.jpg&#039;);\"><\/figure>\n<\/p><\/div>\n<div class=\"builder-gallery-item \">\n<figure class=\"builder-gallery-image\" style=\"background-image: url(&#039;https:\/\/blogs.glowscotland.org.uk\/re\/public\/rymi\/uploads\/sites\/3004\/2023\/11\/30130346\/Intro-To-Trad-018-683x1024.jpg&#039;);\"><\/figure>\n<\/p><\/div>\n<div class=\"builder-gallery-item \">\n<figure class=\"builder-gallery-image\" style=\"background-image: url(&#039;https:\/\/blogs.glowscotland.org.uk\/re\/public\/rymi\/uploads\/sites\/3004\/2023\/11\/30130350\/Intro-To-Trad-045-1024x683.jpg&#039;);\"><\/figure>\n<\/p><\/div>\n<div class=\"builder-gallery-item  last-3\">\n<figure class=\"builder-gallery-image\" style=\"background-image: url(&#039;https:\/\/blogs.glowscotland.org.uk\/re\/public\/rymi\/uploads\/sites\/3004\/2023\/11\/30130348\/Intro-To-Trad-019-683x1024.jpg&#039;);\"><\/figure>\n<\/p><\/div>\n<div class=\"builder-gallery-item \">\n<figure class=\"builder-gallery-image\" style=\"background-image: url(&#039;https:\/\/blogs.glowscotland.org.uk\/re\/public\/rymi\/uploads\/sites\/3004\/2023\/11\/30130353\/Intro-To-Trad-047-1024x683.jpg&#039;);\"><\/figure>\n<\/p><\/div>\n<div class=\"builder-gallery-item \">\n<figure class=\"builder-gallery-image\" style=\"background-image: url(&#039;https:\/\/blogs.glowscotland.org.uk\/re\/public\/rymi\/uploads\/sites\/3004\/2023\/11\/30130355\/Intro-To-Trad-049-1024x683.jpg&#039;);\"><\/figure>\n<\/p><\/div>\n<div class=\"builder-gallery-item  last-3\">\n<figure class=\"builder-gallery-image\" style=\"background-image: url(&#039;https:\/\/blogs.glowscotland.org.uk\/re\/public\/rymi\/uploads\/sites\/3004\/2023\/11\/30130357\/Intro-To-Trad-057-683x1024.jpg&#039;);\"><\/figure>\n<\/p><\/div>\n<\/p><\/div>\n<\/section>\n","protected":false},"excerpt":{"rendered":"<p>Introduction to Traditional Music delivered by F\u00e8is Ph\u00e0islig F\u00e8is Ph\u00e0islig is an arts organisation that provides opportunities in traditional music and Gaelic culture for young people across Renfrewshire.\u202fGaelic for\u202fPaisley Festival,\u202fF\u00e8is Ph\u00e0islig was established in 2015 and delivered our first ever \u2018F\u00e8is Week\u2019, an intensive course of come-and-try workshops, that saw over 60 children take part &hellip;<\/p>\n","protected":false},"author":9749,"featured_media":0,"parent":0,"menu_order":0,"comment_status":"closed","ping_status":"closed","template":"template-builder.php","meta":{"footnotes":""},"class_list":["post-189","page","type-page","status-publish","hentry"],"_links":{"self":[{"href":"https:\/\/blogs.glowscotland.org.uk\/re\/rymi\/wp-json\/wp\/v2\/pages\/189","targetHints":{"allow":["GET"]}}],"collection":[{"href":"https:\/\/blogs.glowscotland.org.uk\/re\/rymi\/wp-json\/wp\/v2\/pages"}],"about":[{"href":"https:\/\/blogs.glowscotland.org.uk\/re\/rymi\/wp-json\/wp\/v2\/types\/page"}],"author":[{"embeddable":true,"href":"https:\/\/blogs.glowscotland.org.uk\/re\/rymi\/wp-json\/wp\/v2\/users\/9749"}],"replies":[{"embeddable":true,"href":"https:\/\/blogs.glowscotland.org.uk\/re\/rymi\/wp-json\/wp\/v2\/comments?post=189"}],"version-history":[{"count":17,"href":"https:\/\/blogs.glowscotland.org.uk\/re\/rymi\/wp-json\/wp\/v2\/pages\/189\/revisions"}],"predecessor-version":[{"id":545,"href":"https:\/\/blogs.glowscotland.org.uk\/re\/rymi\/wp-json\/wp\/v2\/pages\/189\/revisions\/545"}],"wp:attachment":[{"href":"https:\/\/blogs.glowscotland.org.uk\/re\/rymi\/wp-json\/wp\/v2\/media?parent=189"}],"curies":[{"name":"wp","href":"https:\/\/api.w.org\/{rel}","templated":true}]}}