{"id":654,"date":"2021-10-29T10:39:46","date_gmt":"2021-10-29T10:39:46","guid":{"rendered":"https:\/\/blogs.glowscotland.org.uk\/re\/renfrewshireedpsych\/?page_id=654"},"modified":"2024-06-04T13:41:11","modified_gmt":"2024-06-04T13:41:11","slug":"information-for-parents-carers","status":"publish","type":"page","link":"https:\/\/blogs.glowscotland.org.uk\/re\/renfrewshireedpsych\/information-for-parents-carers\/","title":{"rendered":"Information for Parents and Carers"},"content":{"rendered":"<p>These pages include a description of the role of the Educational Psychologist and information about what an Educational Psychologist might do if they become involved in the team around your child. Please use the menu to navigate this section.<\/p>\n<p>The following video explains what happens when a school or nursery needs to discuss your child with an Educational Psychologist:<\/p>\n<div style=\"width: 840px;\" class=\"wp-video\"><!--[if lt IE 9]><script>document.createElement('video');<\/script><![endif]-->\n<video class=\"wp-video-shortcode\" id=\"video-654-1\" width=\"840\" height=\"473\" preload=\"metadata\" controls=\"controls\"><source type=\"video\/mp4\" src=\"https:\/\/blogs.glowscotland.org.uk\/re\/public\/renfrewshireedpsych\/uploads\/sites\/2916\/2023\/08\/22133230\/Information-for-parents-.mp4?_=1\" \/><a href=\"https:\/\/blogs.glowscotland.org.uk\/re\/public\/renfrewshireedpsych\/uploads\/sites\/2916\/2023\/08\/22133230\/Information-for-parents-.mp4\">https:\/\/blogs.glowscotland.org.uk\/re\/public\/renfrewshireedpsych\/uploads\/sites\/2916\/2023\/08\/22133230\/Information-for-parents-.mp4<\/a><\/video><\/div>\n<p>Please see below for our Parent\/Carer GDPR information letters:<\/p>\n<p>English language versions:<\/p>\n<p><a href=\"https:\/\/blogs.glowscotland.org.uk\/re\/public\/renfrewshireedpsych\/uploads\/sites\/2916\/2023\/08\/09105722\/EPS-Parent-Consent-Letter-ELC-version-final.docx\">Nursery aged child<\/a><\/p>\n<p><a href=\"https:\/\/blogs.glowscotland.org.uk\/re\/public\/renfrewshireedpsych\/uploads\/sites\/2916\/2023\/08\/09105726\/EPS-Parent-Consent-Letter-school-version-final.docx\">Primary\/Secondary aged child<\/a><\/p>\n<p>Polish language versions:<\/p>\n<p><a href=\"https:\/\/blogs.glowscotland.org.uk\/re\/public\/renfrewshireedpsych\/uploads\/sites\/2916\/2023\/08\/22132932\/EPS-Parent-Consent-Letter-ELC-version-final.en_.polish-16.8.23.docx\">Nursery aged child<\/a> (Dziecko w wieku przedszkolnym)<\/p>\n<p><a href=\"https:\/\/blogs.glowscotland.org.uk\/re\/public\/renfrewshireedpsych\/uploads\/sites\/2916\/2023\/08\/22132938\/EPS-Parent-Consent-Letter-school-version-final.en_.polish-16.8.23.docx\">Primary\/Secondary aged child<\/a> (Dziecko w wieku podstawowym\/\u015brednim)<\/p>\n<p>Italian language versions:<\/p>\n<p><a href=\"https:\/\/blogs.glowscotland.org.uk\/re\/public\/renfrewshireedpsych\/uploads\/sites\/2916\/2023\/09\/15123046\/EPS-Parent-Consent-Letter-ELCC-italian.docx\">Nursery aged child<\/a> (Bambino in et\u00e0 di asilo nido)<\/p>\n<p><a href=\"https:\/\/blogs.glowscotland.org.uk\/re\/public\/renfrewshireedpsych\/uploads\/sites\/2916\/2023\/09\/15124658\/EPS-Parent-Consent-Letter-school-version-final-italian.docx\">Primary\/Secondary aged child<\/a>\u00a0(Bambino in et\u00e0 primaria\/secondaria)<\/p>\n<p>Romanian language versions:<\/p>\n<p><a href=\"https:\/\/blogs.glowscotland.org.uk\/re\/public\/renfrewshireedpsych\/uploads\/sites\/2916\/2023\/09\/15123123\/EPS-Parent-Consent-Letter-ELC-version-final.romanian.docx\">Nursery aged child<\/a> (Copil \u00een v\u00e2rst\u0103 de cre\u0219\u0103)<\/p>\n<p><a href=\"https:\/\/blogs.glowscotland.org.uk\/re\/public\/renfrewshireedpsych\/uploads\/sites\/2916\/2023\/09\/15124702\/EPS-Parent-Consent-Letter-school-version-final.romanian.docx\">Primary\/Secondary aged child<\/a> (Copil de v\u00e2rst\u0103 primar\u0103\/secundar\u0103)<\/p>\n<p>Mandarin (traditional) language versions:<\/p>\n<p><a href=\"https:\/\/blogs.glowscotland.org.uk\/re\/public\/renfrewshireedpsych\/uploads\/sites\/2916\/2023\/09\/15123109\/EPS-Parent-Consent-Letter-ELC-Mandarin-traditional.docx\">Nursery aged child<\/a> (\u6258\u5152\u6240\u5e74\u9f61\u7684\u5b69\u5b50)<\/p>\n<p><a href=\"https:\/\/blogs.glowscotland.org.uk\/re\/public\/renfrewshireedpsych\/uploads\/sites\/2916\/2023\/09\/15124645\/EPS-Parent-Consent-Letter-school-Mandarin-traditional.docx\">Primary\/Secondary aged child<\/a> (\u5c0f\u5b78\/\u4e2d\u5b78\u5e74\u9f61\u5152\u7ae5)<\/p>\n<p>Spanish language versions:<\/p>\n<p><a href=\"https:\/\/blogs.glowscotland.org.uk\/re\/public\/renfrewshireedpsych\/uploads\/sites\/2916\/2023\/09\/15123116\/EPS-Parent-Consent-Letter-ELC-Spanish.docx\">Nursery aged child<\/a> (Ni\u00f1a\/Ni\u00f1o de edad infantil)<\/p>\n<p><a href=\"https:\/\/blogs.glowscotland.org.uk\/re\/public\/renfrewshireedpsych\/uploads\/sites\/2916\/2023\/09\/15124648\/EPS-Parent-Consent-Letter-school-Spanish.docx\">Primary\/Secondary aged child<\/a> (Ni\u00f1a\/Ni\u00f1o de primaria \/ secundaria)<\/p>\n<p>Ukranian language versions:<\/p>\n<p><a href=\"https:\/\/blogs.glowscotland.org.uk\/re\/public\/renfrewshireedpsych\/uploads\/sites\/2916\/2023\/09\/15123130\/EPS-Parent-Consent-Letter-ELC-version-Uklranian.docx\">Nursery aged child<\/a> (\u0414\u0438\u0442\u0438\u043d\u0430 \u044f\u0441\u0435\u043b\u044c\u043d\u043e\u0433\u043e \u0432\u0456\u043a\u0443)<\/p>\n<p><a href=\"https:\/\/blogs.glowscotland.org.uk\/re\/public\/renfrewshireedpsych\/uploads\/sites\/2916\/2023\/09\/15124653\/EPS-Parent-Consent-Letter-school-Ukranian.docx\">Primary\/Secondary aged child<\/a> (\u0414\u0438\u0442\u0438\u043d\u0430 \u043f\u043e\u0447\u0430\u0442\u043a\u043e\u0432\u043e\u0433\u043e\/\u0441\u0435\u0440\u0435\u0434\u043d\u044c\u043e\u0433\u043e \u0432\u0456\u043a\u0443)<\/p>\n<p>French language versions:<\/p>\n<p><a href=\"https:\/\/blogs.glowscotland.org.uk\/re\/public\/renfrewshireedpsych\/uploads\/sites\/2916\/2024\/06\/04133632\/EPS-Parent-Consent-Letter-ELC-French.docx\">Nursery aged child<\/a> (Enfant en \u00e2ge de cr\u00e8che)<\/p>\n<p><a href=\"https:\/\/blogs.glowscotland.org.uk\/re\/public\/renfrewshireedpsych\/uploads\/sites\/2916\/2024\/06\/04133653\/Lettre-de-consentement-des-parents-EPS.docx\">Primary\/Secondary aged child<\/a> (Enfant en \u00e2ge d\u2019aller \u00e0 l\u2019\u00e9cole primaire \/ secondaire)<\/p>\n<p>Dutch language versions:<\/p>\n<p><a href=\"https:\/\/blogs.glowscotland.org.uk\/re\/public\/renfrewshireedpsych\/uploads\/sites\/2916\/2024\/06\/04133642\/EPS-Parent-Consent-Letter-ELC-Dutch.docx\">Nursery aged child<\/a> (Kind in de kinderdagverblijven)<\/p>\n<p><a href=\"https:\/\/blogs.glowscotland.org.uk\/re\/public\/renfrewshireedpsych\/uploads\/sites\/2916\/2024\/06\/04133655\/EPS-Parent-Consent-Letter-school-alt-version-Dutch.docx\">Primary\/Secondary aged child<\/a> (Kind in de basisschool\/kind in de middelbare schoolleeftijd)<\/p>\n","protected":false},"excerpt":{"rendered":"<p>These pages include a description of the role of the Educational Psychologist and information about what an Educational Psychologist might do if they become involved in the team around your child. Please use the menu to navigate this section. The following video explains what happens when a school or nursery needs to discuss your child &hellip; <a href=\"https:\/\/blogs.glowscotland.org.uk\/re\/renfrewshireedpsych\/information-for-parents-carers\/\" class=\"more-link\">Continue reading<span class=\"screen-reader-text\"> &#8220;Information for Parents and Carers&#8221;<\/span><\/a><\/p>\n","protected":false},"author":8089,"featured_media":0,"parent":0,"menu_order":0,"comment_status":"closed","ping_status":"closed","template":"","meta":{"footnotes":""},"class_list":["post-654","page","type-page","status-publish","hentry"],"jetpack_sharing_enabled":true,"_links":{"self":[{"href":"https:\/\/blogs.glowscotland.org.uk\/re\/renfrewshireedpsych\/wp-json\/wp\/v2\/pages\/654","targetHints":{"allow":["GET"]}}],"collection":[{"href":"https:\/\/blogs.glowscotland.org.uk\/re\/renfrewshireedpsych\/wp-json\/wp\/v2\/pages"}],"about":[{"href":"https:\/\/blogs.glowscotland.org.uk\/re\/renfrewshireedpsych\/wp-json\/wp\/v2\/types\/page"}],"author":[{"embeddable":true,"href":"https:\/\/blogs.glowscotland.org.uk\/re\/renfrewshireedpsych\/wp-json\/wp\/v2\/users\/8089"}],"replies":[{"embeddable":true,"href":"https:\/\/blogs.glowscotland.org.uk\/re\/renfrewshireedpsych\/wp-json\/wp\/v2\/comments?post=654"}],"version-history":[{"count":9,"href":"https:\/\/blogs.glowscotland.org.uk\/re\/renfrewshireedpsych\/wp-json\/wp\/v2\/pages\/654\/revisions"}],"predecessor-version":[{"id":915,"href":"https:\/\/blogs.glowscotland.org.uk\/re\/renfrewshireedpsych\/wp-json\/wp\/v2\/pages\/654\/revisions\/915"}],"wp:attachment":[{"href":"https:\/\/blogs.glowscotland.org.uk\/re\/renfrewshireedpsych\/wp-json\/wp\/v2\/media?parent=654"}],"curies":[{"name":"wp","href":"https:\/\/api.w.org\/{rel}","templated":true}]}}