{"id":5,"date":"2021-06-01T21:54:58","date_gmt":"2021-06-01T20:54:58","guid":{"rendered":"https:\/\/blogs.glowscotland.org.uk\/re\/gaelic\/?page_id=5"},"modified":"2021-08-18T15:28:39","modified_gmt":"2021-08-18T14:28:39","slug":"homepage","status":"publish","type":"page","link":"https:\/\/blogs.glowscotland.org.uk\/re\/gaelic\/","title":{"rendered":"Goireas G\u00e0idhlig Siorrachd Rinn Fri\u00f9 \u2022 Renfrewshire Gaelic Resource"},"content":{"rendered":"<h5 style=\"text-align: center\">\ud83d\udc4b\ud83c\udffb <span style=\"color: #ffffff\">F\u00e0ilte \u2022 Welcome<\/span> \ud83d\udc4b\ud83c\udffb<\/h5>\n<h5 style=\"text-align: center\"><span style=\"color: #ffffff\">F\u00e0ilte gu Goireas G\u00e0idhlig Siorrachd Rinn Fri\u00f9. Chaidh an l\u00e0rach-l\u00ecn seo a chruthachadh gus taic a thoirt do luchd-ionnsachaidh, tidsearan agus neach sam bith eile a tha airson beagan G\u00e0idhlig ionnsachadh. Lorgaidh tu taghadh de dh\u2019\u00f2rain, taic-chi\u00f9il, sti\u00f9ireadh-fuaimneachaidh agus m\u00f2ran eile gus do th\u00f2iseachadh. Tha an goireas seo ag amas air luchd-t\u00f2iseachaidh agus a\u2019 toirt taic do l\u00ecbhrigeadh na G\u00e0idhlig taobh a-staigh sgoiltean Siorrachd Rinn Fri\u00f9.<\/span><\/h5>\n<p style=\"text-align: center\">\u2022<\/p>\n<h5 style=\"text-align: center\"><span style=\"color: #ffffff\">Welcome to the Renfrewshire Gaelic Resource. This website has been developed to support learners, teachers and anybody else wishing to learn some Gaelic. You will find a range of songs, backing tracks, lyric sheets and much more to get you started. This resource is aimed at beginners and supporting delivery of Gaelic within Renfrewshire schools.<\/span><\/h5>\n<p style=\"text-align: center\">\n","protected":false},"excerpt":{"rendered":"<p>\ud83d\udc4b\ud83c\udffb F\u00e0ilte \u2022 Welcome \ud83d\udc4b\ud83c\udffb F\u00e0ilte gu Goireas G\u00e0idhlig Siorrachd Rinn Fri\u00f9. Chaidh an l\u00e0rach-l\u00ecn seo a chruthachadh gus taic a thoirt do luchd-ionnsachaidh, tidsearan agus neach sam bith eile a tha airson beagan G\u00e0idhlig ionnsachadh. Lorgaidh tu taghadh de dh\u2019\u00f2rain, taic-chi\u00f9il, sti\u00f9ireadh-fuaimneachaidh agus m\u00f2ran eile gus do th\u00f2iseachadh. Tha an goireas seo ag amas [&hellip;]<\/p>\n","protected":false},"author":9749,"featured_media":0,"parent":0,"menu_order":0,"comment_status":"closed","ping_status":"closed","template":"","meta":{"footnotes":""},"class_list":["post-5","page","type-page","status-publish","hentry"],"_links":{"self":[{"href":"https:\/\/blogs.glowscotland.org.uk\/re\/gaelic\/wp-json\/wp\/v2\/pages\/5","targetHints":{"allow":["GET"]}}],"collection":[{"href":"https:\/\/blogs.glowscotland.org.uk\/re\/gaelic\/wp-json\/wp\/v2\/pages"}],"about":[{"href":"https:\/\/blogs.glowscotland.org.uk\/re\/gaelic\/wp-json\/wp\/v2\/types\/page"}],"author":[{"embeddable":true,"href":"https:\/\/blogs.glowscotland.org.uk\/re\/gaelic\/wp-json\/wp\/v2\/users\/9749"}],"replies":[{"embeddable":true,"href":"https:\/\/blogs.glowscotland.org.uk\/re\/gaelic\/wp-json\/wp\/v2\/comments?post=5"}],"version-history":[{"count":13,"href":"https:\/\/blogs.glowscotland.org.uk\/re\/gaelic\/wp-json\/wp\/v2\/pages\/5\/revisions"}],"predecessor-version":[{"id":185,"href":"https:\/\/blogs.glowscotland.org.uk\/re\/gaelic\/wp-json\/wp\/v2\/pages\/5\/revisions\/185"}],"wp:attachment":[{"href":"https:\/\/blogs.glowscotland.org.uk\/re\/gaelic\/wp-json\/wp\/v2\/media?parent=5"}],"curies":[{"name":"wp","href":"https:\/\/api.w.org\/{rel}","templated":true}]}}