{"id":900,"date":"2016-06-30T10:55:39","date_gmt":"2016-06-30T10:55:39","guid":{"rendered":"https:\/\/blogs.glowscotland.org.uk\/nl\/ghshome\/?page_id=900"},"modified":"2023-09-28T10:33:56","modified_gmt":"2023-09-28T10:33:56","slug":"gaidhlig-provision","status":"publish","type":"page","link":"https:\/\/blogs.glowscotland.org.uk\/nl\/ghshome\/gaidhlig-provision\/","title":{"rendered":"G\u00e0idhlig Provision"},"content":{"rendered":"<p>At Greenfaulds High School, we seek to offer the best possible Gaelic educational experience for all our students.\u00a0 Our unique Gaelic Department is the sole secondary school deliverer of a Gaelic Medium curriculum within North Lanarkshire.<\/p>\n<p>Aig \u00c0rdsgoil Greenfaulds tha e na phr\u00ecomhachas dhuinn ionnsachadh cho math sa ghabhas a thoirt seachad do ar sgoilearan.\u00a0 Tha Roinn na G\u00e0idhlig air leth ann an sg\u00ecre Lannraig a Tuath leis gur e \u00c0rdsgoil Greenfaulds an aon sgoil a\u2019 tabhainn Foghlam tro Mheadhan na G\u00e0idhlig.<\/p>\n<p><span style=\"text-decoration: underline\"><strong>G\u00e0idhlig and Gaelic Language for Learners<\/strong><\/span><\/p>\n<p>At Greenfaulds High School, we are at the forefront of Gaelic medium education within North Lanarkshire, and it is our intention to offer the best possible Gaelic educational experience for all our young people.<\/p>\n<p>Aig \u00c0rdsgoil Greenfaulds tha sinn aig aghaidh foghlaim tro mheadhan na G\u00e0idhlig ann an Lannraig a Tuath, agus \u2019s e ar amas ionnsachadh Gh\u00e0idhlig cho math \u2019s a ghabhas a thoirt seachad do ar luchd-ionnsachaidh air fad.<\/p>\n<p>With five members of staff, we offer a wide range of subjects including G\u00e0idhlig and Gaelic (Learners) as well as Geography, Modern Studies, History, Science, Art and English through the medium of Gaelic.\u00a0 Teachers visit all cluster primary schools weekly to support their delivery of Gaelic as a second or third language.<\/p>\n<p>Le c\u00f2ig tidsearan, tha sinn a\u2019 tabhann farsaingeachd de chuspairean, a bharrachd air G\u00e0idhlig agus Gaelic (Learners), tro mheadhan na G\u00e0idhlig.\u00a0 Nam measg, tha Cruinn-e\u00f2las, Nuadh-e\u00f2las, Eachdraidh, Saidheans, Ealain agus Beurla.\u00a0 Tha tidsearan a\u2019 tadhal air na sia bun-sgoiltean a tha ceangailte ri \u00c0rdsgoil Greenfaulds gach seachdain gus G\u00e0idhlig mar chuspair a bharrachd a thabhainn do sgoilearan.<\/p>\n<p>Amongst the many extra-curricular opportunities for young people, we offer sports clubs, drama and media clubs and traditional band amongst many more.\u00a0 Gaelic speaking pupils at Greenfaulds High School engage with the wider Gaelic speaking community.\u00a0 We work with pupils and partners not only within our own school, but on an inter-authority level with opportunities such as our annual Gaelic Conference.<\/p>\n<p>Am measg nan iomadh chothroman taobh a-muigh a\u2019 churraicealam, tha sinn a\u2019 tabhainn clubaichean sp\u00f2rs, dr\u00e0ma agus meadhanan, agus c\u00f2mhlan-ci\u00f9il traidiseanta agus an c\u00f2ir.\u00a0 Tha sgoilearan a tha ag ionnsachadh tro mheadhan na G\u00e0idhlig ag obair gu dl\u00f9th leis a\u2019 choimhearsnachd Gh\u00e0idhlig taobh a-muigh na sgoile.\u00a0 Tha sinn ag obair le sgoilearan agus com-p\u00e0irtichean taobh a-staigh na sgoile againn fh\u00e8in agus gu n\u00e0iseanta le cothroman leithid ar Co-labhairt Gh\u00e0idhlig bhliadhnail.<\/p>\n<p>&nbsp;<\/p>\n","protected":false},"excerpt":{"rendered":"<p>At Greenfaulds High School, we seek to offer the best possible Gaelic educational experience for all our students.\u00a0 Our unique Gaelic Department is the sole secondary school deliverer of a Gaelic Medium curriculum within North Lanarkshire. Aig \u00c0rdsgoil Greenfaulds tha e na phr\u00ecomhachas dhuinn ionnsachadh cho math sa ghabhas a thoirt seachad do ar sgoilearan.\u00a0 &hellip; <a href=\"https:\/\/blogs.glowscotland.org.uk\/nl\/ghshome\/gaidhlig-provision\/\" class=\"more-link\">Continue reading <span class=\"screen-reader-text\">G\u00e0idhlig Provision<\/span> <span class=\"meta-nav\">&rarr;<\/span><\/a><\/p>\n","protected":false},"author":29702,"featured_media":0,"parent":0,"menu_order":0,"comment_status":"closed","ping_status":"closed","template":"","meta":{"footnotes":""},"class_list":["post-900","page","type-page","status-publish","hentry"],"_links":{"self":[{"href":"https:\/\/blogs.glowscotland.org.uk\/nl\/ghshome\/wp-json\/wp\/v2\/pages\/900","targetHints":{"allow":["GET"]}}],"collection":[{"href":"https:\/\/blogs.glowscotland.org.uk\/nl\/ghshome\/wp-json\/wp\/v2\/pages"}],"about":[{"href":"https:\/\/blogs.glowscotland.org.uk\/nl\/ghshome\/wp-json\/wp\/v2\/types\/page"}],"author":[{"embeddable":true,"href":"https:\/\/blogs.glowscotland.org.uk\/nl\/ghshome\/wp-json\/wp\/v2\/users\/29702"}],"replies":[{"embeddable":true,"href":"https:\/\/blogs.glowscotland.org.uk\/nl\/ghshome\/wp-json\/wp\/v2\/comments?post=900"}],"version-history":[{"count":4,"href":"https:\/\/blogs.glowscotland.org.uk\/nl\/ghshome\/wp-json\/wp\/v2\/pages\/900\/revisions"}],"predecessor-version":[{"id":4691,"href":"https:\/\/blogs.glowscotland.org.uk\/nl\/ghshome\/wp-json\/wp\/v2\/pages\/900\/revisions\/4691"}],"wp:attachment":[{"href":"https:\/\/blogs.glowscotland.org.uk\/nl\/ghshome\/wp-json\/wp\/v2\/media?parent=900"}],"curies":[{"name":"wp","href":"https:\/\/api.w.org\/{rel}","templated":true}]}}