{"id":214,"date":"2017-08-31T11:59:15","date_gmt":"2017-08-31T11:59:15","guid":{"rendered":"https:\/\/blogs.glowscotland.org.uk\/nl\/ghsgaidhlig\/?page_id=214"},"modified":"2017-09-11T12:17:50","modified_gmt":"2017-09-11T12:17:50","slug":"taic-support","status":"publish","type":"page","link":"https:\/\/blogs.glowscotland.org.uk\/nl\/ghsgaidhlig\/taic-support\/","title":{"rendered":"Taic \/ Support"},"content":{"rendered":"<p>Gheibhear stuthan taic a bharrachd air an duilleag seo co-cheangailte ris an d\u00e0 chuid obair-dachaigh agus na th\u00e8id a dh\u00e8anamh anns a&#8217; chlas anns S1, 2 agus 3.<\/p>\n<p>&nbsp;<\/p>\n<p>This page will offer additional support materials linked to homework and topics covered in class by pupils in S1, S2 &amp; S3.<\/p>\n<p>Useful sites;<\/p>\n<p><a href=\"https:\/\/www.storlann.co.uk\/\">https:\/\/www.storlann.co.uk\/<\/a><\/p>\n<p><a href=\"https:\/\/www.gaelic4parents.com\/\">https:\/\/www.gaelic4parents.com\/<\/a><\/p>\n<p>https:\/\/learngaelic.scot\/<\/p>\n<p><a href=\"https:\/\/www.lasadh.co.uk\/\">https:\/\/www.lasadh.co.uk\/<\/a><\/p>\n<p>&nbsp;<\/p>\n<p><strong>Topics being covered\u00a0<\/strong><\/p>\n<p>S1 &#8211; D\u00f9bhlan an t-Srainnseir<\/p>\n<p><a href=\"https:\/\/blogs.glowscotland.org.uk\/nl\/ghsgaidhlig\/canan-bh-dubhlan-an-t-srainnsear-c1-2-3\/\">C\u00e0nan bh D\u00f9bhlan an t-srainnsear C1 2 3<\/a><\/p>\n<p><a href=\"https:\/\/blogs.glowscotland.org.uk\/nl\/ghsgaidhlig\/s1\/dubhlan-an-t-srainnsear-copy\/\" rel=\"attachment wp-att-55\">D\u00f9bhlan an t-srainnseir &#8211;<\/a><\/p>\n<p><strong>Support materials<\/strong><\/p>\n<p><a href=\"https:\/\/blogs.glowscotland.org.uk\/nl\/ghsgaidhlig\/taic-support\/lasadh_litreachadh-faclan_cumanta_s1\/\" rel=\"attachment wp-att-275\">Lasadh_Litreachadh-Faclan_Cumanta_s1<\/a><\/p>\n<p><a href=\"https:\/\/blogs.glowscotland.org.uk\/nl\/ghsgaidhlig\/taic-support\/lasadh_litreachadh-faclan_cumanta_p61\/\" rel=\"attachment wp-att-273\">Lasadh_Litreachadh-Faclan_Cumanta_P61<\/a><\/p>\n<p><a href=\"https:\/\/blogs.glowscotland.org.uk\/nl\/ghsgaidhlig\/taic-support\/lasadh_litreachadh-faclan_cumanta_p71\/\" rel=\"attachment wp-att-274\">Lasadh_Litreachadh-Faclan_Cumanta_P71<\/a><\/p>\n<p>&nbsp;<\/p>\n<p>S2 &#8211; An t-Ionnsachadh Boidheach<\/p>\n<p><a href=\"https:\/\/blogs.glowscotland.org.uk\/nl\/ghsgaidhlig\/taic-support\/an-t-ionnsachadh-boidheach\/\" rel=\"attachment wp-att-278\">An t-ionnsachadh boidheach<\/a><\/p>\n<p>&nbsp;<\/p>\n<p>&nbsp;<\/p>\n<p>&nbsp;<\/p>\n<p>&nbsp;<\/p>\n","protected":false},"excerpt":{"rendered":"<p>Gheibhear stuthan taic a bharrachd air an duilleag seo co-cheangailte ris an d\u00e0 chuid obair-dachaigh agus na th\u00e8id a dh\u00e8anamh anns a&#8217; chlas anns S1, 2 agus 3. &nbsp; This page will offer additional support materials linked to homework and &hellip; <a href=\"https:\/\/blogs.glowscotland.org.uk\/nl\/ghsgaidhlig\/taic-support\/\">Continue reading <span class=\"meta-nav\">&rarr;<\/span><\/a><\/p>\n","protected":false},"author":41547,"featured_media":0,"parent":0,"menu_order":0,"comment_status":"closed","ping_status":"closed","template":"","meta":{"footnotes":""},"class_list":["post-214","page","type-page","status-publish","hentry"],"_links":{"self":[{"href":"https:\/\/blogs.glowscotland.org.uk\/nl\/ghsgaidhlig\/wp-json\/wp\/v2\/pages\/214","targetHints":{"allow":["GET"]}}],"collection":[{"href":"https:\/\/blogs.glowscotland.org.uk\/nl\/ghsgaidhlig\/wp-json\/wp\/v2\/pages"}],"about":[{"href":"https:\/\/blogs.glowscotland.org.uk\/nl\/ghsgaidhlig\/wp-json\/wp\/v2\/types\/page"}],"author":[{"embeddable":true,"href":"https:\/\/blogs.glowscotland.org.uk\/nl\/ghsgaidhlig\/wp-json\/wp\/v2\/users\/41547"}],"replies":[{"embeddable":true,"href":"https:\/\/blogs.glowscotland.org.uk\/nl\/ghsgaidhlig\/wp-json\/wp\/v2\/comments?post=214"}],"version-history":[{"count":6,"href":"https:\/\/blogs.glowscotland.org.uk\/nl\/ghsgaidhlig\/wp-json\/wp\/v2\/pages\/214\/revisions"}],"predecessor-version":[{"id":279,"href":"https:\/\/blogs.glowscotland.org.uk\/nl\/ghsgaidhlig\/wp-json\/wp\/v2\/pages\/214\/revisions\/279"}],"wp:attachment":[{"href":"https:\/\/blogs.glowscotland.org.uk\/nl\/ghsgaidhlig\/wp-json\/wp\/v2\/media?parent=214"}],"curies":[{"name":"wp","href":"https:\/\/api.w.org\/{rel}","templated":true}]}}