{"id":1845,"date":"2016-05-19T12:18:51","date_gmt":"2016-05-19T11:18:51","guid":{"rendered":"https:\/\/blogs.glowscotland.org.uk\/nl\/camodernlanguages\/?page_id=1845"},"modified":"2017-10-26T11:42:53","modified_gmt":"2017-10-26T10:42:53","slug":"s3","status":"publish","type":"page","link":"https:\/\/blogs.glowscotland.org.uk\/nl\/camodernlanguages\/french\/s3\/","title":{"rendered":"S3"},"content":{"rendered":"<p><a href=\"https:\/\/blogs.glowscotland.org.uk\/nl\/camodernlanguages\/french\/higher-french\/directed-writing-phrases\/vive-le-francais\/\" rel=\"attachment wp-att-1254\"><img loading=\"lazy\" decoding=\"async\" data-attachment-id=\"1254\" data-permalink=\"https:\/\/blogs.glowscotland.org.uk\/nl\/camodernlanguages\/french\/higher-french\/directed-writing-phrases\/vive-le-francais\/\" data-orig-file=\"https:\/\/blogs.glowscotland.org.uk\/nl\/public\/camodernlanguages\/uploads\/sites\/23285\/2013\/09\/vive-le-francais.jpg\" data-orig-size=\"320,296\" data-comments-opened=\"1\" data-image-meta=\"{&quot;aperture&quot;:&quot;0&quot;,&quot;credit&quot;:&quot;&quot;,&quot;camera&quot;:&quot;&quot;,&quot;caption&quot;:&quot;&quot;,&quot;created_timestamp&quot;:&quot;0&quot;,&quot;copyright&quot;:&quot;&quot;,&quot;focal_length&quot;:&quot;0&quot;,&quot;iso&quot;:&quot;0&quot;,&quot;shutter_speed&quot;:&quot;0&quot;,&quot;title&quot;:&quot;&quot;}\" data-image-title=\"vive le francais\" data-image-description=\"\" data-image-caption=\"\" data-medium-file=\"https:\/\/glow-prod-nl.s3.eu-west-1.amazonaws.com\/nl\/public\/camodernlanguages\/uploads\/sites\/23285\/2013\/09\/vive-le-francais-300x277.jpg?X-Amz-Content-Sha256=UNSIGNED-PAYLOAD&amp;X-Amz-Security-Token=IQoJb3JpZ2luX2VjEMj%2F%2F%2F%2F%2F%2F%2F%2F%2F%2FwEaCWV1LXdlc3QtMSJIMEYCIQDM%2F2xTssC1e4SvkhkCrc3imN6ZXj9h7Xxr8PUudCPYyQIhAOr0FafdscmzuxXRqLiLWfkWPH3L%2F%2BtP2jkhNBDi0NdPKsIFCJH%2F%2F%2F%2F%2F%2F%2F%2F%2F%2FwEQBRoMMjczNTcwMTk1NDMzIgxEMFk4v0K7uR14kxcqlgWgcw93WRgWvQ4JVXCp7EUMNtx3QQwc3szHC53mV6a758quM5QZH8yHjuSHejdnm43psdSU6mUPkz8W6hzDcaHItiO53XIOYIkxe5fEuXAI9yS8RKRJ6dIk1Lv2iOsZhvIdH2xEPkgB8y0aY9XvTvUaX51FjkG9uuOW6Q2MjC8T9U7AiYEyOabD5zKajSJYryxwTl2vHlCcKY3KbSI%2BkkPHxFV6b7VxUGGkchMWLCL3lqW1b5L07%2F1UDv0MYy040mhuw3dJvQSqZ0fFB7HwxsVI3t6TA3CvOUJdAbCRWuoPXTt0O8YJpsZyUSLgkAODHrfjPTW9JvJlnFsF3zlFENzNGAIovlBjH%2F%2B9Cv%2BqwWQPq7E5GD8A8WugEbpG1hG4YvYRvUKF39wXwWnk6FGHCWGH1nsdM1ICs4TNcBJHa5PRyPVHfu5%2BWvxpcI%2BcTFi%2BkT8Zm8k83eEHYBIu7XvofpIER9DORnhWRYqT9YU2nANtHUU9NXjSpcrkvlK3PTW6qMoSJ167%2BpsjGzLDZrVEwTq9xnS6TjBYYYA0SYZlWBH%2BBFcsbvAfNDksH6umuL7Zl0PTBsjaV8pyQjvTfV%2F6mrNL1KEpfMMnUVwTlCtLWMnGfdSInKVZmBG3jC9XMilfqw4F2P7WCUA72WChuhqoryWB5aIfc%2F4yAqAdSllXVfnR2iSzcNnsOt3f8C%2B%2Fr6IA0JuRiFirwoPj3g7wJXrbOQBfXZzBNquW7%2FSX%2FxB1BfJ3969AKU3m%2B5Gf9ff7MtGo6A6SXlwXgGJ6kNT%2Fw8ZWQK6OIR5mDxQsV67UFelw%2B%2B8D013%2BSFlcnk3lRnVohfsrM%2FLv0iBGoTsWgJIVrh2YwR%2BMpiP0SyHWabh82mVmoeCT%2FmpQougeSjDOzPnOBjqwAS03vcDcXlt0Oi1WS9fMywlxr1UEpC7NI2%2BZWBF7QWDqF42tBUZnvaWJ%2FafPsIwu%2ByhfbbY5jFZeG3pUwRadtB4gymwCeuijJZeGzBGYFKsqsQ%2FHcQZ7%2BWUHrYubwnLZsh3aA68wGyc74u5ZMVdzQqoc9n5zCAItxgNOHtxAjVNyN%2F0gYM7DmCWOu0OHkQ8%2BZWo6q3mOVf2eLQktuGLvHHVor%2FzboM0e5EPo833pljT9&amp;X-Amz-Algorithm=AWS4-HMAC-SHA256&amp;X-Amz-Credential=ASIAT7MQN47UX6GNFCPJ%2F20260414%2Feu-west-1%2Fs3%2Faws4_request&amp;X-Amz-Date=20260414T165112Z&amp;X-Amz-SignedHeaders=host&amp;X-Amz-Expires=900&amp;X-Amz-Signature=bb6e778fddf5b7bd49e4997514a978442fb0a4bf15fc6357e7ac565cee11a38e\" data-large-file=\"https:\/\/blogs.glowscotland.org.uk\/nl\/public\/camodernlanguages\/uploads\/sites\/23285\/2013\/09\/vive-le-francais.jpg\" class=\"alignright size-thumbnail wp-image-1254\" src=\"https:\/\/glow-prod-nl.s3.eu-west-1.amazonaws.com\/nl\/public\/camodernlanguages\/uploads\/sites\/23285\/2013\/09\/vive-le-francais-150x150.jpg?X-Amz-Content-Sha256=UNSIGNED-PAYLOAD&#038;X-Amz-Security-Token=IQoJb3JpZ2luX2VjEMj%2F%2F%2F%2F%2F%2F%2F%2F%2F%2FwEaCWV1LXdlc3QtMSJIMEYCIQDM%2F2xTssC1e4SvkhkCrc3imN6ZXj9h7Xxr8PUudCPYyQIhAOr0FafdscmzuxXRqLiLWfkWPH3L%2F%2BtP2jkhNBDi0NdPKsIFCJH%2F%2F%2F%2F%2F%2F%2F%2F%2F%2FwEQBRoMMjczNTcwMTk1NDMzIgxEMFk4v0K7uR14kxcqlgWgcw93WRgWvQ4JVXCp7EUMNtx3QQwc3szHC53mV6a758quM5QZH8yHjuSHejdnm43psdSU6mUPkz8W6hzDcaHItiO53XIOYIkxe5fEuXAI9yS8RKRJ6dIk1Lv2iOsZhvIdH2xEPkgB8y0aY9XvTvUaX51FjkG9uuOW6Q2MjC8T9U7AiYEyOabD5zKajSJYryxwTl2vHlCcKY3KbSI%2BkkPHxFV6b7VxUGGkchMWLCL3lqW1b5L07%2F1UDv0MYy040mhuw3dJvQSqZ0fFB7HwxsVI3t6TA3CvOUJdAbCRWuoPXTt0O8YJpsZyUSLgkAODHrfjPTW9JvJlnFsF3zlFENzNGAIovlBjH%2F%2B9Cv%2BqwWQPq7E5GD8A8WugEbpG1hG4YvYRvUKF39wXwWnk6FGHCWGH1nsdM1ICs4TNcBJHa5PRyPVHfu5%2BWvxpcI%2BcTFi%2BkT8Zm8k83eEHYBIu7XvofpIER9DORnhWRYqT9YU2nANtHUU9NXjSpcrkvlK3PTW6qMoSJ167%2BpsjGzLDZrVEwTq9xnS6TjBYYYA0SYZlWBH%2BBFcsbvAfNDksH6umuL7Zl0PTBsjaV8pyQjvTfV%2F6mrNL1KEpfMMnUVwTlCtLWMnGfdSInKVZmBG3jC9XMilfqw4F2P7WCUA72WChuhqoryWB5aIfc%2F4yAqAdSllXVfnR2iSzcNnsOt3f8C%2B%2Fr6IA0JuRiFirwoPj3g7wJXrbOQBfXZzBNquW7%2FSX%2FxB1BfJ3969AKU3m%2B5Gf9ff7MtGo6A6SXlwXgGJ6kNT%2Fw8ZWQK6OIR5mDxQsV67UFelw%2B%2B8D013%2BSFlcnk3lRnVohfsrM%2FLv0iBGoTsWgJIVrh2YwR%2BMpiP0SyHWabh82mVmoeCT%2FmpQougeSjDOzPnOBjqwAS03vcDcXlt0Oi1WS9fMywlxr1UEpC7NI2%2BZWBF7QWDqF42tBUZnvaWJ%2FafPsIwu%2ByhfbbY5jFZeG3pUwRadtB4gymwCeuijJZeGzBGYFKsqsQ%2FHcQZ7%2BWUHrYubwnLZsh3aA68wGyc74u5ZMVdzQqoc9n5zCAItxgNOHtxAjVNyN%2F0gYM7DmCWOu0OHkQ8%2BZWo6q3mOVf2eLQktuGLvHHVor%2FzboM0e5EPo833pljT9&#038;X-Amz-Algorithm=AWS4-HMAC-SHA256&#038;X-Amz-Credential=ASIAT7MQN47UX6GNFCPJ%2F20260414%2Feu-west-1%2Fs3%2Faws4_request&#038;X-Amz-Date=20260414T165112Z&#038;X-Amz-SignedHeaders=host&#038;X-Amz-Expires=900&#038;X-Amz-Signature=35b581ce23f4b4799dd67b073946a37d5746baaab8702d9576da5cfcd2377dcc\" alt=\"\" width=\"150\" height=\"150\" \/><\/a><a href=\"http:\/\/abronhillmfldept.files.wordpress.com\/2010\/12\/mc3a9tro-pour-lecosse-vert-module-1.doc\">M\u00e9tro pour l&#8217;Ecosse Vert Module 1<\/a><\/p>\n<p>A L&#8217;ecole<\/p>\n<p><a href=\"http:\/\/abronhillmfldept.files.wordpress.com\/2010\/12\/mc3a9tro-pour-lecosse-vert-module-21.doc\">M\u00e9tro pour l&#8217;Ecosse Vert Module 2<\/a><\/p>\n<p>Chez moi<\/p>\n<p><a href=\"http:\/\/abronhillmfldept.files.wordpress.com\/2010\/12\/mc3a9tro-pour-lecosse-vert-module-31.doc\">M\u00e9tro pour l&#8217;Ecosse Vert Module 3<\/a><\/p>\n<p>Les Loisirs<\/p>\n<p><a href=\"http:\/\/abronhillmfldept.files.wordpress.com\/2010\/12\/mc3a9tro-pour-lecosse-vert-module-41.doc\">M\u00e9tro pour l&#8217;Ecosse Vert Module 4<\/a><\/p>\n<p>Au Boulot<\/p>\n<p><a href=\"http:\/\/abronhillmfldept.files.wordpress.com\/2010\/12\/mc3a9tro-pour-lecosse-vert-module-5.doc\">M\u00e9tro pour l&#8217;Ecosse Vert Module 5<\/a><\/p>\n<p>Ma Ville<\/p>\n<p><a href=\"http:\/\/abronhillmfldept.files.wordpress.com\/2010\/12\/mc3a9tro-pour-lecosse-vert-module-6.doc\">M\u00e9tro pour l&#8217;Ecosse Vert Module 6<\/a><\/p>\n<p>Aux Magasins<\/p>\n<p><a href=\"http:\/\/abronhillmfldept.files.wordpress.com\/2010\/12\/mc3a9tro-pour-lecosse-vert-module-7.doc\">M\u00e9tro pour l&#8217;Ecosse Vert Module 7<\/a><\/p>\n<p>En Vacanaces<\/p>\n<p><a href=\"http:\/\/abronhillmfldept.files.wordpress.com\/2010\/12\/mc3a9tro-pour-lecosse-vert-module-8.doc\">M\u00e9tro pour l&#8217;Ecosse Vert Module 8<\/a><\/p>\n<p>Bienvenue en France<\/p>\n<p><a href=\"http:\/\/abronhillmfldept.files.wordpress.com\/2010\/12\/mc3a9tro-pour-lecosse-vert-module-9.doc\">M\u00e9tro pour l&#8217;Ecosse Vert Module 9<\/a><\/p>\n<p>La Routine<\/p>\n<p><a href=\"http:\/\/abronhillmfldept.files.wordpress.com\/2010\/12\/mc3a9tro-pour-lecosse-vert-module-10.doc\">M\u00e9tro pour l&#8217;Ecosse Vert Module 10<\/a><\/p>\n<p>Le Transport<\/p>\n","protected":false},"excerpt":{"rendered":"<p>M\u00e9tro pour l&#8217;Ecosse Vert Module 1 A L&#8217;ecole M\u00e9tro pour l&#8217;Ecosse Vert Module 2 Chez moi M\u00e9tro pour l&#8217;Ecosse Vert Module 3 Les Loisirs M\u00e9tro pour l&#8217;Ecosse Vert Module 4 Au Boulot M\u00e9tro pour l&#8217;Ecosse Vert Module 5 Ma Ville M\u00e9tro pour l&#8217;Ecosse Vert Module 6 Aux Magasins M\u00e9tro pour l&#8217;Ecosse Vert Module 7 En &hellip; <a href=\"https:\/\/blogs.glowscotland.org.uk\/nl\/camodernlanguages\/french\/s3\/\" class=\"more-link\">Continue reading <span class=\"screen-reader-text\">S3<\/span> <span class=\"meta-nav\">&rarr;<\/span><\/a><\/p>\n","protected":false},"author":33457,"featured_media":0,"parent":1641,"menu_order":3,"comment_status":"closed","ping_status":"closed","template":"","meta":{"footnotes":""},"class_list":["post-1845","page","type-page","status-publish","hentry"],"jetpack_sharing_enabled":true,"_links":{"self":[{"href":"https:\/\/blogs.glowscotland.org.uk\/nl\/camodernlanguages\/wp-json\/wp\/v2\/pages\/1845","targetHints":{"allow":["GET"]}}],"collection":[{"href":"https:\/\/blogs.glowscotland.org.uk\/nl\/camodernlanguages\/wp-json\/wp\/v2\/pages"}],"about":[{"href":"https:\/\/blogs.glowscotland.org.uk\/nl\/camodernlanguages\/wp-json\/wp\/v2\/types\/page"}],"author":[{"embeddable":true,"href":"https:\/\/blogs.glowscotland.org.uk\/nl\/camodernlanguages\/wp-json\/wp\/v2\/users\/33457"}],"replies":[{"embeddable":true,"href":"https:\/\/blogs.glowscotland.org.uk\/nl\/camodernlanguages\/wp-json\/wp\/v2\/comments?post=1845"}],"version-history":[{"count":6,"href":"https:\/\/blogs.glowscotland.org.uk\/nl\/camodernlanguages\/wp-json\/wp\/v2\/pages\/1845\/revisions"}],"predecessor-version":[{"id":2198,"href":"https:\/\/blogs.glowscotland.org.uk\/nl\/camodernlanguages\/wp-json\/wp\/v2\/pages\/1845\/revisions\/2198"}],"up":[{"embeddable":true,"href":"https:\/\/blogs.glowscotland.org.uk\/nl\/camodernlanguages\/wp-json\/wp\/v2\/pages\/1641"}],"wp:attachment":[{"href":"https:\/\/blogs.glowscotland.org.uk\/nl\/camodernlanguages\/wp-json\/wp\/v2\/media?parent=1845"}],"curies":[{"name":"wp","href":"https:\/\/api.w.org\/{rel}","templated":true}]}}