{"id":1332,"date":"2010-12-14T11:05:10","date_gmt":"2010-12-14T11:05:10","guid":{"rendered":"https:\/\/abronhillmfldept.wordpress.com\/"},"modified":"2017-06-21T13:52:16","modified_gmt":"2017-06-21T12:52:16","slug":"metro-pour-lecosse-rouge-vocab-2","status":"publish","type":"page","link":"https:\/\/blogs.glowscotland.org.uk\/nl\/camodernlanguages\/french\/national-45-french\/metro-pour-lecosse-rouge-vocab-2\/","title":{"rendered":"M\u00e9tro pour l&#8217;Ecosse Rouge Vocabulary"},"content":{"rendered":"<p><a href=\"http:\/\/abronhillmfldept.files.wordpress.com\/2010\/12\/mc3a9tro-pour-lecosse-rouge-vocabulary-module-11.doc\">M\u00e9tro pour l&#8217;Ecosse Rouge Vocabulary Module 1<\/a><\/p>\n<p>A l&#8217;ecole<\/p>\n<p><a href=\"http:\/\/abronhillmfldept.files.wordpress.com\/2010\/12\/mc3a9tro-pour-lecosse-rouge-vocabulary-module-2.doc\">M\u00e9tro pour l&#8217;Ecosse Rouge Vocabulary Module 2<\/a><\/p>\n<p>Chez moi<\/p>\n<p><a href=\"http:\/\/abronhillmfldept.files.wordpress.com\/2010\/12\/mc3a9tro-pour-lecosse-rouge-vocabulary-module-3.doc\">M\u00e9tro pour l&#8217;Ecosse Rouge Vocabulary Module 3<\/a><\/p>\n<p>Les loisirs<\/p>\n<p><a href=\"http:\/\/abronhillmfldept.files.wordpress.com\/2010\/12\/mc3a9tro-pour-lecosse-rouge-vocabulary-module-41.doc\">M\u00e9tro pour l&#8217;Ecosse Rouge Vocabulary Module 4<\/a><\/p>\n<p>Au Boulot<\/p>\n<p><a href=\"http:\/\/abronhillmfldept.files.wordpress.com\/2010\/12\/mc3a9tro-pour-lecosse-rouge-vocabulary-module-51.doc\">M\u00e9tro pour l&#8217;Ecosse Rouge Vocabulary Module 5<\/a><\/p>\n<p>Ma Ville<\/p>\n<p><a href=\"http:\/\/abronhillmfldept.files.wordpress.com\/2010\/12\/mc3a9tro-pour-lecosse-rouge-vocabulary-module-61.doc\">M\u00e9tro pour l&#8217;Ecosse Rouge Vocabulary Module 6<\/a><\/p>\n<p>Aux Magasins<\/p>\n<p><a href=\"http:\/\/abronhillmfldept.files.wordpress.com\/2010\/12\/mc3a9tro-pour-lecosse-rouge-vocabulary-module-71.doc\">M\u00e9tro pour l&#8217;Ecosse Rouge Vocabulary Module 7<\/a><\/p>\n<p>En Vacances<\/p>\n<p><a href=\"http:\/\/abronhillmfldept.files.wordpress.com\/2010\/12\/mc3a9tro-pour-lecosse-rouge-vocabulary-module-8.doc\">M\u00e9tro pour l&#8217;Ecosse Rouge Vocabulary Module 8<\/a><\/p>\n<p>Bienvenue en France<\/p>\n<p><a href=\"http:\/\/abronhillmfldept.files.wordpress.com\/2010\/12\/mc3a9tro-pour-lecosse-rouge-vocabulary-module-9.doc\">M\u00e9tro pour l&#8217;Ecosse Rouge vocabulary Module 9<\/a><\/p>\n<p>La Routine<\/p>\n<p><a href=\"http:\/\/abronhillmfldept.files.wordpress.com\/2010\/12\/mc3a9tro-pour-lecosse-rouge-vocabulary-module-10.doc\">M\u00e9tro pour l&#8217;Ecosse Rouge Vocabulary Module 10<\/a><\/p>\n<p>Le transport<\/p>\n","protected":false},"excerpt":{"rendered":"<p>M\u00e9tro pour l&#8217;Ecosse Rouge Vocabulary Module 1 A l&#8217;ecole M\u00e9tro pour l&#8217;Ecosse Rouge Vocabulary Module 2 Chez moi M\u00e9tro pour l&#8217;Ecosse Rouge Vocabulary Module 3 Les loisirs M\u00e9tro pour l&#8217;Ecosse Rouge Vocabulary Module 4 Au Boulot M\u00e9tro pour l&#8217;Ecosse Rouge Vocabulary Module 5 Ma Ville M\u00e9tro pour l&#8217;Ecosse Rouge Vocabulary Module 6 Aux Magasins M\u00e9tro &hellip; <a href=\"https:\/\/blogs.glowscotland.org.uk\/nl\/camodernlanguages\/french\/national-45-french\/metro-pour-lecosse-rouge-vocab-2\/\" class=\"more-link\">Continue reading <span class=\"screen-reader-text\">M\u00e9tro pour l&#8217;Ecosse Rouge Vocabulary<\/span> <span class=\"meta-nav\">&rarr;<\/span><\/a><\/p>\n","protected":false},"author":709,"featured_media":0,"parent":1882,"menu_order":2,"comment_status":"closed","ping_status":"closed","template":"","meta":{"footnotes":""},"class_list":["post-1332","page","type-page","status-publish","hentry"],"jetpack_sharing_enabled":true,"_links":{"self":[{"href":"https:\/\/blogs.glowscotland.org.uk\/nl\/camodernlanguages\/wp-json\/wp\/v2\/pages\/1332","targetHints":{"allow":["GET"]}}],"collection":[{"href":"https:\/\/blogs.glowscotland.org.uk\/nl\/camodernlanguages\/wp-json\/wp\/v2\/pages"}],"about":[{"href":"https:\/\/blogs.glowscotland.org.uk\/nl\/camodernlanguages\/wp-json\/wp\/v2\/types\/page"}],"author":[{"embeddable":true,"href":"https:\/\/blogs.glowscotland.org.uk\/nl\/camodernlanguages\/wp-json\/wp\/v2\/users\/709"}],"replies":[{"embeddable":true,"href":"https:\/\/blogs.glowscotland.org.uk\/nl\/camodernlanguages\/wp-json\/wp\/v2\/comments?post=1332"}],"version-history":[{"count":2,"href":"https:\/\/blogs.glowscotland.org.uk\/nl\/camodernlanguages\/wp-json\/wp\/v2\/pages\/1332\/revisions"}],"predecessor-version":[{"id":1885,"href":"https:\/\/blogs.glowscotland.org.uk\/nl\/camodernlanguages\/wp-json\/wp\/v2\/pages\/1332\/revisions\/1885"}],"up":[{"embeddable":true,"href":"https:\/\/blogs.glowscotland.org.uk\/nl\/camodernlanguages\/wp-json\/wp\/v2\/pages\/1882"}],"wp:attachment":[{"href":"https:\/\/blogs.glowscotland.org.uk\/nl\/camodernlanguages\/wp-json\/wp\/v2\/media?parent=1332"}],"curies":[{"name":"wp","href":"https:\/\/api.w.org\/{rel}","templated":true}]}}