{"id":6,"date":"2016-04-01T10:34:33","date_gmt":"2016-04-01T10:34:33","guid":{"rendered":"https:\/\/blogs.glowscotland.org.uk\/nl\/airdrieacadmodlangs\/?page_id=6"},"modified":"2016-05-06T10:25:07","modified_gmt":"2016-05-06T10:25:07","slug":"welcome","status":"publish","type":"page","link":"https:\/\/blogs.glowscotland.org.uk\/nl\/airdrieacadmodlangs\/","title":{"rendered":"Welcome"},"content":{"rendered":"<h3>\u00a0Soyez les bienvenus au d\u00e9partement de fran\u00e7ais et d&#8217; espagnol.<a href=\"https:\/\/blogs.glowscotland.org.uk\/nl\/airdrieacadmodlangs\/files\/2016\/04\/25042014_162041_0.png\"><img loading=\"lazy\" decoding=\"async\" class=\" wp-image-47 alignleft\" src=\"https:\/\/blogs.glowscotland.org.uk\/nl\/airdrieacadmodlangs\/files\/2016\/04\/25042014_162041_0.png\" alt=\"25042014_162041_0\" width=\"174\" height=\"137\" \/><\/a><\/h3>\n<h3 style=\"text-align: left\"><\/h3>\n<h3><\/h3>\n<h3>Bienvenidos a la p\u00e1gina del <img loading=\"lazy\" decoding=\"async\" class=\" wp-image-48 alignright\" src=\"https:\/\/blogs.glowscotland.org.uk\/nl\/airdrieacadmodlangs\/files\/2016\/04\/25042014_162101_1-300x241.png\" alt=\"25042014_162101_1\" width=\"177\" height=\"142\" \/>departamento de franc\u00e9s y de espa\u00f1ol.<\/h3>\n<p>&nbsp;<\/p>\n","protected":false},"excerpt":{"rendered":"<p>\u00a0Soyez les bienvenus au d\u00e9partement de fran\u00e7ais et d&#8217; espagnol. Bienvenidos a la p\u00e1gina del departamento de franc\u00e9s y de espa\u00f1ol. &nbsp;<\/p>\n","protected":false},"author":33204,"featured_media":0,"parent":0,"menu_order":0,"comment_status":"closed","ping_status":"closed","template":"","meta":{"footnotes":""},"class_list":["post-6","page","type-page","status-publish","hentry"],"_links":{"self":[{"href":"https:\/\/blogs.glowscotland.org.uk\/nl\/airdrieacadmodlangs\/wp-json\/wp\/v2\/pages\/6","targetHints":{"allow":["GET"]}}],"collection":[{"href":"https:\/\/blogs.glowscotland.org.uk\/nl\/airdrieacadmodlangs\/wp-json\/wp\/v2\/pages"}],"about":[{"href":"https:\/\/blogs.glowscotland.org.uk\/nl\/airdrieacadmodlangs\/wp-json\/wp\/v2\/types\/page"}],"author":[{"embeddable":true,"href":"https:\/\/blogs.glowscotland.org.uk\/nl\/airdrieacadmodlangs\/wp-json\/wp\/v2\/users\/33204"}],"replies":[{"embeddable":true,"href":"https:\/\/blogs.glowscotland.org.uk\/nl\/airdrieacadmodlangs\/wp-json\/wp\/v2\/comments?post=6"}],"version-history":[{"count":8,"href":"https:\/\/blogs.glowscotland.org.uk\/nl\/airdrieacadmodlangs\/wp-json\/wp\/v2\/pages\/6\/revisions"}],"predecessor-version":[{"id":67,"href":"https:\/\/blogs.glowscotland.org.uk\/nl\/airdrieacadmodlangs\/wp-json\/wp\/v2\/pages\/6\/revisions\/67"}],"wp:attachment":[{"href":"https:\/\/blogs.glowscotland.org.uk\/nl\/airdrieacadmodlangs\/wp-json\/wp\/v2\/media?parent=6"}],"curies":[{"name":"wp","href":"https:\/\/api.w.org\/{rel}","templated":true}]}}