{"id":31,"date":"2023-03-09T09:55:09","date_gmt":"2023-03-09T09:55:09","guid":{"rendered":"https:\/\/blogs.glowscotland.org.uk\/na\/gmenorthayrshire\/?page_id=31"},"modified":"2023-03-16T08:29:24","modified_gmt":"2023-03-16T08:29:24","slug":"feisean-nan-gaidheal","status":"publish","type":"page","link":"https:\/\/blogs.glowscotland.org.uk\/na\/gmenorthayrshire\/feisean-nan-gaidheal\/","title":{"rendered":"F\u00e8isean nan Gaidheal"},"content":{"rendered":"<p><strong>F\u00e8isean nan G\u00e0idheal<\/strong><\/p>\n<p>F\u00e8isean nan G\u00e0idheal is one of creative Scotland\u2019s funded organisations. F\u00e8isean nan G\u00e0idheal offer tuition in traditional G\u00e0idhlig arts to young people across Scotland. The F\u00e8isean tutor young people in traditional music, G\u00e0idhlig song and G\u00e0idhlig drama.<\/p>\n<p>At Bun-sgoil P\u00e0irc Whitehirst pupils have been involved in the programmes delivered by FnG.\u00a0 P3 and P4 learners enjoyed learning G\u00e0idhlig through their Blasad programme.<\/p>\n<p>P1-4 pupils in the G\u00e0idhlig department have enjoyed virtual and at school performances by H\u00f9b Hab. \u00a0The children also enjoyed meeting another G\u00e0idhlig department to watch the annual FnG pantomime in December.<\/p>\n<p>Further information about F\u00e8isean nan Gaidheal can be found in the link below.<\/p>\n<p><a href=\"https:\/\/www.feisean.org\/en\/feisean-en\/about-us\/\">https:\/\/www.feisean.org\/en\/feisean-en\/about-us\/\u00a0<\/a><\/p>\n<p><img loading=\"lazy\" decoding=\"async\" class=\"alignnone wp-image-143\" src=\"https:\/\/blogs.glowscotland.org.uk\/na\/public\/gmenorthayrshire\/uploads\/sites\/20891\/2023\/03\/16080323\/IMG_6612-200x300.jpg\" alt=\"\" width=\"214\" height=\"321\" srcset=\"https:\/\/blogs.glowscotland.org.uk\/na\/public\/gmenorthayrshire\/uploads\/sites\/20891\/2023\/03\/16080323\/IMG_6612-200x300.jpg 200w, https:\/\/blogs.glowscotland.org.uk\/na\/public\/gmenorthayrshire\/uploads\/sites\/20891\/2023\/03\/16080323\/IMG_6612-682x1024.jpg 682w, https:\/\/blogs.glowscotland.org.uk\/na\/public\/gmenorthayrshire\/uploads\/sites\/20891\/2023\/03\/16080323\/IMG_6612-768x1153.jpg 768w, https:\/\/blogs.glowscotland.org.uk\/na\/public\/gmenorthayrshire\/uploads\/sites\/20891\/2023\/03\/16080323\/IMG_6612.jpg 839w\" sizes=\"auto, (max-width: 214px) 100vw, 214px\" \/>\u00a0 \u00a0 <img loading=\"lazy\" decoding=\"async\" class=\"alignnone wp-image-145\" src=\"https:\/\/blogs.glowscotland.org.uk\/na\/public\/gmenorthayrshire\/uploads\/sites\/20891\/2023\/03\/16081725\/IMG_6613-169x300.jpg\" alt=\"\" width=\"180\" height=\"319\" srcset=\"https:\/\/blogs.glowscotland.org.uk\/na\/public\/gmenorthayrshire\/uploads\/sites\/20891\/2023\/03\/16081725\/IMG_6613-169x300.jpg 169w, https:\/\/blogs.glowscotland.org.uk\/na\/public\/gmenorthayrshire\/uploads\/sites\/20891\/2023\/03\/16081725\/IMG_6613.jpg 708w\" sizes=\"auto, (max-width: 180px) 100vw, 180px\" \/>\u00a0 <strong><img loading=\"lazy\" decoding=\"async\" class=\"alignnone  wp-image-148\" src=\"https:\/\/blogs.glowscotland.org.uk\/na\/public\/gmenorthayrshire\/uploads\/sites\/20891\/2023\/03\/16082852\/IMG_6618-200x300.jpg\" alt=\"\" width=\"212\" height=\"318\" srcset=\"https:\/\/blogs.glowscotland.org.uk\/na\/public\/gmenorthayrshire\/uploads\/sites\/20891\/2023\/03\/16082852\/IMG_6618-200x300.jpg 200w, https:\/\/blogs.glowscotland.org.uk\/na\/public\/gmenorthayrshire\/uploads\/sites\/20891\/2023\/03\/16082852\/IMG_6618-682x1024.jpg 682w, https:\/\/blogs.glowscotland.org.uk\/na\/public\/gmenorthayrshire\/uploads\/sites\/20891\/2023\/03\/16082852\/IMG_6618-768x1153.jpg 768w, https:\/\/blogs.glowscotland.org.uk\/na\/public\/gmenorthayrshire\/uploads\/sites\/20891\/2023\/03\/16082852\/IMG_6618.jpg 839w\" sizes=\"auto, (max-width: 212px) 100vw, 212px\" \/><\/strong><\/p>\n","protected":false},"excerpt":{"rendered":"<p>F\u00e8isean nan G\u00e0idheal F\u00e8isean nan G\u00e0idheal is one of creative Scotland\u2019s funded organisations. F\u00e8isean nan G\u00e0idheal offer tuition in traditional G\u00e0idhlig arts to young people across Scotland. The F\u00e8isean tutor young people in traditional music, G\u00e0idhlig song and G\u00e0idhlig drama. At Bun-sgoil P\u00e0irc Whitehirst pupils have been involved in the programmes delivered by FnG.\u00a0 P3 &hellip; <a href=\"https:\/\/blogs.glowscotland.org.uk\/na\/gmenorthayrshire\/feisean-nan-gaidheal\/\" class=\"more-link\">Continue reading <span class=\"screen-reader-text\">F\u00e8isean nan Gaidheal<\/span> <span class=\"meta-nav\">&rarr;<\/span><\/a><\/p>\n","protected":false},"author":25115,"featured_media":0,"parent":0,"menu_order":0,"comment_status":"closed","ping_status":"closed","template":"","meta":{"footnotes":""},"class_list":["post-31","page","type-page","status-publish","hentry"],"_links":{"self":[{"href":"https:\/\/blogs.glowscotland.org.uk\/na\/gmenorthayrshire\/wp-json\/wp\/v2\/pages\/31","targetHints":{"allow":["GET"]}}],"collection":[{"href":"https:\/\/blogs.glowscotland.org.uk\/na\/gmenorthayrshire\/wp-json\/wp\/v2\/pages"}],"about":[{"href":"https:\/\/blogs.glowscotland.org.uk\/na\/gmenorthayrshire\/wp-json\/wp\/v2\/types\/page"}],"author":[{"embeddable":true,"href":"https:\/\/blogs.glowscotland.org.uk\/na\/gmenorthayrshire\/wp-json\/wp\/v2\/users\/25115"}],"replies":[{"embeddable":true,"href":"https:\/\/blogs.glowscotland.org.uk\/na\/gmenorthayrshire\/wp-json\/wp\/v2\/comments?post=31"}],"version-history":[{"count":9,"href":"https:\/\/blogs.glowscotland.org.uk\/na\/gmenorthayrshire\/wp-json\/wp\/v2\/pages\/31\/revisions"}],"predecessor-version":[{"id":149,"href":"https:\/\/blogs.glowscotland.org.uk\/na\/gmenorthayrshire\/wp-json\/wp\/v2\/pages\/31\/revisions\/149"}],"wp:attachment":[{"href":"https:\/\/blogs.glowscotland.org.uk\/na\/gmenorthayrshire\/wp-json\/wp\/v2\/media?parent=31"}],"curies":[{"name":"wp","href":"https:\/\/api.w.org\/{rel}","templated":true}]}}