{"id":159,"date":"2023-04-20T13:55:19","date_gmt":"2023-04-20T12:55:19","guid":{"rendered":"https:\/\/blogs.glowscotland.org.uk\/na\/gmenorthayrshire\/?page_id=159"},"modified":"2023-04-20T13:55:19","modified_gmt":"2023-04-20T12:55:19","slug":"gaidhlig-toddlers","status":"publish","type":"page","link":"https:\/\/blogs.glowscotland.org.uk\/na\/gmenorthayrshire\/gaidhlig-toddlers\/","title":{"rendered":"Gaidhlig Toddlers"},"content":{"rendered":"<h1>Toddler group \/ Cr\u00f2ileagan<\/h1>\n<p class=\"x_MsoNormal\"><b><span lang=\"GD\">Cr\u00f2ileagan Siorrachd \u00c0ir a Tuath<\/span><\/b><\/p>\n<p class=\"x_MsoNormal\">North Ayrshire has a play group for 0-5 year olds and their caregivers. The sessions are held at various venues and offer:<\/p>\n<ul type=\"disc\">\n<li class=\"x_MsoListParagraphCxSpFirst\">Gaelic Songs<\/li>\n<li class=\"x_MsoListParagraphCxSpMiddle\">Gaelic teaching<\/li>\n<li class=\"x_MsoListParagraphCxSpMiddle\">Healthy snack for children<\/li>\n<li class=\"x_MsoListParagraphCxSpMiddle\">Tea and Coffee for adults<\/li>\n<li class=\"x_MsoListParagraphCxSpMiddle\">Gaelic (and English) conversation opportunities<\/li>\n<li class=\"x_MsoListParagraphCxSpMiddle\">Gaelic Games<\/li>\n<li class=\"x_MsoListParagraphCxSpLast\">Gaelic Stories<\/li>\n<\/ul>\n<p class=\"x_MsoNormal\">The group is friendly and welcoming to beginners as well as fluent speakers. We can provide Gaelic books and other resources. For latest information on times \/ dates \/ prices or to get in touch please find us on;<\/p>\n<p class=\"x_MsoNormal\">facebook: <span lang=\"GD\"><a href=\"https:\/\/www.facebook.com\/NorthAyrshireGaelicTots\" target=\"_blank\" rel=\"noopener noreferrer\" data-auth=\"NotApplicable\" data-safelink=\"true\" data-linkindex=\"0\"><span lang=\"EN-GB\">https:\/\/www.facebook.com\/NorthAyrshireGaelicTots<\/span><\/a><\/span><\/p>\n<p class=\"x_MsoNormal\">email us at\u00a0<a href=\"mailto:croileaganSAT@gmail.com\" target=\"_blank\" rel=\"noopener noreferrer\" data-auth=\"NotApplicable\" data-safelink=\"true\" data-linkindex=\"1\">croileaganSAT@gmail.com<\/a><\/p>\n<p class=\"x_MsoNormal\"><b>Gaelic Bookbug<\/b><\/p>\n<p class=\"x_MsoNormal\">We host occasional Gaelic bookbug sessions and promote sessions nearby. Keep an eye on our facebook page for more information.<\/p>\n","protected":false},"excerpt":{"rendered":"<p>Toddler group \/ Cr\u00f2ileagan Cr\u00f2ileagan Siorrachd \u00c0ir a Tuath North Ayrshire has a play group for 0-5 year olds and their caregivers. The sessions are held at various venues and offer: Gaelic Songs Gaelic teaching Healthy snack for children Tea and Coffee for adults Gaelic (and English) conversation opportunities Gaelic Games Gaelic Stories The group &hellip; <a href=\"https:\/\/blogs.glowscotland.org.uk\/na\/gmenorthayrshire\/gaidhlig-toddlers\/\" class=\"more-link\">Continue reading <span class=\"screen-reader-text\">Gaidhlig Toddlers<\/span> <span class=\"meta-nav\">&rarr;<\/span><\/a><\/p>\n","protected":false},"author":25115,"featured_media":0,"parent":0,"menu_order":0,"comment_status":"closed","ping_status":"closed","template":"","meta":{"footnotes":""},"class_list":["post-159","page","type-page","status-publish","hentry"],"_links":{"self":[{"href":"https:\/\/blogs.glowscotland.org.uk\/na\/gmenorthayrshire\/wp-json\/wp\/v2\/pages\/159","targetHints":{"allow":["GET"]}}],"collection":[{"href":"https:\/\/blogs.glowscotland.org.uk\/na\/gmenorthayrshire\/wp-json\/wp\/v2\/pages"}],"about":[{"href":"https:\/\/blogs.glowscotland.org.uk\/na\/gmenorthayrshire\/wp-json\/wp\/v2\/types\/page"}],"author":[{"embeddable":true,"href":"https:\/\/blogs.glowscotland.org.uk\/na\/gmenorthayrshire\/wp-json\/wp\/v2\/users\/25115"}],"replies":[{"embeddable":true,"href":"https:\/\/blogs.glowscotland.org.uk\/na\/gmenorthayrshire\/wp-json\/wp\/v2\/comments?post=159"}],"version-history":[{"count":1,"href":"https:\/\/blogs.glowscotland.org.uk\/na\/gmenorthayrshire\/wp-json\/wp\/v2\/pages\/159\/revisions"}],"predecessor-version":[{"id":160,"href":"https:\/\/blogs.glowscotland.org.uk\/na\/gmenorthayrshire\/wp-json\/wp\/v2\/pages\/159\/revisions\/160"}],"wp:attachment":[{"href":"https:\/\/blogs.glowscotland.org.uk\/na\/gmenorthayrshire\/wp-json\/wp\/v2\/media?parent=159"}],"curies":[{"name":"wp","href":"https:\/\/api.w.org\/{rel}","templated":true}]}}