{"id":3049,"date":"2025-10-22T13:21:16","date_gmt":"2025-10-22T13:21:16","guid":{"rendered":"https:\/\/blogs.glowscotland.org.uk\/in\/whinhillprimaryschool\/?page_id=3049"},"modified":"2025-10-22T13:29:07","modified_gmt":"2025-10-22T13:29:07","slug":"gme-faqs","status":"publish","type":"page","link":"https:\/\/blogs.glowscotland.org.uk\/in\/whinhillprimaryschool\/school-information\/gaelic-medium-education\/gme-faqs\/","title":{"rendered":"GME FAQs"},"content":{"rendered":"<h2>What are the benefits of Gaelic medium education?<\/h2>\n<p>There is a range of benefits from learning Gaelic through an immersion approach:<\/p>\n<ul>\n<li>Children have a deeper understanding of language and their ability to learn other languages is enhanced.<\/li>\n<li>They will benefit cognitively from being bilingual.<\/li>\n<li>Children develop a wider knowledge and appreciation of Scottish culture.<\/li>\n<\/ul>\n<h2>D\u00e8 na buannachdan a tha an l\u00f9ib foghlaim tro mheadhan na G\u00e0idhlig?<\/h2>\n<p>Tha caochladh bhuannachdan an l\u00f9ib a bhith ag ionnsachadh na G\u00e0idhlig tro dh\u00f2igh-d\u00e8iligidh bogaidh:<\/p>\n<ul>\n<li>Tha barrachd tuigse aig cloinn air c\u00e0nan agus tha an comas a tha aca c\u00e0nanan eile ionnsachadh air a mheudachadh.<\/li>\n<li>Gheibh iad buannachd chognatach le bhith d\u00e0-ch\u00e0nanach.<\/li>\n<li>Gheibh clann barrachd e\u00f2lais is tuigse air cultar na h-Alba.<\/li>\n<\/ul>\n<h2>Will my child be confused by using two languages?<\/h2>\n<p>Evidence suggests that the earlier a child learns another language the easier it is for them to become fluent. Being able to speak more than one language has been shown to bring cognitive benefits.<\/p>\n<h2>Am bi am p\u00e0iste agam troimh-a-ch\u00e8ile le bhith a\u2019 cleachdadh d\u00e0 ch\u00e0nan?<\/h2>\n<p>Tha fianais a\u2019 cur an c\u00e8ill mar as luaithe a dh\u2019ionnsaicheas p\u00e0iste c\u00e0nan eile \u2018s ann as fhasa dhaibh f\u00e0s fileanta. Thathar air sealltainn gu bheil comas barrachd is aon ch\u00e0nan a bhruidhinn a\u2019 toirt bhuannachdan cognatach.<\/p>\n<h2>Do I need to be a Gaelic speaker for my child to go to a Gaelic medium nursery\/primary school?<\/h2>\n<p>No, you don&#8217;t need to be a Gaelic speaker but learning some Gaelic will further support your child\u2019s developing Gaelic language.<\/p>\n<h2>An fheum G\u00e0idhlig a bhith agam fh\u00ecn gus an t\u00e8id mo ph\u00e0iste gu sgoil-\u00e0raich\/bun-sgoil Gh\u00e0idhlig?<\/h2>\n<p>Chan fheum G\u00e0idhlig a bhith agad ach bheir a bhith ag ionnsachadh beagan G\u00e0idhlig barrachd taice do do ph\u00e0iste agus e\/i a\u2019 leasachadh comas ann an G\u00e0idhlig.<\/p>\n<h2>What will my child do in Gaelic medium nursery?<\/h2>\n<p>The children follow the same curriculum as other nurseries. An understanding of Gaelic language is developed through play, conversation and songs by a\u00a0 Gaelic speaking EYECO.<\/p>\n<h2>D\u00e8 n\u00ec mo ph\u00e0iste ann an sgoil-\u00e0raich Gh\u00e0idhlig?<\/h2>\n<p>Bidh a\u2019 chlann a\u2019 cumail ris an aon chl\u00e0r-oideachaidh ri sgoiltean-\u00e0raich eile. Tha tuigse air a\u2019 Gh\u00e0idhlig ga leasachadh tro chluich, ch\u00f2mhradh is \u00f2rain le neach-teagaisg agus neach-altraim a tha fileanta ann an G\u00e0idhlig.<\/p>\n<h2>How do I enrol my child for nursery?<\/h2>\n<p>You can apply for a place in the Gaelic medium nursery through the Inverclyde Council website.<\/p>\n<h2>Ciamar a chl\u00e0raicheas mi mo ph\u00e0iste san sgoil-\u00e0raich?<\/h2>\n<p>Faodaidh tu \u00e0ite san sgoil-\u00e0raich<\/p>\n<h2>Will my child be able to go to Gaelic primary school?<\/h2>\n<p>Any child can enter Gaelic medium education from Primary 1. However children will benefit greatly from 2 years in the nursery before entering Primary 1.<\/p>\n<p>As Whinhill Primary School is the only provider of Gaelic medium education in Inverclyde, your child will be able to enrol for Gaelic medium primary education there regardless of which catchment area you live in. Surrounding local authorities may support children wishing to travel to Inverclyde for Gaelic medium education.<\/p>\n<h2>An urrainn do mo ph\u00e0iste dhol gu bun-sgoil Gh\u00e0idhlig?<\/h2>\n<p>Faodaidh p\u00e0iste sam bith dhol gu foghlam tro mheadhan na G\u00e0idhlig bho clas 1 sa Bhun-sgoil. Gheibh clann buannachd dha-r\u00ecribh, ge-t\u00e0, \u00e0 d\u00e0 bhliadhna san sgoil-\u00e0raich mus t\u00e8id iad a-steach anns a\u2019 chiad bhliadhna.<\/p>\n<p>Seach gur h-e Bun-sgoil Chnoc a&#8217; Chonaisg an aon \u00e0ite sam faighear foghlam tro mheadhan na G\u00e0idhlig ann an Inbhir Chluaidh, faodaidh do ph\u00e0iste cl\u00e0radh airson foghlam tro mheadhan na G\u00e0idhlig innte ge b\u2019 e d\u00e8 an raon-glacaidh sa bheil sibh a\u2019 fuireach. Faodaidh gun cuir \u00f9ghdarrasan ann an sg\u00ecrean mu cuairt taic ri cloinn a bhios ag iarraidh siubhal a dh\u2019Inbhir Chluaidh gus foghlam tro mheadhan na G\u00e0idhlig fhaighinn.<\/p>\n<h2>What happens when my child goes to primary school?<\/h2>\n<p>In Primary 1 to Primary 3, Gaelic is introduced using total immersion. In Primary 4, English is introduced into the curriculum and Gaelic continues to be used to teach the majority of the curriculum. By the end of their primary education, pupils will have completed the same curriculum as English medium classes but will be have additional fluency in Gaelic.<\/p>\n<h2>D\u00e8 thachras nuair a th\u00e8id mo ph\u00e0iste dhan bhun-sgoil?<\/h2>\n<p>Ann am Bliadhna 1 gu Bliadhna 3, tha G\u00e0idhlig ga toirt a-steach a\u2019 cleachdadh bogadh iomlan. Ann am Bliadhna 4, tha Beurla ga toirt a-steach dhan chl\u00e0r-oideachaidh agus tha G\u00e0idhlig ga cleachdadh fhathast gus a\u2019 chuid as motha den chl\u00e0r-oideachaidh a theagasg. Nuair a ruigeas iad deireadh foghlam na bun-sgoile, bidh clann-sgoile air cr\u00ecoch a chur air an aon chl\u00e0r-oideachaidh ri clasaichean tro mheadhan na Beurla cha gum bi iad fileanta sa Gh\u00e0idhlig cuideachd.<\/p>\n<h2>Does it matter if I can&#8217;t help with homework?<\/h2>\n<p>Parents are not expected to be able to read, speak or understand Gaelic. However, it will greatly support your child\u2019s developing Gaelic language if you can learn some Gaelic. Help is also available via the\u00a0<a href=\"https:\/\/www.gaelic4parents.com\/\">Gaelic 4 Parents<\/a>\u00a0website.<\/p>\n<h2>A bheil e gu diofar ged nach b\u2019 urrainn dhomh cuideachadh le obair-dhachaigh?<\/h2>\n<p>Chan eilear an d\u00f9il gum bi p\u00e0rantan comasach air G\u00e0idhlig a leughadh, a bhruidhinn no a thuigsinn. Ach bidh e na chuideachadh m\u00f2r do do ph\u00e0iste agus e\/i a\u2019 leasachadh anns a\u2019 Gh\u00e0idhlig ma dh\u2019ionnsaicheas tu beagan G\u00e0idhlig. Tha taic ri faotainn cuideachd tro l\u00e0rach-l\u00ecn\u00a0<a href=\"https:\/\/www.gaelic4parents.com\/\">G\u00e0idhlig do Ph\u00e0rantan<\/a>.<\/p>\n","protected":false},"excerpt":{"rendered":"<p>What are the benefits of Gaelic medium education? There is a range of benefits from learning Gaelic through an immersion approach: Children have a deeper understanding of language and their ability to learn other languages is enhanced. They will benefit cognitively from being bilingual. Children develop a wider knowledge and appreciation of Scottish culture. D\u00e8 &hellip; <a href=\"https:\/\/blogs.glowscotland.org.uk\/in\/whinhillprimaryschool\/school-information\/gaelic-medium-education\/gme-faqs\/\" class=\"more-link\">Continue reading <span class=\"screen-reader-text\">GME FAQs<\/span> <span class=\"meta-nav\">&rarr;<\/span><\/a><\/p>\n","protected":false},"author":5686,"featured_media":0,"parent":327,"menu_order":0,"comment_status":"closed","ping_status":"closed","template":"","meta":{"footnotes":""},"class_list":["post-3049","page","type-page","status-publish","hentry"],"jetpack_sharing_enabled":true,"_links":{"self":[{"href":"https:\/\/blogs.glowscotland.org.uk\/in\/whinhillprimaryschool\/wp-json\/wp\/v2\/pages\/3049","targetHints":{"allow":["GET"]}}],"collection":[{"href":"https:\/\/blogs.glowscotland.org.uk\/in\/whinhillprimaryschool\/wp-json\/wp\/v2\/pages"}],"about":[{"href":"https:\/\/blogs.glowscotland.org.uk\/in\/whinhillprimaryschool\/wp-json\/wp\/v2\/types\/page"}],"author":[{"embeddable":true,"href":"https:\/\/blogs.glowscotland.org.uk\/in\/whinhillprimaryschool\/wp-json\/wp\/v2\/users\/5686"}],"replies":[{"embeddable":true,"href":"https:\/\/blogs.glowscotland.org.uk\/in\/whinhillprimaryschool\/wp-json\/wp\/v2\/comments?post=3049"}],"version-history":[{"count":3,"href":"https:\/\/blogs.glowscotland.org.uk\/in\/whinhillprimaryschool\/wp-json\/wp\/v2\/pages\/3049\/revisions"}],"predecessor-version":[{"id":3053,"href":"https:\/\/blogs.glowscotland.org.uk\/in\/whinhillprimaryschool\/wp-json\/wp\/v2\/pages\/3049\/revisions\/3053"}],"up":[{"embeddable":true,"href":"https:\/\/blogs.glowscotland.org.uk\/in\/whinhillprimaryschool\/wp-json\/wp\/v2\/pages\/327"}],"wp:attachment":[{"href":"https:\/\/blogs.glowscotland.org.uk\/in\/whinhillprimaryschool\/wp-json\/wp\/v2\/media?parent=3049"}],"curies":[{"name":"wp","href":"https:\/\/api.w.org\/{rel}","templated":true}]}}