{"id":170,"date":"2020-02-17T23:13:49","date_gmt":"2020-02-17T23:13:49","guid":{"rendered":"https:\/\/blogs.glowscotland.org.uk\/in\/whinhillprimaryschool\/?page_id=170"},"modified":"2020-04-22T19:19:22","modified_gmt":"2020-04-22T19:19:22","slug":"gaelic-resources","status":"publish","type":"page","link":"https:\/\/blogs.glowscotland.org.uk\/in\/whinhillprimaryschool\/gaelic-resources\/","title":{"rendered":"Gaelic Medium Parent Page"},"content":{"rendered":"<p style=\"text-align: left\"><strong><img loading=\"lazy\" decoding=\"async\" data-attachment-id=\"764\" data-permalink=\"https:\/\/blogs.glowscotland.org.uk\/in\/whinhillprimaryschool\/gaelic-resources\/gaelic-2\/\" data-orig-file=\"https:\/\/blogs.glowscotland.org.uk\/in\/public\/whinhillprimaryschool\/uploads\/sites\/6094\/2020\/03\/27142145\/gaelic.jpg\" data-orig-size=\"800,800\" data-comments-opened=\"0\" data-image-meta=\"{&quot;aperture&quot;:&quot;0&quot;,&quot;credit&quot;:&quot;&quot;,&quot;camera&quot;:&quot;&quot;,&quot;caption&quot;:&quot;&quot;,&quot;created_timestamp&quot;:&quot;0&quot;,&quot;copyright&quot;:&quot;&quot;,&quot;focal_length&quot;:&quot;0&quot;,&quot;iso&quot;:&quot;0&quot;,&quot;shutter_speed&quot;:&quot;0&quot;,&quot;title&quot;:&quot;&quot;,&quot;orientation&quot;:&quot;0&quot;}\" data-image-title=\"gaelic\" data-image-description=\"\" data-image-caption=\"\" data-medium-file=\"https:\/\/glow-prod-in.s3.eu-west-1.amazonaws.com\/in\/public\/whinhillprimaryschool\/uploads\/sites\/6094\/2020\/03\/27142145\/gaelic-300x300.jpg?X-Amz-Content-Sha256=UNSIGNED-PAYLOAD&amp;X-Amz-Security-Token=IQoJb3JpZ2luX2VjEEUaCWV1LXdlc3QtMSJHMEUCID0rHdzjBulxom8ndm8ffNe2tToaYUMbk0SL3hi3e0J3AiEAs%2FDHdgPPOaFo6T8dIlj4WW%2FBPr4bj6CiAzrHCUVo%2BEoquAUIDhAFGgwyNzM1NzAxOTU0MzMiDKiQW1HZlGPjEJuODiqVBT7td%2Fnsyu%2F454PlsyyzKSOLnygzQpVh1EFcte58HBsaVkgw7ZOVGPtHR9knm0mrCkTMT4yaWnWcPlV0mAuH%2FWfbrv%2Bs2JRPowdyVEZuoaDUgxylgzij3xtFr9xGeTK1OX0UNYIEM6g5S0A%2F%2BiiONnfmHaGi9L%2Fx0t8ckomoSW3OM%2FHnChSBQvWTMYfdRtl5GHKACLea4TjALonys6hJljU3gAWZ7jHrT%2BC7wDK61hFRd0RUcJsvc18Uo1BVzc5336CKblVhWvu4Nyo%2FXYvYhtWvHQSO4rbeajkAlaouxxo0K%2FEA0z9Dwdj8KNW5ko19Go9fkr1qLQGrOG%2FleAbF92v2yhGmzHuKWahqU1cnVXgZV6YalkWBw%2FRD4m3va7k2SUWfr86SY4VpLMDJmVdwYOy8WE5L9hQ6LKtdd9EkoijfUKgxzKAmZTJ1%2B3w%2FHD7uej3taFotAgg4FZkNUf44o0Wp8rOx2GVwZkLwISLeiUgOXoqOlLSg%2F97ogNuZmVLL9fLlecepObdfaK9KXky5Hvbczell4FlxQFvBKsU%2BFKv0S08ycm1wtfPSpaC7h73sik8Gcd%2FGL2b9h%2BbbGoRr0F9D%2BDA35dLJ8NjQ%2By3eDptwIfRfM1%2FApc%2BUUCoXgWRpvJbUz8IWoj9snFp87xxhJuIksWZw5FeSOCUBsQYn%2F85aEO9%2BduDySx25F4G5hNltpggJkA%2BfDM0cXl%2Fy1wXL%2B13soKyFG40WEwu6j92wsgvOUb4njJjLU0YhNPemvAhKCgpNnJFdmtYgzhTxGyIpotL3fi7uVbAm9J40b2Pfp9kIPmiwZRMZgHNRDmSlRHvWxsmYqNk1lLvbUlZs%2B9IJtyPxk2lcPBngpOmxvb%2FJSAL4SqY8fyEwjp7NzwY6sQHfVRu6PCEYCuYuUvkz9hGDgIRg%2FGO%2Bxnj9Px97ORfx8y3gLBmEae55kRGKXidsijBpTaosJpiNuo6PCn4%2FkbaqwjgkUA2Twp0JhqArd0Wly2r2iNFgO%2FObSoA3a4p72Aj5g4DY4HpHH0w6E6EphMI9%2B3Z9Bqnc1XKlEyM8VQcOBrDzmSV5IGRlY456h9W9Ucj8vjLTlUFm084KOapTc5ygely%2FE6c16XScw5QcRcTLyjk%3D&amp;X-Amz-Algorithm=AWS4-HMAC-SHA256&amp;X-Amz-Credential=ASIAT7MQN47URPYIXEOT%2F20260430%2Feu-west-1%2Fs3%2Faws4_request&amp;X-Amz-Date=20260430T131140Z&amp;X-Amz-SignedHeaders=host&amp;X-Amz-Expires=900&amp;X-Amz-Signature=2eaa552e8538ba51831329ca8a453a3a50a7206db317dc70c98d133941e78b3d\" data-large-file=\"https:\/\/blogs.glowscotland.org.uk\/in\/public\/whinhillprimaryschool\/uploads\/sites\/6094\/2020\/03\/27142145\/gaelic.jpg\" class=\" wp-image-764 alignleft\" src=\"https:\/\/glow-prod-in.s3.eu-west-1.amazonaws.com\/in\/public\/whinhillprimaryschool\/uploads\/sites\/6094\/2020\/03\/27142145\/gaelic-300x300.jpg?X-Amz-Content-Sha256=UNSIGNED-PAYLOAD&#038;X-Amz-Security-Token=IQoJb3JpZ2luX2VjEEUaCWV1LXdlc3QtMSJHMEUCID0rHdzjBulxom8ndm8ffNe2tToaYUMbk0SL3hi3e0J3AiEAs%2FDHdgPPOaFo6T8dIlj4WW%2FBPr4bj6CiAzrHCUVo%2BEoquAUIDhAFGgwyNzM1NzAxOTU0MzMiDKiQW1HZlGPjEJuODiqVBT7td%2Fnsyu%2F454PlsyyzKSOLnygzQpVh1EFcte58HBsaVkgw7ZOVGPtHR9knm0mrCkTMT4yaWnWcPlV0mAuH%2FWfbrv%2Bs2JRPowdyVEZuoaDUgxylgzij3xtFr9xGeTK1OX0UNYIEM6g5S0A%2F%2BiiONnfmHaGi9L%2Fx0t8ckomoSW3OM%2FHnChSBQvWTMYfdRtl5GHKACLea4TjALonys6hJljU3gAWZ7jHrT%2BC7wDK61hFRd0RUcJsvc18Uo1BVzc5336CKblVhWvu4Nyo%2FXYvYhtWvHQSO4rbeajkAlaouxxo0K%2FEA0z9Dwdj8KNW5ko19Go9fkr1qLQGrOG%2FleAbF92v2yhGmzHuKWahqU1cnVXgZV6YalkWBw%2FRD4m3va7k2SUWfr86SY4VpLMDJmVdwYOy8WE5L9hQ6LKtdd9EkoijfUKgxzKAmZTJ1%2B3w%2FHD7uej3taFotAgg4FZkNUf44o0Wp8rOx2GVwZkLwISLeiUgOXoqOlLSg%2F97ogNuZmVLL9fLlecepObdfaK9KXky5Hvbczell4FlxQFvBKsU%2BFKv0S08ycm1wtfPSpaC7h73sik8Gcd%2FGL2b9h%2BbbGoRr0F9D%2BDA35dLJ8NjQ%2By3eDptwIfRfM1%2FApc%2BUUCoXgWRpvJbUz8IWoj9snFp87xxhJuIksWZw5FeSOCUBsQYn%2F85aEO9%2BduDySx25F4G5hNltpggJkA%2BfDM0cXl%2Fy1wXL%2B13soKyFG40WEwu6j92wsgvOUb4njJjLU0YhNPemvAhKCgpNnJFdmtYgzhTxGyIpotL3fi7uVbAm9J40b2Pfp9kIPmiwZRMZgHNRDmSlRHvWxsmYqNk1lLvbUlZs%2B9IJtyPxk2lcPBngpOmxvb%2FJSAL4SqY8fyEwjp7NzwY6sQHfVRu6PCEYCuYuUvkz9hGDgIRg%2FGO%2Bxnj9Px97ORfx8y3gLBmEae55kRGKXidsijBpTaosJpiNuo6PCn4%2FkbaqwjgkUA2Twp0JhqArd0Wly2r2iNFgO%2FObSoA3a4p72Aj5g4DY4HpHH0w6E6EphMI9%2B3Z9Bqnc1XKlEyM8VQcOBrDzmSV5IGRlY456h9W9Ucj8vjLTlUFm084KOapTc5ygely%2FE6c16XScw5QcRcTLyjk%3D&#038;X-Amz-Algorithm=AWS4-HMAC-SHA256&#038;X-Amz-Credential=ASIAT7MQN47URPYIXEOT%2F20260430%2Feu-west-1%2Fs3%2Faws4_request&#038;X-Amz-Date=20260430T131140Z&#038;X-Amz-SignedHeaders=host&#038;X-Amz-Expires=900&#038;X-Amz-Signature=2eaa552e8538ba51831329ca8a453a3a50a7206db317dc70c98d133941e78b3d\" alt=\"\" width=\"134\" height=\"134\" srcset=\"https:\/\/glow-prod-in.s3.eu-west-1.amazonaws.com\/in\/public\/whinhillprimaryschool\/uploads\/sites\/6094\/2020\/03\/27142145\/gaelic-300x300.jpg?X-Amz-Content-Sha256=UNSIGNED-PAYLOAD&amp;X-Amz-Security-Token=IQoJb3JpZ2luX2VjEEUaCWV1LXdlc3QtMSJHMEUCID0rHdzjBulxom8ndm8ffNe2tToaYUMbk0SL3hi3e0J3AiEAs%2FDHdgPPOaFo6T8dIlj4WW%2FBPr4bj6CiAzrHCUVo%2BEoquAUIDhAFGgwyNzM1NzAxOTU0MzMiDKiQW1HZlGPjEJuODiqVBT7td%2Fnsyu%2F454PlsyyzKSOLnygzQpVh1EFcte58HBsaVkgw7ZOVGPtHR9knm0mrCkTMT4yaWnWcPlV0mAuH%2FWfbrv%2Bs2JRPowdyVEZuoaDUgxylgzij3xtFr9xGeTK1OX0UNYIEM6g5S0A%2F%2BiiONnfmHaGi9L%2Fx0t8ckomoSW3OM%2FHnChSBQvWTMYfdRtl5GHKACLea4TjALonys6hJljU3gAWZ7jHrT%2BC7wDK61hFRd0RUcJsvc18Uo1BVzc5336CKblVhWvu4Nyo%2FXYvYhtWvHQSO4rbeajkAlaouxxo0K%2FEA0z9Dwdj8KNW5ko19Go9fkr1qLQGrOG%2FleAbF92v2yhGmzHuKWahqU1cnVXgZV6YalkWBw%2FRD4m3va7k2SUWfr86SY4VpLMDJmVdwYOy8WE5L9hQ6LKtdd9EkoijfUKgxzKAmZTJ1%2B3w%2FHD7uej3taFotAgg4FZkNUf44o0Wp8rOx2GVwZkLwISLeiUgOXoqOlLSg%2F97ogNuZmVLL9fLlecepObdfaK9KXky5Hvbczell4FlxQFvBKsU%2BFKv0S08ycm1wtfPSpaC7h73sik8Gcd%2FGL2b9h%2BbbGoRr0F9D%2BDA35dLJ8NjQ%2By3eDptwIfRfM1%2FApc%2BUUCoXgWRpvJbUz8IWoj9snFp87xxhJuIksWZw5FeSOCUBsQYn%2F85aEO9%2BduDySx25F4G5hNltpggJkA%2BfDM0cXl%2Fy1wXL%2B13soKyFG40WEwu6j92wsgvOUb4njJjLU0YhNPemvAhKCgpNnJFdmtYgzhTxGyIpotL3fi7uVbAm9J40b2Pfp9kIPmiwZRMZgHNRDmSlRHvWxsmYqNk1lLvbUlZs%2B9IJtyPxk2lcPBngpOmxvb%2FJSAL4SqY8fyEwjp7NzwY6sQHfVRu6PCEYCuYuUvkz9hGDgIRg%2FGO%2Bxnj9Px97ORfx8y3gLBmEae55kRGKXidsijBpTaosJpiNuo6PCn4%2FkbaqwjgkUA2Twp0JhqArd0Wly2r2iNFgO%2FObSoA3a4p72Aj5g4DY4HpHH0w6E6EphMI9%2B3Z9Bqnc1XKlEyM8VQcOBrDzmSV5IGRlY456h9W9Ucj8vjLTlUFm084KOapTc5ygely%2FE6c16XScw5QcRcTLyjk%3D&amp;X-Amz-Algorithm=AWS4-HMAC-SHA256&amp;X-Amz-Credential=ASIAT7MQN47URPYIXEOT%2F20260430%2Feu-west-1%2Fs3%2Faws4_request&amp;X-Amz-Date=20260430T131140Z&amp;X-Amz-SignedHeaders=host&amp;X-Amz-Expires=900&amp;X-Amz-Signature=2eaa552e8538ba51831329ca8a453a3a50a7206db317dc70c98d133941e78b3d 300w, https:\/\/glow-prod-in.s3.eu-west-1.amazonaws.com\/in\/public\/whinhillprimaryschool\/uploads\/sites\/6094\/2020\/03\/27142145\/gaelic-150x150.jpg?X-Amz-Content-Sha256=UNSIGNED-PAYLOAD&amp;X-Amz-Security-Token=IQoJb3JpZ2luX2VjEEUaCWV1LXdlc3QtMSJHMEUCID0rHdzjBulxom8ndm8ffNe2tToaYUMbk0SL3hi3e0J3AiEAs%2FDHdgPPOaFo6T8dIlj4WW%2FBPr4bj6CiAzrHCUVo%2BEoquAUIDhAFGgwyNzM1NzAxOTU0MzMiDKiQW1HZlGPjEJuODiqVBT7td%2Fnsyu%2F454PlsyyzKSOLnygzQpVh1EFcte58HBsaVkgw7ZOVGPtHR9knm0mrCkTMT4yaWnWcPlV0mAuH%2FWfbrv%2Bs2JRPowdyVEZuoaDUgxylgzij3xtFr9xGeTK1OX0UNYIEM6g5S0A%2F%2BiiONnfmHaGi9L%2Fx0t8ckomoSW3OM%2FHnChSBQvWTMYfdRtl5GHKACLea4TjALonys6hJljU3gAWZ7jHrT%2BC7wDK61hFRd0RUcJsvc18Uo1BVzc5336CKblVhWvu4Nyo%2FXYvYhtWvHQSO4rbeajkAlaouxxo0K%2FEA0z9Dwdj8KNW5ko19Go9fkr1qLQGrOG%2FleAbF92v2yhGmzHuKWahqU1cnVXgZV6YalkWBw%2FRD4m3va7k2SUWfr86SY4VpLMDJmVdwYOy8WE5L9hQ6LKtdd9EkoijfUKgxzKAmZTJ1%2B3w%2FHD7uej3taFotAgg4FZkNUf44o0Wp8rOx2GVwZkLwISLeiUgOXoqOlLSg%2F97ogNuZmVLL9fLlecepObdfaK9KXky5Hvbczell4FlxQFvBKsU%2BFKv0S08ycm1wtfPSpaC7h73sik8Gcd%2FGL2b9h%2BbbGoRr0F9D%2BDA35dLJ8NjQ%2By3eDptwIfRfM1%2FApc%2BUUCoXgWRpvJbUz8IWoj9snFp87xxhJuIksWZw5FeSOCUBsQYn%2F85aEO9%2BduDySx25F4G5hNltpggJkA%2BfDM0cXl%2Fy1wXL%2B13soKyFG40WEwu6j92wsgvOUb4njJjLU0YhNPemvAhKCgpNnJFdmtYgzhTxGyIpotL3fi7uVbAm9J40b2Pfp9kIPmiwZRMZgHNRDmSlRHvWxsmYqNk1lLvbUlZs%2B9IJtyPxk2lcPBngpOmxvb%2FJSAL4SqY8fyEwjp7NzwY6sQHfVRu6PCEYCuYuUvkz9hGDgIRg%2FGO%2Bxnj9Px97ORfx8y3gLBmEae55kRGKXidsijBpTaosJpiNuo6PCn4%2FkbaqwjgkUA2Twp0JhqArd0Wly2r2iNFgO%2FObSoA3a4p72Aj5g4DY4HpHH0w6E6EphMI9%2B3Z9Bqnc1XKlEyM8VQcOBrDzmSV5IGRlY456h9W9Ucj8vjLTlUFm084KOapTc5ygely%2FE6c16XScw5QcRcTLyjk%3D&amp;X-Amz-Algorithm=AWS4-HMAC-SHA256&amp;X-Amz-Credential=ASIAT7MQN47URPYIXEOT%2F20260430%2Feu-west-1%2Fs3%2Faws4_request&amp;X-Amz-Date=20260430T131140Z&amp;X-Amz-SignedHeaders=host&amp;X-Amz-Expires=900&amp;X-Amz-Signature=67a150209e818dbe861f40d8cfc24cf0396a49b66ce00b8569dc6077103e01a3 150w, https:\/\/glow-prod-in.s3.eu-west-1.amazonaws.com\/in\/public\/whinhillprimaryschool\/uploads\/sites\/6094\/2020\/03\/27142145\/gaelic-768x768.jpg?X-Amz-Content-Sha256=UNSIGNED-PAYLOAD&amp;X-Amz-Security-Token=IQoJb3JpZ2luX2VjEEUaCWV1LXdlc3QtMSJHMEUCID0rHdzjBulxom8ndm8ffNe2tToaYUMbk0SL3hi3e0J3AiEAs%2FDHdgPPOaFo6T8dIlj4WW%2FBPr4bj6CiAzrHCUVo%2BEoquAUIDhAFGgwyNzM1NzAxOTU0MzMiDKiQW1HZlGPjEJuODiqVBT7td%2Fnsyu%2F454PlsyyzKSOLnygzQpVh1EFcte58HBsaVkgw7ZOVGPtHR9knm0mrCkTMT4yaWnWcPlV0mAuH%2FWfbrv%2Bs2JRPowdyVEZuoaDUgxylgzij3xtFr9xGeTK1OX0UNYIEM6g5S0A%2F%2BiiONnfmHaGi9L%2Fx0t8ckomoSW3OM%2FHnChSBQvWTMYfdRtl5GHKACLea4TjALonys6hJljU3gAWZ7jHrT%2BC7wDK61hFRd0RUcJsvc18Uo1BVzc5336CKblVhWvu4Nyo%2FXYvYhtWvHQSO4rbeajkAlaouxxo0K%2FEA0z9Dwdj8KNW5ko19Go9fkr1qLQGrOG%2FleAbF92v2yhGmzHuKWahqU1cnVXgZV6YalkWBw%2FRD4m3va7k2SUWfr86SY4VpLMDJmVdwYOy8WE5L9hQ6LKtdd9EkoijfUKgxzKAmZTJ1%2B3w%2FHD7uej3taFotAgg4FZkNUf44o0Wp8rOx2GVwZkLwISLeiUgOXoqOlLSg%2F97ogNuZmVLL9fLlecepObdfaK9KXky5Hvbczell4FlxQFvBKsU%2BFKv0S08ycm1wtfPSpaC7h73sik8Gcd%2FGL2b9h%2BbbGoRr0F9D%2BDA35dLJ8NjQ%2By3eDptwIfRfM1%2FApc%2BUUCoXgWRpvJbUz8IWoj9snFp87xxhJuIksWZw5FeSOCUBsQYn%2F85aEO9%2BduDySx25F4G5hNltpggJkA%2BfDM0cXl%2Fy1wXL%2B13soKyFG40WEwu6j92wsgvOUb4njJjLU0YhNPemvAhKCgpNnJFdmtYgzhTxGyIpotL3fi7uVbAm9J40b2Pfp9kIPmiwZRMZgHNRDmSlRHvWxsmYqNk1lLvbUlZs%2B9IJtyPxk2lcPBngpOmxvb%2FJSAL4SqY8fyEwjp7NzwY6sQHfVRu6PCEYCuYuUvkz9hGDgIRg%2FGO%2Bxnj9Px97ORfx8y3gLBmEae55kRGKXidsijBpTaosJpiNuo6PCn4%2FkbaqwjgkUA2Twp0JhqArd0Wly2r2iNFgO%2FObSoA3a4p72Aj5g4DY4HpHH0w6E6EphMI9%2B3Z9Bqnc1XKlEyM8VQcOBrDzmSV5IGRlY456h9W9Ucj8vjLTlUFm084KOapTc5ygely%2FE6c16XScw5QcRcTLyjk%3D&amp;X-Amz-Algorithm=AWS4-HMAC-SHA256&amp;X-Amz-Credential=ASIAT7MQN47URPYIXEOT%2F20260430%2Feu-west-1%2Fs3%2Faws4_request&amp;X-Amz-Date=20260430T131140Z&amp;X-Amz-SignedHeaders=host&amp;X-Amz-Expires=900&amp;X-Amz-Signature=0d1b0d8145b852cf5d99179644ba810e76f4a26c4b16c2f02d71225f12401c2b 768w, https:\/\/blogs.glowscotland.org.uk\/in\/public\/whinhillprimaryschool\/uploads\/sites\/6094\/2020\/03\/27142145\/gaelic.jpg 800w\" sizes=\"auto, (max-width: 134px) 100vw, 134px\" \/><\/strong>F\u00e0ilte gu na duilleagan airson p\u00e0rantan Foghlam tro Mheadan na G\u00e0idhlig. These pages will give resources to parents of children in Gaelic Medium Education (GME).<\/p>\n<p>All GME parents have been sent a link to join our Goireasan G\u00e0idhlig Padlet page. This is where up-to-date resources are shared with parents. If you have yet to receive this please check with your child&#8217;s teacher or enquire with the school office.<\/p>\n<p><a href=\"https:\/\/education.gov.scot\/parentzone\/my-school\/choosing-a-school\/gaelic-medium-education\/gaelic-medium-education-foghlam-tro-mheadhan-na-gaidhlig\/\" target=\"_blank\" rel=\"noopener\">Parentzone\u00a0<\/a> Scotland has a range of resources and information to support parents with children in Gaelic Medium Education. If you know of anyone who is considering sending their children to GME this would be a useful resources to share with them.<\/p>\n<p>Support your child\u2019s learning \u2013 simple tips in Gaelic and English. The following documents offer simple tips to help you support your child&#8217;s learning at home across the whole curriculum. Check out these excellent resources from Parentzone Scotland.<\/p>\n<article><span style=\"color: #ff0000\"><img decoding=\"async\" src=\"https:\/\/education.gov.scot\/images\/icons\/pdf-icon.png\" alt=\"PDF File\" \/><a style=\"color: #ff0000\" href=\"https:\/\/education.gov.scot\/parentzone\/Documents\/Gaelic_HWBFoodandHealthTips.pdf\" target=\"_blank\" rel=\"noopener\"> PDF file: Support your child&#8217;s learning &#8211; Health and wellbeing: Food and health (Gaelic) (97 KB)<\/a><\/span><\/article>\n<article><\/article>\n<article><span style=\"color: #ff0000\"><img decoding=\"async\" src=\"https:\/\/education.gov.scot\/images\/icons\/pdf-icon.png\" alt=\"PDF File\" \/><a style=\"color: #ff0000\" href=\"https:\/\/education.gov.scot\/parentzone\/Documents\/Gaelic_HWBMentalEmotionalTips.pdf\" target=\"_blank\" rel=\"noopener\"> PDF file: Support your child&#8217;s learning &#8211; Health and wellbeing: Mental, emotional, social and physical wellbeing (Gaelic) (137 KB)<\/a><\/span><\/article>\n<article><\/article>\n<article><span style=\"color: #ff0000\"><img decoding=\"async\" src=\"https:\/\/education.gov.scot\/images\/icons\/pdf-icon.png\" alt=\"PDF File\" \/><a style=\"color: #ff0000\" href=\"https:\/\/education.gov.scot\/parentzone\/Documents\/Gaelic_HWB_PEPASTips.pdf\" target=\"_blank\" rel=\"noopener\"> PDF file: Support your child&#8217;s learning &#8211; Health and wellbeing: PE, physical activity and sport (Gaelic) (97 KB)<\/a><\/span><\/article>\n<article><\/article>\n<article><span style=\"color: #ff0000\"><img decoding=\"async\" src=\"https:\/\/education.gov.scot\/images\/icons\/pdf-icon.png\" alt=\"PDF File\" \/><a style=\"color: #ff0000\" href=\"https:\/\/education.gov.scot\/parentzone\/Documents\/Gaelic_HWBChoicesandChangesTips.pdf\" target=\"_blank\" rel=\"noopener\"> PDF file: Support your child&#8217;s learning &#8211; Health and wellbeing: Planning for choices and changes (Gaelic) (90 KB)<\/a><\/span><\/article>\n<article><span style=\"color: #ff0000\"><img decoding=\"async\" src=\"https:\/\/education.gov.scot\/images\/icons\/pdf-icon.png\" alt=\"PDF File\" \/><a style=\"color: #ff0000\" href=\"https:\/\/education.gov.scot\/parentzone\/Documents\/Gaelic_HWBRelationshipsTips.pdf\" target=\"_blank\" rel=\"noopener\"> PDF file: Support your child&#8217;s learning &#8211; Relationships, sexual health and parenthood (Gaelic) (109 KB)<\/a><\/span><\/article>\n<article><span style=\"color: #ff0000\"><img decoding=\"async\" src=\"https:\/\/education.gov.scot\/images\/icons\/pdf-icon.png\" alt=\"PDF File\" \/><a style=\"color: #ff0000\" href=\"https:\/\/education.gov.scot\/parentzone\/Documents\/Gaelic_HWBSubstanceMisuseTips.pdf\" target=\"_blank\" rel=\"noopener\"> PDF file: Support your child&#8217;s learning &#8211; Health and wellbeing: Substance misuse (Gaelic) (96 KB)<\/a><\/span><\/article>\n<article><span style=\"color: #ff0000\"><img decoding=\"async\" src=\"https:\/\/education.gov.scot\/images\/icons\/pdf-icon.png\" alt=\"PDF File\" \/><a style=\"color: #ff0000\" href=\"https:\/\/education.gov.scot\/parentzone\/Documents\/Gaelic_LearningThroughPlayTips.pdf\" target=\"_blank\" rel=\"noopener\"> PDF file: Support your child&#8217;s learning &#8211; Learning through play (Gaelic) (79 KB)<\/a><\/span><\/article>\n<article><span style=\"color: #ff0000\"><img decoding=\"async\" src=\"https:\/\/education.gov.scot\/images\/icons\/pdf-icon.png\" alt=\"PDF File\" \/><a style=\"color: #ff0000\" href=\"https:\/\/education.gov.scot\/parentzone\/Documents\/Gaelic_NumeracyLeaflets_.pdf\" target=\"_blank\" rel=\"noopener\"> PDF file: Support your child&#8217;s learning &#8211; Numeracy leaflets (Gaelic) (89 KB)<\/a><\/span><\/article>\n<article><span style=\"color: #ff0000\"><img decoding=\"async\" src=\"https:\/\/education.gov.scot\/images\/icons\/pdf-icon.png\" alt=\"PDF File\" \/><a style=\"color: #ff0000\" href=\"https:\/\/education.gov.scot\/parentzone\/Documents\/Gaelic_SciencesTipsEY_.pdf\" target=\"_blank\" rel=\"noopener\"> PDF file: Support your child&#8217;s learning &#8211; Sciences: Early years (Gaelic) (75 KB)<\/a><\/span><\/article>\n<article><span style=\"color: #ff0000\"><img decoding=\"async\" src=\"https:\/\/education.gov.scot\/images\/icons\/pdf-icon.png\" alt=\"PDF File\" \/><a style=\"color: #ff0000\" href=\"https:\/\/education.gov.scot\/parentzone\/Documents\/Gaelic_SciencesTipsPrimary_.pdf\" target=\"_blank\" rel=\"noopener\"> PDF file: Support your child&#8217;s learning &#8211; Sciences: Primary (Gaelic) (81 KB)\u00a0 \u00a0 \u00a0 \u00a0 \u00a0 \u00a0 \u00a0 \u00a0 \u00a0 \u00a0 \u00a0 \u00a0 \u00a0 \u00a0 \u00a0 \u00a0 \u00a0 \u00a0 \u00a0 \u00a0 \u00a0 \u00a0 \u00a0 \u00a0 \u00a0 \u00a0 \u00a0 \u00a0 \u00a0 \u00a0 \u00a0 \u00a0 \u00a0 \u00a0 \u00a0 \u00a0 \u00a0 \u00a0 \u00a0 \u00a0 \u00a0 \u00a0 \u00a0 \u00a0 \u00a0 \u00a0 \u00a0 \u00a0 \u00a0 \u00a0 \u00a0 \u00a0 \u00a0 \u00a0 \u00a0 \u00a0<\/a><\/span><span style=\"color: #ff0000\"><img decoding=\"async\" src=\"https:\/\/education.gov.scot\/images\/icons\/pdf-icon.png\" alt=\"PDF File\" \/><a style=\"color: #ff0000\" href=\"https:\/\/education.gov.scot\/parentzone\/Documents\/Gaelic_SciencesTipsSecondary_.pdf\" target=\"_blank\" rel=\"noopener\"> PDF file: Support your child&#8217;s learning &#8211; Sciences: Secondary (Gaelic) (74 KB)\u00a0 \u00a0 \u00a0 \u00a0 \u00a0 \u00a0 \u00a0 \u00a0 \u00a0 \u00a0 \u00a0 \u00a0 \u00a0 \u00a0 \u00a0 \u00a0 \u00a0 \u00a0 \u00a0 \u00a0 \u00a0 \u00a0 \u00a0 \u00a0 \u00a0 \u00a0 \u00a0 \u00a0 \u00a0 \u00a0 \u00a0 \u00a0 \u00a0 \u00a0 \u00a0 \u00a0 \u00a0 \u00a0 \u00a0 \u00a0 \u00a0 \u00a0 \u00a0 \u00a0 \u00a0 \u00a0 \u00a0 \u00a0 \u00a0 \u00a0 \u00a0 \u00a0 \u00a0 \u00a0 \u00a0 \u00a0<\/a><\/span><span style=\"color: #ff0000\"><img decoding=\"async\" src=\"https:\/\/education.gov.scot\/images\/icons\/pdf-icon.png\" alt=\"PDF File\" \/><a style=\"color: #ff0000\" href=\"https:\/\/education.gov.scot\/parentzone\/Documents\/Gaelic_SupportingStudyTips.pdf\" target=\"_blank\" rel=\"noopener\"> PDF file: Support your child&#8217;s learning &#8211; Supporting study (Gaelic) (86 KB)<\/a><\/span><\/article>\n","protected":false},"excerpt":{"rendered":"<p>F\u00e0ilte gu na duilleagan airson p\u00e0rantan Foghlam tro Mheadan na G\u00e0idhlig. These pages will give resources to parents of children in Gaelic Medium Education (GME). All GME parents have been sent a link to join our Goireasan G\u00e0idhlig Padlet page. This is where up-to-date resources are shared with parents. If you have yet to receive &hellip; <a href=\"https:\/\/blogs.glowscotland.org.uk\/in\/whinhillprimaryschool\/gaelic-resources\/\" class=\"more-link\">Continue reading <span class=\"screen-reader-text\">Gaelic Medium Parent Page<\/span> <span class=\"meta-nav\">&rarr;<\/span><\/a><\/p>\n","protected":false},"author":5686,"featured_media":0,"parent":0,"menu_order":0,"comment_status":"closed","ping_status":"closed","template":"","meta":{"footnotes":""},"class_list":["post-170","page","type-page","status-publish","hentry"],"jetpack_sharing_enabled":true,"_links":{"self":[{"href":"https:\/\/blogs.glowscotland.org.uk\/in\/whinhillprimaryschool\/wp-json\/wp\/v2\/pages\/170","targetHints":{"allow":["GET"]}}],"collection":[{"href":"https:\/\/blogs.glowscotland.org.uk\/in\/whinhillprimaryschool\/wp-json\/wp\/v2\/pages"}],"about":[{"href":"https:\/\/blogs.glowscotland.org.uk\/in\/whinhillprimaryschool\/wp-json\/wp\/v2\/types\/page"}],"author":[{"embeddable":true,"href":"https:\/\/blogs.glowscotland.org.uk\/in\/whinhillprimaryschool\/wp-json\/wp\/v2\/users\/5686"}],"replies":[{"embeddable":true,"href":"https:\/\/blogs.glowscotland.org.uk\/in\/whinhillprimaryschool\/wp-json\/wp\/v2\/comments?post=170"}],"version-history":[{"count":16,"href":"https:\/\/blogs.glowscotland.org.uk\/in\/whinhillprimaryschool\/wp-json\/wp\/v2\/pages\/170\/revisions"}],"predecessor-version":[{"id":1124,"href":"https:\/\/blogs.glowscotland.org.uk\/in\/whinhillprimaryschool\/wp-json\/wp\/v2\/pages\/170\/revisions\/1124"}],"wp:attachment":[{"href":"https:\/\/blogs.glowscotland.org.uk\/in\/whinhillprimaryschool\/wp-json\/wp\/v2\/media?parent=170"}],"curies":[{"name":"wp","href":"https:\/\/api.w.org\/{rel}","templated":true}]}}