{"id":1443,"date":"2024-04-12T16:17:32","date_gmt":"2024-04-12T15:17:32","guid":{"rendered":"https:\/\/blogs.glowscotland.org.uk\/glowblogs\/promotingraceequalityandantiracisteducation\/?page_id=1443"},"modified":"2024-04-25T11:59:25","modified_gmt":"2024-04-25T10:59:25","slug":"third-and-fourth-level-numeracy-and-mathematics","status":"publish","type":"page","link":"https:\/\/blogs.glowscotland.org.uk\/glowblogs\/promotingraceequalityandantiracisteducation\/third-and-fourth-level-numeracy-and-mathematics\/","title":{"rendered":"Third and Fourth Level Numeracy and Mathematics"},"content":{"rendered":"<p>Activities, tasks, games, problems and examples used within mathematics should reflect the multicultural nature of Scottish society without enhancing stereotypes. Representations of people engaged in mathematics should always reflect a broad range of people from different backgrounds. Mathematics can also be used to investigate issues of social injustice and racism.<\/p>\n<div id=\"ttfmp-panels-item-content-panels-item_54\" class=\"ttfmp-panels-item-content\">\n<table>\n<tbody>\n<tr>\n<td colspan=\"2\" width=\"471\"><strong>Third\/Fourth Level<\/strong><\/p>\n<p><strong>\u00a0<\/strong><\/td>\n<\/tr>\n<tr>\n<td width=\"180\"><strong>Experiences and Outcomes<\/strong><\/td>\n<td width=\"292\"><strong>Possible Activities<\/strong><\/td>\n<\/tr>\n<tr>\n<td width=\"180\">I have worked with others to research a famous mathematician and the work they are known for, or investigated a mathematical topic, and have prepared and delivered a short presentation. <strong>MTH 3-12a<\/strong><\/p>\n<p>I have discussed the importance of mathematics in the real world, investigated the mathematical skills required for different career paths and delivered, with others, a presentation on how mathematics can be applied in the workplace. <strong>MTH 4-12a<\/strong><\/td>\n<td width=\"292\">Research one or some of the following:<\/p>\n<ul>\n<li>Mark Dean \u2013 invented first gigahertz computer chip<\/li>\n<li>Valerie Thomas \u2013 invented the Illusion Transmitter which is the basis for 3D tv, gaming and films.<\/li>\n<li>Lonnie Johnson \u2013 invented Super Soakers and Nerf Guns<\/li>\n<li>Mae Carol Jemison \u2013 first African American woman to visit space<\/li>\n<li>David Blackwell \u2013 his specialism in game theory<\/li>\n<li>Benjamin Banneker<\/li>\n<li>Mu\u1e25ammad ibn M\u016bs\u0101 al-Khw\u0101rizm\u012b<\/li>\n<li>Katherine Johnson<\/li>\n<li>Dorothy Johnson Vaughan<\/li>\n<li>Mary Jackson<\/li>\n<li>Mamokgethi Phakeng<\/li>\n<li>Kathleen Adebola Okikiolu<\/li>\n<li>Elbert Frank Cox<\/li>\n<li>Annie Easley<\/li>\n<\/ul>\n<p>Research the history of Arabic numerals and reflect on why the history of our number system isn\u2019t widely shared.<\/p>\n<p>Investigate one or some of the above and either the impact their work has had on society or the role of mathematics within their chosen career path.<\/p>\n<p>Investigate the mathematical skills required for a range of careers, including those in STEM subjects.<\/td>\n<\/tr>\n<tr>\n<td width=\"180\">I can work collaboratively, making appropriate use of technology, to source information presented in a range of ways, interpret what it conveys and discuss whether I believe the information to be robust, vague or misleading. <strong>MNU 3-20a <\/strong><\/p>\n<p>When analysing information or collecting data of my own, I can use my understanding of how bias may arise and how sample size can affect precision, to ensure that the data allows for fair conclusions to be drawn. <strong>MTH 3-20b<\/strong><\/p>\n<p>I can evaluate and interpret raw and graphical data using a variety of methods, comment on relationships I observe within the data and communicate my findings to others. <strong>MNU 4-20a <\/strong><\/p>\n<p>In order to compare numerical information in reallife contexts, I can find the mean, median, mode and range of sets of numbers, decide which type of average is most appropriate to use and discuss how using an alternative type of average could be misleading. <strong>MTH 4-20b<\/strong><\/td>\n<td width=\"292\">Carry out comparative studies measuring inequality across different area or countries. Could use the Gini Coefficient or Palma Ratio to support this. Learners could study\/create scatter graphs of developmental indicators such as life expectancy, wages, income, displacement, etc. Sensitivity should be taken over context.<\/p>\n<p>Explore statistics and the ways mathematics is used to analyse current social, economic and political issues, see social subjects for an interdisciplinary approach.<\/p>\n<p>Investigate how statistics can be interpreted in a variety of ways for different audiences and discuss how this links to misleading interpretations.<\/p>\n<p>Learners could identify social issues (e.g. racial disparities in unemployment) and work on projects that challenge them to come up with just, mathematically-sound solutions to the problems that they identify. Learners could research and partner with local organisations to make the projects more relevant and meaningful. See <a href=\"http:\/\/www.radicalmath.org\/docs\/SJMathGuide.pdf\">radicalmath.org<\/a><\/p>\n<p>Scot Dec\u2019s\u00a0<a href=\"https:\/\/scotdec.org.uk\/resources\/issue-to-action-maths\/\"><strong>Issues to Action<\/strong><\/a>\u00a0resource on Maths and Global Citizenship has an array of idea to support the exploration of global issues within maths and numeracy.<\/td>\n<\/tr>\n<\/tbody>\n<\/table>\n<\/div>\n","protected":false},"excerpt":{"rendered":"<p>Activities, tasks, games, problems and examples used within mathematics should reflect the multicultural nature of Scottish society without enhancing stereotypes. Representations of people engaged in mathematics should always reflect a broad range of people from different backgrounds. Mathematics can also be used to investigate issues of social injustice and racism. Third\/Fourth Level \u00a0 Experiences and Outcomes Possible Activities I have worked with others to research a famous mathematician and the<\/p>\n<p><a class=\"more-link\" href=\"https:\/\/blogs.glowscotland.org.uk\/glowblogs\/promotingraceequalityandantiracisteducation\/third-and-fourth-level-numeracy-and-mathematics\/\">Read More<\/a><\/p>\n","protected":false},"author":77594,"featured_media":0,"parent":0,"menu_order":0,"comment_status":"closed","ping_status":"closed","template":"","meta":{"footnotes":""},"class_list":["post-1443","page","type-page","status-publish","hentry"],"jetpack_sharing_enabled":true,"_links":{"self":[{"href":"https:\/\/blogs.glowscotland.org.uk\/glowblogs\/promotingraceequalityandantiracisteducation\/wp-json\/wp\/v2\/pages\/1443","targetHints":{"allow":["GET"]}}],"collection":[{"href":"https:\/\/blogs.glowscotland.org.uk\/glowblogs\/promotingraceequalityandantiracisteducation\/wp-json\/wp\/v2\/pages"}],"about":[{"href":"https:\/\/blogs.glowscotland.org.uk\/glowblogs\/promotingraceequalityandantiracisteducation\/wp-json\/wp\/v2\/types\/page"}],"author":[{"embeddable":true,"href":"https:\/\/blogs.glowscotland.org.uk\/glowblogs\/promotingraceequalityandantiracisteducation\/wp-json\/wp\/v2\/users\/77594"}],"replies":[{"embeddable":true,"href":"https:\/\/blogs.glowscotland.org.uk\/glowblogs\/promotingraceequalityandantiracisteducation\/wp-json\/wp\/v2\/comments?post=1443"}],"version-history":[{"count":1,"href":"https:\/\/blogs.glowscotland.org.uk\/glowblogs\/promotingraceequalityandantiracisteducation\/wp-json\/wp\/v2\/pages\/1443\/revisions"}],"predecessor-version":[{"id":1444,"href":"https:\/\/blogs.glowscotland.org.uk\/glowblogs\/promotingraceequalityandantiracisteducation\/wp-json\/wp\/v2\/pages\/1443\/revisions\/1444"}],"wp:attachment":[{"href":"https:\/\/blogs.glowscotland.org.uk\/glowblogs\/promotingraceequalityandantiracisteducation\/wp-json\/wp\/v2\/media?parent=1443"}],"curies":[{"name":"wp","href":"https:\/\/api.w.org\/{rel}","templated":true}]}}