{"id":11,"date":"2017-05-24T14:04:32","date_gmt":"2017-05-24T14:04:32","guid":{"rendered":"https:\/\/blogs.glowscotland.org.uk\/glowblogs\/bunsgoilghaidhligghleanndail\/?page_id=11"},"modified":"2025-05-13T10:30:48","modified_gmt":"2025-05-13T10:30:48","slug":"welcome-to-our-school","status":"publish","type":"page","link":"https:\/\/blogs.glowscotland.org.uk\/glowblogs\/bunsgoilghaidhligghleanndail\/","title":{"rendered":"F\u00e0ilte!"},"content":{"rendered":"<h2 style=\"text-align: center\"><span style=\"color: #000000\">F\u00e0ilte dhan sgoil againn!<\/span><\/h2>\n<h2 style=\"text-align: center\"><span style=\"color: #000000\">Welcome to our school!<\/span><\/h2>\n<p><span style=\"color: #000000\"><img loading=\"lazy\" decoding=\"async\" class=\"size-medium wp-image-5 alignright\" src=\"https:\/\/glow-prod-glowblogs.s3.eu-west-1.amazonaws.com\/glowblogs\/public\/bunsgoilghaidhligghleanndail\/uploads\/sites\/4805\/2017\/05\/school-logo-colour-e1495630014970-287x300.jpg?X-Amz-Content-Sha256=UNSIGNED-PAYLOAD&#038;X-Amz-Security-Token=IQoJb3JpZ2luX2VjENn%2F%2F%2F%2F%2F%2F%2F%2F%2F%2FwEaCWV1LXdlc3QtMSJIMEYCIQCKFWvyZpw1W43yJNcGn32mDxyfd2uVhOj2HivlceFmBAIhAP%2FIcDJ0FT93j0Vkzzg8GsEeYbhpdNwsDl9RfEoo894xKsIFCKL%2F%2F%2F%2F%2F%2F%2F%2F%2F%2FwEQBRoMMjczNTcwMTk1NDMzIgyZcHU0zZodvkug2dIqlgUdpW%2FgalBWC05L05C9EJacM16gZ8hSjNsEmKVIce8kTpwyIBHocZRLmcgBj8N8y9sxoObJKVlJhivM%2FxGnR4QV8YeICkYCY%2FYY4lWA65uGzUpj%2BhcSrDJhun0P9arVSykut0IKDyfoyHfxlL%2FWlozqcwDu%2Fs3iKa%2FkxP%2BKpHP014A%2BnqKn9UU%2Fbsh3EuOttrpiyoHYLD3pRXuVuqtgPXzgDRedUxoajMV%2FnTA8jss6kP6Ik%2B%2Bi1rCFnZrdwPRJkwPQ%2FcUTb8h%2BdQd4L4u0%2BF9DrRUMI6vwiJ4HS10%2FQ%2BUiqY2tH16u3rBSQ3dLdVaBUC2XUzM%2F5bc5ucEtzLnP0NZrEYB6DFLnIDHzPlT%2BChuG1hJ%2BabGKXX%2BAZDmtSGYc58We8ojt7QOf9LDMKyyqZRWYR5%2BsO2TLEJiBulQm56%2Fv%2BvrSENl%2FDrI%2FQv0o9y1BCe3nPKpdfiV1GFopz95Btd1zENDwNTpn25nfca3Ra455vi25sKjorJTP2jv0Z2WavHc3zS4bGSJp%2BL4wV7aJ%2Fvri4%2FdXI%2BH98BMqqXRSqzRJxEWr7ye6c5uzFEdnudiQqKgsBj1rHftwT4JCUoUIgeyM96fYRh3%2FUEJspgWAGAdL%2F8pMca9AcHCHrrVQtV4lSXTuqw%2FKVsfzX64Iia5SS%2FxFQSdyUX2UrNjiX01VPEZYLDlxWRO1d6GPZB7lEbuiHov%2FazTzC8LXjTdy%2B3aKSTs%2B%2FczRU%2Fyo5TnFPFRKFBssDwEIR307pTkNGELexqEEwI7Wn7%2BsRaDUcAKLVO%2F226sU%2F%2BqnetrA1qLW8EOScAs09xtQkJ73lsqsULAqMFsJIqj7pHtnI%2BXCxmqkoWpMhux4WZRXhnoEChknfV2WKKxZch6dm%2B4G3zCAurXPBjqwAQXpeEQ%2FVqEoK32ZjO727i3sJgJLCRZUkd7a0z1%2BUUP2WWG8yJqG8JXmVyfbgLrE6tjNAm8ukaFV56%2F7hFnEgmRwmy1S7E8NE3UmjIpu7yMOmeu%2BsjYC5HTbXnWqePRQaE3qD%2BhXyp%2Fsq%2B4%2BFPsU82t1SKjw%2Bt3rFg7zV7nTazZM%2BstKc42X7upoMtLPrz2DwY%2ByCIBJXRDV7w3o181HhHh7l09WcT3NtGhrnuq3wU7f&#038;X-Amz-Algorithm=AWS4-HMAC-SHA256&#038;X-Amz-Credential=ASIAT7MQN47U7GUTRYWJ%2F20260426%2Feu-west-1%2Fs3%2Faws4_request&#038;X-Amz-Date=20260426T003810Z&#038;X-Amz-SignedHeaders=host&#038;X-Amz-Expires=900&#038;X-Amz-Signature=e2f611337d6dfcad90be5d97f6ff82743bfddd6b259c42e7d976ef696eab37d4\" alt=\"\" width=\"287\" height=\"300\" srcset=\"https:\/\/glow-prod-glowblogs.s3.eu-west-1.amazonaws.com\/glowblogs\/public\/bunsgoilghaidhligghleanndail\/uploads\/sites\/4805\/2017\/05\/school-logo-colour-e1495630014970-287x300.jpg?X-Amz-Content-Sha256=UNSIGNED-PAYLOAD&amp;X-Amz-Security-Token=IQoJb3JpZ2luX2VjENn%2F%2F%2F%2F%2F%2F%2F%2F%2F%2FwEaCWV1LXdlc3QtMSJIMEYCIQCKFWvyZpw1W43yJNcGn32mDxyfd2uVhOj2HivlceFmBAIhAP%2FIcDJ0FT93j0Vkzzg8GsEeYbhpdNwsDl9RfEoo894xKsIFCKL%2F%2F%2F%2F%2F%2F%2F%2F%2F%2FwEQBRoMMjczNTcwMTk1NDMzIgyZcHU0zZodvkug2dIqlgUdpW%2FgalBWC05L05C9EJacM16gZ8hSjNsEmKVIce8kTpwyIBHocZRLmcgBj8N8y9sxoObJKVlJhivM%2FxGnR4QV8YeICkYCY%2FYY4lWA65uGzUpj%2BhcSrDJhun0P9arVSykut0IKDyfoyHfxlL%2FWlozqcwDu%2Fs3iKa%2FkxP%2BKpHP014A%2BnqKn9UU%2Fbsh3EuOttrpiyoHYLD3pRXuVuqtgPXzgDRedUxoajMV%2FnTA8jss6kP6Ik%2B%2Bi1rCFnZrdwPRJkwPQ%2FcUTb8h%2BdQd4L4u0%2BF9DrRUMI6vwiJ4HS10%2FQ%2BUiqY2tH16u3rBSQ3dLdVaBUC2XUzM%2F5bc5ucEtzLnP0NZrEYB6DFLnIDHzPlT%2BChuG1hJ%2BabGKXX%2BAZDmtSGYc58We8ojt7QOf9LDMKyyqZRWYR5%2BsO2TLEJiBulQm56%2Fv%2BvrSENl%2FDrI%2FQv0o9y1BCe3nPKpdfiV1GFopz95Btd1zENDwNTpn25nfca3Ra455vi25sKjorJTP2jv0Z2WavHc3zS4bGSJp%2BL4wV7aJ%2Fvri4%2FdXI%2BH98BMqqXRSqzRJxEWr7ye6c5uzFEdnudiQqKgsBj1rHftwT4JCUoUIgeyM96fYRh3%2FUEJspgWAGAdL%2F8pMca9AcHCHrrVQtV4lSXTuqw%2FKVsfzX64Iia5SS%2FxFQSdyUX2UrNjiX01VPEZYLDlxWRO1d6GPZB7lEbuiHov%2FazTzC8LXjTdy%2B3aKSTs%2B%2FczRU%2Fyo5TnFPFRKFBssDwEIR307pTkNGELexqEEwI7Wn7%2BsRaDUcAKLVO%2F226sU%2F%2BqnetrA1qLW8EOScAs09xtQkJ73lsqsULAqMFsJIqj7pHtnI%2BXCxmqkoWpMhux4WZRXhnoEChknfV2WKKxZch6dm%2B4G3zCAurXPBjqwAQXpeEQ%2FVqEoK32ZjO727i3sJgJLCRZUkd7a0z1%2BUUP2WWG8yJqG8JXmVyfbgLrE6tjNAm8ukaFV56%2F7hFnEgmRwmy1S7E8NE3UmjIpu7yMOmeu%2BsjYC5HTbXnWqePRQaE3qD%2BhXyp%2Fsq%2B4%2BFPsU82t1SKjw%2Bt3rFg7zV7nTazZM%2BstKc42X7upoMtLPrz2DwY%2ByCIBJXRDV7w3o181HhHh7l09WcT3NtGhrnuq3wU7f&amp;X-Amz-Algorithm=AWS4-HMAC-SHA256&amp;X-Amz-Credential=ASIAT7MQN47U7GUTRYWJ%2F20260426%2Feu-west-1%2Fs3%2Faws4_request&amp;X-Amz-Date=20260426T003810Z&amp;X-Amz-SignedHeaders=host&amp;X-Amz-Expires=900&amp;X-Amz-Signature=e2f611337d6dfcad90be5d97f6ff82743bfddd6b259c42e7d976ef696eab37d4 287w, https:\/\/glow-prod-glowblogs.s3.eu-west-1.amazonaws.com\/glowblogs\/public\/bunsgoilghaidhligghleanndail\/uploads\/sites\/4805\/2017\/05\/school-logo-colour-e1495630014970-768x802.jpg?X-Amz-Content-Sha256=UNSIGNED-PAYLOAD&amp;X-Amz-Security-Token=IQoJb3JpZ2luX2VjENn%2F%2F%2F%2F%2F%2F%2F%2F%2F%2FwEaCWV1LXdlc3QtMSJIMEYCIQCKFWvyZpw1W43yJNcGn32mDxyfd2uVhOj2HivlceFmBAIhAP%2FIcDJ0FT93j0Vkzzg8GsEeYbhpdNwsDl9RfEoo894xKsIFCKL%2F%2F%2F%2F%2F%2F%2F%2F%2F%2FwEQBRoMMjczNTcwMTk1NDMzIgyZcHU0zZodvkug2dIqlgUdpW%2FgalBWC05L05C9EJacM16gZ8hSjNsEmKVIce8kTpwyIBHocZRLmcgBj8N8y9sxoObJKVlJhivM%2FxGnR4QV8YeICkYCY%2FYY4lWA65uGzUpj%2BhcSrDJhun0P9arVSykut0IKDyfoyHfxlL%2FWlozqcwDu%2Fs3iKa%2FkxP%2BKpHP014A%2BnqKn9UU%2Fbsh3EuOttrpiyoHYLD3pRXuVuqtgPXzgDRedUxoajMV%2FnTA8jss6kP6Ik%2B%2Bi1rCFnZrdwPRJkwPQ%2FcUTb8h%2BdQd4L4u0%2BF9DrRUMI6vwiJ4HS10%2FQ%2BUiqY2tH16u3rBSQ3dLdVaBUC2XUzM%2F5bc5ucEtzLnP0NZrEYB6DFLnIDHzPlT%2BChuG1hJ%2BabGKXX%2BAZDmtSGYc58We8ojt7QOf9LDMKyyqZRWYR5%2BsO2TLEJiBulQm56%2Fv%2BvrSENl%2FDrI%2FQv0o9y1BCe3nPKpdfiV1GFopz95Btd1zENDwNTpn25nfca3Ra455vi25sKjorJTP2jv0Z2WavHc3zS4bGSJp%2BL4wV7aJ%2Fvri4%2FdXI%2BH98BMqqXRSqzRJxEWr7ye6c5uzFEdnudiQqKgsBj1rHftwT4JCUoUIgeyM96fYRh3%2FUEJspgWAGAdL%2F8pMca9AcHCHrrVQtV4lSXTuqw%2FKVsfzX64Iia5SS%2FxFQSdyUX2UrNjiX01VPEZYLDlxWRO1d6GPZB7lEbuiHov%2FazTzC8LXjTdy%2B3aKSTs%2B%2FczRU%2Fyo5TnFPFRKFBssDwEIR307pTkNGELexqEEwI7Wn7%2BsRaDUcAKLVO%2F226sU%2F%2BqnetrA1qLW8EOScAs09xtQkJ73lsqsULAqMFsJIqj7pHtnI%2BXCxmqkoWpMhux4WZRXhnoEChknfV2WKKxZch6dm%2B4G3zCAurXPBjqwAQXpeEQ%2FVqEoK32ZjO727i3sJgJLCRZUkd7a0z1%2BUUP2WWG8yJqG8JXmVyfbgLrE6tjNAm8ukaFV56%2F7hFnEgmRwmy1S7E8NE3UmjIpu7yMOmeu%2BsjYC5HTbXnWqePRQaE3qD%2BhXyp%2Fsq%2B4%2BFPsU82t1SKjw%2Bt3rFg7zV7nTazZM%2BstKc42X7upoMtLPrz2DwY%2ByCIBJXRDV7w3o181HhHh7l09WcT3NtGhrnuq3wU7f&amp;X-Amz-Algorithm=AWS4-HMAC-SHA256&amp;X-Amz-Credential=ASIAT7MQN47U7GUTRYWJ%2F20260426%2Feu-west-1%2Fs3%2Faws4_request&amp;X-Amz-Date=20260426T003810Z&amp;X-Amz-SignedHeaders=host&amp;X-Amz-Expires=900&amp;X-Amz-Signature=8c7ffa6bed8b381cfe98fd9e6c06d4199216e6bc4b8cb63c30c1c9bcdb34ec34 768w, https:\/\/glow-prod-glowblogs.s3.eu-west-1.amazonaws.com\/glowblogs\/public\/bunsgoilghaidhligghleanndail\/uploads\/sites\/4805\/2017\/05\/school-logo-colour-e1495630014970-981x1024.jpg?X-Amz-Content-Sha256=UNSIGNED-PAYLOAD&amp;X-Amz-Security-Token=IQoJb3JpZ2luX2VjENn%2F%2F%2F%2F%2F%2F%2F%2F%2F%2FwEaCWV1LXdlc3QtMSJIMEYCIQCKFWvyZpw1W43yJNcGn32mDxyfd2uVhOj2HivlceFmBAIhAP%2FIcDJ0FT93j0Vkzzg8GsEeYbhpdNwsDl9RfEoo894xKsIFCKL%2F%2F%2F%2F%2F%2F%2F%2F%2F%2FwEQBRoMMjczNTcwMTk1NDMzIgyZcHU0zZodvkug2dIqlgUdpW%2FgalBWC05L05C9EJacM16gZ8hSjNsEmKVIce8kTpwyIBHocZRLmcgBj8N8y9sxoObJKVlJhivM%2FxGnR4QV8YeICkYCY%2FYY4lWA65uGzUpj%2BhcSrDJhun0P9arVSykut0IKDyfoyHfxlL%2FWlozqcwDu%2Fs3iKa%2FkxP%2BKpHP014A%2BnqKn9UU%2Fbsh3EuOttrpiyoHYLD3pRXuVuqtgPXzgDRedUxoajMV%2FnTA8jss6kP6Ik%2B%2Bi1rCFnZrdwPRJkwPQ%2FcUTb8h%2BdQd4L4u0%2BF9DrRUMI6vwiJ4HS10%2FQ%2BUiqY2tH16u3rBSQ3dLdVaBUC2XUzM%2F5bc5ucEtzLnP0NZrEYB6DFLnIDHzPlT%2BChuG1hJ%2BabGKXX%2BAZDmtSGYc58We8ojt7QOf9LDMKyyqZRWYR5%2BsO2TLEJiBulQm56%2Fv%2BvrSENl%2FDrI%2FQv0o9y1BCe3nPKpdfiV1GFopz95Btd1zENDwNTpn25nfca3Ra455vi25sKjorJTP2jv0Z2WavHc3zS4bGSJp%2BL4wV7aJ%2Fvri4%2FdXI%2BH98BMqqXRSqzRJxEWr7ye6c5uzFEdnudiQqKgsBj1rHftwT4JCUoUIgeyM96fYRh3%2FUEJspgWAGAdL%2F8pMca9AcHCHrrVQtV4lSXTuqw%2FKVsfzX64Iia5SS%2FxFQSdyUX2UrNjiX01VPEZYLDlxWRO1d6GPZB7lEbuiHov%2FazTzC8LXjTdy%2B3aKSTs%2B%2FczRU%2Fyo5TnFPFRKFBssDwEIR307pTkNGELexqEEwI7Wn7%2BsRaDUcAKLVO%2F226sU%2F%2BqnetrA1qLW8EOScAs09xtQkJ73lsqsULAqMFsJIqj7pHtnI%2BXCxmqkoWpMhux4WZRXhnoEChknfV2WKKxZch6dm%2B4G3zCAurXPBjqwAQXpeEQ%2FVqEoK32ZjO727i3sJgJLCRZUkd7a0z1%2BUUP2WWG8yJqG8JXmVyfbgLrE6tjNAm8ukaFV56%2F7hFnEgmRwmy1S7E8NE3UmjIpu7yMOmeu%2BsjYC5HTbXnWqePRQaE3qD%2BhXyp%2Fsq%2B4%2BFPsU82t1SKjw%2Bt3rFg7zV7nTazZM%2BstKc42X7upoMtLPrz2DwY%2ByCIBJXRDV7w3o181HhHh7l09WcT3NtGhrnuq3wU7f&amp;X-Amz-Algorithm=AWS4-HMAC-SHA256&amp;X-Amz-Credential=ASIAT7MQN47U7GUTRYWJ%2F20260426%2Feu-west-1%2Fs3%2Faws4_request&amp;X-Amz-Date=20260426T003810Z&amp;X-Amz-SignedHeaders=host&amp;X-Amz-Expires=900&amp;X-Amz-Signature=8720bf63078ffb111fbede6a7a84feb91eed0d9f012b1ea419505e8f71f46121 981w, https:\/\/blogs.glowscotland.org.uk\/glowblogs\/public\/bunsgoilghaidhligghleanndail\/uploads\/sites\/4805\/2017\/05\/school-logo-colour-e1495630014970.jpg 1207w\" sizes=\"auto, (max-width: 287px) 100vw, 287px\" \/><\/span><\/p>\n<p>&nbsp;<\/p>\n<p>Bu toil leam f\u00e0ilte a chur oirbh uile gu Bunsgoil Gh\u00e0idhlig Ghleann Dail, an d\u00e0rna sgoil Gh\u00e0idhlig ann am Baile M\u00f2r Ghlaschu.<\/p>\n<p><em>I would like to welcome you all to Bunsgoil Gh\u00e0idhlig Ghleann Dail, Glasgow\u2019s second Gaelic school.<\/em><\/p>\n<p>Tha coimhearsnachd na sgoile a\u2019 coimhead air adhart ri bhith ag obair c\u00f2mhla ribh airson cothroman ionnsachaidh aig \u00ecre as \u00e0irde a\u2019 l\u00ecbhrigeadh dhan ph\u00e0iste agaibh, tro mheadhan na G\u00e0idhlig.<\/p>\n<p><em>\u00a0 As a school community we look forward to working with you to give your child learning opportunities of the highest quality, through the medium of Gaelic.<\/em><\/p>\n<p>Tha sinn an d\u00f2chas gu bheil am fiosrachadh seo feumail dhuibh.<\/p>\n<p><em>We hope that you find our website useful.<\/em><\/p>\n<p>&nbsp;<\/p>\n<p>Mgr McCusker<\/p>\n<p>Ceannard Eadar-Amail\/ Acting Head Teacher<\/p>\n<p>&nbsp;<\/p>\n<p>&nbsp;<\/p>\n<p>&nbsp;<\/p>\n<p>&nbsp;<\/p>\n","protected":false},"excerpt":{"rendered":"<p>F\u00e0ilte dhan sgoil againn! Welcome to our school! &nbsp; Bu toil leam f\u00e0ilte a chur oirbh uile gu Bunsgoil Gh\u00e0idhlig Ghleann Dail, an d\u00e0rna sgoil Gh\u00e0idhlig ann am Baile M\u00f2r Ghlaschu. I would like to welcome you all to Bunsgoil Gh\u00e0idhlig Ghleann Dail, Glasgow\u2019s second Gaelic school. Tha coimhearsnachd na sgoile a\u2019 coimhead air adhart &hellip; <a href=\"https:\/\/blogs.glowscotland.org.uk\/glowblogs\/bunsgoilghaidhligghleanndail\/\" class=\"more-link\">Continue reading <span class=\"screen-reader-text\">F\u00e0ilte!<\/span> <span class=\"meta-nav\">&rarr;<\/span><\/a><\/p>\n","protected":false},"author":52851,"featured_media":0,"parent":0,"menu_order":0,"comment_status":"closed","ping_status":"closed","template":"","meta":{"footnotes":""},"class_list":["post-11","page","type-page","status-publish","hentry"],"_links":{"self":[{"href":"https:\/\/blogs.glowscotland.org.uk\/glowblogs\/bunsgoilghaidhligghleanndail\/wp-json\/wp\/v2\/pages\/11","targetHints":{"allow":["GET"]}}],"collection":[{"href":"https:\/\/blogs.glowscotland.org.uk\/glowblogs\/bunsgoilghaidhligghleanndail\/wp-json\/wp\/v2\/pages"}],"about":[{"href":"https:\/\/blogs.glowscotland.org.uk\/glowblogs\/bunsgoilghaidhligghleanndail\/wp-json\/wp\/v2\/types\/page"}],"author":[{"embeddable":true,"href":"https:\/\/blogs.glowscotland.org.uk\/glowblogs\/bunsgoilghaidhligghleanndail\/wp-json\/wp\/v2\/users\/52851"}],"replies":[{"embeddable":true,"href":"https:\/\/blogs.glowscotland.org.uk\/glowblogs\/bunsgoilghaidhligghleanndail\/wp-json\/wp\/v2\/comments?post=11"}],"version-history":[{"count":17,"href":"https:\/\/blogs.glowscotland.org.uk\/glowblogs\/bunsgoilghaidhligghleanndail\/wp-json\/wp\/v2\/pages\/11\/revisions"}],"predecessor-version":[{"id":1126,"href":"https:\/\/blogs.glowscotland.org.uk\/glowblogs\/bunsgoilghaidhligghleanndail\/wp-json\/wp\/v2\/pages\/11\/revisions\/1126"}],"wp:attachment":[{"href":"https:\/\/blogs.glowscotland.org.uk\/glowblogs\/bunsgoilghaidhligghleanndail\/wp-json\/wp\/v2\/media?parent=11"}],"curies":[{"name":"wp","href":"https:\/\/api.w.org\/{rel}","templated":true}]}}