{"id":80,"date":"2023-12-01T14:14:45","date_gmt":"2023-12-01T14:14:45","guid":{"rendered":"https:\/\/blogs.glowscotland.org.uk\/glowblogs\/bunsgoilgac\/?page_id=80"},"modified":"2025-11-05T10:47:12","modified_gmt":"2025-11-05T10:47:12","slug":"ar-luachan-leirsinn-our-values-and-vision","status":"publish","type":"page","link":"https:\/\/blogs.glowscotland.org.uk\/glowblogs\/bunsgoilgac\/ar-luachan-leirsinn-our-values-and-vision\/","title":{"rendered":"Ar Luachan &amp; L\u00e8irsinn | Our Values and Vision"},"content":{"rendered":"<h1><strong>Ar Luachan agus L\u00e8irsinn<\/strong> | <span style=\"color: #2c1665\">Our Values and Vision<\/span><\/h1>\n<h4 style=\"font-size: 16px\"><img loading=\"lazy\" decoding=\"async\" class=\"alignnone size-full wp-image-485\" src=\"https:\/\/blogs.glowscotland.org.uk\/glowblogs\/public\/bunsgoilgac\/uploads\/sites\/10484\/2025\/01\/24192850\/D.png\" alt=\"\" width=\"1260\" height=\"1260\" srcset=\"https:\/\/blogs.glowscotland.org.uk\/glowblogs\/public\/bunsgoilgac\/uploads\/sites\/10484\/2025\/01\/24192850\/D.png 1260w, https:\/\/blogs.glowscotland.org.uk\/glowblogs\/public\/bunsgoilgac\/uploads\/sites\/10484\/2025\/01\/24192850\/D-300x300.png 300w, https:\/\/blogs.glowscotland.org.uk\/glowblogs\/public\/bunsgoilgac\/uploads\/sites\/10484\/2025\/01\/24192850\/D-1024x1024.png 1024w, https:\/\/blogs.glowscotland.org.uk\/glowblogs\/public\/bunsgoilgac\/uploads\/sites\/10484\/2025\/01\/24192850\/D-150x150.png 150w, https:\/\/blogs.glowscotland.org.uk\/glowblogs\/public\/bunsgoilgac\/uploads\/sites\/10484\/2025\/01\/24192850\/D-768x768.png 768w, https:\/\/blogs.glowscotland.org.uk\/glowblogs\/public\/bunsgoilgac\/uploads\/sites\/10484\/2025\/01\/24192850\/D-100x100.png 100w\" sizes=\"auto, (max-width: 767px) 89vw, (max-width: 1000px) 54vw, (max-width: 1071px) 543px, 580px\" \/><\/h4>\n<p class=\"cvGsUA direction-ltr align-justify para-style-body\"><span style=\"color: #7c0885\"><em><strong><span class=\"a_GcMg font-feature-liga-off font-feature-clig-off font-feature-calt-off text-decoration-none text-strikethrough-none\">Aig Bun-sgoil Gh\u00e0idhlig a\u2019 Challtainn, \u2019s i ar n-amas gun cruthaich sinn coimhearsnachd Gh\u00e0idhlig altramach agus ion-ghabhalta far a bheil gach p\u00e0iste a\u2019 faireachdainn buntainneach l\u00e0idir, far a bheil luach gan cuir orra gu pearsanta, agus far an t\u00e8id am brosnachadh gus an lan chomasan a ruigsinn.<\/span><\/strong><\/em><\/span><\/p>\n<p class=\"cvGsUA direction-ltr align-justify para-style-body\"><span style=\"color: #7c0885\"><em><strong><span class=\"a_GcMg font-feature-liga-off font-feature-clig-off font-feature-calt-off text-decoration-none text-strikethrough-none\">Tro cho-obrachadh is cruthachalachd, bidh sinn a\u2019 comharrachadh shoirbheachasan pearsanta sgoilearan, ag adhartachadh iomadachd agus ag altram moit agus gaol do ch\u00e0nan is cultar na G\u00e0idhlig.<\/span><\/strong><\/em><\/span><\/p>\n<p class=\"cvGsUA direction-ltr align-justify para-style-body\"><span style=\"color: #7c0885\"><em><strong><span class=\"a_GcMg font-feature-liga-off font-feature-clig-off font-feature-calt-off text-decoration-none text-strikethrough-none\">Tha sinn ag amas air sgilean, ath-leumachd agus misneachd sgoilearan a neartachadh gus an t\u00e8id aca ri d\u00f9bhlain \u00f9ra a choileanadh agus gus<\/span><span class=\"a_GcMg font-feature-liga-off font-feature-clig-off font-feature-calt-off text-decoration-none text-strikethrough-none\">\u00a0am f\u00e0s iad mar shaoranaich agus luchd-ionnsachaidh cunntasach, coibhneil, suimeil is \u00ecocail.<\/span><\/strong><\/em><\/span><\/p>\n<p>&nbsp;<\/p>\n<p class=\"cvGsUA direction-ltr align-center para-style-body\"><span class=\"a_GcMg font-feature-liga-off font-feature-clig-off font-feature-calt-off text-decoration-none text-strikethrough-none\">At Bun-sgoil Gh\u00e0idhlig a\u2019 Challtainn, our vision is to be a nurturing and inclusive Gaelic community where every child feels a strong sense of belonging, is valued for who they are, and is inspired to reach their highest potential.<\/span><\/p>\n<p class=\"cvGsUA direction-ltr align-center para-style-body\"><span class=\"a_GcMg font-feature-liga-off font-feature-clig-off font-feature-calt-off text-decoration-none text-strikethrough-none\">Through collaboration, creativity and curiosity, we celebrate personal achievements and successes, promote diversity and foster a deep pride and love for the Gaelic language and culture.<\/span><\/p>\n<p class=\"cvGsUA direction-ltr align-center para-style-body\"><span class=\"a_GcMg font-feature-liga-off font-feature-clig-off font-feature-calt-off text-decoration-none text-strikethrough-none\">We aim to equip all learners with the skills, resilience and confidence to embrace challenges, grow as responsible, kind, considerate and compassionate individuals and flourish as lifelong learners.<\/span><\/p>\n<p><em><strong>Seo na luachan sgoile againn<\/strong><\/em> | Here are our five School Values:<\/p>\n<ul>\n<li style=\"list-style-type: none\">\n<ul>\n<li style=\"list-style-type: none\">\n<ul>\n<li style=\"list-style-type: none\">\n<ul>\n<li><em><span style=\"color: #7c0885\"><strong>D\u00eccheall<\/strong> <\/span><\/em>(Perseverance\/Ambition)<\/li>\n<li><span style=\"color: #7c0885\"><em><strong>Urram\u00a0<\/strong><\/em><\/span>(Respect)<\/li>\n<li><span style=\"color: #7c0885\"><em><strong>Cruthachalachd<\/strong> <\/em><\/span>(Creativity\/Curiosity)<\/li>\n<li><span style=\"color: #7c0885\"><em><strong>Coibhneas<\/strong> <\/em><\/span>(Kindness\/Compassion)<\/li>\n<li><span style=\"color: #7c0885\"><em><strong>Onar<\/strong> <\/em><\/span>(Honesty\/Trust)<\/li>\n<\/ul>\n<\/li>\n<\/ul>\n<\/li>\n<\/ul>\n<\/li>\n<\/ul>\n","protected":false},"excerpt":{"rendered":"<p>Ar Luachan agus L\u00e8irsinn | Our Values and Vision Aig Bun-sgoil Gh\u00e0idhlig a\u2019 Challtainn, \u2019s i ar n-amas gun cruthaich sinn coimhearsnachd Gh\u00e0idhlig altramach agus ion-ghabhalta far a bheil gach p\u00e0iste a\u2019 faireachdainn buntainneach l\u00e0idir, far a bheil luach gan cuir orra gu pearsanta, agus far an t\u00e8id am brosnachadh gus an lan chomasan a &hellip; <\/p>\n<p class=\"link-more\"><a href=\"https:\/\/blogs.glowscotland.org.uk\/glowblogs\/bunsgoilgac\/ar-luachan-leirsinn-our-values-and-vision\/\" class=\"more-link\">Continue reading<span class=\"screen-reader-text\"> &#8220;Ar Luachan &amp; L\u00e8irsinn | Our Values and Vision&#8221;<\/span><\/a><\/p>\n","protected":false},"author":83325,"featured_media":0,"parent":0,"menu_order":0,"comment_status":"closed","ping_status":"closed","template":"","meta":{"footnotes":""},"class_list":["post-80","page","type-page","status-publish","hentry"],"_links":{"self":[{"href":"https:\/\/blogs.glowscotland.org.uk\/glowblogs\/bunsgoilgac\/wp-json\/wp\/v2\/pages\/80","targetHints":{"allow":["GET"]}}],"collection":[{"href":"https:\/\/blogs.glowscotland.org.uk\/glowblogs\/bunsgoilgac\/wp-json\/wp\/v2\/pages"}],"about":[{"href":"https:\/\/blogs.glowscotland.org.uk\/glowblogs\/bunsgoilgac\/wp-json\/wp\/v2\/types\/page"}],"author":[{"embeddable":true,"href":"https:\/\/blogs.glowscotland.org.uk\/glowblogs\/bunsgoilgac\/wp-json\/wp\/v2\/users\/83325"}],"replies":[{"embeddable":true,"href":"https:\/\/blogs.glowscotland.org.uk\/glowblogs\/bunsgoilgac\/wp-json\/wp\/v2\/comments?post=80"}],"version-history":[{"count":20,"href":"https:\/\/blogs.glowscotland.org.uk\/glowblogs\/bunsgoilgac\/wp-json\/wp\/v2\/pages\/80\/revisions"}],"predecessor-version":[{"id":514,"href":"https:\/\/blogs.glowscotland.org.uk\/glowblogs\/bunsgoilgac\/wp-json\/wp\/v2\/pages\/80\/revisions\/514"}],"wp:attachment":[{"href":"https:\/\/blogs.glowscotland.org.uk\/glowblogs\/bunsgoilgac\/wp-json\/wp\/v2\/media?parent=80"}],"curies":[{"name":"wp","href":"https:\/\/api.w.org\/{rel}","templated":true}]}}