{"id":62,"date":"2023-12-01T13:43:40","date_gmt":"2023-12-01T13:43:40","guid":{"rendered":"https:\/\/blogs.glowscotland.org.uk\/glowblogs\/bunsgoilgac\/?page_id=62"},"modified":"2024-03-02T21:21:35","modified_gmt":"2024-03-02T21:21:35","slug":"home","status":"publish","type":"page","link":"https:\/\/blogs.glowscotland.org.uk\/glowblogs\/bunsgoilgac\/","title":{"rendered":"Dachaigh (Home)"},"content":{"rendered":"<h2><strong>Bun-sgoil Gh\u00e0idhlig a\u2019 Challtainn<\/strong><\/h2>\n<p>F\u00e0ilte dhan l\u00e0rach-l\u00ecn againne.\u00a0 Seo bhidio a dheasaich na sgoilearan againn.<\/p>\n<p>Welcome to our school&#8217;s website.\u00a0 Here&#8217;s a video about our school made by our pupils.<\/p>\n<div style=\"width: 525px;\" class=\"wp-video\"><!--[if lt IE 9]><script>document.createElement('video');<\/script><![endif]-->\n<video class=\"wp-video-shortcode\" id=\"video-62-1\" width=\"525\" height=\"295\" preload=\"metadata\" controls=\"controls\"><source type=\"video\/webm\" src=\"https:\/\/blogs.glowscotland.org.uk\/glowblogs\/public\/bunsgoilgac\/uploads\/sites\/10484\/2024\/03\/02210148\/Bhidio-Bun-sgoil-Ghaidhlig-a-Challtainn-video-converter.com_.webm?_=1\" \/><a href=\"https:\/\/blogs.glowscotland.org.uk\/glowblogs\/public\/bunsgoilgac\/uploads\/sites\/10484\/2024\/03\/02210148\/Bhidio-Bun-sgoil-Ghaidhlig-a-Challtainn-video-converter.com_.webm\">https:\/\/blogs.glowscotland.org.uk\/glowblogs\/public\/bunsgoilgac\/uploads\/sites\/10484\/2024\/03\/02210148\/Bhidio-Bun-sgoil-Ghaidhlig-a-Challtainn-video-converter.com_.webm<\/a><\/video><\/div>\n","protected":false},"excerpt":{"rendered":"<p>Bun-sgoil Gh\u00e0idhlig a\u2019 Challtainn F\u00e0ilte dhan l\u00e0rach-l\u00ecn againne.\u00a0 Seo bhidio a dheasaich na sgoilearan againn. Welcome to our school&#8217;s website.\u00a0 Here&#8217;s a video about our school made by our pupils.<\/p>\n","protected":false},"author":83325,"featured_media":0,"parent":0,"menu_order":0,"comment_status":"closed","ping_status":"closed","template":"","meta":{"footnotes":""},"class_list":["post-62","page","type-page","status-publish","hentry"],"_links":{"self":[{"href":"https:\/\/blogs.glowscotland.org.uk\/glowblogs\/bunsgoilgac\/wp-json\/wp\/v2\/pages\/62","targetHints":{"allow":["GET"]}}],"collection":[{"href":"https:\/\/blogs.glowscotland.org.uk\/glowblogs\/bunsgoilgac\/wp-json\/wp\/v2\/pages"}],"about":[{"href":"https:\/\/blogs.glowscotland.org.uk\/glowblogs\/bunsgoilgac\/wp-json\/wp\/v2\/types\/page"}],"author":[{"embeddable":true,"href":"https:\/\/blogs.glowscotland.org.uk\/glowblogs\/bunsgoilgac\/wp-json\/wp\/v2\/users\/83325"}],"replies":[{"embeddable":true,"href":"https:\/\/blogs.glowscotland.org.uk\/glowblogs\/bunsgoilgac\/wp-json\/wp\/v2\/comments?post=62"}],"version-history":[{"count":15,"href":"https:\/\/blogs.glowscotland.org.uk\/glowblogs\/bunsgoilgac\/wp-json\/wp\/v2\/pages\/62\/revisions"}],"predecessor-version":[{"id":327,"href":"https:\/\/blogs.glowscotland.org.uk\/glowblogs\/bunsgoilgac\/wp-json\/wp\/v2\/pages\/62\/revisions\/327"}],"wp:attachment":[{"href":"https:\/\/blogs.glowscotland.org.uk\/glowblogs\/bunsgoilgac\/wp-json\/wp\/v2\/media?parent=62"}],"curies":[{"name":"wp","href":"https:\/\/api.w.org\/{rel}","templated":true}]}}