{"id":322,"date":"2024-03-02T21:03:48","date_gmt":"2024-03-02T21:03:48","guid":{"rendered":"https:\/\/blogs.glowscotland.org.uk\/glowblogs\/bunsgoilgac\/?page_id=322"},"modified":"2025-11-05T10:36:39","modified_gmt":"2025-11-05T10:36:39","slug":"failte","status":"publish","type":"page","link":"https:\/\/blogs.glowscotland.org.uk\/glowblogs\/bunsgoilgac\/blog\/failte\/","title":{"rendered":"F\u00e0ilte bhon Cheannard | Headteacher&#8217;s Welcome"},"content":{"rendered":"<h2><strong>F\u00e0ilte bhon Cheannard | <\/strong>Headteacher&#8217;s Welcome<\/h2>\n<p><strong><img loading=\"lazy\" decoding=\"async\" class=\"wp-image-303 alignleft\" src=\"https:\/\/blogs.glowscotland.org.uk\/glowblogs\/public\/bunsgoilgac\/uploads\/sites\/10484\/2024\/02\/14220403\/Untitled.png\" alt=\"\" width=\"291\" height=\"267\" srcset=\"https:\/\/blogs.glowscotland.org.uk\/glowblogs\/public\/bunsgoilgac\/uploads\/sites\/10484\/2024\/02\/14220403\/Untitled.png 564w, https:\/\/blogs.glowscotland.org.uk\/glowblogs\/public\/bunsgoilgac\/uploads\/sites\/10484\/2024\/02\/14220403\/Untitled-300x274.png 300w\" sizes=\"auto, (max-width: 291px) 100vw, 291px\" \/><span style=\"color: #a704c4\">Is mise Alison Richardson agus \u2019s<\/span><\/strong><span style=\"color: #a704c4\"> <strong>mi Ceannard Bhun-sgoil Gh\u00e0idhlig a&#8217; Challtainn, am bun-sgoil Gh\u00e0idhlig son sg\u00ecre-sgoile an ear thuath ann an Glaschu.\u00a0 B<span class=\"OYPEnA text-decoration-none text-strikethrough-none\">u mhath leam f\u00e0ilte chridheil a chuir oirbh dhan l\u00e0rach-l\u0129n againn far am faigh sibh tuilleadh fiosrachaidh mun sgoil againn.<\/span><\/strong><\/span><\/p>\n<p><em><span style=\"color: #a704c4\">Mar sgoil, <span class=\"OYPEnA text-decoration-none text-strikethrough-none\">tha sinn am miann gum bi na sgoilearan againn toilichte, s\u00e0bhailte agus soirbheachail.<\/span> <span class=\"OYPEnA text-decoration-none text-strikethrough-none\">Tha sinn dealasach mu bhith ag obair ann an com-p\u00e0irteachas ris na teaghlaichean againn gus an d\u00e8an sinn cinnteach gun leasaich na sgoilearan againn &#8211; an d\u00e0 chuid \u2013 na sgilean acadeimigeach agus pearsanta is s\u00f2isealta aca.<\/span><\/span><\/em><\/p>\n<p><em><span style=\"color: #a704c4\">Bidh an luchd-obrach againn ag obair ann an dl\u00f9th chom-p\u00e0irteachas leis na sgoilearan, p\u00e0rantan, teaghlaichean agus an coimhearsnachd sgoile againn gus an ruig sinn an \u00ecre as \u00e0irde de ch\u00f9ram \u2019s de dh\u2019fhoghlam son na sgoilearan againn.<\/span><\/em><\/p>\n<p><strong><span style=\"color: #000000\"><em><span class=\"OYPEnA text-decoration-none text-strikethrough-none\">A warm welcome to our school website where you will find a range of information about our school.\u00a0 My name is Alison Richardson and I am the Headteacher of Bun-sgoil Gh\u00e0idhlig a&#8217; Challtainn &#8211; the G\u00e0idhlig catchment school for the north east of Glasgow.\u00a0\u00a0<\/span><\/em><\/span><\/strong><\/p>\n<p><span style=\"color: #000000\"><em><span class=\"OYPEnA text-decoration-none text-strikethrough-none\">As a school we have high aspirations for all our pupils and are committed to working in partnership with parents and families to support our pupils&#8217; academic and personal and social development journeys.\u00a0<\/span><\/em><\/span><\/p>\n<p><span style=\"color: #000000\"><em>Our shared school values \u2013 D\u00eccheall (Perseverance\/Ambition), Urram (Respect), Coibhneas (Kindness), Cruthachalachd (Creativity\/Curiosity) and Onar (Honesty\/Trust) are very important to us. \u00a0They represent the core beliefs and ideals that we share and direct our behaviour and relationships at <span class=\"OYPEnA text-decoration-none text-strikethrough-none\">Bun-sgoil Gh\u00e0idhlig a&#8217; Challtainn.<\/span><\/em><\/span><\/p>\n<p><span style=\"color: #000000\"><em>Staff work in close partnership with our children, parents, partners, local community and businesses to ensure we provide the best possible care and education for pupils.<\/em><\/span><\/p>\n<p><span style=\"color: #000000\"><em>I hope that this website gives you an insight into our school ethos and shows you some of the great learning going on at our school<\/em><\/span><\/p>\n<p><span style=\"color: #000000\"><em>Please contact the school directly if you require any further information.<\/em><\/span><\/p>\n<p><em><span style=\"color: #000000\">C\u00f2mhla tro chom-p\u00e0irteachas, Yours in partnership,<\/span><\/em><\/p>\n<p>Mrs Richardson<\/p>\n","protected":false},"excerpt":{"rendered":"<p>F\u00e0ilte bhon Cheannard | Headteacher&#8217;s Welcome Is mise Alison Richardson agus \u2019s mi Ceannard Bhun-sgoil Gh\u00e0idhlig a&#8217; Challtainn, am bun-sgoil Gh\u00e0idhlig son sg\u00ecre-sgoile an ear thuath ann an Glaschu.\u00a0 Bu mhath leam f\u00e0ilte chridheil a chuir oirbh dhan l\u00e0rach-l\u0129n againn far am faigh sibh tuilleadh fiosrachaidh mun sgoil againn. Mar sgoil, tha sinn am miann &hellip; <\/p>\n<p class=\"link-more\"><a href=\"https:\/\/blogs.glowscotland.org.uk\/glowblogs\/bunsgoilgac\/blog\/failte\/\" class=\"more-link\">Continue reading<span class=\"screen-reader-text\"> &#8220;F\u00e0ilte bhon Cheannard | Headteacher&#8217;s Welcome&#8221;<\/span><\/a><\/p>\n","protected":false},"author":83325,"featured_media":0,"parent":64,"menu_order":1,"comment_status":"closed","ping_status":"closed","template":"","meta":{"footnotes":""},"class_list":["post-322","page","type-page","status-publish","hentry"],"_links":{"self":[{"href":"https:\/\/blogs.glowscotland.org.uk\/glowblogs\/bunsgoilgac\/wp-json\/wp\/v2\/pages\/322","targetHints":{"allow":["GET"]}}],"collection":[{"href":"https:\/\/blogs.glowscotland.org.uk\/glowblogs\/bunsgoilgac\/wp-json\/wp\/v2\/pages"}],"about":[{"href":"https:\/\/blogs.glowscotland.org.uk\/glowblogs\/bunsgoilgac\/wp-json\/wp\/v2\/types\/page"}],"author":[{"embeddable":true,"href":"https:\/\/blogs.glowscotland.org.uk\/glowblogs\/bunsgoilgac\/wp-json\/wp\/v2\/users\/83325"}],"replies":[{"embeddable":true,"href":"https:\/\/blogs.glowscotland.org.uk\/glowblogs\/bunsgoilgac\/wp-json\/wp\/v2\/comments?post=322"}],"version-history":[{"count":14,"href":"https:\/\/blogs.glowscotland.org.uk\/glowblogs\/bunsgoilgac\/wp-json\/wp\/v2\/pages\/322\/revisions"}],"predecessor-version":[{"id":509,"href":"https:\/\/blogs.glowscotland.org.uk\/glowblogs\/bunsgoilgac\/wp-json\/wp\/v2\/pages\/322\/revisions\/509"}],"up":[{"embeddable":true,"href":"https:\/\/blogs.glowscotland.org.uk\/glowblogs\/bunsgoilgac\/wp-json\/wp\/v2\/pages\/64"}],"wp:attachment":[{"href":"https:\/\/blogs.glowscotland.org.uk\/glowblogs\/bunsgoilgac\/wp-json\/wp\/v2\/media?parent=322"}],"curies":[{"name":"wp","href":"https:\/\/api.w.org\/{rel}","templated":true}]}}