{"id":107,"date":"2023-12-01T14:34:27","date_gmt":"2023-12-01T14:34:27","guid":{"rendered":"https:\/\/blogs.glowscotland.org.uk\/glowblogs\/bunsgoilgac\/?page_id=107"},"modified":"2025-11-05T11:08:04","modified_gmt":"2025-11-05T11:08:04","slug":"enrol","status":"publish","type":"page","link":"https:\/\/blogs.glowscotland.org.uk\/glowblogs\/bunsgoilgac\/enrol\/","title":{"rendered":"Cl\u00e0rachadh | Enrolment"},"content":{"rendered":"<h2 class=\"cvGsUA direction-ltr align-justify para-style-body\"><span class=\"OYPEnA text-decoration-none text-strikethrough-none\"><strong>Cl\u00e0rachadh<\/strong> | Enrolment<\/span><\/h2>\n<h2 class=\"cvGsUA direction-ltr align-justify para-style-body\"><img loading=\"lazy\" decoding=\"async\" class=\"alignnone size-full wp-image-291\" src=\"https:\/\/blogs.glowscotland.org.uk\/glowblogs\/public\/bunsgoilgac\/uploads\/sites\/10484\/2024\/02\/14215104\/IMG_4214.jpg\" alt=\"\" width=\"1260\" height=\"945\" srcset=\"https:\/\/blogs.glowscotland.org.uk\/glowblogs\/public\/bunsgoilgac\/uploads\/sites\/10484\/2024\/02\/14215104\/IMG_4214.jpg 1260w, https:\/\/blogs.glowscotland.org.uk\/glowblogs\/public\/bunsgoilgac\/uploads\/sites\/10484\/2024\/02\/14215104\/IMG_4214-300x225.jpg 300w, https:\/\/blogs.glowscotland.org.uk\/glowblogs\/public\/bunsgoilgac\/uploads\/sites\/10484\/2024\/02\/14215104\/IMG_4214-1024x768.jpg 1024w, https:\/\/blogs.glowscotland.org.uk\/glowblogs\/public\/bunsgoilgac\/uploads\/sites\/10484\/2024\/02\/14215104\/IMG_4214-768x576.jpg 768w\" sizes=\"auto, (max-width: 767px) 89vw, (max-width: 1000px) 54vw, (max-width: 1071px) 543px, 580px\" \/><\/h2>\n<p class=\"cvGsUA direction-ltr align-justify para-style-body\"><strong><span class=\"OYPEnA text-decoration-none text-strikethrough-none\">Bidh cl\u00e0rachadh son sgoilearan Clas 1 a&#8217; tachairt gach bliadhna san t-Samhain.\u00a0 San D\u00e0mhair gach bliadhna, bidh sinn a&#8217; cumail l\u00e0 fiosrachaidh son p\u00e0rantan a tha an d\u00f9il an cuid chloinne a chuir dhan sgoil far am faigh iad a-mach tuilleadh fiosrachaidh mu dheidhinn Bun-sgoil Gh\u00e0idhlig a&#8217; Challtainn, Foghlam tron Gh\u00e0idhlig agus na cothroman an s\u00e0s.<\/span><\/strong><\/p>\n<p class=\"cvGsUA direction-ltr align-justify para-style-body\"><span style=\"color: #2c1665\"><em><span class=\"OYPEnA text-decoration-none text-strikethrough-none\">Registration of Primary 1 children takes place in November and is advertised widely in local press etc.\u00a0 \u00a0<\/span><span class=\"OYPEnA text-decoration-none text-strikethrough-none\">In October we host an \u2018Open Day\u2019 for Prospective Parents, to provide information about the school, Gaelic Medium Education and the opportunities on offer at Bun-sgoil Gh\u00e0idhlig a\u2019 Challtainn.<\/span><\/em><\/span><\/p>\n<p class=\"cvGsUA direction-ltr align-justify para-style-body\"><span class=\"OYPEnA text-decoration-none text-strikethrough-none\">Families living outwith the catchment area can make a placing request to attend Bunsgoil Gh\u00e0idhlig a&#8217; Challtainn but must enrol their child online in their own catchment school as a first step. Further information is available at <\/span><a class=\"OYPEnA text-decoration-underline text-strikethrough-none\" href=\"https:\/\/www.glasgow.gov.uk\/P1Enrolment\" target=\"_blank\" rel=\"noopener\">https:\/\/www.glasgow.gov.uk\/P1Enrolment<\/a><\/p>\n<p><a href=\"https:\/\/www.canva.com\/design\/DAG2UZOwjEc\/iffzxPz-KjkfU-vNGG0fTw\/view?utm_content=DAG2UZOwjEc&amp;utm_campaign=designshare&amp;utm_medium=link2&amp;utm_source=uniquelinks&amp;utlId=hfcef205576\">Presentation for Prospective Parents &#8211; October 2025<\/a><\/p>\n<p class=\"cvGsUA direction-ltr align-justify para-style-body\">Our Enrolment guide for prospective parents can be found <a href=\"https:\/\/www.canva.com\/design\/DAGL4oox9TE\/F1H6rBlNQljoA0XO1bc2fw\/view?utm_content=DAGL4oox9TE&amp;utm_campaign=designshare&amp;utm_medium=link&amp;utm_source=editor\">here<\/a>.<br \/>\n<!--more--><\/p>\n<p class=\"cvGsUA direction-ltr align-justify para-style-body\"><span class=\"OYPEnA text-decoration-none text-strikethrough-none\">We work in partnership with other GME schools and nurseries in the Gaelic learning community and have developed a structured induction programme for all children coming to P1 in August 2025 who are currently in a Gaelic Medium Early Years establishment. <\/span><\/p>\n<p class=\"cvGsUA direction-ltr align-justify para-style-body\"><span class=\"OYPEnA text-decoration-none text-strikethrough-none\">This transition programme starts at the end of term 3\/ start of term 4 and incorporates events and activities to support the children, parents and staff from the nurseries and Primary 1. Once we have the information on children who do not attend a Gaelic nursery, staff liaise with the various nurseries they attend. Close liaison between pre-school establishments and Bun-sgoil Gh\u00e0idhlig a\u2019 Challtainn ensures a positive successful start to the children\u2019s primary school careers.<\/span><\/p>\n<p class=\"cvGsUA direction-ltr align-justify para-style-body\"><span class=\"OYPEnA text-decoration-none text-strikethrough-none\">In June we look forward to welcoming all our new P1 pupils for two Stay and Play sessions (usually 1 morning and 1 afternoon) and an Induction Morning, when they will meet a class teacher and spend time in a P1 classroom. <\/span><\/p>\n<p class=\"cvGsUA direction-ltr align-justify para-style-body\"><span class=\"OYPEnA text-decoration-none text-strikethrough-none\">Parents are also invited on these days to join us for a coffee, hear about the things their child will be doing during their first year at school and find out more about the wider school community.<\/span><\/p>\n","protected":false},"excerpt":{"rendered":"<p>Cl\u00e0rachadh | Enrolment Bidh cl\u00e0rachadh son sgoilearan Clas 1 a&#8217; tachairt gach bliadhna san t-Samhain.\u00a0 San D\u00e0mhair gach bliadhna, bidh sinn a&#8217; cumail l\u00e0 fiosrachaidh son p\u00e0rantan a tha an d\u00f9il an cuid chloinne a chuir dhan sgoil far am faigh iad a-mach tuilleadh fiosrachaidh mu dheidhinn Bun-sgoil Gh\u00e0idhlig a&#8217; Challtainn, Foghlam tron Gh\u00e0idhlig agus &hellip; <\/p>\n<p class=\"link-more\"><a href=\"https:\/\/blogs.glowscotland.org.uk\/glowblogs\/bunsgoilgac\/enrol\/\" class=\"more-link\">Continue reading<span class=\"screen-reader-text\"> &#8220;Cl\u00e0rachadh | Enrolment&#8221;<\/span><\/a><\/p>\n","protected":false},"author":83325,"featured_media":0,"parent":0,"menu_order":0,"comment_status":"closed","ping_status":"closed","template":"","meta":{"footnotes":""},"class_list":["post-107","page","type-page","status-publish","hentry"],"_links":{"self":[{"href":"https:\/\/blogs.glowscotland.org.uk\/glowblogs\/bunsgoilgac\/wp-json\/wp\/v2\/pages\/107","targetHints":{"allow":["GET"]}}],"collection":[{"href":"https:\/\/blogs.glowscotland.org.uk\/glowblogs\/bunsgoilgac\/wp-json\/wp\/v2\/pages"}],"about":[{"href":"https:\/\/blogs.glowscotland.org.uk\/glowblogs\/bunsgoilgac\/wp-json\/wp\/v2\/types\/page"}],"author":[{"embeddable":true,"href":"https:\/\/blogs.glowscotland.org.uk\/glowblogs\/bunsgoilgac\/wp-json\/wp\/v2\/users\/83325"}],"replies":[{"embeddable":true,"href":"https:\/\/blogs.glowscotland.org.uk\/glowblogs\/bunsgoilgac\/wp-json\/wp\/v2\/comments?post=107"}],"version-history":[{"count":17,"href":"https:\/\/blogs.glowscotland.org.uk\/glowblogs\/bunsgoilgac\/wp-json\/wp\/v2\/pages\/107\/revisions"}],"predecessor-version":[{"id":527,"href":"https:\/\/blogs.glowscotland.org.uk\/glowblogs\/bunsgoilgac\/wp-json\/wp\/v2\/pages\/107\/revisions\/527"}],"wp:attachment":[{"href":"https:\/\/blogs.glowscotland.org.uk\/glowblogs\/bunsgoilgac\/wp-json\/wp\/v2\/media?parent=107"}],"curies":[{"name":"wp","href":"https:\/\/api.w.org\/{rel}","templated":true}]}}