{"id":105,"date":"2023-12-01T14:34:04","date_gmt":"2023-12-01T14:34:04","guid":{"rendered":"https:\/\/blogs.glowscotland.org.uk\/glowblogs\/bunsgoilgac\/?page_id=105"},"modified":"2025-11-05T10:57:39","modified_gmt":"2025-11-05T10:57:39","slug":"qa","status":"publish","type":"page","link":"https:\/\/blogs.glowscotland.org.uk\/glowblogs\/bunsgoilgac\/qa\/","title":{"rendered":"Dearbhadh C\u00e0ileachd | Quality Assurance"},"content":{"rendered":"<h2><strong>Dearbhadh C\u00e0ileachd<\/strong> | <span style=\"color: #2c1665\">Quality Assurance<\/span><\/h2>\n<p>An-seo gheibh sibh fiosrachadh mun phlana-leasachaidh sgoile <a href=\"https:\/\/www.canva.com\/design\/DAGu7ex1EGE\/l1CNjH4Id_6SECJNVOk3oQ\/edit?utm_content=DAGu7ex1EGE&amp;utm_campaign=designshare&amp;utm_medium=link2&amp;utm_source=sharebutton\">againn<\/a>.\u00a0 Gach bliadhna, th\u00e8id na pr\u00ecomhachasan leasachaidh againn a dhearbhachadh an d\u00e8idh c\u00f2mhradh le luchd-\u00f9idhe na sgoile.<\/p>\n<p><span style=\"color: #6b0e8c\"><em>Our priorities for improvement are detailed in our <a href=\"https:\/\/www.canva.com\/design\/DAGu7ex1EGE\/l1CNjH4Id_6SECJNVOk3oQ\/edit?utm_content=DAGu7ex1EGE&amp;utm_campaign=designshare&amp;utm_medium=link2&amp;utm_source=sharebutton\">School Improvement Plan (SIP)<\/a> which is finalised each year after discussion with our stakeholders.<\/em><\/span><\/p>\n<p>Gach bliadhna san t-Sultain, gheibh sibh leth-bhreac den Aithisg Bhun-thomhasan agus C\u00e0ileachd againn a bhios a&#8217; cur cudrom air raointean curraicealair a leithid L\u00ectearrachd, \u00c0ireamhachd agus Sl\u00e0inte is Sunnd.<\/p>\n<p><span style=\"color: #6b0e8c\"><em>On an annual basis, in September you will receive a copy of our Standards and Quality Report which highlights progress in key curricular areas such as literacy, numeracy and health &amp; wellbeing.\u00a0<\/em><\/span><\/p>\n<ul>\n<li class=\"cvGsUA direction-ltr align-center para-style-body\"><a href=\"https:\/\/www.canva.com\/design\/DAG0uaSqtJo\/AFUL2RB4Mxyfp3JRT4cItA\/edit?utm_content=DAG0uaSqtJo&amp;utm_campaign=designshare&amp;utm_medium=link2&amp;utm_source=sharebutton\"><span class=\"a_GcMg font-feature-liga-off font-feature-clig-off font-feature-calt-off text-decoration-none text-strikethrough-none\">Aithris Mhathais is \u00c0rd-ch\u00e0ileachd (<\/span><span class=\"a_GcMg font-feature-liga-off font-feature-clig-off font-feature-calt-off text-decoration-none text-strikethrough-none\">Standards and Quality Report)<\/span><span class=\"a_GcMg font-feature-liga-off font-feature-clig-off font-feature-calt-off text-decoration-none text-strikethrough-none\">: 2024-25<\/span><\/a><\/li>\n<li>\n<p class=\"cvGsUA direction-ltr align-center para-style-body\"><a href=\"https:\/\/www.canva.com\/design\/DAGL41zTNE0\/lvg7dKISWUXqeJE4ytTbAQ\/edit?utm_content=DAGL41zTNE0&amp;utm_campaign=designshare&amp;utm_medium=link2&amp;utm_source=sharebutton\"><span class=\"a_GcMg font-feature-liga-off font-feature-clig-off font-feature-calt-off text-decoration-none text-strikethrough-none\">Aithris Mhathais is \u00c0rd-ch\u00e0ileachd (<\/span><span class=\"a_GcMg font-feature-liga-off font-feature-clig-off font-feature-calt-off text-decoration-none text-strikethrough-none\">Standards and Quality Report): 2023-24<\/span><\/a><\/p>\n<\/li>\n<\/ul>\n<p>&nbsp;<\/p>\n","protected":false},"excerpt":{"rendered":"<p>Dearbhadh C\u00e0ileachd | Quality Assurance An-seo gheibh sibh fiosrachadh mun phlana-leasachaidh sgoile againn.\u00a0 Gach bliadhna, th\u00e8id na pr\u00ecomhachasan leasachaidh againn a dhearbhachadh an d\u00e8idh c\u00f2mhradh le luchd-\u00f9idhe na sgoile. Our priorities for improvement are detailed in our School Improvement Plan (SIP) which is finalised each year after discussion with our stakeholders. Gach bliadhna san t-Sultain, &hellip; <\/p>\n<p class=\"link-more\"><a href=\"https:\/\/blogs.glowscotland.org.uk\/glowblogs\/bunsgoilgac\/qa\/\" class=\"more-link\">Continue reading<span class=\"screen-reader-text\"> &#8220;Dearbhadh C\u00e0ileachd | Quality Assurance&#8221;<\/span><\/a><\/p>\n","protected":false},"author":83325,"featured_media":0,"parent":0,"menu_order":0,"comment_status":"closed","ping_status":"closed","template":"","meta":{"footnotes":""},"class_list":["post-105","page","type-page","status-publish","hentry"],"_links":{"self":[{"href":"https:\/\/blogs.glowscotland.org.uk\/glowblogs\/bunsgoilgac\/wp-json\/wp\/v2\/pages\/105","targetHints":{"allow":["GET"]}}],"collection":[{"href":"https:\/\/blogs.glowscotland.org.uk\/glowblogs\/bunsgoilgac\/wp-json\/wp\/v2\/pages"}],"about":[{"href":"https:\/\/blogs.glowscotland.org.uk\/glowblogs\/bunsgoilgac\/wp-json\/wp\/v2\/types\/page"}],"author":[{"embeddable":true,"href":"https:\/\/blogs.glowscotland.org.uk\/glowblogs\/bunsgoilgac\/wp-json\/wp\/v2\/users\/83325"}],"replies":[{"embeddable":true,"href":"https:\/\/blogs.glowscotland.org.uk\/glowblogs\/bunsgoilgac\/wp-json\/wp\/v2\/comments?post=105"}],"version-history":[{"count":10,"href":"https:\/\/blogs.glowscotland.org.uk\/glowblogs\/bunsgoilgac\/wp-json\/wp\/v2\/pages\/105\/revisions"}],"predecessor-version":[{"id":521,"href":"https:\/\/blogs.glowscotland.org.uk\/glowblogs\/bunsgoilgac\/wp-json\/wp\/v2\/pages\/105\/revisions\/521"}],"wp:attachment":[{"href":"https:\/\/blogs.glowscotland.org.uk\/glowblogs\/bunsgoilgac\/wp-json\/wp\/v2\/media?parent=105"}],"curies":[{"name":"wp","href":"https:\/\/api.w.org\/{rel}","templated":true}]}}