{"id":103,"date":"2023-12-01T14:33:39","date_gmt":"2023-12-01T14:33:39","guid":{"rendered":"https:\/\/blogs.glowscotland.org.uk\/glowblogs\/bunsgoilgac\/?page_id=103"},"modified":"2025-11-05T11:05:13","modified_gmt":"2025-11-05T11:05:13","slug":"comhairle-nam-parant-parent-council","status":"publish","type":"page","link":"https:\/\/blogs.glowscotland.org.uk\/glowblogs\/bunsgoilgac\/comhairle-nam-parant-parent-council\/","title":{"rendered":"C\u00f2mhairle nam P\u00e0rant | Parent Council"},"content":{"rendered":"<h2 class=\"cvGsUA direction-ltr align-start para-style-body\"><span class=\"OYPEnA text-decoration-none text-strikethrough-none\"><strong>C\u00f2mhairle nam P\u00e0rant<\/strong> | Parent Council<\/span><\/h2>\n<p><img loading=\"lazy\" decoding=\"async\" class=\"alignnone wp-image-269\" src=\"https:\/\/blogs.glowscotland.org.uk\/glowblogs\/public\/bunsgoilgac\/uploads\/sites\/10484\/2023\/12\/02093940\/thumbnail_IMG_1912.jpg\" alt=\"\" width=\"506\" height=\"379\" srcset=\"https:\/\/blogs.glowscotland.org.uk\/glowblogs\/public\/bunsgoilgac\/uploads\/sites\/10484\/2023\/12\/02093940\/thumbnail_IMG_1912.jpg 1260w, https:\/\/blogs.glowscotland.org.uk\/glowblogs\/public\/bunsgoilgac\/uploads\/sites\/10484\/2023\/12\/02093940\/thumbnail_IMG_1912-300x225.jpg 300w, https:\/\/blogs.glowscotland.org.uk\/glowblogs\/public\/bunsgoilgac\/uploads\/sites\/10484\/2023\/12\/02093940\/thumbnail_IMG_1912-1024x768.jpg 1024w, https:\/\/blogs.glowscotland.org.uk\/glowblogs\/public\/bunsgoilgac\/uploads\/sites\/10484\/2023\/12\/02093940\/thumbnail_IMG_1912-768x576.jpg 768w\" sizes=\"auto, (max-width: 506px) 100vw, 506px\" \/><\/p>\n<p class=\"cvGsUA direction-ltr align-start para-style-body\"><strong><span class=\"OYPEnA text-decoration-none text-strikethrough-none\">Tha C\u00f2mhairle nam P\u00e0rant l\u00e0idir againn a bhios a&#8217; riochdachadh coimhearsnachd nam p\u00e0rantan againn.\u00a0 Tha f\u00e0ilte air p\u00e0rantan sam bith na coinneamhan a fhr\u00ecthealadh.\u00a0 Gheibh sibh leth-bhreac de mionaidean bho choinneamhan bhon oifis.<\/span><\/strong><\/p>\n<p class=\"cvGsUA direction-ltr align-start para-style-body\"><span style=\"color: #2c1665\"><em><span class=\"OYPEnA text-decoration-none text-strikethrough-none\">We have an active Parent Council that represents the views of all parents. All parents are welcome to attend Parent Council meetings and can become members at the AGM in September. Parent Council minutes are available on request from the school office.<\/span><\/em><\/span><\/p>\n<p class=\"cvGsUA direction-ltr align-start para-style-body\"><span class=\"OYPEnA text-decoration-none text-strikethrough-none\">Our school works very hard to include parents in the life of the school and we encourage them to participate in many different activities and events.<\/span><\/p>\n<p class=\"cvGsUA direction-ltr align-start para-style-body\"><span class=\"OYPEnA text-decoration-none text-strikethrough-none\">Our current Parent Council Post Holders are:<\/span><\/p>\n<ul>\n<li style=\"list-style-type: none\">\n<ul>\n<li style=\"list-style-type: none\">\n<ul>\n<li class=\"cvGsUA direction-ltr align-start para-style-body\"><span class=\"OYPEnA text-decoration-none text-strikethrough-none\">Chairperson &#8211; Lee Taylor-Harris<\/span><\/li>\n<li class=\"cvGsUA direction-ltr align-start para-style-body\"><span class=\"OYPEnA text-decoration-none text-strikethrough-none\">Vice Chair &#8211; Sarah Minty<\/span><\/li>\n<li class=\"cvGsUA direction-ltr align-start para-style-body\"><span class=\"OYPEnA text-decoration-none text-strikethrough-none\">Treasurer &#8211; Kirsty Lamb. <\/span><\/li>\n<li class=\"cvGsUA direction-ltr align-start para-style-body\"><span class=\"OYPEnA text-decoration-none text-strikethrough-none\">Secretary &#8211; James Walker<\/span><\/li>\n<\/ul>\n<\/li>\n<\/ul>\n<\/li>\n<\/ul>\n<p><span class=\"OYPEnA text-decoration-none text-strikethrough-none\">Contact can be made with Bun-sgoil Gh\u00e0idhlig a\u2019 Challtainn\u2019s Parent Council via their email address: <\/span><a class=\"OYPEnA text-decoration-underline text-strikethrough-none\" href=\"mailto:negaelic@gmail.com\" target=\"_blank\" rel=\"noopener\">negaelic@gmail.com<\/a><\/p>\n","protected":false},"excerpt":{"rendered":"<p>C\u00f2mhairle nam P\u00e0rant | Parent Council Tha C\u00f2mhairle nam P\u00e0rant l\u00e0idir againn a bhios a&#8217; riochdachadh coimhearsnachd nam p\u00e0rantan againn.\u00a0 Tha f\u00e0ilte air p\u00e0rantan sam bith na coinneamhan a fhr\u00ecthealadh.\u00a0 Gheibh sibh leth-bhreac de mionaidean bho choinneamhan bhon oifis. We have an active Parent Council that represents the views of all parents. All parents are &hellip; <\/p>\n<p class=\"link-more\"><a href=\"https:\/\/blogs.glowscotland.org.uk\/glowblogs\/bunsgoilgac\/comhairle-nam-parant-parent-council\/\" class=\"more-link\">Continue reading<span class=\"screen-reader-text\"> &#8220;C\u00f2mhairle nam P\u00e0rant | Parent Council&#8221;<\/span><\/a><\/p>\n","protected":false},"author":83325,"featured_media":0,"parent":0,"menu_order":0,"comment_status":"closed","ping_status":"closed","template":"","meta":{"footnotes":""},"class_list":["post-103","page","type-page","status-publish","hentry"],"_links":{"self":[{"href":"https:\/\/blogs.glowscotland.org.uk\/glowblogs\/bunsgoilgac\/wp-json\/wp\/v2\/pages\/103","targetHints":{"allow":["GET"]}}],"collection":[{"href":"https:\/\/blogs.glowscotland.org.uk\/glowblogs\/bunsgoilgac\/wp-json\/wp\/v2\/pages"}],"about":[{"href":"https:\/\/blogs.glowscotland.org.uk\/glowblogs\/bunsgoilgac\/wp-json\/wp\/v2\/types\/page"}],"author":[{"embeddable":true,"href":"https:\/\/blogs.glowscotland.org.uk\/glowblogs\/bunsgoilgac\/wp-json\/wp\/v2\/users\/83325"}],"replies":[{"embeddable":true,"href":"https:\/\/blogs.glowscotland.org.uk\/glowblogs\/bunsgoilgac\/wp-json\/wp\/v2\/comments?post=103"}],"version-history":[{"count":11,"href":"https:\/\/blogs.glowscotland.org.uk\/glowblogs\/bunsgoilgac\/wp-json\/wp\/v2\/pages\/103\/revisions"}],"predecessor-version":[{"id":526,"href":"https:\/\/blogs.glowscotland.org.uk\/glowblogs\/bunsgoilgac\/wp-json\/wp\/v2\/pages\/103\/revisions\/526"}],"wp:attachment":[{"href":"https:\/\/blogs.glowscotland.org.uk\/glowblogs\/bunsgoilgac\/wp-json\/wp\/v2\/media?parent=103"}],"curies":[{"name":"wp","href":"https:\/\/api.w.org\/{rel}","templated":true}]}}