{"id":101,"date":"2023-12-01T14:30:36","date_gmt":"2023-12-01T14:30:36","guid":{"rendered":"https:\/\/blogs.glowscotland.org.uk\/glowblogs\/bunsgoilgac\/?page_id=101"},"modified":"2025-04-16T18:32:45","modified_gmt":"2025-04-16T17:32:45","slug":"poileasaidhean-policies-2","status":"publish","type":"page","link":"https:\/\/blogs.glowscotland.org.uk\/glowblogs\/bunsgoilgac\/poileasaidhean-policies-2\/","title":{"rendered":"Poileasaidhean | Policies"},"content":{"rendered":"<h2><strong>School Policies<\/strong><\/h2>\n<p>This page contains useful information about our school policies. These policies set our standards,\u00a0expectations and procedures for learning and teaching, safety, behaviour and relationships.<\/p>\n<p>We have a policy review cycle in school which means that polices are reviewed and amended at regular intervals. (Please note, this new website is in the development stage and further content will be added in due course.)<\/p>\n<p>If further information is required please contact the Head Teacher or Principal Teacher.<\/p>\n<h3><strong>S\u00e0bhailteas agus C\u00f9ram Chloinne | Safeguarding\u00a0<\/strong><\/h3>\n<ul>\n<li style=\"list-style-type: none\">\n<ul>\n<li style=\"list-style-type: none\">\n<ul>\n<li style=\"list-style-type: none\">\n<ul>\n<li><a href=\"https:\/\/www.canva.com\/design\/DAGL5AiX-RI\/e-9M7CrdKHughFQ623WBHg\/view?utm_content=DAGL5AiX-RI&amp;utm_campaign=designshare&amp;utm_medium=link&amp;utm_source=editor\">Poileasaidh D\u00econ Chloinne | <strong>Child Protection Policy<\/strong><\/a><\/li>\n<li><a href=\"https:\/\/www.canva.com\/design\/DAGL2Fh_Fro\/mt6QuKi4BLOWJn8Y6rS1hg\/view?utm_content=DAGL2Fh_Fro&amp;utm_campaign=designshare&amp;utm_medium=link&amp;utm_source=editor\">F\u00f2naichean L\u00e0imhe | <strong>Mobile Phones Policy<\/strong><\/a><\/li>\n<li><a href=\"https:\/\/www.canva.com\/design\/DAGL2d1Elk8\/7eTNyFAaQjyG0iPZeCImSQ\/view?utm_content=DAGL2d1Elk8&amp;utm_campaign=designshare&amp;utm_medium=link&amp;utm_source=editor\">Aithris Neo-l\u00e0thaireachd | <strong>Absence Reporting Procedures<\/strong><\/a><\/li>\n<li><a href=\"https:\/\/www.canva.com\/design\/DAGL2d2M6rg\/ajMznkGBOUOe2_n_VZnTPg\/view?utm_content=DAGL2d2M6rg&amp;utm_campaign=designshare&amp;utm_medium=link&amp;utm_source=editor\">C\u00f9ram agus S\u00e0bhailteas Chloinne | <strong>Child Welfare and Safety<\/strong><\/a><\/li>\n<li><a href=\"https:\/\/www.canva.com\/design\/DAGhDXGzYtg\/PyVdaGl_L_NBAIwpqZrFzg\/view?utm_content=DAGhDXGzYtg&amp;utm_campaign=designshare&amp;utm_medium=link2&amp;utm_source=uniquelinks&amp;utlId=hffa79bb386\">Poileasaidh an Aghaidh Burraidheachd |\u00a0<strong>Anti-Bullying Draft Policy<\/strong><\/a><\/li>\n<li><a href=\"https:\/\/www.canva.com\/design\/DAGbRI9RHhU\/gjCy8XTcdM3pgeB-WKB20Q\/view?utm_content=DAGbRI9RHhU&amp;utm_campaign=designshare&amp;utm_medium=link2&amp;utm_source=uniquelinks&amp;utlId=h4319566842\">C\u00f2d Gi\u00f9lain C\u00f2mhdhail gu Dachaigh | <strong>Home to School Transport Code of Conduct<\/strong><\/a><\/li>\n<\/ul>\n<\/li>\n<\/ul>\n<\/li>\n<\/ul>\n<\/li>\n<\/ul>\n<ul>\n<li style=\"list-style-type: none\">\n<ul>\n<li style=\"list-style-type: none\"><\/li>\n<\/ul>\n<\/li>\n<\/ul>\n<h3><strong>Coimhearsnachd | Community<\/strong><\/h3>\n<ul>\n<li style=\"list-style-type: none\">\n<ul>\n<li style=\"list-style-type: none\">\n<ul>\n<li><a href=\"https:\/\/www.canva.com\/design\/DAGL41zTNE0\/8jglY-2VG3kbHACxQvL0Fw\/view?utm_content=DAGL41zTNE0&amp;utm_campaign=designshare&amp;utm_medium=link&amp;utm_source=editor\">Aithris Mhatheis is \u00c0rd-ch\u00e0ileachd <\/a><a href=\"https:\/\/www.canva.com\/design\/DAGL41zTNE0\/8jglY-2VG3kbHACxQvL0Fw\/view?utm_content=DAGL41zTNE0&amp;utm_campaign=designshare&amp;utm_medium=link&amp;utm_source=editor\">| <strong>Standards and Quality Report 2023-24<\/strong><\/a><\/li>\n<li><a href=\"https:\/\/www.canva.com\/design\/DAGL9k5h1B0\/SYwxo-JWjonjYLrsxbqS9Q\/edit?utm_content=DAGL9k5h1B0&amp;utm_campaign=designshare&amp;utm_medium=link2&amp;utm_source=sharebutton\">Leabhran Sgoile | <strong>School Handbook 2024-25<\/strong><\/a><\/li>\n<li><a href=\"https:\/\/www.canva.com\/design\/DAGNAOrdHhw\/oNtluCPdKNqvlX3TObKVSg\/edit?utm_content=DAGNAOrdHhw&amp;utm_campaign=designshare&amp;utm_medium=link2&amp;utm_source=sharebutton\">Poileasaidh Daimhean | <strong>Relationships Policy Draft<\/strong><\/a><\/li>\n<li><a href=\"https:\/\/www.canva.com\/design\/DAGL2nr48_w\/VQrpzwKyPdsOrbkPOYyyug\/view?utm_content=DAGL2nr48_w&amp;utm_campaign=designshare&amp;utm_medium=link&amp;utm_source=editor\">Eagrachadh Chlasaichean | <strong>Classification guide for parent\/carers<\/strong><\/a><\/li>\n<li><a href=\"https:\/\/www.canva.com\/design\/DAGL4oox9TE\/F1H6rBlNQljoA0XO1bc2fw\/view?utm_content=DAGL4oox9TE&amp;utm_campaign=designshare&amp;utm_medium=link&amp;utm_source=editor\">Cl\u00e0rachadh | <strong>Enrolment<\/strong><\/a><\/li>\n<li><a href=\"https:\/\/www.canva.com\/design\/DAGL2-NosVA\/jotccQS-8SxZ5j1haybqCQ\/view?utm_content=DAGL2-NosVA&amp;utm_campaign=designshare&amp;utm_medium=link&amp;utm_source=editor\">Poileasaidh \u00c8ideadh-sgoile | <strong>School Uniform Policy<\/strong><\/a><\/li>\n<li><a href=\"https:\/\/blogs.glowscotland.org.uk\/glowblogs\/bunsgoilgac\/ar-luachan-leirsinn-our-values-and-vision\/\">Luachan agus L\u00e8irsinn sgoile | <\/a><strong><a href=\"https:\/\/blogs.glowscotland.org.uk\/glowblogs\/bunsgoilgac\/ar-luachan-leirsinn-our-values-and-vision\/\">Vision and Values<\/a><\/strong><\/li>\n<\/ul>\n<\/li>\n<\/ul>\n<\/li>\n<\/ul>\n<ul>\n<li style=\"list-style-type: none\"><\/li>\n<\/ul>\n<p>&nbsp;<\/p>\n<p><em><strong>Please note that our <a href=\"https:\/\/www.canva.com\/design\/DAGL9k5h1B0\/SYwxo-JWjonjYLrsxbqS9Q\/edit?utm_content=DAGL9k5h1B0&amp;utm_campaign=designshare&amp;utm_medium=link2&amp;utm_source=sharebutton\">School Handbook<\/a> also contains statements on a wide range of school practice.<\/strong><\/em><\/p>\n","protected":false},"excerpt":{"rendered":"<p>School Policies This page contains useful information about our school policies. These policies set our standards,\u00a0expectations and procedures for learning and teaching, safety, behaviour and relationships. We have a policy review cycle in school which means that polices are reviewed and amended at regular intervals. (Please note, this new website is in the development stage &hellip; <\/p>\n<p class=\"link-more\"><a href=\"https:\/\/blogs.glowscotland.org.uk\/glowblogs\/bunsgoilgac\/poileasaidhean-policies-2\/\" class=\"more-link\">Continue reading<span class=\"screen-reader-text\"> &#8220;Poileasaidhean | Policies&#8221;<\/span><\/a><\/p>\n","protected":false},"author":83325,"featured_media":0,"parent":0,"menu_order":0,"comment_status":"closed","ping_status":"closed","template":"","meta":{"footnotes":""},"class_list":["post-101","page","type-page","status-publish","hentry"],"_links":{"self":[{"href":"https:\/\/blogs.glowscotland.org.uk\/glowblogs\/bunsgoilgac\/wp-json\/wp\/v2\/pages\/101","targetHints":{"allow":["GET"]}}],"collection":[{"href":"https:\/\/blogs.glowscotland.org.uk\/glowblogs\/bunsgoilgac\/wp-json\/wp\/v2\/pages"}],"about":[{"href":"https:\/\/blogs.glowscotland.org.uk\/glowblogs\/bunsgoilgac\/wp-json\/wp\/v2\/types\/page"}],"author":[{"embeddable":true,"href":"https:\/\/blogs.glowscotland.org.uk\/glowblogs\/bunsgoilgac\/wp-json\/wp\/v2\/users\/83325"}],"replies":[{"embeddable":true,"href":"https:\/\/blogs.glowscotland.org.uk\/glowblogs\/bunsgoilgac\/wp-json\/wp\/v2\/comments?post=101"}],"version-history":[{"count":17,"href":"https:\/\/blogs.glowscotland.org.uk\/glowblogs\/bunsgoilgac\/wp-json\/wp\/v2\/pages\/101\/revisions"}],"predecessor-version":[{"id":495,"href":"https:\/\/blogs.glowscotland.org.uk\/glowblogs\/bunsgoilgac\/wp-json\/wp\/v2\/pages\/101\/revisions\/495"}],"wp:attachment":[{"href":"https:\/\/blogs.glowscotland.org.uk\/glowblogs\/bunsgoilgac\/wp-json\/wp\/v2\/media?parent=101"}],"curies":[{"name":"wp","href":"https:\/\/api.w.org\/{rel}","templated":true}]}}