{"id":9,"date":"2020-10-23T09:43:13","date_gmt":"2020-10-23T08:43:13","guid":{"rendered":"https:\/\/blogs.glowscotland.org.uk\/gc\/govangaelicprimaryschool\/?page_id=9"},"modified":"2025-03-24T13:12:58","modified_gmt":"2025-03-24T13:12:58","slug":"home","status":"publish","type":"page","link":"https:\/\/blogs.glowscotland.org.uk\/gc\/govangaelicprimaryschool\/","title":{"rendered":"Dachaigh \/ Home"},"content":{"rendered":"<p><img loading=\"lazy\" decoding=\"async\" class=\"wp-image-243 aligncenter\" src=\"https:\/\/blogs.glowscotland.org.uk\/gc\/public\/govangaelicprimaryschool\/uploads\/sites\/11282\/2021\/10\/03161047\/Colour-School-Logo-300x243.png\" alt=\"\" width=\"179\" height=\"145\" srcset=\"https:\/\/blogs.glowscotland.org.uk\/gc\/public\/govangaelicprimaryschool\/uploads\/sites\/11282\/2021\/10\/03161047\/Colour-School-Logo-300x243.png 300w, https:\/\/blogs.glowscotland.org.uk\/gc\/public\/govangaelicprimaryschool\/uploads\/sites\/11282\/2021\/10\/03161047\/Colour-School-Logo-1024x830.png 1024w, https:\/\/blogs.glowscotland.org.uk\/gc\/public\/govangaelicprimaryschool\/uploads\/sites\/11282\/2021\/10\/03161047\/Colour-School-Logo-768x622.png 768w, https:\/\/blogs.glowscotland.org.uk\/gc\/public\/govangaelicprimaryschool\/uploads\/sites\/11282\/2021\/10\/03161047\/Colour-School-Logo-624x506.png 624w, https:\/\/blogs.glowscotland.org.uk\/gc\/public\/govangaelicprimaryschool\/uploads\/sites\/11282\/2021\/10\/03161047\/Colour-School-Logo.png 1260w\" sizes=\"auto, (max-width: 179px) 100vw, 179px\" \/><\/p>\n<p style=\"text-align: center\"><img loading=\"lazy\" decoding=\"async\" class=\"alignnone size-medium wp-image-492\" src=\"https:\/\/blogs.glowscotland.org.uk\/gc\/public\/govangaelicprimaryschool\/uploads\/sites\/11282\/2025\/03\/24130136\/School-Satellite-image-300x143.png\" alt=\"\" width=\"300\" height=\"143\" srcset=\"https:\/\/blogs.glowscotland.org.uk\/gc\/public\/govangaelicprimaryschool\/uploads\/sites\/11282\/2025\/03\/24130136\/School-Satellite-image-300x143.png 300w, https:\/\/blogs.glowscotland.org.uk\/gc\/public\/govangaelicprimaryschool\/uploads\/sites\/11282\/2025\/03\/24130136\/School-Satellite-image-1024x487.png 1024w, https:\/\/blogs.glowscotland.org.uk\/gc\/public\/govangaelicprimaryschool\/uploads\/sites\/11282\/2025\/03\/24130136\/School-Satellite-image-768x365.png 768w, https:\/\/blogs.glowscotland.org.uk\/gc\/public\/govangaelicprimaryschool\/uploads\/sites\/11282\/2025\/03\/24130136\/School-Satellite-image-624x297.png 624w, https:\/\/blogs.glowscotland.org.uk\/gc\/public\/govangaelicprimaryschool\/uploads\/sites\/11282\/2025\/03\/24130136\/School-Satellite-image.png 1199w\" sizes=\"auto, (max-width: 300px) 100vw, 300px\" \/><\/p>\n<p style=\"text-align: center\">F\u00e0ilte gu Bun-sgoil Gh\u00e0idhlig Bhaile a&#8217; Ghobhainn. \u00a0Tha sinn an d\u00f2chas gum bi an l\u00e0rach-l\u00ecn seo a&#8217; toirt dhuibh fiosrachadh agus dealbh air d\u00e8 tha a&#8217; tachairt san sgoil againn.<\/p>\n<p style=\"text-align: center\">Welcome to Govan Gaelic Primary School&#8217;s website. We hope that you will find it informative and give you an idea of what happens in our school.<\/p>\n","protected":false},"excerpt":{"rendered":"<p>F\u00e0ilte gu Bun-sgoil Gh\u00e0idhlig Bhaile a&#8217; Ghobhainn. \u00a0Tha sinn an d\u00f2chas gum bi an l\u00e0rach-l\u00ecn seo a&#8217; toirt dhuibh fiosrachadh agus dealbh air d\u00e8 tha a&#8217; tachairt san sgoil againn. Welcome to Govan Gaelic Primary School&#8217;s website. We hope that you will find it informative and give you an idea of what happens in our &hellip; <a href=\"https:\/\/blogs.glowscotland.org.uk\/gc\/govangaelicprimaryschool\/\" class=\"more-link\">Continue reading <span class=\"screen-reader-text\">Dachaigh \/ Home<\/span> <span class=\"meta-nav\">&rarr;<\/span><\/a><\/p>\n","protected":false},"author":21925,"featured_media":0,"parent":0,"menu_order":0,"comment_status":"closed","ping_status":"closed","template":"","meta":{"footnotes":""},"class_list":["post-9","page","type-page","status-publish","hentry"],"_links":{"self":[{"href":"https:\/\/blogs.glowscotland.org.uk\/gc\/govangaelicprimaryschool\/wp-json\/wp\/v2\/pages\/9","targetHints":{"allow":["GET"]}}],"collection":[{"href":"https:\/\/blogs.glowscotland.org.uk\/gc\/govangaelicprimaryschool\/wp-json\/wp\/v2\/pages"}],"about":[{"href":"https:\/\/blogs.glowscotland.org.uk\/gc\/govangaelicprimaryschool\/wp-json\/wp\/v2\/types\/page"}],"author":[{"embeddable":true,"href":"https:\/\/blogs.glowscotland.org.uk\/gc\/govangaelicprimaryschool\/wp-json\/wp\/v2\/users\/21925"}],"replies":[{"embeddable":true,"href":"https:\/\/blogs.glowscotland.org.uk\/gc\/govangaelicprimaryschool\/wp-json\/wp\/v2\/comments?post=9"}],"version-history":[{"count":13,"href":"https:\/\/blogs.glowscotland.org.uk\/gc\/govangaelicprimaryschool\/wp-json\/wp\/v2\/pages\/9\/revisions"}],"predecessor-version":[{"id":498,"href":"https:\/\/blogs.glowscotland.org.uk\/gc\/govangaelicprimaryschool\/wp-json\/wp\/v2\/pages\/9\/revisions\/498"}],"wp:attachment":[{"href":"https:\/\/blogs.glowscotland.org.uk\/gc\/govangaelicprimaryschool\/wp-json\/wp\/v2\/media?parent=9"}],"curies":[{"name":"wp","href":"https:\/\/api.w.org\/{rel}","templated":true}]}}