{"id":50,"date":"2020-10-23T10:02:56","date_gmt":"2020-10-23T09:02:56","guid":{"rendered":"https:\/\/blogs.glowscotland.org.uk\/gc\/govangaelicprimaryschool\/?page_id=50"},"modified":"2023-10-09T14:37:33","modified_gmt":"2023-10-09T13:37:33","slug":"afterschool-club","status":"publish","type":"page","link":"https:\/\/blogs.glowscotland.org.uk\/gc\/govangaelicprimaryschool\/parent-zone\/afterschool-club\/","title":{"rendered":"After-school Club"},"content":{"rendered":"<p>The after-school club is run by \u00d2ganan, a Gaelic organisation, from the school premises.<\/p>\n<p>They also run holiday clubs during the Summer holidays, October holidays and Easter holidays.<\/p>\n<p>Please see the website for more details:<\/p>\n<blockquote class=\"wp-embedded-content\" data-secret=\"BJRLZhiouJ\"><p><a href=\"https:\/\/www.oganan.com\/\">\u00d2ganan \u2013\u00a0C\u00f9ram do Chloinn | Taic do Ph\u00e0rantan<\/a><\/p><\/blockquote>\n<p><iframe loading=\"lazy\" class=\"wp-embedded-content\" sandbox=\"allow-scripts\" security=\"restricted\" style=\"position: absolute; visibility: hidden;\" title=\"&#8220;\u00d2ganan \u2013\u00a0C\u00f9ram do Chloinn | Taic do Ph\u00e0rantan&#8221; &#8212; \u00d2ganan\" src=\"https:\/\/www.oganan.com\/embed#?secret=BJRLZhiouJ\" data-secret=\"BJRLZhiouJ\" width=\"600\" height=\"338\" frameborder=\"0\" marginwidth=\"0\" marginheight=\"0\" scrolling=\"no\"><\/iframe><\/p>\n","protected":false},"excerpt":{"rendered":"<p>The after-school club is run by \u00d2ganan, a Gaelic organisation, from the school premises. They also run holiday clubs during the Summer holidays, October holidays and Easter holidays. Please see the website for more details:<\/p>\n","protected":false},"author":21925,"featured_media":0,"parent":17,"menu_order":4,"comment_status":"closed","ping_status":"closed","template":"","meta":{"footnotes":""},"class_list":["post-50","page","type-page","status-publish","hentry"],"_links":{"self":[{"href":"https:\/\/blogs.glowscotland.org.uk\/gc\/govangaelicprimaryschool\/wp-json\/wp\/v2\/pages\/50","targetHints":{"allow":["GET"]}}],"collection":[{"href":"https:\/\/blogs.glowscotland.org.uk\/gc\/govangaelicprimaryschool\/wp-json\/wp\/v2\/pages"}],"about":[{"href":"https:\/\/blogs.glowscotland.org.uk\/gc\/govangaelicprimaryschool\/wp-json\/wp\/v2\/types\/page"}],"author":[{"embeddable":true,"href":"https:\/\/blogs.glowscotland.org.uk\/gc\/govangaelicprimaryschool\/wp-json\/wp\/v2\/users\/21925"}],"replies":[{"embeddable":true,"href":"https:\/\/blogs.glowscotland.org.uk\/gc\/govangaelicprimaryschool\/wp-json\/wp\/v2\/comments?post=50"}],"version-history":[{"count":8,"href":"https:\/\/blogs.glowscotland.org.uk\/gc\/govangaelicprimaryschool\/wp-json\/wp\/v2\/pages\/50\/revisions"}],"predecessor-version":[{"id":345,"href":"https:\/\/blogs.glowscotland.org.uk\/gc\/govangaelicprimaryschool\/wp-json\/wp\/v2\/pages\/50\/revisions\/345"}],"up":[{"embeddable":true,"href":"https:\/\/blogs.glowscotland.org.uk\/gc\/govangaelicprimaryschool\/wp-json\/wp\/v2\/pages\/17"}],"wp:attachment":[{"href":"https:\/\/blogs.glowscotland.org.uk\/gc\/govangaelicprimaryschool\/wp-json\/wp\/v2\/media?parent=50"}],"curies":[{"name":"wp","href":"https:\/\/api.w.org\/{rel}","templated":true}]}}