{"id":7,"date":"2025-07-10T13:10:34","date_gmt":"2025-07-10T12:10:34","guid":{"rendered":"https:\/\/blogs.glowscotland.org.uk\/gc\/glasgowgaelicprimaryschool\/?page_id=7"},"modified":"2025-11-16T19:28:06","modified_gmt":"2025-11-16T19:28:06","slug":"ar-sgoil-our-school","status":"publish","type":"page","link":"https:\/\/blogs.glowscotland.org.uk\/gc\/glasgowgaelicprimaryschool\/ar-sgoil-our-school\/","title":{"rendered":"Ar Sgoil | Our School"},"content":{"rendered":"<h2 class=\"home-welcome-g\" style=\"text-align: left\"><strong>Bun-Sgoil &amp; Sgoil-\u00e0raich Gh\u00e0idhlig Ghlaschu<\/strong><\/h2>\n<p>&nbsp;<\/p>\n<p><strong>San sgoil againn, tha sinn a\u2019 str\u00ec ri taic a thoirt do na sgoilearan againn gu bhith soirbheachail anns an ionnsachadh aca, a bhith earbsach, a bhith a\u2019 gabhail uallach airson na coimhearsnachd agus a bhith comasach air conaltradh anns an t-saoghal mh\u00f2r agus san t-saoghal obrach.<\/strong><\/p>\n<p><strong>Tha c\u00e0nan is cultar na G\u00e0idhlig aig cridhe na sgoile agus tha seo gar ceangal gu dl\u00f9th mar choimhearsnachd. Tha sinn airson \u2019s gum bi na sgoilearan, p\u00e0rantan agus an luchd-obrach cho moiteil \u00e0s a\u2019 ch\u00e0nan seo agus gun obraich sinn c\u00f2mhla airson gach cothrom a ghlacadh agus a leasachadh ann an iomadh d\u00f2igh.<\/strong><\/p>\n<p><strong>Tha sinn an d\u00f2chas gun gabh gach p\u00e0rant na cothroman a thig agus com-p\u00e0irteach ann an Sgoil Gh\u00e0idhlig Ghlaschu, agus gum fairich iad sona, s\u00e0bhailte agus pr\u00f2iseil dhen sgoil thar nam bliadhnaichean ri teachd.<\/strong><\/p>\n<p><strong>C\u00e0nan. Cultar. Cothrom.<\/strong><\/p>\n<p>&nbsp;<\/p>\n<h2 class=\"home-welcome-g\" style=\"text-align: left\">Glasgow Gaelic Primary School and Nursery<\/h2>\n<p>In Glasgow Gaelic Primary School and Nursery we strive to support our pupils to become successful learners, confident individuals, responsible citizens and effective contributors to society and eventually the world of work.<\/p>\n<p>At the very heart of our school is the Gaelic language which binds us as a community. We would like all pupils, parents and school staff to be so proud of the language and to work together to ensure it continues to develop in many different ways.<\/p>\n<p>We do hope that every child and parent will contribute to the life of our school over the next coming years and will feel happy, safe and proud of Bun-sgoil Gh\u00e0idhlig Ghlaschu.<\/p>\n<p><strong>Languages. Cultures. Opportunities.<\/strong><\/p>\n","protected":false},"excerpt":{"rendered":"<p>Bun-Sgoil &amp; Sgoil-\u00e0raich Gh\u00e0idhlig Ghlaschu &nbsp; San sgoil againn, tha sinn a\u2019 str\u00ec ri taic a thoirt do na sgoilearan againn gu bhith soirbheachail anns an ionnsachadh aca, a bhith earbsach, a bhith a\u2019 gabhail uallach airson na coimhearsnachd agus a bhith comasach air conaltradh anns an t-saoghal mh\u00f2r agus san t-saoghal obrach. Tha c\u00e0nan &hellip; <\/p>\n<p class=\"link-more\"><a href=\"https:\/\/blogs.glowscotland.org.uk\/gc\/glasgowgaelicprimaryschool\/ar-sgoil-our-school\/\" class=\"more-link\">Continue reading<span class=\"screen-reader-text\"> &#8220;Ar Sgoil | Our School&#8221;<\/span><\/a><\/p>\n","protected":false},"author":10160,"featured_media":0,"parent":0,"menu_order":1,"comment_status":"closed","ping_status":"closed","template":"","meta":{"footnotes":""},"class_list":["post-7","page","type-page","status-publish","hentry"],"_links":{"self":[{"href":"https:\/\/blogs.glowscotland.org.uk\/gc\/glasgowgaelicprimaryschool\/wp-json\/wp\/v2\/pages\/7","targetHints":{"allow":["GET"]}}],"collection":[{"href":"https:\/\/blogs.glowscotland.org.uk\/gc\/glasgowgaelicprimaryschool\/wp-json\/wp\/v2\/pages"}],"about":[{"href":"https:\/\/blogs.glowscotland.org.uk\/gc\/glasgowgaelicprimaryschool\/wp-json\/wp\/v2\/types\/page"}],"author":[{"embeddable":true,"href":"https:\/\/blogs.glowscotland.org.uk\/gc\/glasgowgaelicprimaryschool\/wp-json\/wp\/v2\/users\/10160"}],"replies":[{"embeddable":true,"href":"https:\/\/blogs.glowscotland.org.uk\/gc\/glasgowgaelicprimaryschool\/wp-json\/wp\/v2\/comments?post=7"}],"version-history":[{"count":6,"href":"https:\/\/blogs.glowscotland.org.uk\/gc\/glasgowgaelicprimaryschool\/wp-json\/wp\/v2\/pages\/7\/revisions"}],"predecessor-version":[{"id":126,"href":"https:\/\/blogs.glowscotland.org.uk\/gc\/glasgowgaelicprimaryschool\/wp-json\/wp\/v2\/pages\/7\/revisions\/126"}],"wp:attachment":[{"href":"https:\/\/blogs.glowscotland.org.uk\/gc\/glasgowgaelicprimaryschool\/wp-json\/wp\/v2\/media?parent=7"}],"curies":[{"name":"wp","href":"https:\/\/api.w.org\/{rel}","templated":true}]}}