{"id":4,"date":"2025-07-10T13:14:00","date_gmt":"2025-07-10T12:14:00","guid":{"rendered":"https:\/\/blogs.glowscotland.org.uk\/gc\/glasgowgaelicprimaryschool\/?page_id=4"},"modified":"2026-02-24T16:53:16","modified_gmt":"2026-02-24T16:53:16","slug":"failte-welcome","status":"publish","type":"page","link":"https:\/\/blogs.glowscotland.org.uk\/gc\/glasgowgaelicprimaryschool\/","title":{"rendered":"F\u00e0ilte bhon Cheannard | Head Teacher&#8217;s Welcome"},"content":{"rendered":"<div class=\"wp-block-image\">\n<figure class=\"alignleft size-full is-resized\"><img loading=\"lazy\" decoding=\"async\" width=\"381\" height=\"440\" src=\"https:\/\/blogs.glowscotland.org.uk\/gc\/public\/glasgowgaelicprimaryschool\/uploads\/sites\/11884\/2026\/02\/24164829\/Nellie.jpg\" alt=\"\" class=\"wp-image-280\" style=\"width:133px;height:auto\" srcset=\"https:\/\/blogs.glowscotland.org.uk\/gc\/public\/glasgowgaelicprimaryschool\/uploads\/sites\/11884\/2026\/02\/24164829\/Nellie.jpg 381w, https:\/\/blogs.glowscotland.org.uk\/gc\/public\/glasgowgaelicprimaryschool\/uploads\/sites\/11884\/2026\/02\/24164829\/Nellie-260x300.jpg 260w\" sizes=\"auto, (max-width: 381px) 100vw, 381px\" \/><\/figure><\/div>\n\n\n<div class=\"wp-block-group\"><div class=\"wp-block-group__inner-container is-layout-constrained wp-block-group-is-layout-constrained\">\n<p><strong>Bu mhath leam f\u00e0ilte chridheil, bhl\u00e0th a chuir oirbh gu l\u00e0rach-l\u0129n \u00f9r Bun-sgoil Gh\u00e0idhlig Ghlaschu.&nbsp; &nbsp;Tha mi an d\u00f2chas gun lorg sibh am fiosrachadh&nbsp; mu ar coimhearsnachd-sgoile feumail agus cuideachail.<\/strong><\/p>\n\n\n\n<p><strong>Mar sgoil,&nbsp;tha sinn am miann gum bi na sgoilearan againn toilichte, s\u00e0bhailte agus soirbheachail.&nbsp;Tha sinn dealasach mu bhith ag obair ann an com-p\u00e0irteachas ris na teaghlaichean againn gus an d\u00e8an sinn cinnteach gun leasaich na sgoilearan againn \u2013 an d\u00e0 chuid \u2013 na sgilean acadeimigeach agus pearsanta is s\u00f2isealta aca.<\/strong><\/p>\n\n\n\n<p><strong>Tha ar luachan, urram, coibhneas, uallach agus d\u00eccheall air leth cudromach dhuinn.&nbsp; Tha iad a\u2019 riochdachadh na creideamhan a tha sinn a\u2019 roinn, agus a tha a\u2019 sti\u00f9ireadh ar gi\u00f9lan agus ar c\u00e0irdeas ann am Bun-sgoil Gh\u00e0idhlig Ghlaschu<\/strong>.<\/p>\n<\/div><\/div>\n\n\n\n<p><em>On behalf of the children, staff and parents\/carers of Glasgow Gaelic Primary School I extend a very warm welcome to our new website.<\/em><\/p>\n\n\n\n<p><em>I invite you to explore this website and hope that you find it to be a useful source of information about our school community.<\/em><\/p>\n\n\n\n<p><em>As a school we have high aspirations for all our pupils and are committed to working in partnership with parents and families to support our pupils\u2019 academic and personal and social development journeys.&nbsp;<\/em><\/p>\n\n\n\n<p><em>Our shared school values of respect, kindness, responsibility and perseverance are very important to us. &nbsp;They represent the core beliefs and ideals that we share and direct our behaviour and relationships at&nbsp;Bun-sgoil Gh\u00e0idhlig Ghlaschu.<\/em><\/p>\n\n\n\n<p><em>Within our nurturing and thriving community, centred in our Gaelic language and culture, we support all children attain and achieve their potential and be proud ambassors of Gaelic and be empowered to actively and responsibly improve the world around them.<\/em><\/p>\n\n\n\n<p><em>I hope that this website gives you an insight into our school ethos and shows you some of the great learning going on at our school<\/em><\/p>\n\n\n\n<p><em>Please contact the school directly if you require any further information.<\/em><\/p>\n\n\n\n<p><em>C\u00f2mhla tro chom-p\u00e0irteachas, Yours in partnership<\/em><\/p>\n\n\n\n<div class=\"wp-block-group is-vertical is-layout-flex wp-container-core-group-is-layout-8cf370e7 wp-block-group-is-layout-flex\">\n<p><strong>Nellie MacIntyre<\/strong><\/p>\n\n\n\n<p><strong>Ceannard\/Head Teacher<\/strong><\/p>\n<\/div>\n\n\n\n<p>&nbsp;<\/p>\n\n\n\n<p><\/p>\n\n\n\n<p><\/p>\n\n\n\n<p class=\"has-dark-gray-color has-light-gray-background-color has-text-color has-background has-link-color wp-elements-242b30194ff09da7c5a5c1efc6b1ebe7\"><\/p>\n\n\n\n<p><\/p>\n\n\n\n<p><\/p>\n\n\n\n<p><\/p>\n\n\n<div class=\"wp-block-image\">\n<figure class=\"alignleft size-large\"><img loading=\"lazy\" decoding=\"async\" width=\"1024\" height=\"653\" src=\"https:\/\/blogs.glowscotland.org.uk\/gc\/public\/glasgowgaelicprimaryschool\/uploads\/sites\/11884\/2026\/01\/19220339\/IMG_0029-1024x653.jpeg\" alt=\"\" class=\"wp-image-210\" srcset=\"https:\/\/blogs.glowscotland.org.uk\/gc\/public\/glasgowgaelicprimaryschool\/uploads\/sites\/11884\/2026\/01\/19220339\/IMG_0029-1024x653.jpeg 1024w, https:\/\/blogs.glowscotland.org.uk\/gc\/public\/glasgowgaelicprimaryschool\/uploads\/sites\/11884\/2026\/01\/19220339\/IMG_0029-300x191.jpeg 300w, https:\/\/blogs.glowscotland.org.uk\/gc\/public\/glasgowgaelicprimaryschool\/uploads\/sites\/11884\/2026\/01\/19220339\/IMG_0029-768x489.jpeg 768w, https:\/\/blogs.glowscotland.org.uk\/gc\/public\/glasgowgaelicprimaryschool\/uploads\/sites\/11884\/2026\/01\/19220339\/IMG_0029.jpeg 1260w\" sizes=\"auto, (max-width: 767px) 89vw, (max-width: 1000px) 54vw, (max-width: 1071px) 543px, 580px\" \/><\/figure><\/div>","protected":false},"excerpt":{"rendered":"<p>Bu mhath leam f\u00e0ilte chridheil, bhl\u00e0th a chuir oirbh gu l\u00e0rach-l\u0129n \u00f9r Bun-sgoil Gh\u00e0idhlig Ghlaschu.&nbsp; &nbsp;Tha mi an d\u00f2chas gun lorg sibh am fiosrachadh&nbsp; mu ar coimhearsnachd-sgoile feumail agus cuideachail. Mar sgoil,&nbsp;tha sinn am miann gum bi na sgoilearan againn toilichte, s\u00e0bhailte agus soirbheachail.&nbsp;Tha sinn dealasach mu bhith ag obair ann an com-p\u00e0irteachas ris na &hellip; <\/p>\n<p class=\"link-more\"><a href=\"https:\/\/blogs.glowscotland.org.uk\/gc\/glasgowgaelicprimaryschool\/\" class=\"more-link\">Continue reading<span class=\"screen-reader-text\"> &#8220;F\u00e0ilte bhon Cheannard | Head Teacher&#8217;s Welcome&#8221;<\/span><\/a><\/p>\n","protected":false},"author":10160,"featured_media":0,"parent":7,"menu_order":0,"comment_status":"closed","ping_status":"closed","template":"","meta":{"footnotes":""},"class_list":["post-4","page","type-page","status-publish","hentry"],"_links":{"self":[{"href":"https:\/\/blogs.glowscotland.org.uk\/gc\/glasgowgaelicprimaryschool\/wp-json\/wp\/v2\/pages\/4","targetHints":{"allow":["GET"]}}],"collection":[{"href":"https:\/\/blogs.glowscotland.org.uk\/gc\/glasgowgaelicprimaryschool\/wp-json\/wp\/v2\/pages"}],"about":[{"href":"https:\/\/blogs.glowscotland.org.uk\/gc\/glasgowgaelicprimaryschool\/wp-json\/wp\/v2\/types\/page"}],"author":[{"embeddable":true,"href":"https:\/\/blogs.glowscotland.org.uk\/gc\/glasgowgaelicprimaryschool\/wp-json\/wp\/v2\/users\/10160"}],"replies":[{"embeddable":true,"href":"https:\/\/blogs.glowscotland.org.uk\/gc\/glasgowgaelicprimaryschool\/wp-json\/wp\/v2\/comments?post=4"}],"version-history":[{"count":17,"href":"https:\/\/blogs.glowscotland.org.uk\/gc\/glasgowgaelicprimaryschool\/wp-json\/wp\/v2\/pages\/4\/revisions"}],"predecessor-version":[{"id":284,"href":"https:\/\/blogs.glowscotland.org.uk\/gc\/glasgowgaelicprimaryschool\/wp-json\/wp\/v2\/pages\/4\/revisions\/284"}],"up":[{"embeddable":true,"href":"https:\/\/blogs.glowscotland.org.uk\/gc\/glasgowgaelicprimaryschool\/wp-json\/wp\/v2\/pages\/7"}],"wp:attachment":[{"href":"https:\/\/blogs.glowscotland.org.uk\/gc\/glasgowgaelicprimaryschool\/wp-json\/wp\/v2\/media?parent=4"}],"curies":[{"name":"wp","href":"https:\/\/api.w.org\/{rel}","templated":true}]}}