{"id":253,"date":"2026-02-23T21:02:33","date_gmt":"2026-02-23T21:02:33","guid":{"rendered":"https:\/\/blogs.glowscotland.org.uk\/gc\/glasgowgaelicprimaryschool\/?page_id=253"},"modified":"2026-02-24T11:58:09","modified_gmt":"2026-02-24T11:58:09","slug":"ar-leirsinn-luachan-is-amasan-our-vision-values-and-aims-2","status":"publish","type":"page","link":"https:\/\/blogs.glowscotland.org.uk\/gc\/glasgowgaelicprimaryschool\/ar-leirsinn-luachan-is-amasan-our-vision-values-and-aims-2\/","title":{"rendered":"Ar Leirsinn, Luachan is Amasan \/ Our Vision, Values and Aims"},"content":{"rendered":"\n<p><strong>Ar Leirsinn\u00a6<\/strong><em>Our Vision<\/em><\/p>\n\n\n\n<p>Glasgow Gaelic Primary School and Nursery Class is a nurturing and thriving community centred in the Gaelic language and culture.&nbsp; All children attain and achieve their potential, are proud ambassadors of the Gaelic language and are empowered to actively and responsibly improve the world around them.<\/p>\n\n\n\n<p><em>S i coimhearsnachd \u00e0rach, f\u00e0smhor a tha ann am Bun-sgoil agus Sgoil-\u00c0raich Gh\u00e0idhlig Ghlaschu, far a bheil c\u00e0nan agus cultar na G\u00e0idhlig aig cr\u00ecdhe gach c\u00f9is.<\/em><\/p>\n\n\n\n<p><em>Bidh gach sgoilear a\u2019 soirbheachadh agus a\u2019 coileanadh an cuid comas.&nbsp; Tha na sgoilearan againn nan tosgairean moiteil don ch\u00e0nan G\u00e0idhlig agus tha spionnadh annta diofar posataibh, gn\u00ecomhach a thoirt air an t-saoghal timcheall orra.<\/em><\/p>\n\n\n\n<p><strong>Ar Luachan\u00a6<\/strong><em>Our Values<\/em><\/p>\n\n\n\n<p>Our values are very important to us.&nbsp; They represent the core beliefs that we share and guide our behaviour and relationships.<\/p>\n\n\n\n<p><strong><u>Ar n-Amasan\u00a6<\/u><\/strong><em><u>Our Aims<\/u><\/em><\/p>\n\n\n\n<p><em>Tha luachan&nbsp;air leth cudromach dhuinn leis gum bi iad a\u2019 riochdachadh na pr\u00ecomh phrionnsabalan a tha againn agus a\u2019 sti\u00f9ireadh mhodh agus ar d\u00e0imhean.<\/em><\/p>\n\n\n\n<ul class=\"wp-block-list\">\n<li>URRAM\/RESPECT \u2013 Tha moit agus misneachd againn annainn fh\u00e8in.\u00a0 We have pride and confidence in ourselves.\u00a0 We are respectful of the Gaelic language and strive to promote it at all times. \u00a0We show consideration for the feelings, views and rights of others.\u00a0 We value and celebrate our differences and appreciate our similarities.\u00a0 We are well-mannered.\u00a0 We respect nature and the environment.<\/li>\n\n\n\n<li>UALLACH\/RESPONSIBILITY \u2013 Bidh sinn a\u2019 d\u00e8anamh taghaidhean c\u00f9ramach, freagarrach.\u00a0 We make responsible choices.\u00a0 We do what is right, even when others are not looking.\u00a0 We are fair and consistent in our words and actions.\u00a0 We take responsibility in promoting and celebrating our Gaelic language.\u00a0 We identify and challenge inequality.<\/li>\n\n\n\n<li>COIBHNEAS\/KINDNESS \u2013 Tha sinn c\u00f2ir, c\u00e0irdeach agus smaoineachail ris a h-uile duine. We are kind, friendly and compassionate to everyone.\u00a0\u00a0 We go out of our way to help others. We are grateful and do not take things for granted.\u00a0 We are aware of our own needs and show kindness towards ourselves and others.<\/li>\n\n\n\n<li>D\u00ccCHEALL\/DILIGENCE \u2013 Tha sinn adhartail \u2013 bidh sinn ag obair cruaidh agus daonnan a\u2019 d\u00e8anamh ar d\u00eccheall anns gach n\u00ec gus an soirbhich leinn.\u00a0 We are aspirational, work hard and always try our best to achieve.\u00a0 We are resilient and do not give up when faced with challenges and setbacks.\u00a0 We look positively for solutions.<\/li>\n<\/ul>\n\n\n\n<p><em>Tha c\u00e0nan agus cultar na G\u00e0idhlig aig cridhe ar n-amasan, gus d\u00e8anamh cinnteach gu bheil i air a snighe tro gach freumh.<\/em><\/p>\n\n\n\n<p><em>At the forefront of all our aims is Gaelic language and culture to ensure it permeates all aspects.<\/em><\/p>\n\n\n\n<p><strong>Buileachadh agus Soirbheachas<\/strong>\u00a6Attainment and Achievement \u2013 We aim to have the highest expectation of all children and staff and support excellent attainment and achievement for all.<\/p>\n\n\n\n<p><strong>Ceannardas agus Sgioba-sti\u00f9iridh\u00a6<\/strong>Leadership and Management\u2013 We aim to build high-quality leadership across the school community, encouraging reflection and improvement.&nbsp; We will aim to ensure we have a highly-trained staff team and nurture creativity and innovation.&nbsp;&nbsp;&nbsp;&nbsp;&nbsp;&nbsp;&nbsp;&nbsp;&nbsp;&nbsp;&nbsp;&nbsp;&nbsp;&nbsp;&nbsp;&nbsp;&nbsp;&nbsp;&nbsp;&nbsp;&nbsp;&nbsp;&nbsp;&nbsp;&nbsp;&nbsp;&nbsp;&nbsp;&nbsp;&nbsp;&nbsp;&nbsp;&nbsp;&nbsp;&nbsp;&nbsp;&nbsp;&nbsp;&nbsp;&nbsp;&nbsp;&nbsp;&nbsp;&nbsp;&nbsp;&nbsp;&nbsp;&nbsp;<\/p>\n\n\n\n<p><strong>Sl\u00e0inte agus Sunnd<\/strong>\u00a6Health and Wellbeing \u2013 We aim to promote good health and well-being for everyone through our whole school nurturing approaches as well as individualised targeted interventions.&nbsp; Robust safeguarding is a priority for all.<\/p>\n\n\n\n<p><strong>Teagasg agus Ionnsachadh<\/strong>\u00a6Learning and Teaching \u2013 To deliver high-quality Gaelic-medium teaching and learning through a curriculum that supports the acquisition of skills for learning, life and work, including digital literacy.&nbsp;<\/p>\n\n\n\n<p><strong>Teaghlaichean agus Coimhearsnachd<\/strong>\u00a6Families and Communities \u2013 We aim to engage, collaborate and support parents and carers in their children\u2019s learning and school life, and build strong home-school partnerships. We also aim to work collaboratively with our school partners to enhance opportunities for our school community.<\/p>\n\n\n\n<p><\/p>\n","protected":false},"excerpt":{"rendered":"<p>Ar Leirsinn\u00a6Our Vision Glasgow Gaelic Primary School and Nursery Class is a nurturing and thriving community centred in the Gaelic language and culture.&nbsp; All children attain and achieve their potential, are proud ambassadors of the Gaelic language and are empowered to actively and responsibly improve the world around them. S i coimhearsnachd \u00e0rach, f\u00e0smhor a &hellip; <\/p>\n<p class=\"link-more\"><a href=\"https:\/\/blogs.glowscotland.org.uk\/gc\/glasgowgaelicprimaryschool\/ar-leirsinn-luachan-is-amasan-our-vision-values-and-aims-2\/\" class=\"more-link\">Continue reading<span class=\"screen-reader-text\"> &#8220;Ar Leirsinn, Luachan is Amasan \/ Our Vision, Values and Aims&#8221;<\/span><\/a><\/p>\n","protected":false},"author":15185,"featured_media":0,"parent":0,"menu_order":0,"comment_status":"closed","ping_status":"closed","template":"","meta":{"footnotes":""},"class_list":["post-253","page","type-page","status-publish","hentry"],"_links":{"self":[{"href":"https:\/\/blogs.glowscotland.org.uk\/gc\/glasgowgaelicprimaryschool\/wp-json\/wp\/v2\/pages\/253","targetHints":{"allow":["GET"]}}],"collection":[{"href":"https:\/\/blogs.glowscotland.org.uk\/gc\/glasgowgaelicprimaryschool\/wp-json\/wp\/v2\/pages"}],"about":[{"href":"https:\/\/blogs.glowscotland.org.uk\/gc\/glasgowgaelicprimaryschool\/wp-json\/wp\/v2\/types\/page"}],"author":[{"embeddable":true,"href":"https:\/\/blogs.glowscotland.org.uk\/gc\/glasgowgaelicprimaryschool\/wp-json\/wp\/v2\/users\/15185"}],"replies":[{"embeddable":true,"href":"https:\/\/blogs.glowscotland.org.uk\/gc\/glasgowgaelicprimaryschool\/wp-json\/wp\/v2\/comments?post=253"}],"version-history":[{"count":3,"href":"https:\/\/blogs.glowscotland.org.uk\/gc\/glasgowgaelicprimaryschool\/wp-json\/wp\/v2\/pages\/253\/revisions"}],"predecessor-version":[{"id":267,"href":"https:\/\/blogs.glowscotland.org.uk\/gc\/glasgowgaelicprimaryschool\/wp-json\/wp\/v2\/pages\/253\/revisions\/267"}],"wp:attachment":[{"href":"https:\/\/blogs.glowscotland.org.uk\/gc\/glasgowgaelicprimaryschool\/wp-json\/wp\/v2\/media?parent=253"}],"curies":[{"name":"wp","href":"https:\/\/api.w.org\/{rel}","templated":true}]}}