{"id":214,"date":"2026-01-20T20:33:57","date_gmt":"2026-01-20T20:33:57","guid":{"rendered":"https:\/\/blogs.glowscotland.org.uk\/gc\/glasgowgaelicprimaryschool\/?page_id=214"},"modified":"2026-02-23T21:47:23","modified_gmt":"2026-02-23T21:47:23","slug":"rshp-relationship-sexual-health-and-parenthood","status":"publish","type":"page","link":"https:\/\/blogs.glowscotland.org.uk\/gc\/glasgowgaelicprimaryschool\/rshp-relationship-sexual-health-and-parenthood\/","title":{"rendered":"RSHP &#8211; Relationship, Sexual Health and Parenthood"},"content":{"rendered":"\n<figure class=\"wp-block-image size-full\"><img loading=\"lazy\" decoding=\"async\" width=\"218\" height=\"218\" src=\"https:\/\/blogs.glowscotland.org.uk\/gc\/public\/glasgowgaelicprimaryschool\/uploads\/sites\/11884\/2026\/01\/20213525\/IMG_0036.jpeg\" alt=\"\" class=\"wp-image-239\" srcset=\"https:\/\/blogs.glowscotland.org.uk\/gc\/public\/glasgowgaelicprimaryschool\/uploads\/sites\/11884\/2026\/01\/20213525\/IMG_0036.jpeg 218w, https:\/\/blogs.glowscotland.org.uk\/gc\/public\/glasgowgaelicprimaryschool\/uploads\/sites\/11884\/2026\/01\/20213525\/IMG_0036-150x150.jpeg 150w, https:\/\/blogs.glowscotland.org.uk\/gc\/public\/glasgowgaelicprimaryschool\/uploads\/sites\/11884\/2026\/01\/20213525\/IMG_0036-100x100.jpeg 100w\" sizes=\"auto, (max-width: 218px) 100vw, 218px\" \/><\/figure>\n\n\n\n<p class=\"has-text-align-center\"><\/p>\n\n\n\n<div class=\"wp-block-group\"><div class=\"wp-block-group__inner-container is-layout-constrained wp-block-group-is-layout-constrained\">\n<div class=\"wp-block-group\"><div class=\"wp-block-group__inner-container is-layout-constrained wp-block-group-is-layout-constrained\">\n<p>Tha <strong>RSHP<\/strong> na ph\u00e0irt chudromach de ionnsachadh sl\u00e0inte is sunnd san sgoil again.<\/p>\n\n\n\n<p>Bidh <strong>RSHP<\/strong> a\u2019 cuideachadh clan:<\/p>\n\n\n\n<p>-a bhith s\u00e0bhailte agus fallain<\/p>\n\n\n\n<p>&#8211; ionnsachadh mu ch\u00e0irdeas agus sp\u00e8is<\/p>\n\n\n\n<p>&#8211; Bruidhinn mu fhairea,chdainnean ann an d\u00f2igh s\u00e0bhailte<\/p>\n\n\n\n<p>Tha an t-ionnsachadh freagarrach do dh\u2019aois na cloinne agus tha e air a theagasg ann an d\u00f2igh c\u00f9ramach is taiceil.<\/p>\n<\/div><\/div>\n\n\n\n<p><\/p>\n<\/div><\/div>\n\n\n\n<p><strong>RSHP<\/strong> is an important part of Health and Wellbeing learning in our school.c<\/p>\n\n\n\n<p>Through <strong>RSHP,<\/strong> children learn:<\/p>\n\n\n\n<p>&#8211; how to stay safe and healthy<\/p>\n\n\n\n<p>&#8211; about friendships and respect<\/p>\n\n\n\n<p>&#8211; How to talk about feelings All RSHP learning is age-appropriate and is taught and supportive way<\/p>\n","protected":false},"excerpt":{"rendered":"<p>Tha RSHP na ph\u00e0irt chudromach de ionnsachadh sl\u00e0inte is sunnd san sgoil again. Bidh RSHP a\u2019 cuideachadh clan: -a bhith s\u00e0bhailte agus fallain &#8211; ionnsachadh mu ch\u00e0irdeas agus sp\u00e8is &#8211; Bruidhinn mu fhairea,chdainnean ann an d\u00f2igh s\u00e0bhailte Tha an t-ionnsachadh freagarrach do dh\u2019aois na cloinne agus tha e air a theagasg ann an d\u00f2igh c\u00f9ramach &hellip; <\/p>\n<p class=\"link-more\"><a href=\"https:\/\/blogs.glowscotland.org.uk\/gc\/glasgowgaelicprimaryschool\/rshp-relationship-sexual-health-and-parenthood\/\" class=\"more-link\">Continue reading<span class=\"screen-reader-text\"> &#8220;RSHP &#8211; Relationship, Sexual Health and Parenthood&#8221;<\/span><\/a><\/p>\n","protected":false},"author":15185,"featured_media":0,"parent":0,"menu_order":0,"comment_status":"closed","ping_status":"closed","template":"","meta":{"footnotes":""},"class_list":["post-214","page","type-page","status-publish","hentry"],"_links":{"self":[{"href":"https:\/\/blogs.glowscotland.org.uk\/gc\/glasgowgaelicprimaryschool\/wp-json\/wp\/v2\/pages\/214","targetHints":{"allow":["GET"]}}],"collection":[{"href":"https:\/\/blogs.glowscotland.org.uk\/gc\/glasgowgaelicprimaryschool\/wp-json\/wp\/v2\/pages"}],"about":[{"href":"https:\/\/blogs.glowscotland.org.uk\/gc\/glasgowgaelicprimaryschool\/wp-json\/wp\/v2\/types\/page"}],"author":[{"embeddable":true,"href":"https:\/\/blogs.glowscotland.org.uk\/gc\/glasgowgaelicprimaryschool\/wp-json\/wp\/v2\/users\/15185"}],"replies":[{"embeddable":true,"href":"https:\/\/blogs.glowscotland.org.uk\/gc\/glasgowgaelicprimaryschool\/wp-json\/wp\/v2\/comments?post=214"}],"version-history":[{"count":4,"href":"https:\/\/blogs.glowscotland.org.uk\/gc\/glasgowgaelicprimaryschool\/wp-json\/wp\/v2\/pages\/214\/revisions"}],"predecessor-version":[{"id":265,"href":"https:\/\/blogs.glowscotland.org.uk\/gc\/glasgowgaelicprimaryschool\/wp-json\/wp\/v2\/pages\/214\/revisions\/265"}],"wp:attachment":[{"href":"https:\/\/blogs.glowscotland.org.uk\/gc\/glasgowgaelicprimaryschool\/wp-json\/wp\/v2\/media?parent=214"}],"curies":[{"name":"wp","href":"https:\/\/api.w.org\/{rel}","templated":true}]}}