{"id":131,"date":"2025-11-16T19:35:07","date_gmt":"2025-11-16T19:35:07","guid":{"rendered":"https:\/\/blogs.glowscotland.org.uk\/gc\/glasgowgaelicprimaryschool\/?page_id=131"},"modified":"2025-11-16T19:35:07","modified_gmt":"2025-11-16T19:35:07","slug":"laithean-saora-holidays","status":"publish","type":"page","link":"https:\/\/blogs.glowscotland.org.uk\/gc\/glasgowgaelicprimaryschool\/laithean-saora-holidays\/","title":{"rendered":"L\u00e0ithean-saora | Holidays"},"content":{"rendered":"\n<h2 class=\"wp-block-heading\"><strong>School Term Dates 2025-26<\/strong><\/h2>\n\n\n\n<p><\/p>\n\n\n\n<p><strong>An D\u00f9bhlachd | December<\/strong><\/p>\n\n\n\n<ul class=\"wp-block-list\">\n<li>Schools close at 2.30 pm on Friday, 19 December 2025<\/li>\n\n\n\n<li>Monday, 22 December 2025 &#8211; Friday, 2 January 2026 (Christmas holidays)<\/li>\n<\/ul>\n\n\n\n<p><strong>Am Faoilleach | January<\/strong><\/p>\n\n\n\n<ul class=\"wp-block-list\">\n<li>Schools return on Monday, 5 January 2026<\/li>\n<\/ul>\n\n\n\n<p><strong>An Gearran | February<\/strong><\/p>\n\n\n\n<ul class=\"wp-block-list\">\n<li>Monday, 16 February 2026<\/li>\n\n\n\n<li>Tuesday, 17 February 2026<\/li>\n\n\n\n<li>Wednesday, 18 February 2026 (In-service day)<\/li>\n<\/ul>\n\n\n\n<p><strong>An Giblean | April<\/strong><\/p>\n\n\n\n<ul class=\"wp-block-list\">\n<li>Schools close at 2.30 pm on Thursday, 2 April 2026<\/li>\n\n\n\n<li>Monday, 6 April &#8211; Friday, 17 April 2026 (Spring Break)<\/li>\n\n\n\n<li>Schools return on Monday, 20 April 2026<\/li>\n<\/ul>\n\n\n\n<p><strong>An C\u00e8itean | May<\/strong><\/p>\n\n\n\n<ul class=\"wp-block-list\">\n<li>Monday, 4 May 2026 (May Holiday)<\/li>\n\n\n\n<li>Thursday, 7 May 2026 (In-service day to coincide with Scottish Parliamentary election, but may be subject to change)<\/li>\n\n\n\n<li>Friday, 22 May 2026 and Monday, 25 May 2026 (May Weekend)<\/li>\n<\/ul>\n\n\n\n<p><strong>An t-\u00d2gmhios | June<\/strong><\/p>\n\n\n\n<ul class=\"wp-block-list\">\n<li>Schools Close at 1.00 pm on Thursday, 25 June 2026<\/li>\n<\/ul>\n","protected":false},"excerpt":{"rendered":"<p>School Term Dates 2025-26 An D\u00f9bhlachd | December Am Faoilleach | January An Gearran | February An Giblean | April An C\u00e8itean | May An t-\u00d2gmhios | June<\/p>\n","protected":false},"author":5546,"featured_media":0,"parent":0,"menu_order":0,"comment_status":"closed","ping_status":"closed","template":"","meta":{"footnotes":""},"class_list":["post-131","page","type-page","status-publish","hentry"],"_links":{"self":[{"href":"https:\/\/blogs.glowscotland.org.uk\/gc\/glasgowgaelicprimaryschool\/wp-json\/wp\/v2\/pages\/131","targetHints":{"allow":["GET"]}}],"collection":[{"href":"https:\/\/blogs.glowscotland.org.uk\/gc\/glasgowgaelicprimaryschool\/wp-json\/wp\/v2\/pages"}],"about":[{"href":"https:\/\/blogs.glowscotland.org.uk\/gc\/glasgowgaelicprimaryschool\/wp-json\/wp\/v2\/types\/page"}],"author":[{"embeddable":true,"href":"https:\/\/blogs.glowscotland.org.uk\/gc\/glasgowgaelicprimaryschool\/wp-json\/wp\/v2\/users\/5546"}],"replies":[{"embeddable":true,"href":"https:\/\/blogs.glowscotland.org.uk\/gc\/glasgowgaelicprimaryschool\/wp-json\/wp\/v2\/comments?post=131"}],"version-history":[{"count":1,"href":"https:\/\/blogs.glowscotland.org.uk\/gc\/glasgowgaelicprimaryschool\/wp-json\/wp\/v2\/pages\/131\/revisions"}],"predecessor-version":[{"id":132,"href":"https:\/\/blogs.glowscotland.org.uk\/gc\/glasgowgaelicprimaryschool\/wp-json\/wp\/v2\/pages\/131\/revisions\/132"}],"wp:attachment":[{"href":"https:\/\/blogs.glowscotland.org.uk\/gc\/glasgowgaelicprimaryschool\/wp-json\/wp\/v2\/media?parent=131"}],"curies":[{"name":"wp","href":"https:\/\/api.w.org\/{rel}","templated":true}]}}