{"id":264,"date":"2016-01-26T20:08:29","date_gmt":"2016-01-26T20:08:29","guid":{"rendered":"https:\/\/blogs.glowscotland.org.uk\/es\/jmbtestschool\/?page_id=262"},"modified":"2026-03-11T11:19:47","modified_gmt":"2026-03-11T11:19:47","slug":"failtewelcome","status":"publish","type":"page","link":"https:\/\/blogs.glowscotland.org.uk\/es\/sgoildhalabroig\/","title":{"rendered":"F\u00e0ilte | Welcome"},"content":{"rendered":"<div id=\"allContent\">\n<div id=\"shadow\">\n<div id=\"pageContent\">\n<div id=\"container2\">\n<div id=\"container1\">\n<div id=\"col2\">\n<p>F\u00e0ilte gu L\u00e0rach-l\u00ecn Sgoil Dhalabroig<\/p>\n<p>Our website is currently under construction.<\/p>\n<\/div>\n<p>&nbsp;<\/p>\n<\/div>\n<\/div>\n<\/div>\n<\/div>\n<\/div>\n","protected":false},"excerpt":{"rendered":"<p>F\u00e0ilte gu L\u00e0rach-l\u00ecn Sgoil Dhalabroig Our website is currently under construction. &nbsp;<\/p>\n","protected":false},"author":3897,"featured_media":0,"parent":0,"menu_order":0,"comment_status":"closed","ping_status":"closed","template":"","meta":{"footnotes":""},"class_list":["post-264","page","type-page","status-publish","hentry"],"_links":{"self":[{"href":"https:\/\/blogs.glowscotland.org.uk\/es\/sgoildhalabroig\/wp-json\/wp\/v2\/pages\/264","targetHints":{"allow":["GET"]}}],"collection":[{"href":"https:\/\/blogs.glowscotland.org.uk\/es\/sgoildhalabroig\/wp-json\/wp\/v2\/pages"}],"about":[{"href":"https:\/\/blogs.glowscotland.org.uk\/es\/sgoildhalabroig\/wp-json\/wp\/v2\/types\/page"}],"author":[{"embeddable":true,"href":"https:\/\/blogs.glowscotland.org.uk\/es\/sgoildhalabroig\/wp-json\/wp\/v2\/users\/3897"}],"replies":[{"embeddable":true,"href":"https:\/\/blogs.glowscotland.org.uk\/es\/sgoildhalabroig\/wp-json\/wp\/v2\/comments?post=264"}],"version-history":[{"count":11,"href":"https:\/\/blogs.glowscotland.org.uk\/es\/sgoildhalabroig\/wp-json\/wp\/v2\/pages\/264\/revisions"}],"predecessor-version":[{"id":4610,"href":"https:\/\/blogs.glowscotland.org.uk\/es\/sgoildhalabroig\/wp-json\/wp\/v2\/pages\/264\/revisions\/4610"}],"wp:attachment":[{"href":"https:\/\/blogs.glowscotland.org.uk\/es\/sgoildhalabroig\/wp-json\/wp\/v2\/media?parent=264"}],"curies":[{"name":"wp","href":"https:\/\/api.w.org\/{rel}","templated":true}]}}