{"id":1466,"date":"2016-06-01T22:36:43","date_gmt":"2016-06-01T22:36:43","guid":{"rendered":"https:\/\/blogs.glowscotland.org.uk\/es\/sgoildhalabroig\/?page_id=1466"},"modified":"2025-05-26T14:37:15","modified_gmt":"2025-05-26T14:37:15","slug":"comhairle-nam-parant-parent-council","status":"publish","type":"page","link":"https:\/\/blogs.glowscotland.org.uk\/es\/sgoildhalabroig\/comhairle-nam-parant-parent-council\/","title":{"rendered":"Comhairle nam P\u00e0rant | Parent Council"},"content":{"rendered":"<p>C\u00f9m suas ri ciamar a tha Comhairle nam P\u00e0rant a cumail taic ri obair na sgoile.<\/p>\n<p>Keep up to date with how our Parent Council\u00a0 supports the work of the school.<\/p>\n<p>&nbsp;<\/p>\n","protected":false},"excerpt":{"rendered":"<p>C\u00f9m suas ri ciamar a tha Comhairle nam P\u00e0rant a cumail taic ri obair na sgoile. Keep up to date with how our Parent Council\u00a0 supports the work of the school. &nbsp;<\/p>\n","protected":false},"author":1063,"featured_media":0,"parent":0,"menu_order":0,"comment_status":"closed","ping_status":"closed","template":"","meta":{"footnotes":""},"class_list":["post-1466","page","type-page","status-publish","hentry"],"_links":{"self":[{"href":"https:\/\/blogs.glowscotland.org.uk\/es\/sgoildhalabroig\/wp-json\/wp\/v2\/pages\/1466","targetHints":{"allow":["GET"]}}],"collection":[{"href":"https:\/\/blogs.glowscotland.org.uk\/es\/sgoildhalabroig\/wp-json\/wp\/v2\/pages"}],"about":[{"href":"https:\/\/blogs.glowscotland.org.uk\/es\/sgoildhalabroig\/wp-json\/wp\/v2\/types\/page"}],"author":[{"embeddable":true,"href":"https:\/\/blogs.glowscotland.org.uk\/es\/sgoildhalabroig\/wp-json\/wp\/v2\/users\/1063"}],"replies":[{"embeddable":true,"href":"https:\/\/blogs.glowscotland.org.uk\/es\/sgoildhalabroig\/wp-json\/wp\/v2\/comments?post=1466"}],"version-history":[{"count":9,"href":"https:\/\/blogs.glowscotland.org.uk\/es\/sgoildhalabroig\/wp-json\/wp\/v2\/pages\/1466\/revisions"}],"predecessor-version":[{"id":4580,"href":"https:\/\/blogs.glowscotland.org.uk\/es\/sgoildhalabroig\/wp-json\/wp\/v2\/pages\/1466\/revisions\/4580"}],"wp:attachment":[{"href":"https:\/\/blogs.glowscotland.org.uk\/es\/sgoildhalabroig\/wp-json\/wp\/v2\/media?parent=1466"}],"curies":[{"name":"wp","href":"https:\/\/api.w.org\/{rel}","templated":true}]}}