{"id":2,"date":"2016-01-27T12:10:34","date_gmt":"2016-01-27T12:10:34","guid":{"rendered":"https:\/\/blogs.glowscotland.org.uk\/es\/leverhulme\/?page_id=2"},"modified":"2025-12-10T09:46:16","modified_gmt":"2025-12-10T09:46:16","slug":"sample-page","status":"publish","type":"page","link":"https:\/\/blogs.glowscotland.org.uk\/es\/leverhulme\/","title":{"rendered":"F\u00e0ilte agus Ro-R\u00e0dh"},"content":{"rendered":"<p><strong>\u00a0INTRODUCTION &amp; WELCOME<\/strong><\/p>\n<p>F\u00e0ilte gu Sgoil agus Sgoil \u00c0raich an t-\u00d2ib, bun-sgoil far am bheil foghlam tro mheadhan na G\u00e0idhlig.\u00a0 Tha deichnear leanabh againn anns a chlas G\u00e0idhlig, triuir anns a chlas luchd-ionnsachaidh agus ceathrar anns an Sgoil \u00c0raich.\u00a0 Ged a tha na \u00e0ireamhan againn beag tha sinn a deanamh ar d\u00eccheal cothroman sonraichte a thoirt dhan a chlann, is docha nach fhaigheadh iad ann an sgoil nas motha.<\/p>\n<p>Tha p\u00e0rantan gu m\u00f2r nam p\u00e0irt dhan sgoil againn agus tha sinn de\u00f2nach taic a thoirt do pharantan aig \u00e0m sam bith a thaobh foghlam na cloinne.<\/p>\n<p><a href=\"https:\/\/blogs.glowscotland.org.uk\/es\/public\/leverhulme\/uploads\/sites\/3427\/2024\/09\/30111437\/school.png\"><img loading=\"lazy\" decoding=\"async\" data-attachment-id=\"319\" data-permalink=\"https:\/\/blogs.glowscotland.org.uk\/es\/leverhulme\/sample-page\/school\/\" data-orig-file=\"https:\/\/blogs.glowscotland.org.uk\/es\/public\/leverhulme\/uploads\/sites\/3427\/2024\/09\/30111437\/school.png\" data-orig-size=\"242,132\" data-comments-opened=\"1\" data-image-meta=\"{&quot;aperture&quot;:&quot;0&quot;,&quot;credit&quot;:&quot;&quot;,&quot;camera&quot;:&quot;&quot;,&quot;caption&quot;:&quot;&quot;,&quot;created_timestamp&quot;:&quot;0&quot;,&quot;copyright&quot;:&quot;&quot;,&quot;focal_length&quot;:&quot;0&quot;,&quot;iso&quot;:&quot;0&quot;,&quot;shutter_speed&quot;:&quot;0&quot;,&quot;title&quot;:&quot;&quot;,&quot;orientation&quot;:&quot;0&quot;}\" data-image-title=\"school\" data-image-description=\"\" data-image-caption=\"\" data-medium-file=\"https:\/\/blogs.glowscotland.org.uk\/es\/public\/leverhulme\/uploads\/sites\/3427\/2024\/09\/30111437\/school.png\" data-large-file=\"https:\/\/blogs.glowscotland.org.uk\/es\/public\/leverhulme\/uploads\/sites\/3427\/2024\/09\/30111437\/school.png\" class=\"size-full wp-image-319 aligncenter\" src=\"https:\/\/blogs.glowscotland.org.uk\/es\/public\/leverhulme\/uploads\/sites\/3427\/2024\/09\/30111437\/school.png\" alt=\"\" width=\"242\" height=\"132\" \/><\/a><\/p>\n<p>Welcome to Leverhulme Memorial School and Sgoil \u00c0raich, a school which provides education through the medium of Gaelic.\u00a0 We currently have a Gaelic Medium class which has 10 pupils, a Gaelic Learners class which currently has 3 pupils in it and the Sgoil \u00c0raich has 4 pupils.\u00a0 Whilst we are small in number we look to make use of the smaller numbers by giving the pupils a wide variety of experiences, which may not always be possible in larger schools.<\/p>\n<p>The School and Parent Council always welcomes contact with parents of current or prospective pupils. \u00a0We would be happy to give you further details or discuss any queries which you may have about the school at any time.<\/p>\n<p>Miss Donna Maclean<\/p>\n<p>Head of School<\/p>\n","protected":false},"excerpt":{"rendered":"<p>\u00a0INTRODUCTION &amp; WELCOME F\u00e0ilte gu Sgoil agus Sgoil \u00c0raich an t-\u00d2ib, bun-sgoil far am bheil foghlam tro mheadhan na G\u00e0idhlig.\u00a0 Tha deichnear leanabh againn anns a chlas G\u00e0idhlig, triuir anns a chlas luchd-ionnsachaidh agus ceathrar anns an Sgoil \u00c0raich.\u00a0 Ged a tha na \u00e0ireamhan againn beag tha sinn a deanamh ar d\u00eccheal cothroman sonraichte a &hellip; <a href=\"https:\/\/blogs.glowscotland.org.uk\/es\/leverhulme\/\" class=\"more-link\">Continue reading <span class=\"screen-reader-text\">F\u00e0ilte agus Ro-R\u00e0dh<\/span> <span class=\"meta-nav\">&rarr;<\/span><\/a><\/p>\n","protected":false},"author":158,"featured_media":0,"parent":0,"menu_order":0,"comment_status":"closed","ping_status":"closed","template":"","meta":{"footnotes":""},"class_list":["post-2","page","type-page","status-publish","hentry"],"jetpack_sharing_enabled":true,"_links":{"self":[{"href":"https:\/\/blogs.glowscotland.org.uk\/es\/leverhulme\/wp-json\/wp\/v2\/pages\/2","targetHints":{"allow":["GET"]}}],"collection":[{"href":"https:\/\/blogs.glowscotland.org.uk\/es\/leverhulme\/wp-json\/wp\/v2\/pages"}],"about":[{"href":"https:\/\/blogs.glowscotland.org.uk\/es\/leverhulme\/wp-json\/wp\/v2\/types\/page"}],"author":[{"embeddable":true,"href":"https:\/\/blogs.glowscotland.org.uk\/es\/leverhulme\/wp-json\/wp\/v2\/users\/158"}],"replies":[{"embeddable":true,"href":"https:\/\/blogs.glowscotland.org.uk\/es\/leverhulme\/wp-json\/wp\/v2\/comments?post=2"}],"version-history":[{"count":6,"href":"https:\/\/blogs.glowscotland.org.uk\/es\/leverhulme\/wp-json\/wp\/v2\/pages\/2\/revisions"}],"predecessor-version":[{"id":446,"href":"https:\/\/blogs.glowscotland.org.uk\/es\/leverhulme\/wp-json\/wp\/v2\/pages\/2\/revisions\/446"}],"wp:attachment":[{"href":"https:\/\/blogs.glowscotland.org.uk\/es\/leverhulme\/wp-json\/wp\/v2\/media?parent=2"}],"curies":[{"name":"wp","href":"https:\/\/api.w.org\/{rel}","templated":true}]}}