{"id":158,"date":"2025-12-11T14:37:00","date_gmt":"2025-12-11T14:37:00","guid":{"rendered":"https:\/\/blogs.glowscotland.org.uk\/es\/laxdale\/?page_id=158"},"modified":"2025-12-19T13:09:06","modified_gmt":"2025-12-19T13:09:06","slug":"duaisean","status":"publish","type":"page","link":"https:\/\/blogs.glowscotland.org.uk\/es\/laxdale\/duaisean\/","title":{"rendered":"Duaisean"},"content":{"rendered":"<p><strong>**Please note &#8211; This page is in early development, and has been auto-translated. This may contain inaccuracies at present, and so will be updated in due course.**<\/strong><\/p>\n<p><strong><img loading=\"lazy\" decoding=\"async\" data-attachment-id=\"66\" data-permalink=\"https:\/\/blogs.glowscotland.org.uk\/es\/laxdale\/duaisean\/awards\/image001\/\" data-orig-file=\"https:\/\/blogs.glowscotland.org.uk\/es\/public\/laxdale\/uploads\/sites\/3949\/2025\/11\/21163225\/image001.png\" data-orig-size=\"1260,891\" data-comments-opened=\"1\" data-image-meta=\"{&quot;aperture&quot;:&quot;0&quot;,&quot;credit&quot;:&quot;&quot;,&quot;camera&quot;:&quot;&quot;,&quot;caption&quot;:&quot;&quot;,&quot;created_timestamp&quot;:&quot;0&quot;,&quot;copyright&quot;:&quot;&quot;,&quot;focal_length&quot;:&quot;0&quot;,&quot;iso&quot;:&quot;0&quot;,&quot;shutter_speed&quot;:&quot;0&quot;,&quot;title&quot;:&quot;&quot;,&quot;orientation&quot;:&quot;0&quot;}\" data-image-title=\"image001\" data-image-description=\"\" data-image-caption=\"\" data-medium-file=\"https:\/\/blogs.glowscotland.org.uk\/es\/public\/laxdale\/uploads\/sites\/3949\/2025\/11\/21163225\/image001-300x212.png\" data-large-file=\"https:\/\/blogs.glowscotland.org.uk\/es\/public\/laxdale\/uploads\/sites\/3949\/2025\/11\/21163225\/image001-1024x724.png\" class=\"alignnone size-medium wp-image-66\" src=\"https:\/\/blogs.glowscotland.org.uk\/es\/public\/laxdale\/uploads\/sites\/3949\/2025\/11\/21163225\/image001-300x212.png\" alt=\"\" width=\"300\" height=\"212\" srcset=\"https:\/\/blogs.glowscotland.org.uk\/es\/public\/laxdale\/uploads\/sites\/3949\/2025\/11\/21163225\/image001-300x212.png 300w, https:\/\/blogs.glowscotland.org.uk\/es\/public\/laxdale\/uploads\/sites\/3949\/2025\/11\/21163225\/image001-1024x724.png 1024w, https:\/\/blogs.glowscotland.org.uk\/es\/public\/laxdale\/uploads\/sites\/3949\/2025\/11\/21163225\/image001-768x543.png 768w, https:\/\/blogs.glowscotland.org.uk\/es\/public\/laxdale\/uploads\/sites\/3949\/2025\/11\/21163225\/image001.png 1260w\" sizes=\"auto, (max-width: 300px) 100vw, 300px\" \/><\/strong><\/p>\n<p><strong>Duais Sp\u00f2rs \u00d2ir<\/strong><\/p>\n<p>\u2019S sinne a\u2019 chiad sgoil a-riamh ann an Le\u00f2dhas agus na Hearadh a fhuair Duais \u00d2ir Sp\u00f2rs na Sgoile bho Sp\u00f2rs Alba.<\/p>\n<p>Th\u00e0inig an duais seo an toiseach \u00e0s d\u00e8idh bliadhna de dh\u2019obair chruaidh bhon choimhearsnachd sgoile againn gu l\u00e8ir ann an seisean 2018-19.<\/p>\n<p>\u2019S e ar n-amas, gu dearbh, \u00ecre \u00e0rd a chumail suas ann an com-p\u00e0irteachadh agus coileanadh sp\u00f2rs anns na bliadhnaichean ri teachd.<\/p>\n<p><img loading=\"lazy\" decoding=\"async\" data-attachment-id=\"70\" data-permalink=\"https:\/\/blogs.glowscotland.org.uk\/es\/laxdale\/duaisean\/awards\/eco-schools-logo-square-green-hps-500x500\/\" data-orig-file=\"https:\/\/blogs.glowscotland.org.uk\/es\/public\/laxdale\/uploads\/sites\/3949\/2025\/11\/24145104\/eco-schools-logo-square-green-hps-500x500-1.png\" data-orig-size=\"500,500\" data-comments-opened=\"1\" data-image-meta=\"{&quot;aperture&quot;:&quot;0&quot;,&quot;credit&quot;:&quot;&quot;,&quot;camera&quot;:&quot;&quot;,&quot;caption&quot;:&quot;&quot;,&quot;created_timestamp&quot;:&quot;0&quot;,&quot;copyright&quot;:&quot;&quot;,&quot;focal_length&quot;:&quot;0&quot;,&quot;iso&quot;:&quot;0&quot;,&quot;shutter_speed&quot;:&quot;0&quot;,&quot;title&quot;:&quot;&quot;,&quot;orientation&quot;:&quot;0&quot;}\" data-image-title=\"eco-schools-logo-square-green-hps-500&#215;500\" data-image-description=\"\" data-image-caption=\"\" data-medium-file=\"https:\/\/blogs.glowscotland.org.uk\/es\/public\/laxdale\/uploads\/sites\/3949\/2025\/11\/24145104\/eco-schools-logo-square-green-hps-500x500-1-300x300.png\" data-large-file=\"https:\/\/blogs.glowscotland.org.uk\/es\/public\/laxdale\/uploads\/sites\/3949\/2025\/11\/24145104\/eco-schools-logo-square-green-hps-500x500-1.png\" class=\"alignnone size-medium wp-image-70\" src=\"https:\/\/blogs.glowscotland.org.uk\/es\/public\/laxdale\/uploads\/sites\/3949\/2025\/11\/24145104\/eco-schools-logo-square-green-hps-500x500-1-300x300.png\" alt=\"\" width=\"300\" height=\"300\" srcset=\"https:\/\/blogs.glowscotland.org.uk\/es\/public\/laxdale\/uploads\/sites\/3949\/2025\/11\/24145104\/eco-schools-logo-square-green-hps-500x500-1-300x300.png 300w, https:\/\/blogs.glowscotland.org.uk\/es\/public\/laxdale\/uploads\/sites\/3949\/2025\/11\/24145104\/eco-schools-logo-square-green-hps-500x500-1-150x150.png 150w, https:\/\/blogs.glowscotland.org.uk\/es\/public\/laxdale\/uploads\/sites\/3949\/2025\/11\/24145104\/eco-schools-logo-square-green-hps-500x500-1.png 500w\" sizes=\"auto, (max-width: 300px) 100vw, 300px\" \/><\/p>\n<p><strong>Bratach Uaine Eco<\/strong><\/p>\n<div class=\"x-el c1-1 c1-2 c1-1h c1-1i c1-2s c1-20 c1-21 c1-2t c1-a3 c1-a4 c1-a5 c1-a6 c1-a7 c1-a8 c1-a9 c1-aa c1-ab c1-ac c1-ad c1-ae c1-af c1-ag c1-ah c1-ai c1-aj c1-ak c1-al c1-am c1-an c1-ao c1-ap c1-aq c1-ar c1-as c1-at c1-au c1-av c1-aw c1-ax c1-ay c1-5l c1-b c1-3g c1-c c1-2x c1-d c1-e c1-f c1-g x-rt\" data-ux=\"ContentText\" data-aid=\"ABOUT_DESCRIPTION_RENDERED0\" data-typography=\"BodyAlpha\">\n<p>Chaidh Inbhe Bratach Uaine Eco a thoirt do Laxdale an toiseach ann an 2011 mar thoradh air an obair air leth a rinn sgoilearan taobh a-staigh na sgoile agus sa choimhearsnachd fharsaing. Feumar an \u00ecre \u00e0rd seo a chumail suas agus tha an sgoil air ath-mheasadh a h-uile d\u00e0 bhliadhna le Sgoiltean Eco Alba.<\/p>\n<p>Am-bliadhna fhuair sinn an seachdamh duais Bratach Uaine againn agus fhad \u2018s a tha sinn a\u2019 leantainn air adhart a\u2019 cur f\u00f2cas air cho cudromach sa tha e c\u00f9ram a ghabhail den \u00e0rainneachd againn, tha sinn air t\u00f2iseachadh ag obair a dh\u2019ionnsaigh an ochdamh duais againn.<\/p>\n<\/div>\n<h2 role=\"heading\" data-ux=\"SectionSplitHeading\" data-aid=\"ABOUT_SECTION_TITLE_RENDERED\" data-typography=\"HeadingBeta\"><img loading=\"lazy\" decoding=\"async\" data-attachment-id=\"69\" data-permalink=\"https:\/\/blogs.glowscotland.org.uk\/es\/laxdale\/duaisean\/awards\/images\/\" data-orig-file=\"https:\/\/blogs.glowscotland.org.uk\/es\/public\/laxdale\/uploads\/sites\/3949\/2025\/11\/24145102\/images.png\" data-orig-size=\"300,168\" data-comments-opened=\"1\" data-image-meta=\"{&quot;aperture&quot;:&quot;0&quot;,&quot;credit&quot;:&quot;&quot;,&quot;camera&quot;:&quot;&quot;,&quot;caption&quot;:&quot;&quot;,&quot;created_timestamp&quot;:&quot;0&quot;,&quot;copyright&quot;:&quot;&quot;,&quot;focal_length&quot;:&quot;0&quot;,&quot;iso&quot;:&quot;0&quot;,&quot;shutter_speed&quot;:&quot;0&quot;,&quot;title&quot;:&quot;&quot;,&quot;orientation&quot;:&quot;0&quot;}\" data-image-title=\"images\" data-image-description=\"\" data-image-caption=\"\" data-medium-file=\"https:\/\/blogs.glowscotland.org.uk\/es\/public\/laxdale\/uploads\/sites\/3949\/2025\/11\/24145102\/images.png\" data-large-file=\"https:\/\/blogs.glowscotland.org.uk\/es\/public\/laxdale\/uploads\/sites\/3949\/2025\/11\/24145102\/images.png\" class=\"alignnone size-full wp-image-69\" src=\"https:\/\/blogs.glowscotland.org.uk\/es\/public\/laxdale\/uploads\/sites\/3949\/2025\/11\/24145102\/images.png\" alt=\"\" width=\"300\" height=\"168\" \/><\/h2>\n<h2 class=\"x-el x-el-h2 c1-1 c1-2 c1-1h c1-1i c1-9m c1-r c1-3c c1-20 c1-9n c1-6c c1-17 c1-91 c1-3s c1-93 c1-94 c1-ba c1-9p c1-95 c1-96 c1-97\" role=\"heading\" data-ux=\"SectionSplitHeading\" data-aid=\"ABOUT_SECTION_TITLE_RENDERED\" data-typography=\"HeadingBeta\"><span class=\"x-el x-el-span c1-9q c1-32 c1-9r c1-9k c1-9l\" data-ux=\"Element\">C\u00f2raichean Chloinne<\/span><\/h2>\n<div class=\"x-el x-el-div c1-4 c1-9s c1-17 c1-91 c1-94 c1-95 c1-96 c1-97\" data-ux=\"Block\">\n<p>Th\u00f2isich sinn air an turas againn airson Duais Sgoil a tha a\u2019 toirt Urram do Ch\u00f2raichean (RRSA) san L\u00f9nastal 2019. Dh\u2019obraich sgoilearan agus luchd-obrach Laxdale gu cruaidh tron \u200b\u200bt-seisean 2019-20 gus \u00ecomhaigh \u2018C\u00f2raichean Chloinne\u2019 a thogail air feadh na sgoile. Chaidh ar n-obair chruaidh aithneachadh nuair a chaidh an Duais Airgid againn a thoirt dhuinn, \u00e0s d\u00e8idh measadh br\u00ecgheil, san \u00d2gmhios 2020. San \u00d2gmhios 2024 chaidh an Duais \u00d2ir againn a thoirt dhuinn \u00e0s d\u00e8idh creideas br\u00ecgheil.<\/p>\n<p>Tha an RRSA uile mu dheidhinn \u00e0iteachan s\u00e0bhailte is brosnachail a chruthachadh airson ionnsachadh, far a bheilear a\u2019 toirt urram do chloinn, far a bheilear a\u2019 neartachadh an t\u00e0lantan agus far am bi iad comasach air soirbheachadh. Mar Sgoil a tha a\u2019 toirt Urram do Ch\u00f2raichean, bidh sinn a\u2019 str\u00ec ri na luachan seo a thoirt a-steach do bheatha l\u00e0itheil na sgoile gus an cothrom as fhe\u00e0rr a thoirt do chloinn beatha shona, fhallain a bhith aca agus a bhith nan saoranaich ghn\u00ecomhach, cunntachail.<\/p>\n<\/div>\n","protected":false},"excerpt":{"rendered":"<p>**Please note &#8211; This page is in early development, and has been auto-translated. This may contain inaccuracies at present, and so will be updated in due course.** Duais Sp\u00f2rs \u00d2ir \u2019S sinne a\u2019 chiad sgoil a-riamh ann an Le\u00f2dhas agus na Hearadh a fhuair Duais \u00d2ir Sp\u00f2rs na Sgoile bho Sp\u00f2rs Alba. Th\u00e0inig an duais [&hellip;]<\/p>\n","protected":false},"author":4799,"featured_media":0,"parent":0,"menu_order":2,"comment_status":"closed","ping_status":"closed","template":"","meta":{"footnotes":""},"class_list":["post-158","page","type-page","status-publish","hentry"],"jetpack_sharing_enabled":true,"_links":{"self":[{"href":"https:\/\/blogs.glowscotland.org.uk\/es\/laxdale\/wp-json\/wp\/v2\/pages\/158","targetHints":{"allow":["GET"]}}],"collection":[{"href":"https:\/\/blogs.glowscotland.org.uk\/es\/laxdale\/wp-json\/wp\/v2\/pages"}],"about":[{"href":"https:\/\/blogs.glowscotland.org.uk\/es\/laxdale\/wp-json\/wp\/v2\/types\/page"}],"author":[{"embeddable":true,"href":"https:\/\/blogs.glowscotland.org.uk\/es\/laxdale\/wp-json\/wp\/v2\/users\/4799"}],"replies":[{"embeddable":true,"href":"https:\/\/blogs.glowscotland.org.uk\/es\/laxdale\/wp-json\/wp\/v2\/comments?post=158"}],"version-history":[{"count":4,"href":"https:\/\/blogs.glowscotland.org.uk\/es\/laxdale\/wp-json\/wp\/v2\/pages\/158\/revisions"}],"predecessor-version":[{"id":201,"href":"https:\/\/blogs.glowscotland.org.uk\/es\/laxdale\/wp-json\/wp\/v2\/pages\/158\/revisions\/201"}],"wp:attachment":[{"href":"https:\/\/blogs.glowscotland.org.uk\/es\/laxdale\/wp-json\/wp\/v2\/media?parent=158"}],"curies":[{"name":"wp","href":"https:\/\/api.w.org\/{rel}","templated":true}]}}