{"id":491,"date":"2023-04-21T14:43:17","date_gmt":"2023-04-21T13:43:17","guid":{"rendered":"https:\/\/blogs.glowscotland.org.uk\/es\/hwbrshplewisandharris\/?page_id=491"},"modified":"2024-03-21T19:59:18","modified_gmt":"2024-03-21T19:59:18","slug":"parent-blog-information","status":"publish","type":"page","link":"https:\/\/blogs.glowscotland.org.uk\/es\/hwbrshplewisandharris\/","title":{"rendered":"Blog D\u00e0imhean, Sl\u00e0inte Ghn\u00e8itheasach agus P\u00e0rantachd\u00a0"},"content":{"rendered":"<p>Welcome to our Blog for Relationships, Sexual Health and Parenthood (RSHP)\u00a0in Lewis Primary Schools.<\/p>\n<p><strong>Purpose<\/strong><\/p>\n<ul>\n<li>To provide teachers with all the information and resources needed to teach RSHP in schools.<\/li>\n<li>To ensure parents have access to planners and resources being used<\/li>\n<\/ul>\n<p><em>This Blog has been created and is being regularly maintained by the RSHP working group.\u00a0<\/em><\/p>\n<p><strong>RSHP Information<\/strong><\/p>\n<p>Please\u00a0<a href=\"https:\/\/blogs.glowscotland.org.uk\/es\/public\/hwbrshplewisandharris\/uploads\/sites\/4022\/2023\/05\/16133822\/RATIONALE.pdf\"><strong>click here<\/strong><\/a>\u00a0to view the\u00a0<strong>RSHP Rationale.<\/strong><\/p>\n<p>Please<strong> <a href=\"https:\/\/blogs.glowscotland.org.uk\/es\/public\/hwbrshplewisandharris\/uploads\/sites\/4022\/2024\/03\/21195759\/RSHP-Flowchart-20.03.24.pdf\">click here<\/a><\/strong>\u00a0for the\u00a0<strong>flowchart<\/strong>\u00a0check which should be used when teaching sensitive subjects<\/p>\n","protected":false},"excerpt":{"rendered":"<p>Welcome to our Blog for Relationships, Sexual Health and Parenthood (RSHP)\u00a0in Lewis Primary Schools. Purpose To provide teachers with all the information and resources needed to teach RSHP in schools. To ensure parents have access to planners and resources being &hellip; <a href=\"https:\/\/blogs.glowscotland.org.uk\/es\/hwbrshplewisandharris\/\">Continue reading <span class=\"meta-nav\">&rarr;<\/span><\/a><\/p>\n","protected":false},"author":4296,"featured_media":0,"parent":0,"menu_order":0,"comment_status":"closed","ping_status":"closed","template":"","meta":{"footnotes":""},"class_list":["post-491","page","type-page","status-publish","hentry"],"_links":{"self":[{"href":"https:\/\/blogs.glowscotland.org.uk\/es\/hwbrshplewisandharris\/wp-json\/wp\/v2\/pages\/491","targetHints":{"allow":["GET"]}}],"collection":[{"href":"https:\/\/blogs.glowscotland.org.uk\/es\/hwbrshplewisandharris\/wp-json\/wp\/v2\/pages"}],"about":[{"href":"https:\/\/blogs.glowscotland.org.uk\/es\/hwbrshplewisandharris\/wp-json\/wp\/v2\/types\/page"}],"author":[{"embeddable":true,"href":"https:\/\/blogs.glowscotland.org.uk\/es\/hwbrshplewisandharris\/wp-json\/wp\/v2\/users\/4296"}],"replies":[{"embeddable":true,"href":"https:\/\/blogs.glowscotland.org.uk\/es\/hwbrshplewisandharris\/wp-json\/wp\/v2\/comments?post=491"}],"version-history":[{"count":31,"href":"https:\/\/blogs.glowscotland.org.uk\/es\/hwbrshplewisandharris\/wp-json\/wp\/v2\/pages\/491\/revisions"}],"predecessor-version":[{"id":867,"href":"https:\/\/blogs.glowscotland.org.uk\/es\/hwbrshplewisandharris\/wp-json\/wp\/v2\/pages\/491\/revisions\/867"}],"wp:attachment":[{"href":"https:\/\/blogs.glowscotland.org.uk\/es\/hwbrshplewisandharris\/wp-json\/wp\/v2\/media?parent=491"}],"curies":[{"name":"wp","href":"https:\/\/api.w.org\/{rel}","templated":true}]}}