{"id":75,"date":"2020-04-03T11:57:05","date_gmt":"2020-04-03T11:57:05","guid":{"rendered":"https:\/\/blogs.glowscotland.org.uk\/es\/ceoleileansiar\/?page_id=75"},"modified":"2020-06-21T16:05:17","modified_gmt":"2020-06-21T16:05:17","slug":"mr-i-maciver-gaelic-singing-ymi-guitar-keyboard","status":"publish","type":"page","link":"https:\/\/blogs.glowscotland.org.uk\/es\/ceoleileansiar\/meet-the-team\/mr-i-maciver-gaelic-singing-ymi-guitar-keyboard\/","title":{"rendered":"Mr I MacIver &#8211; Gaelic singing, guitar &amp; keyboard"},"content":{"rendered":"<p><img loading=\"lazy\" decoding=\"async\" class=\" wp-image-287 alignleft\" src=\"https:\/\/blogs.glowscotland.org.uk\/es\/public\/ceoleileansiar\/uploads\/sites\/3992\/2020\/04\/16151143\/Iain-MacIver.jpg\" alt=\"\" width=\"202\" height=\"202\" srcset=\"https:\/\/blogs.glowscotland.org.uk\/es\/public\/ceoleileansiar\/uploads\/sites\/3992\/2020\/04\/16151143\/Iain-MacIver.jpg 160w, https:\/\/glow-prod-es.s3.eu-west-1.amazonaws.com\/es\/public\/ceoleileansiar\/uploads\/sites\/3992\/2020\/04\/16151143\/Iain-MacIver-150x150.jpg?X-Amz-Content-Sha256=UNSIGNED-PAYLOAD&amp;X-Amz-Security-Token=IQoJb3JpZ2luX2VjENb%2F%2F%2F%2F%2F%2F%2F%2F%2F%2FwEaCWV1LXdlc3QtMSJGMEQCIHquE9%2BFDc%2FPaqmTRSZXtnn1lpidi%2FFGnLAO0OABLZqiAiBPVBps6RKuU6m9HSV6gSPThocZWwPSf1fCNLXJwVCCHyrBBQif%2F%2F%2F%2F%2F%2F%2F%2F%2F%2F8BEAUaDDI3MzU3MDE5NTQzMyIM%2BNHUP85QaMfd85D%2BKpUFUFXdcpG%2FDkRcStrDFmo%2FeEMWDm6RvtQuGlcCWJpR%2FoWNOb8vrZtknHnUDsRUPftJ7BJyj4OYJBTGCRHUXu5QXWuifTcBTspv6sLn%2FVYQdCzaUdwSXawORjK%2BEPbmqIe0iMYSv46Ssw9qP%2Bk90CMsYsRNvRRvx8OvvQeD0Rbgl1nV%2FNzgSIic8SG3BIqlcQkpFMjURu9cpXm1CN%2BFazRM2zZjv%2BuqN7ED978nFzDdmHUaAJhymKtU7RKurl%2FE2vjxKmUHpPIIo4i8OmJE72ULQjPnjWrQ2Pqw%2BCSFTsXQqLATByRgK9L1kC2wgRAG5f11lutQw6l%2Bp0OdUhjbPTt6Yty17S4QVOlwEocI9aIeJoNkp3Unqci223qjME1P6osS2iGygsrZ1yc6R8jL3%2FNugxORfjWDCQxEEpRUi8%2BWkpQFA56xhBInUxxUOkJcHPnKad%2BpvyLi%2FEBN4LZDoG4nctsrTQhNkizTzKkDnFhj5L%2FJXCYnK49XAqJt%2BBrbsctm8RnOBXdVjA8dHMD1VMIfNjHQdQC3dvZXgt%2FKdTfEZW7j4Prua1ztty0lo8SO6l9FTDHr2zPLRxohGM3PntwFnxzwO6arrPX8iFgipoPUJTZDDMyy5TJybpp76HGbnXXEYO8m1O6t8CqKzl37hXTrLKu8zuEa3TbhVmKtwdcqhee76QXK4jlp4HHSplz%2BTOSPvVA06JRattvF93EigpG3IT203%2Bstwn%2BWVw4sLX4Ibug%2FN0nKE6zMHaQ310Mvhcn9RfkuIb0ZVnR3himgJxACtbMz1JsMIE7OCLdGLv1SeI7GDdxnxRKU7UU79H%2BFYReWxk%2FoCv%2FFXwdpjR1JTdYasy5Prq5tv3tLPjE22SKGKxt%2FTbO5yTCip8TOBjqyAZWbRNWR4uR%2FCyQ0wIlPX9NBXPIA14cyCkJPi2yaq6%2BW77aNua8u9171amhlWKg%2F7GcxcM%2BKif456FfyRr9vfBI7UT2aKRVbjirA9ZjNuePOu4qU1qZAHltRKijRuZZaTHndBv4aIFX1D%2Bawy%2FmmJlbgiPrKl%2FOLstaae3qkid9AeG2y3dTvwdy5BFGwdLqAOc8NfQVqb%2Fjq7e6cclJnDFCCTIbldMxwNGvHz9kToTIwrq0%3D&amp;X-Amz-Algorithm=AWS4-HMAC-SHA256&amp;X-Amz-Credential=ASIAT7MQN47U77AB7M6W%2F20260404%2Feu-west-1%2Fs3%2Faws4_request&amp;X-Amz-Date=20260404T141908Z&amp;X-Amz-SignedHeaders=host&amp;X-Amz-Expires=900&amp;X-Amz-Signature=14e7eda7b32e31dc9a9fcafeb7b917163bbeee0c685176d9b28e20c264498950 150w\" sizes=\"auto, (max-width: 202px) 100vw, 202px\" \/><strong>Iain Mac\u00ecomhair<\/strong><\/p>\n<p>&#8220;Tha mi air a\u2019 bhith a\u2019 teagasg \u00d2rain Gh\u00e0idhlig ann an sgoiltean Le\u00f2dhais agus na Hearadh bho 1996. Cho math ri bhith a\u2019 teagasg ann an suidheachadh clas, tha mi air a bhith a\u2019 toirt taic do sheinneadairean agus c\u00f2isirean ann a bhith ag ullachadh airson Mh\u00f2dan N\u00e0iseanta agus bho chionn ghoirid tha mi air a bhith an s\u00e0s sa phr\u00f2iseact \u2018D\u00ecleab\u2019.<\/p>\n<p>Tha 45 bliadhna de dh\u2019e\u00f2las agam ann a bhith a\u2019 cluich ci\u00f9il ann an c\u00f2mhlain agus nam aonar agus tha mi air a bhith a\u2019 cluich agus a\u2019 seinn iomadh gn\u00e8 ci\u00f9il, nam measg ce\u00f2l traidiseanta, roc, d\u00f9thchasach agus ce\u00f2l dannsa Albannach.<\/p>\n<p>Tha mi air a bhith a\u2019 teagasg giot\u00e0ir agus meur-chl\u00e0r tro Iomairt Ce\u00f2l Eilean Siar bhon a th\u00f2isich c\u00f9isean ann an 2003.&#8221;<\/p>\n<p>&#8220;I have been teaching Gaelic singing in schools in Lewis and Harris since 1996. As well as class teaching, I have prepared individuals and choirs for local and National Mods and more recently I\u2019ve been involved in the schools D\u00ecleab project.<\/p>\n<p>I have 45 years experience of performing both with bands and as a solo artiste covering various musical genre including traditional, rock, country and Scottish dance music.<\/p>\n<p>I have taught guitar and keyboard through the Scottish Government Youth Music Initiaitve (YMI) since its inception in 2003.&#8221;<\/p>\n<p><strong>Mr MacIver teaches Gaelic singing in the following schools in Lewis &amp; Harris:<\/strong><\/p>\n<ul>\n<li>Tong School<\/li>\n<li>Back School<\/li>\n<li>Sgoil nan Loch<\/li>\n<li>Pairc School<\/li>\n<li>Sir E Scott School *<\/li>\n<li>Leverhulme Memorial school*<\/li>\n<\/ul>\n<p>* also guitar &amp; keyboard<\/p>\n<p><a href=\"mailto:imaciver1a@gnes.net\" target=\"_blank\" rel=\"noopener noreferrer\">imaciver1a@gnes.net<\/a><\/p>\n<p>&nbsp;<\/p>\n","protected":false},"excerpt":{"rendered":"<p>Iain Mac\u00ecomhair &#8220;Tha mi air a\u2019 bhith a\u2019 teagasg \u00d2rain Gh\u00e0idhlig ann an sgoiltean Le\u00f2dhais agus na Hearadh bho 1996. Cho math ri bhith a\u2019 teagasg ann an suidheachadh clas, tha mi air a bhith a\u2019 toirt taic do sheinneadairean agus c\u00f2isirean ann a bhith ag ullachadh airson Mh\u00f2dan N\u00e0iseanta agus bho chionn ghoirid tha [&hellip;]<\/p>\n","protected":false},"author":2072,"featured_media":0,"parent":10,"menu_order":5,"comment_status":"closed","ping_status":"closed","template":"page-templates\/full-width.php","meta":{"footnotes":""},"class_list":["post-75","page","type-page","status-publish","hentry"],"_links":{"self":[{"href":"https:\/\/blogs.glowscotland.org.uk\/es\/ceoleileansiar\/wp-json\/wp\/v2\/pages\/75","targetHints":{"allow":["GET"]}}],"collection":[{"href":"https:\/\/blogs.glowscotland.org.uk\/es\/ceoleileansiar\/wp-json\/wp\/v2\/pages"}],"about":[{"href":"https:\/\/blogs.glowscotland.org.uk\/es\/ceoleileansiar\/wp-json\/wp\/v2\/types\/page"}],"author":[{"embeddable":true,"href":"https:\/\/blogs.glowscotland.org.uk\/es\/ceoleileansiar\/wp-json\/wp\/v2\/users\/2072"}],"replies":[{"embeddable":true,"href":"https:\/\/blogs.glowscotland.org.uk\/es\/ceoleileansiar\/wp-json\/wp\/v2\/comments?post=75"}],"version-history":[{"count":10,"href":"https:\/\/blogs.glowscotland.org.uk\/es\/ceoleileansiar\/wp-json\/wp\/v2\/pages\/75\/revisions"}],"predecessor-version":[{"id":438,"href":"https:\/\/blogs.glowscotland.org.uk\/es\/ceoleileansiar\/wp-json\/wp\/v2\/pages\/75\/revisions\/438"}],"up":[{"embeddable":true,"href":"https:\/\/blogs.glowscotland.org.uk\/es\/ceoleileansiar\/wp-json\/wp\/v2\/pages\/10"}],"wp:attachment":[{"href":"https:\/\/blogs.glowscotland.org.uk\/es\/ceoleileansiar\/wp-json\/wp\/v2\/media?parent=75"}],"curies":[{"name":"wp","href":"https:\/\/api.w.org\/{rel}","templated":true}]}}