{"id":70,"date":"2020-04-03T11:51:36","date_gmt":"2020-04-03T11:51:36","guid":{"rendered":"https:\/\/blogs.glowscotland.org.uk\/es\/ceoleileansiar\/?page_id=70"},"modified":"2020-04-20T21:20:45","modified_gmt":"2020-04-20T21:20:45","slug":"ms-a-macdonald-piping","status":"publish","type":"page","link":"https:\/\/blogs.glowscotland.org.uk\/es\/ceoleileansiar\/meet-the-team\/ms-a-macdonald-piping\/","title":{"rendered":"Ms A MacDonald &#8211; Piping"},"content":{"rendered":"<p><img loading=\"lazy\" decoding=\"async\" class=\" wp-image-280 alignleft\" src=\"https:\/\/glow-prod-es.s3.eu-west-1.amazonaws.com\/es\/public\/ceoleileansiar\/uploads\/sites\/3992\/2020\/04\/15190227\/Ashley-200x300.jpg?X-Amz-Content-Sha256=UNSIGNED-PAYLOAD&#038;X-Amz-Security-Token=IQoJb3JpZ2luX2VjENX%2F%2F%2F%2F%2F%2F%2F%2F%2F%2FwEaCWV1LXdlc3QtMSJHMEUCIDwxoiYz%2FW5QZ1vIok82VfVIjENFf9OL7bSavpxF%2BTZYAiEAk1NU4QB6zl8j08ocoOhqZ1CbY5lc8bsrgbCxtWHIZigqwQUInv%2F%2F%2F%2F%2F%2F%2F%2F%2F%2FARAFGgwyNzM1NzAxOTU0MzMiDH2Me0pmsdQ76a1IKSqVBV6efnc%2FA9ibX0C6KdIR4Nr9ctiyDrBxBqrjXo8orVrNRwoNehe7eNMh0VLKNtFMfWBENv5zI8WVqxDH4BS79vbK9%2BVKiZ6lrykjIcg05KpymDs%2Fetn3aYYsS61lOmbJQc29SusCqOkswra6VUkXq26i5nvy3iPkXBTFb%2BJvqLJPSpH%2F%2F%2B9cl4lhmugaTA9xk9o2vqSoJEOklVGfZd0PjXBiccqNvU38yZKUrdDo7BPHTRXsIFI4kKz9rj4Y8QFNFkpqBrnr1wk0VlXx1l4MYfZhGQ3xSbLp9NxcYbfqtdn8Q4V0wOOEkb24iLJCz1IURi49H2cphXMprZF6RIT%2FY1bBo%2B9Jz3Kgm76eLV3U%2Fuv3wrkAB1ky6CQNSJq%2BayQbFPBvtUK6iG4VU%2BiRB4wSV6c7IQ6V9RfaXxOEnPYE41S1kNx7RdFxNcCkpHzJZRttjfcfb7A9DpFVEpOBhMdVQDXMv2jDbPMDo%2Fn56poHUnzRHjH8TrGgny9Y9fyJsLxYyev6EGrfl%2BhW%2FGP8EGtT62NaU4wkUHz4e3sY%2B2dzxpZEwbtR6zMOOJxCXe%2Bq5BBJVmtTEIXDgBkXgpo0XFQa44Wdu4Npil02znkiaoPFSnbcNDs%2BwOi5iU7BmI%2B2RTVL%2FTBpnhovJJVLtTKgFXBUisxPGjAJ5GMzbS8cYf52yvMaHFSIJuGwqCMYPxP6Sjnkx0KI5TAbVVTN6twoamjMpNJBijVcfhvH%2BuKjw84lc52YCjNpdmpqKRLNpF9JRTkqUjinkn9DU3Km8qlO08tnk3MYglupBcSfBwVmZ8TCsKECtmHNJZmTsnGTafkEq4oxv46J3Q0bVq8CuOvIhiuXz3a8%2FZs3AehYpTQALSCHo4aMbNcSHyAwg4vEzgY6sQFdgDaV6fZthQyS2hY%2F2chmvdlKHNYUdJb3PEgtPM89CH%2FxIQ8nVmrUFJOU50h6t%2BPpp8DyV61MJWNCfODxCzxf7181PgGXo612drK%2B78u8XR617lA1GgYahCcKNkpN87BWhD%2BTby9in7rGZLxyu8rE%2Bo3M4raU8i9GRB6j3UO4IXoQaLI6%2BV8iFc4ve8uOkMFt5Mt39sRgMoYgsdmU%2BUmMNOWSDGLeDDxTsitsSvq2t2U%3D&#038;X-Amz-Algorithm=AWS4-HMAC-SHA256&#038;X-Amz-Credential=ASIAT7MQN47U57HQG6QV%2F20260404%2Feu-west-1%2Fs3%2Faws4_request&#038;X-Amz-Date=20260404T124845Z&#038;X-Amz-SignedHeaders=host&#038;X-Amz-Expires=900&#038;X-Amz-Signature=06730be3256950e1d2e5be5587ef15f66d5be80656276b6edb75a333b6903610\" alt=\"\" width=\"174\" height=\"261\" srcset=\"https:\/\/glow-prod-es.s3.eu-west-1.amazonaws.com\/es\/public\/ceoleileansiar\/uploads\/sites\/3992\/2020\/04\/15190227\/Ashley-200x300.jpg?X-Amz-Content-Sha256=UNSIGNED-PAYLOAD&amp;X-Amz-Security-Token=IQoJb3JpZ2luX2VjENX%2F%2F%2F%2F%2F%2F%2F%2F%2F%2FwEaCWV1LXdlc3QtMSJHMEUCIDwxoiYz%2FW5QZ1vIok82VfVIjENFf9OL7bSavpxF%2BTZYAiEAk1NU4QB6zl8j08ocoOhqZ1CbY5lc8bsrgbCxtWHIZigqwQUInv%2F%2F%2F%2F%2F%2F%2F%2F%2F%2FARAFGgwyNzM1NzAxOTU0MzMiDH2Me0pmsdQ76a1IKSqVBV6efnc%2FA9ibX0C6KdIR4Nr9ctiyDrBxBqrjXo8orVrNRwoNehe7eNMh0VLKNtFMfWBENv5zI8WVqxDH4BS79vbK9%2BVKiZ6lrykjIcg05KpymDs%2Fetn3aYYsS61lOmbJQc29SusCqOkswra6VUkXq26i5nvy3iPkXBTFb%2BJvqLJPSpH%2F%2F%2B9cl4lhmugaTA9xk9o2vqSoJEOklVGfZd0PjXBiccqNvU38yZKUrdDo7BPHTRXsIFI4kKz9rj4Y8QFNFkpqBrnr1wk0VlXx1l4MYfZhGQ3xSbLp9NxcYbfqtdn8Q4V0wOOEkb24iLJCz1IURi49H2cphXMprZF6RIT%2FY1bBo%2B9Jz3Kgm76eLV3U%2Fuv3wrkAB1ky6CQNSJq%2BayQbFPBvtUK6iG4VU%2BiRB4wSV6c7IQ6V9RfaXxOEnPYE41S1kNx7RdFxNcCkpHzJZRttjfcfb7A9DpFVEpOBhMdVQDXMv2jDbPMDo%2Fn56poHUnzRHjH8TrGgny9Y9fyJsLxYyev6EGrfl%2BhW%2FGP8EGtT62NaU4wkUHz4e3sY%2B2dzxpZEwbtR6zMOOJxCXe%2Bq5BBJVmtTEIXDgBkXgpo0XFQa44Wdu4Npil02znkiaoPFSnbcNDs%2BwOi5iU7BmI%2B2RTVL%2FTBpnhovJJVLtTKgFXBUisxPGjAJ5GMzbS8cYf52yvMaHFSIJuGwqCMYPxP6Sjnkx0KI5TAbVVTN6twoamjMpNJBijVcfhvH%2BuKjw84lc52YCjNpdmpqKRLNpF9JRTkqUjinkn9DU3Km8qlO08tnk3MYglupBcSfBwVmZ8TCsKECtmHNJZmTsnGTafkEq4oxv46J3Q0bVq8CuOvIhiuXz3a8%2FZs3AehYpTQALSCHo4aMbNcSHyAwg4vEzgY6sQFdgDaV6fZthQyS2hY%2F2chmvdlKHNYUdJb3PEgtPM89CH%2FxIQ8nVmrUFJOU50h6t%2BPpp8DyV61MJWNCfODxCzxf7181PgGXo612drK%2B78u8XR617lA1GgYahCcKNkpN87BWhD%2BTby9in7rGZLxyu8rE%2Bo3M4raU8i9GRB6j3UO4IXoQaLI6%2BV8iFc4ve8uOkMFt5Mt39sRgMoYgsdmU%2BUmMNOWSDGLeDDxTsitsSvq2t2U%3D&amp;X-Amz-Algorithm=AWS4-HMAC-SHA256&amp;X-Amz-Credential=ASIAT7MQN47U57HQG6QV%2F20260404%2Feu-west-1%2Fs3%2Faws4_request&amp;X-Amz-Date=20260404T124845Z&amp;X-Amz-SignedHeaders=host&amp;X-Amz-Expires=900&amp;X-Amz-Signature=06730be3256950e1d2e5be5587ef15f66d5be80656276b6edb75a333b6903610 200w, https:\/\/glow-prod-es.s3.eu-west-1.amazonaws.com\/es\/public\/ceoleileansiar\/uploads\/sites\/3992\/2020\/04\/15190227\/Ashley-624x936.jpg?X-Amz-Content-Sha256=UNSIGNED-PAYLOAD&amp;X-Amz-Security-Token=IQoJb3JpZ2luX2VjENX%2F%2F%2F%2F%2F%2F%2F%2F%2F%2FwEaCWV1LXdlc3QtMSJHMEUCIDwxoiYz%2FW5QZ1vIok82VfVIjENFf9OL7bSavpxF%2BTZYAiEAk1NU4QB6zl8j08ocoOhqZ1CbY5lc8bsrgbCxtWHIZigqwQUInv%2F%2F%2F%2F%2F%2F%2F%2F%2F%2FARAFGgwyNzM1NzAxOTU0MzMiDH2Me0pmsdQ76a1IKSqVBV6efnc%2FA9ibX0C6KdIR4Nr9ctiyDrBxBqrjXo8orVrNRwoNehe7eNMh0VLKNtFMfWBENv5zI8WVqxDH4BS79vbK9%2BVKiZ6lrykjIcg05KpymDs%2Fetn3aYYsS61lOmbJQc29SusCqOkswra6VUkXq26i5nvy3iPkXBTFb%2BJvqLJPSpH%2F%2F%2B9cl4lhmugaTA9xk9o2vqSoJEOklVGfZd0PjXBiccqNvU38yZKUrdDo7BPHTRXsIFI4kKz9rj4Y8QFNFkpqBrnr1wk0VlXx1l4MYfZhGQ3xSbLp9NxcYbfqtdn8Q4V0wOOEkb24iLJCz1IURi49H2cphXMprZF6RIT%2FY1bBo%2B9Jz3Kgm76eLV3U%2Fuv3wrkAB1ky6CQNSJq%2BayQbFPBvtUK6iG4VU%2BiRB4wSV6c7IQ6V9RfaXxOEnPYE41S1kNx7RdFxNcCkpHzJZRttjfcfb7A9DpFVEpOBhMdVQDXMv2jDbPMDo%2Fn56poHUnzRHjH8TrGgny9Y9fyJsLxYyev6EGrfl%2BhW%2FGP8EGtT62NaU4wkUHz4e3sY%2B2dzxpZEwbtR6zMOOJxCXe%2Bq5BBJVmtTEIXDgBkXgpo0XFQa44Wdu4Npil02znkiaoPFSnbcNDs%2BwOi5iU7BmI%2B2RTVL%2FTBpnhovJJVLtTKgFXBUisxPGjAJ5GMzbS8cYf52yvMaHFSIJuGwqCMYPxP6Sjnkx0KI5TAbVVTN6twoamjMpNJBijVcfhvH%2BuKjw84lc52YCjNpdmpqKRLNpF9JRTkqUjinkn9DU3Km8qlO08tnk3MYglupBcSfBwVmZ8TCsKECtmHNJZmTsnGTafkEq4oxv46J3Q0bVq8CuOvIhiuXz3a8%2FZs3AehYpTQALSCHo4aMbNcSHyAwg4vEzgY6sQFdgDaV6fZthQyS2hY%2F2chmvdlKHNYUdJb3PEgtPM89CH%2FxIQ8nVmrUFJOU50h6t%2BPpp8DyV61MJWNCfODxCzxf7181PgGXo612drK%2B78u8XR617lA1GgYahCcKNkpN87BWhD%2BTby9in7rGZLxyu8rE%2Bo3M4raU8i9GRB6j3UO4IXoQaLI6%2BV8iFc4ve8uOkMFt5Mt39sRgMoYgsdmU%2BUmMNOWSDGLeDDxTsitsSvq2t2U%3D&amp;X-Amz-Algorithm=AWS4-HMAC-SHA256&amp;X-Amz-Credential=ASIAT7MQN47U57HQG6QV%2F20260404%2Feu-west-1%2Fs3%2Faws4_request&amp;X-Amz-Date=20260404T124845Z&amp;X-Amz-SignedHeaders=host&amp;X-Amz-Expires=900&amp;X-Amz-Signature=0a99b38b3ea919326a3bb92541aa9d34b6a1475e3ef87eaa65dcabe06f76dcfb 624w, https:\/\/blogs.glowscotland.org.uk\/es\/public\/ceoleileansiar\/uploads\/sites\/3992\/2020\/04\/15190227\/Ashley.jpg 640w\" sizes=\"auto, (max-width: 174px) 100vw, 174px\" \/><\/p>\n<p><strong>Ashley Dh\u00f2mhnallach, oide p\u00ecobaireachd<\/strong><\/p>\n<p>Buinidh Ashley Dh\u00f2mhnallach do dh\u2019Uibhist agus tha i air a bhith a\u2019 teagasg ann an sgoiltean Le\u00f2dhais agus na Hearadh fad tr\u00ec bliadhna. Tha i an-dr\u00e0sta a\u2019 teagasg ann an 10 sgoiltean eadar Nis aig tuath agus an t-\u00d2b aig deas.<\/p>\n<p>Th\u00f2isich Ashley air an fheadan nuair a bha i 8 bliadhna a dh\u2019aois agus b\u2019 ise a\u2019 chiad neach \u00e0s na h-Eileanan Siar a fhuair \u00e0ite mar bhall de Ch\u00f2mhlan P\u00ecoba \u00d2igridh N\u00e0iseanta na h-Alba nuair a bha i eadar 12-16. Chluich i cuideachd c\u00f2mhla ri C\u00f2mhlan P\u00ecoba Uibhist agus tha i a-nis ann an C\u00f2mhlan P\u00ecoba Le\u00f2dhais, a tha air Co-fharpais P\u00ecobaireachd E\u00f2rpach a bhuannachadh.<\/p>\n<p>Tha Ashley cuideachd a\u2019 gabhail p\u00e0irt ann an co-fharpaisean aon-neach agus bhuannaich i iomadach duais thairis air na bliadhnaichean.<\/p>\n<p>On a th\u00f2isich Ashley na dreuchd leis a\u2019 Chomhairle, th\u00e0inig i gu bhith na sti\u00f9irirche air C\u00f2mhlan P\u00ecoba \u00d2igridh Le\u00f2dhais agus na Hearadh. Tha mu 31 p\u00ecobaire anns a\u2019 ch\u00f2mhlan agus tha iad cuideachd an d\u00f9il cur ri sgioba nan drumairean aca uaireigin an-ath-bhliadhna.<\/p>\n<p>&nbsp;<\/p>\n<p>Ashley MacDonald originally comes from Uist and has been teaching in the Lewis and Harris Schools for the past three years as a Piping Instructor, where she teaches in 10 schools all over the Island from Ness to Leverburgh. Ashley started playing the chanter when she was 8 years old and was the first person from the Western Isle that won a placement as a member in the National Youth Pipe Band of Scotland from the age of 12 &#8211; 16. She also played with the Uist Pipe Band and now plays with the European Champions, Lewis Pipe Band. Ashley also played on the competition scene and has won a number of prizes during the years.<\/p>\n<p>Since Ashley started her role with the Comhairle, she is now the Director of the Lewis &amp; Harris Youth Pipe Band. The band has around 31 pipers and are also looking to expand their drum core some time next year.<\/p>\n<p><strong>Ms MacDonald teaches chanter and pipes in the following schools in Lewis &amp; Harris:<\/strong><\/p>\n<ul>\n<li>Lionel School<\/li>\n<li>Shawbost School<\/li>\n<li>Sgoil an Taobh Siar<\/li>\n<li>Uig School<\/li>\n<li>Bernera School<\/li>\n<li>Breasclete School<\/li>\n<li>Sgoil nan Loch<\/li>\n<li>Pairc School<\/li>\n<li>Sir E Scott School<\/li>\n<li>Leverhulme Memorial School<\/li>\n<\/ul>\n<p><a href=\"mailto:ajnmacdonald1n@gnes.net\" target=\"_blank\" rel=\"noopener\">ajnmacdonald1n@gnes.net<\/a><\/p>\n","protected":false},"excerpt":{"rendered":"<p>Ashley Dh\u00f2mhnallach, oide p\u00ecobaireachd Buinidh Ashley Dh\u00f2mhnallach do dh\u2019Uibhist agus tha i air a bhith a\u2019 teagasg ann an sgoiltean Le\u00f2dhais agus na Hearadh fad tr\u00ec bliadhna. Tha i an-dr\u00e0sta a\u2019 teagasg ann an 10 sgoiltean eadar Nis aig tuath agus an t-\u00d2b aig deas. Th\u00f2isich Ashley air an fheadan nuair a bha i 8 [&hellip;]<\/p>\n","protected":false},"author":2072,"featured_media":0,"parent":10,"menu_order":2,"comment_status":"closed","ping_status":"closed","template":"page-templates\/full-width.php","meta":{"footnotes":""},"class_list":["post-70","page","type-page","status-publish","hentry"],"_links":{"self":[{"href":"https:\/\/blogs.glowscotland.org.uk\/es\/ceoleileansiar\/wp-json\/wp\/v2\/pages\/70","targetHints":{"allow":["GET"]}}],"collection":[{"href":"https:\/\/blogs.glowscotland.org.uk\/es\/ceoleileansiar\/wp-json\/wp\/v2\/pages"}],"about":[{"href":"https:\/\/blogs.glowscotland.org.uk\/es\/ceoleileansiar\/wp-json\/wp\/v2\/types\/page"}],"author":[{"embeddable":true,"href":"https:\/\/blogs.glowscotland.org.uk\/es\/ceoleileansiar\/wp-json\/wp\/v2\/users\/2072"}],"replies":[{"embeddable":true,"href":"https:\/\/blogs.glowscotland.org.uk\/es\/ceoleileansiar\/wp-json\/wp\/v2\/comments?post=70"}],"version-history":[{"count":12,"href":"https:\/\/blogs.glowscotland.org.uk\/es\/ceoleileansiar\/wp-json\/wp\/v2\/pages\/70\/revisions"}],"predecessor-version":[{"id":296,"href":"https:\/\/blogs.glowscotland.org.uk\/es\/ceoleileansiar\/wp-json\/wp\/v2\/pages\/70\/revisions\/296"}],"up":[{"embeddable":true,"href":"https:\/\/blogs.glowscotland.org.uk\/es\/ceoleileansiar\/wp-json\/wp\/v2\/pages\/10"}],"wp:attachment":[{"href":"https:\/\/blogs.glowscotland.org.uk\/es\/ceoleileansiar\/wp-json\/wp\/v2\/media?parent=70"}],"curies":[{"name":"wp","href":"https:\/\/api.w.org\/{rel}","templated":true}]}}