{"id":139,"date":"2020-04-13T10:21:40","date_gmt":"2020-04-13T10:21:40","guid":{"rendered":"https:\/\/blogs.glowscotland.org.uk\/es\/ceoleileansiar\/?page_id=139"},"modified":"2020-05-28T21:35:05","modified_gmt":"2020-05-28T21:35:05","slug":"home","status":"publish","type":"page","link":"https:\/\/blogs.glowscotland.org.uk\/es\/ceoleileansiar\/","title":{"rendered":""},"content":{"rendered":"<h2><strong>F\u00e0ilte do bhloga Seirbheis Ce\u00f2l nan Eilean Siar<\/strong><\/h2>\n<p>Tha dualchas beairteach de che\u00f2l agus p\u00e0ilteas de th\u00e0lant anns na h-Eileanan Siar. Buinidh \u00e0ireamh mh\u00f2r de luchd-ci\u00f9il, cho math ri seinneadairean a tha air cli\u00f9 a chosnadh aig a\u2019 Mh\u00f2d N\u00e0iseanta, dha na coimhearsnachdan againne agus tha gu le\u00f2r dhiubh sin air a dhol air adhart gu bhith a\u2019 d\u00e8anamh ainm dhaibh p-fh\u00e8in gu n\u00e0iseanta is eadar-n\u00e0iseanta.<\/p>\n<p>Tha Seirbheis Ce\u00f2l Comhairle nan Eilean Siar a\u2019 tabhainn oideachadh ci\u00f9il ann an iomadadh ionnsramaid-ci\u00f9il do sgoilearan anns gach bun-sgoil agus \u00e0rd-sgoil air feadh nan eilean, bho L\u00econail aig tuath gu B\u00e0gh a\u2019 Chaisteil aig deas.<\/p>\n<p>Gheibhear oideachadh ann an \u00f2rain Gh\u00e0idhlig agus P\u00ecopaireachd anns gach bun-sgoil agus tha ionnsramaidean-ci\u00f9il eile air an teagasg ann am bun-sgoiltean agus \u00e0rd-sgoiltean a r\u00e8ir an luchd-teagaisg a tha san sg\u00ecre. A bharrachd air sin, tha oideachadh ri fhaighinn tro Iomairt Ce\u00f2l \u00d2igridh (YMI) gus leigeil leinn amas Riaghaltas na h-Alba a choileanadh \u2013 sin gum faigh gach sgoilear co-dhi\u00f9 bliadhna de dh\u2019oideachadh ci\u00f9il mus fh\u00e0g iad a\u2019 bhun-sgoil.<\/p>\n<p>Tha sinn a\u2019 d\u00e8anamh fiughair ri bhith ag innse dhuibh barrachd mun t-seirbheis againn agus mu chuid den obair ionmholta anns a bheil na sgoilearan againn an s\u00e0s le taic nan Tidsearan Ci\u00f9il.<\/p>\n<p>A-nis ge-t\u00e0, trobhadaibh a-steach!<\/p>\n<h2><\/h2>\n<h2><strong>Welcome to the blog site for Eilean Siar Instrumental Music Service.<\/strong><\/h2>\n<p>The Western Isles has a rich cultural heritage and a wealth of musical talent exists amongst those living in our communities as well as having produced many musicians and\u00a0<span style=\"font-size: 1rem\">numerous Royal National Mod winners, some of<\/span><span style=\"font-size: 1rem\">\u00a0whom have gone on to become well known household names.<\/span><\/p>\n<p><span style=\"font-size: 1rem\">The Comhairle nan Eilean Siar (Western Isles Council) Instrumental Music Service provides music tuition, in a range of instruments, for pupils in every primary and secondary school throughout our island chain, from Lionel in the north right down to Castebay in the south.<\/span><\/p>\n<p>Every primary school has tuition in Gaelic Singing and Piping, and other instruments taught in primary and secondary schools are dependent on the resources available in each local area. In addition to this, tuition is delivered through the Youth Music Initiative (YMI) to enable us to meet the Scottish Government commitment that every child in school will have received one year of music tuition by the time they leave primary school.<\/p>\n<p>We look forward to providing you with all the information you need to know about the service and sharing some of the fantastic work that our pupils do with our the support of our Instrumental Music Teachers.<\/p>\n<p>&nbsp;<\/p>\n","protected":false},"excerpt":{"rendered":"<p>F\u00e0ilte do bhloga Seirbheis Ce\u00f2l nan Eilean Siar Tha dualchas beairteach de che\u00f2l agus p\u00e0ilteas de th\u00e0lant anns na h-Eileanan Siar. Buinidh \u00e0ireamh mh\u00f2r de luchd-ci\u00f9il, cho math ri seinneadairean a tha air cli\u00f9 a chosnadh aig a\u2019 Mh\u00f2d N\u00e0iseanta, dha na coimhearsnachdan againne agus tha gu le\u00f2r dhiubh sin air a dhol air adhart [&hellip;]<\/p>\n","protected":false},"author":2072,"featured_media":0,"parent":0,"menu_order":0,"comment_status":"closed","ping_status":"closed","template":"","meta":{"footnotes":""},"class_list":["post-139","page","type-page","status-publish","hentry"],"_links":{"self":[{"href":"https:\/\/blogs.glowscotland.org.uk\/es\/ceoleileansiar\/wp-json\/wp\/v2\/pages\/139","targetHints":{"allow":["GET"]}}],"collection":[{"href":"https:\/\/blogs.glowscotland.org.uk\/es\/ceoleileansiar\/wp-json\/wp\/v2\/pages"}],"about":[{"href":"https:\/\/blogs.glowscotland.org.uk\/es\/ceoleileansiar\/wp-json\/wp\/v2\/types\/page"}],"author":[{"embeddable":true,"href":"https:\/\/blogs.glowscotland.org.uk\/es\/ceoleileansiar\/wp-json\/wp\/v2\/users\/2072"}],"replies":[{"embeddable":true,"href":"https:\/\/blogs.glowscotland.org.uk\/es\/ceoleileansiar\/wp-json\/wp\/v2\/comments?post=139"}],"version-history":[{"count":12,"href":"https:\/\/blogs.glowscotland.org.uk\/es\/ceoleileansiar\/wp-json\/wp\/v2\/pages\/139\/revisions"}],"predecessor-version":[{"id":398,"href":"https:\/\/blogs.glowscotland.org.uk\/es\/ceoleileansiar\/wp-json\/wp\/v2\/pages\/139\/revisions\/398"}],"wp:attachment":[{"href":"https:\/\/blogs.glowscotland.org.uk\/es\/ceoleileansiar\/wp-json\/wp\/v2\/media?parent=139"}],"curies":[{"name":"wp","href":"https:\/\/api.w.org\/{rel}","templated":true}]}}