{"id":13,"date":"2018-09-06T15:27:41","date_gmt":"2018-09-06T15:27:41","guid":{"rendered":"https:\/\/blogs.glowscotland.org.uk\/ed\/turnbullmodlangs\/?page_id=13"},"modified":"2018-10-22T14:58:02","modified_gmt":"2018-10-22T14:58:02","slug":"s2-french","status":"publish","type":"page","link":"https:\/\/blogs.glowscotland.org.uk\/ed\/turnbullmodlangs\/s2-french\/","title":{"rendered":"S2 French"},"content":{"rendered":"<h2>S2 Talking preparation<\/h2>\n<p><strong><u>Look at the example below and prepare a first draft of your talking assessment:<\/u><\/strong><\/p>\n<p><strong><u>S2 Talking Test. \u00c0 Table. <\/u><\/strong><\/p>\n<ul>\n<li>Prepare a short presentation (up to 1 minute) to perform for your teacher:<\/li>\n<li>What you eat and drink for breakfast?<\/li>\n<li>What you eat and drink at lunchtime?<\/li>\n<li>What is your favourite dish?<\/li>\n<\/ul>\n<p><strong>Presentation : Minimum length of answers are highlighted<\/strong><\/p>\n<p><em>Pour le petit d\u00e9jeuner, normalement, je mange du pain grill\u00e9 avec du beurre et de la confiture. Je bois du jus d\u2019orange. Le weekend, je prends des c\u00e9r\u00e9ales avec du lait et je bois du th\u00e9 avec du sucre.<\/em><\/p>\n<p><em>\u00a0<\/em><\/p>\n<p><em>Normalement \u00e0 l\u2019heure du d\u00e9jeuner, je mange du poulet<\/em><em>\/du poisson et des frites et (comme dessert,) un yaourt \u00e0 la fraise. Je bois un jus d\u2019orange\/ une bouteille d\u2019eau.\u00a0\u00a0 (\u2026un sandwich au jambon\/thon\/fromage\u2026une canette de coca\/une canette d\u2019Irn Bru).<\/em><\/p>\n<p><em>\u00a0<\/em><\/p>\n<p><em>Mon plat favori est&#8230;<\/em><em> les spaghettis \u00e0 la bolognaise, j\u2019adore les plats italiens.<\/em><\/p>\n<p><em>(le steak frites\/le poulet r\u00f4ti avec des frites\/le poisson avec des frites<\/em><\/p>\n<p><em>une pizza au fromage et au pepperoni\/\u00e0 l\u2019ananas\/au jambon)<\/em><\/p>\n<h2>S2 Preparation for Reading Test<\/h2>\n<p>Use the following link for some practice in preparation for your reading test;<\/p>\n<p><a href=\"https:\/\/www.languagesonline.org.uk\/French\/ET1\/NewET1U9\/Index.htm\">https:\/\/www.languagesonline.org.uk\/French\/ET1\/NewET1U9\/Index.htm<\/a><\/p>\n<p><a href=\"https:\/\/www.languagesonline.org.uk\/French\/ET2\/U1\/Shops\/Index.htm\">https:\/\/www.languagesonline.org.uk\/French\/ET2\/U1\/Shops\/Index.htm<\/a><\/p>\n<p><a href=\"https:\/\/www.languagesonline.org.uk\/French\/ET2\/U1\/Quantities\/Index.htm\">https:\/\/www.languagesonline.org.uk\/French\/ET2\/U1\/Quantities\/Index.htm<\/a><\/p>\n<p><a href=\"https:\/\/www.languagesonline.org.uk\/French\/ET2\/Partitives\/Index.htm\">https:\/\/www.languagesonline.org.uk\/French\/ET2\/Partitives\/Index.htm<\/a><\/p>\n<p><a href=\"https:\/\/www.languagesonline.org.uk\/French\/ET2\/U3\/Daily_Routine\/Index.htm\">https:\/\/www.languagesonline.org.uk\/French\/ET2\/U3\/Daily_Routine\/Index.htm<\/a><\/p>\n<p><a href=\"https:\/\/www.languagesonline.org.uk\/French\/ET2\/Boissons\/Index.htm\">https:\/\/www.languagesonline.org.uk\/French\/ET2\/Boissons\/Index.htm<\/a><\/p>\n<p><a href=\"https:\/\/www.languagesonline.org.uk\/French\/ET2\/Snacks\/Index.htm\">https:\/\/www.languagesonline.org.uk\/French\/ET2\/Snacks\/Index.htm<\/a><\/p>\n<h2>Sandwich Surprise poster<\/h2>\n<p>2HA look below at the vocab to support you with your poster due next Mon.<\/p>\n<p><img loading=\"lazy\" decoding=\"async\" data-attachment-id=\"197\" data-permalink=\"https:\/\/blogs.glowscotland.org.uk\/ed\/turnbullmodlangs\/s2-french\/sandwich-surprise\/\" data-orig-file=\"https:\/\/blogs.glowscotland.org.uk\/ed\/public\/turnbullmodlangs\/uploads\/sites\/3792\/2018\/10\/sandwich-surprise.png\" data-orig-size=\"1260,945\" data-comments-opened=\"1\" data-image-meta=\"{&quot;aperture&quot;:&quot;0&quot;,&quot;credit&quot;:&quot;&quot;,&quot;camera&quot;:&quot;&quot;,&quot;caption&quot;:&quot;&quot;,&quot;created_timestamp&quot;:&quot;0&quot;,&quot;copyright&quot;:&quot;&quot;,&quot;focal_length&quot;:&quot;0&quot;,&quot;iso&quot;:&quot;0&quot;,&quot;shutter_speed&quot;:&quot;0&quot;,&quot;title&quot;:&quot;&quot;,&quot;orientation&quot;:&quot;0&quot;}\" data-image-title=\"sandwich surprise\" data-image-description=\"\" data-image-caption=\"\" data-medium-file=\"https:\/\/glow-prod-ed.s3.eu-west-1.amazonaws.com\/ed\/public\/turnbullmodlangs\/uploads\/sites\/3792\/2018\/10\/sandwich-surprise-300x225.png?X-Amz-Content-Sha256=UNSIGNED-PAYLOAD&amp;X-Amz-Security-Token=IQoJb3JpZ2luX2VjELH%2F%2F%2F%2F%2F%2F%2F%2F%2F%2FwEaCWV1LXdlc3QtMSJGMEQCIE0m2Wo7EKe6%2FVuyk5MtR4OMFMT4Dt9CGiXUXb31SAJjAiBYNfJAtS%2BjQHZxW4FTPrYl2sNTjiBaMlIdvGwxgWMyQyq4BQh6EAUaDDI3MzU3MDE5NTQzMyIMP4L%2FXN3EcwvyiWleKpUFtkIDVKqhbB3zOV7niuD%2FbKwV34OawIc%2BJ%2BQCrmBcVbCUs%2BQYj8kuTOiDytXtpL1ObeyXseBX74%2BRwkGK3zaLomVQUdeBs%2BBqB2i8y5eh53U0xCP7jHbTB1KeNY2wz0fD6FcZqGEe85SA4U2Ep60jySdrgC0TVteUqSYotyyTDcp6z8DNHwt3K6dzQFUOUNaX%2FRSgWSuyJyxoNDjmB%2FpiMKg93FiTxIoA%2F0hj7p7ZWEyUO5fv6iO4cfxzWYUD77kN1n2K2hJkIEkz3SiYVgCcms1NnqDEsf0myI9PimlwrFN%2BUCENnhvDDQ7l5THW3h%2F6EblI7cQqnwSTXJ35I7L35%2BoirxKll%2BdBB4%2FK6G9kysHvJkPi2YJD2kKB7rUNk1dsYeTbwP60ivxgho78RxCCdTFAdNsUIKlFTfL%2FG7QR6wn25OGNDvwIUoQs0gd2csoWe7n0JgX6G1bDeQa1F8zMbwSJ6e17eLPuFCpt%2BNXoDKzZELjOkuGmtaNAnYdZhWORD0VfOGA1%2FID1ck3KZhdsyVUzToY0hkfOp5Zzf5QB6WIbC6tgQU8PpYnqA0OEcCOigOjSeDG76lk9sOsgj9SnJBDl05rXbHedhAb%2FMgkWeFQSioxiR%2BN3v1h%2FZJA4D%2FzZpSRaWzB0XMWdZbz0mZ8Z2%2Bydd%2BcaacwPFMwp6pbxI0eRXICuRDSjSaIpFOUc70g3gcbyRrXSo7VDOgWtpwnsNyhFq8ar%2B9IxcaaWC2NMZnZVDMpPX3c9pKLA97yI9BLnne0L9aN8M0uY5z%2BVH1aIVu3MlJaeMu15KIoC3g5bmJ3h2286qdK9osgxkP4g5yU2EArW1VJJkk9isrkYoRw413SeMLmtu%2BdQeJraWUSYQ94n%2Fp9oHzCZnJ3QBjqyAV%2F5FNKydI2lDxYTeIvqW6vk9Z8b7z%2FH8iRrQ2Y4uiZnLMHEFoeGKHJnf8uJGwlvd%2FBlvPePAWvgrP5f4bzpZyVAN%2Fu5eWD1LhMPQf9IZMRjylss2lkC%2FMP2sTDDugPcOnBIy9opGGnNfEJe9fyb36OpQN1cRSSHTT2v3QUaRuXp2E2fv%2FiaDcT7m%2BhNQQ75AFcY99f9XfAkz%2FrrH4LiD89aA8yBEviOC78%2FMl1h90fKDSQ%3D&amp;X-Amz-Algorithm=AWS4-HMAC-SHA256&amp;X-Amz-Credential=ASIAT7MQN47US772IVA3%2F20260515%2Feu-west-1%2Fs3%2Faws4_request&amp;X-Amz-Date=20260515T165817Z&amp;X-Amz-SignedHeaders=host&amp;X-Amz-Expires=900&amp;X-Amz-Signature=b91555a5dfbefb8cc58eb3a2d8e3bc51b75d9333a535926ec2892faa0cb012bf\" data-large-file=\"https:\/\/glow-prod-ed.s3.eu-west-1.amazonaws.com\/ed\/public\/turnbullmodlangs\/uploads\/sites\/3792\/2018\/10\/sandwich-surprise-1024x768.png?X-Amz-Content-Sha256=UNSIGNED-PAYLOAD&amp;X-Amz-Security-Token=IQoJb3JpZ2luX2VjELH%2F%2F%2F%2F%2F%2F%2F%2F%2F%2FwEaCWV1LXdlc3QtMSJGMEQCIE0m2Wo7EKe6%2FVuyk5MtR4OMFMT4Dt9CGiXUXb31SAJjAiBYNfJAtS%2BjQHZxW4FTPrYl2sNTjiBaMlIdvGwxgWMyQyq4BQh6EAUaDDI3MzU3MDE5NTQzMyIMP4L%2FXN3EcwvyiWleKpUFtkIDVKqhbB3zOV7niuD%2FbKwV34OawIc%2BJ%2BQCrmBcVbCUs%2BQYj8kuTOiDytXtpL1ObeyXseBX74%2BRwkGK3zaLomVQUdeBs%2BBqB2i8y5eh53U0xCP7jHbTB1KeNY2wz0fD6FcZqGEe85SA4U2Ep60jySdrgC0TVteUqSYotyyTDcp6z8DNHwt3K6dzQFUOUNaX%2FRSgWSuyJyxoNDjmB%2FpiMKg93FiTxIoA%2F0hj7p7ZWEyUO5fv6iO4cfxzWYUD77kN1n2K2hJkIEkz3SiYVgCcms1NnqDEsf0myI9PimlwrFN%2BUCENnhvDDQ7l5THW3h%2F6EblI7cQqnwSTXJ35I7L35%2BoirxKll%2BdBB4%2FK6G9kysHvJkPi2YJD2kKB7rUNk1dsYeTbwP60ivxgho78RxCCdTFAdNsUIKlFTfL%2FG7QR6wn25OGNDvwIUoQs0gd2csoWe7n0JgX6G1bDeQa1F8zMbwSJ6e17eLPuFCpt%2BNXoDKzZELjOkuGmtaNAnYdZhWORD0VfOGA1%2FID1ck3KZhdsyVUzToY0hkfOp5Zzf5QB6WIbC6tgQU8PpYnqA0OEcCOigOjSeDG76lk9sOsgj9SnJBDl05rXbHedhAb%2FMgkWeFQSioxiR%2BN3v1h%2FZJA4D%2FzZpSRaWzB0XMWdZbz0mZ8Z2%2Bydd%2BcaacwPFMwp6pbxI0eRXICuRDSjSaIpFOUc70g3gcbyRrXSo7VDOgWtpwnsNyhFq8ar%2B9IxcaaWC2NMZnZVDMpPX3c9pKLA97yI9BLnne0L9aN8M0uY5z%2BVH1aIVu3MlJaeMu15KIoC3g5bmJ3h2286qdK9osgxkP4g5yU2EArW1VJJkk9isrkYoRw413SeMLmtu%2BdQeJraWUSYQ94n%2Fp9oHzCZnJ3QBjqyAV%2F5FNKydI2lDxYTeIvqW6vk9Z8b7z%2FH8iRrQ2Y4uiZnLMHEFoeGKHJnf8uJGwlvd%2FBlvPePAWvgrP5f4bzpZyVAN%2Fu5eWD1LhMPQf9IZMRjylss2lkC%2FMP2sTDDugPcOnBIy9opGGnNfEJe9fyb36OpQN1cRSSHTT2v3QUaRuXp2E2fv%2FiaDcT7m%2BhNQQ75AFcY99f9XfAkz%2FrrH4LiD89aA8yBEviOC78%2FMl1h90fKDSQ%3D&amp;X-Amz-Algorithm=AWS4-HMAC-SHA256&amp;X-Amz-Credential=ASIAT7MQN47US772IVA3%2F20260515%2Feu-west-1%2Fs3%2Faws4_request&amp;X-Amz-Date=20260515T165817Z&amp;X-Amz-SignedHeaders=host&amp;X-Amz-Expires=900&amp;X-Amz-Signature=c5967fff58d1cb42a2426431906905b995291e41daeba835e5987f3ee4281782\" class=\"alignnone size-large wp-image-197\" src=\"https:\/\/glow-prod-ed.s3.eu-west-1.amazonaws.com\/ed\/public\/turnbullmodlangs\/uploads\/sites\/3792\/2018\/10\/sandwich-surprise-1024x768.png?X-Amz-Content-Sha256=UNSIGNED-PAYLOAD&#038;X-Amz-Security-Token=IQoJb3JpZ2luX2VjELH%2F%2F%2F%2F%2F%2F%2F%2F%2F%2FwEaCWV1LXdlc3QtMSJGMEQCIE0m2Wo7EKe6%2FVuyk5MtR4OMFMT4Dt9CGiXUXb31SAJjAiBYNfJAtS%2BjQHZxW4FTPrYl2sNTjiBaMlIdvGwxgWMyQyq4BQh6EAUaDDI3MzU3MDE5NTQzMyIMP4L%2FXN3EcwvyiWleKpUFtkIDVKqhbB3zOV7niuD%2FbKwV34OawIc%2BJ%2BQCrmBcVbCUs%2BQYj8kuTOiDytXtpL1ObeyXseBX74%2BRwkGK3zaLomVQUdeBs%2BBqB2i8y5eh53U0xCP7jHbTB1KeNY2wz0fD6FcZqGEe85SA4U2Ep60jySdrgC0TVteUqSYotyyTDcp6z8DNHwt3K6dzQFUOUNaX%2FRSgWSuyJyxoNDjmB%2FpiMKg93FiTxIoA%2F0hj7p7ZWEyUO5fv6iO4cfxzWYUD77kN1n2K2hJkIEkz3SiYVgCcms1NnqDEsf0myI9PimlwrFN%2BUCENnhvDDQ7l5THW3h%2F6EblI7cQqnwSTXJ35I7L35%2BoirxKll%2BdBB4%2FK6G9kysHvJkPi2YJD2kKB7rUNk1dsYeTbwP60ivxgho78RxCCdTFAdNsUIKlFTfL%2FG7QR6wn25OGNDvwIUoQs0gd2csoWe7n0JgX6G1bDeQa1F8zMbwSJ6e17eLPuFCpt%2BNXoDKzZELjOkuGmtaNAnYdZhWORD0VfOGA1%2FID1ck3KZhdsyVUzToY0hkfOp5Zzf5QB6WIbC6tgQU8PpYnqA0OEcCOigOjSeDG76lk9sOsgj9SnJBDl05rXbHedhAb%2FMgkWeFQSioxiR%2BN3v1h%2FZJA4D%2FzZpSRaWzB0XMWdZbz0mZ8Z2%2Bydd%2BcaacwPFMwp6pbxI0eRXICuRDSjSaIpFOUc70g3gcbyRrXSo7VDOgWtpwnsNyhFq8ar%2B9IxcaaWC2NMZnZVDMpPX3c9pKLA97yI9BLnne0L9aN8M0uY5z%2BVH1aIVu3MlJaeMu15KIoC3g5bmJ3h2286qdK9osgxkP4g5yU2EArW1VJJkk9isrkYoRw413SeMLmtu%2BdQeJraWUSYQ94n%2Fp9oHzCZnJ3QBjqyAV%2F5FNKydI2lDxYTeIvqW6vk9Z8b7z%2FH8iRrQ2Y4uiZnLMHEFoeGKHJnf8uJGwlvd%2FBlvPePAWvgrP5f4bzpZyVAN%2Fu5eWD1LhMPQf9IZMRjylss2lkC%2FMP2sTDDugPcOnBIy9opGGnNfEJe9fyb36OpQN1cRSSHTT2v3QUaRuXp2E2fv%2FiaDcT7m%2BhNQQ75AFcY99f9XfAkz%2FrrH4LiD89aA8yBEviOC78%2FMl1h90fKDSQ%3D&#038;X-Amz-Algorithm=AWS4-HMAC-SHA256&#038;X-Amz-Credential=ASIAT7MQN47US772IVA3%2F20260515%2Feu-west-1%2Fs3%2Faws4_request&#038;X-Amz-Date=20260515T165817Z&#038;X-Amz-SignedHeaders=host&#038;X-Amz-Expires=900&#038;X-Amz-Signature=c5967fff58d1cb42a2426431906905b995291e41daeba835e5987f3ee4281782\" alt=\"\" width=\"604\" height=\"453\" srcset=\"https:\/\/glow-prod-ed.s3.eu-west-1.amazonaws.com\/ed\/public\/turnbullmodlangs\/uploads\/sites\/3792\/2018\/10\/sandwich-surprise-1024x768.png?X-Amz-Content-Sha256=UNSIGNED-PAYLOAD&amp;X-Amz-Security-Token=IQoJb3JpZ2luX2VjELH%2F%2F%2F%2F%2F%2F%2F%2F%2F%2FwEaCWV1LXdlc3QtMSJGMEQCIE0m2Wo7EKe6%2FVuyk5MtR4OMFMT4Dt9CGiXUXb31SAJjAiBYNfJAtS%2BjQHZxW4FTPrYl2sNTjiBaMlIdvGwxgWMyQyq4BQh6EAUaDDI3MzU3MDE5NTQzMyIMP4L%2FXN3EcwvyiWleKpUFtkIDVKqhbB3zOV7niuD%2FbKwV34OawIc%2BJ%2BQCrmBcVbCUs%2BQYj8kuTOiDytXtpL1ObeyXseBX74%2BRwkGK3zaLomVQUdeBs%2BBqB2i8y5eh53U0xCP7jHbTB1KeNY2wz0fD6FcZqGEe85SA4U2Ep60jySdrgC0TVteUqSYotyyTDcp6z8DNHwt3K6dzQFUOUNaX%2FRSgWSuyJyxoNDjmB%2FpiMKg93FiTxIoA%2F0hj7p7ZWEyUO5fv6iO4cfxzWYUD77kN1n2K2hJkIEkz3SiYVgCcms1NnqDEsf0myI9PimlwrFN%2BUCENnhvDDQ7l5THW3h%2F6EblI7cQqnwSTXJ35I7L35%2BoirxKll%2BdBB4%2FK6G9kysHvJkPi2YJD2kKB7rUNk1dsYeTbwP60ivxgho78RxCCdTFAdNsUIKlFTfL%2FG7QR6wn25OGNDvwIUoQs0gd2csoWe7n0JgX6G1bDeQa1F8zMbwSJ6e17eLPuFCpt%2BNXoDKzZELjOkuGmtaNAnYdZhWORD0VfOGA1%2FID1ck3KZhdsyVUzToY0hkfOp5Zzf5QB6WIbC6tgQU8PpYnqA0OEcCOigOjSeDG76lk9sOsgj9SnJBDl05rXbHedhAb%2FMgkWeFQSioxiR%2BN3v1h%2FZJA4D%2FzZpSRaWzB0XMWdZbz0mZ8Z2%2Bydd%2BcaacwPFMwp6pbxI0eRXICuRDSjSaIpFOUc70g3gcbyRrXSo7VDOgWtpwnsNyhFq8ar%2B9IxcaaWC2NMZnZVDMpPX3c9pKLA97yI9BLnne0L9aN8M0uY5z%2BVH1aIVu3MlJaeMu15KIoC3g5bmJ3h2286qdK9osgxkP4g5yU2EArW1VJJkk9isrkYoRw413SeMLmtu%2BdQeJraWUSYQ94n%2Fp9oHzCZnJ3QBjqyAV%2F5FNKydI2lDxYTeIvqW6vk9Z8b7z%2FH8iRrQ2Y4uiZnLMHEFoeGKHJnf8uJGwlvd%2FBlvPePAWvgrP5f4bzpZyVAN%2Fu5eWD1LhMPQf9IZMRjylss2lkC%2FMP2sTDDugPcOnBIy9opGGnNfEJe9fyb36OpQN1cRSSHTT2v3QUaRuXp2E2fv%2FiaDcT7m%2BhNQQ75AFcY99f9XfAkz%2FrrH4LiD89aA8yBEviOC78%2FMl1h90fKDSQ%3D&amp;X-Amz-Algorithm=AWS4-HMAC-SHA256&amp;X-Amz-Credential=ASIAT7MQN47US772IVA3%2F20260515%2Feu-west-1%2Fs3%2Faws4_request&amp;X-Amz-Date=20260515T165817Z&amp;X-Amz-SignedHeaders=host&amp;X-Amz-Expires=900&amp;X-Amz-Signature=c5967fff58d1cb42a2426431906905b995291e41daeba835e5987f3ee4281782 1024w, https:\/\/glow-prod-ed.s3.eu-west-1.amazonaws.com\/ed\/public\/turnbullmodlangs\/uploads\/sites\/3792\/2018\/10\/sandwich-surprise-300x225.png?X-Amz-Content-Sha256=UNSIGNED-PAYLOAD&amp;X-Amz-Security-Token=IQoJb3JpZ2luX2VjELH%2F%2F%2F%2F%2F%2F%2F%2F%2F%2FwEaCWV1LXdlc3QtMSJGMEQCIE0m2Wo7EKe6%2FVuyk5MtR4OMFMT4Dt9CGiXUXb31SAJjAiBYNfJAtS%2BjQHZxW4FTPrYl2sNTjiBaMlIdvGwxgWMyQyq4BQh6EAUaDDI3MzU3MDE5NTQzMyIMP4L%2FXN3EcwvyiWleKpUFtkIDVKqhbB3zOV7niuD%2FbKwV34OawIc%2BJ%2BQCrmBcVbCUs%2BQYj8kuTOiDytXtpL1ObeyXseBX74%2BRwkGK3zaLomVQUdeBs%2BBqB2i8y5eh53U0xCP7jHbTB1KeNY2wz0fD6FcZqGEe85SA4U2Ep60jySdrgC0TVteUqSYotyyTDcp6z8DNHwt3K6dzQFUOUNaX%2FRSgWSuyJyxoNDjmB%2FpiMKg93FiTxIoA%2F0hj7p7ZWEyUO5fv6iO4cfxzWYUD77kN1n2K2hJkIEkz3SiYVgCcms1NnqDEsf0myI9PimlwrFN%2BUCENnhvDDQ7l5THW3h%2F6EblI7cQqnwSTXJ35I7L35%2BoirxKll%2BdBB4%2FK6G9kysHvJkPi2YJD2kKB7rUNk1dsYeTbwP60ivxgho78RxCCdTFAdNsUIKlFTfL%2FG7QR6wn25OGNDvwIUoQs0gd2csoWe7n0JgX6G1bDeQa1F8zMbwSJ6e17eLPuFCpt%2BNXoDKzZELjOkuGmtaNAnYdZhWORD0VfOGA1%2FID1ck3KZhdsyVUzToY0hkfOp5Zzf5QB6WIbC6tgQU8PpYnqA0OEcCOigOjSeDG76lk9sOsgj9SnJBDl05rXbHedhAb%2FMgkWeFQSioxiR%2BN3v1h%2FZJA4D%2FzZpSRaWzB0XMWdZbz0mZ8Z2%2Bydd%2BcaacwPFMwp6pbxI0eRXICuRDSjSaIpFOUc70g3gcbyRrXSo7VDOgWtpwnsNyhFq8ar%2B9IxcaaWC2NMZnZVDMpPX3c9pKLA97yI9BLnne0L9aN8M0uY5z%2BVH1aIVu3MlJaeMu15KIoC3g5bmJ3h2286qdK9osgxkP4g5yU2EArW1VJJkk9isrkYoRw413SeMLmtu%2BdQeJraWUSYQ94n%2Fp9oHzCZnJ3QBjqyAV%2F5FNKydI2lDxYTeIvqW6vk9Z8b7z%2FH8iRrQ2Y4uiZnLMHEFoeGKHJnf8uJGwlvd%2FBlvPePAWvgrP5f4bzpZyVAN%2Fu5eWD1LhMPQf9IZMRjylss2lkC%2FMP2sTDDugPcOnBIy9opGGnNfEJe9fyb36OpQN1cRSSHTT2v3QUaRuXp2E2fv%2FiaDcT7m%2BhNQQ75AFcY99f9XfAkz%2FrrH4LiD89aA8yBEviOC78%2FMl1h90fKDSQ%3D&amp;X-Amz-Algorithm=AWS4-HMAC-SHA256&amp;X-Amz-Credential=ASIAT7MQN47US772IVA3%2F20260515%2Feu-west-1%2Fs3%2Faws4_request&amp;X-Amz-Date=20260515T165817Z&amp;X-Amz-SignedHeaders=host&amp;X-Amz-Expires=900&amp;X-Amz-Signature=b91555a5dfbefb8cc58eb3a2d8e3bc51b75d9333a535926ec2892faa0cb012bf 300w, https:\/\/glow-prod-ed.s3.eu-west-1.amazonaws.com\/ed\/public\/turnbullmodlangs\/uploads\/sites\/3792\/2018\/10\/sandwich-surprise-768x576.png?X-Amz-Content-Sha256=UNSIGNED-PAYLOAD&amp;X-Amz-Security-Token=IQoJb3JpZ2luX2VjELH%2F%2F%2F%2F%2F%2F%2F%2F%2F%2FwEaCWV1LXdlc3QtMSJGMEQCIE0m2Wo7EKe6%2FVuyk5MtR4OMFMT4Dt9CGiXUXb31SAJjAiBYNfJAtS%2BjQHZxW4FTPrYl2sNTjiBaMlIdvGwxgWMyQyq4BQh6EAUaDDI3MzU3MDE5NTQzMyIMP4L%2FXN3EcwvyiWleKpUFtkIDVKqhbB3zOV7niuD%2FbKwV34OawIc%2BJ%2BQCrmBcVbCUs%2BQYj8kuTOiDytXtpL1ObeyXseBX74%2BRwkGK3zaLomVQUdeBs%2BBqB2i8y5eh53U0xCP7jHbTB1KeNY2wz0fD6FcZqGEe85SA4U2Ep60jySdrgC0TVteUqSYotyyTDcp6z8DNHwt3K6dzQFUOUNaX%2FRSgWSuyJyxoNDjmB%2FpiMKg93FiTxIoA%2F0hj7p7ZWEyUO5fv6iO4cfxzWYUD77kN1n2K2hJkIEkz3SiYVgCcms1NnqDEsf0myI9PimlwrFN%2BUCENnhvDDQ7l5THW3h%2F6EblI7cQqnwSTXJ35I7L35%2BoirxKll%2BdBB4%2FK6G9kysHvJkPi2YJD2kKB7rUNk1dsYeTbwP60ivxgho78RxCCdTFAdNsUIKlFTfL%2FG7QR6wn25OGNDvwIUoQs0gd2csoWe7n0JgX6G1bDeQa1F8zMbwSJ6e17eLPuFCpt%2BNXoDKzZELjOkuGmtaNAnYdZhWORD0VfOGA1%2FID1ck3KZhdsyVUzToY0hkfOp5Zzf5QB6WIbC6tgQU8PpYnqA0OEcCOigOjSeDG76lk9sOsgj9SnJBDl05rXbHedhAb%2FMgkWeFQSioxiR%2BN3v1h%2FZJA4D%2FzZpSRaWzB0XMWdZbz0mZ8Z2%2Bydd%2BcaacwPFMwp6pbxI0eRXICuRDSjSaIpFOUc70g3gcbyRrXSo7VDOgWtpwnsNyhFq8ar%2B9IxcaaWC2NMZnZVDMpPX3c9pKLA97yI9BLnne0L9aN8M0uY5z%2BVH1aIVu3MlJaeMu15KIoC3g5bmJ3h2286qdK9osgxkP4g5yU2EArW1VJJkk9isrkYoRw413SeMLmtu%2BdQeJraWUSYQ94n%2Fp9oHzCZnJ3QBjqyAV%2F5FNKydI2lDxYTeIvqW6vk9Z8b7z%2FH8iRrQ2Y4uiZnLMHEFoeGKHJnf8uJGwlvd%2FBlvPePAWvgrP5f4bzpZyVAN%2Fu5eWD1LhMPQf9IZMRjylss2lkC%2FMP2sTDDugPcOnBIy9opGGnNfEJe9fyb36OpQN1cRSSHTT2v3QUaRuXp2E2fv%2FiaDcT7m%2BhNQQ75AFcY99f9XfAkz%2FrrH4LiD89aA8yBEviOC78%2FMl1h90fKDSQ%3D&amp;X-Amz-Algorithm=AWS4-HMAC-SHA256&amp;X-Amz-Credential=ASIAT7MQN47US772IVA3%2F20260515%2Feu-west-1%2Fs3%2Faws4_request&amp;X-Amz-Date=20260515T165817Z&amp;X-Amz-SignedHeaders=host&amp;X-Amz-Expires=900&amp;X-Amz-Signature=5364b6c5ad3cb3f6de3c00ee92ba084dd25d0c8293e84935f8c7effc27d3f592 768w, https:\/\/blogs.glowscotland.org.uk\/ed\/public\/turnbullmodlangs\/uploads\/sites\/3792\/2018\/10\/sandwich-surprise.png 1260w\" sizes=\"auto, (max-width: 604px) 100vw, 604px\" \/><\/p>\n","protected":false},"excerpt":{"rendered":"<p>S2 Talking preparation Look at the example below and prepare a first draft of your talking assessment: S2 Talking Test. \u00c0 Table. Prepare a short presentation (up to 1 minute) to perform for your teacher: What you eat and drink for breakfast? What you eat and drink at lunchtime? What is your favourite dish? Presentation &hellip; <a href=\"https:\/\/blogs.glowscotland.org.uk\/ed\/turnbullmodlangs\/s2-french\/\" class=\"more-link\">Continue reading <span class=\"screen-reader-text\">S2 French<\/span> <span class=\"meta-nav\">&rarr;<\/span><\/a><\/p>\n","protected":false},"author":7565,"featured_media":0,"parent":0,"menu_order":0,"comment_status":"closed","ping_status":"closed","template":"","meta":{"footnotes":""},"class_list":["post-13","page","type-page","status-publish","hentry"],"_links":{"self":[{"href":"https:\/\/blogs.glowscotland.org.uk\/ed\/turnbullmodlangs\/wp-json\/wp\/v2\/pages\/13","targetHints":{"allow":["GET"]}}],"collection":[{"href":"https:\/\/blogs.glowscotland.org.uk\/ed\/turnbullmodlangs\/wp-json\/wp\/v2\/pages"}],"about":[{"href":"https:\/\/blogs.glowscotland.org.uk\/ed\/turnbullmodlangs\/wp-json\/wp\/v2\/types\/page"}],"author":[{"embeddable":true,"href":"https:\/\/blogs.glowscotland.org.uk\/ed\/turnbullmodlangs\/wp-json\/wp\/v2\/users\/7565"}],"replies":[{"embeddable":true,"href":"https:\/\/blogs.glowscotland.org.uk\/ed\/turnbullmodlangs\/wp-json\/wp\/v2\/comments?post=13"}],"version-history":[{"count":5,"href":"https:\/\/blogs.glowscotland.org.uk\/ed\/turnbullmodlangs\/wp-json\/wp\/v2\/pages\/13\/revisions"}],"predecessor-version":[{"id":225,"href":"https:\/\/blogs.glowscotland.org.uk\/ed\/turnbullmodlangs\/wp-json\/wp\/v2\/pages\/13\/revisions\/225"}],"wp:attachment":[{"href":"https:\/\/blogs.glowscotland.org.uk\/ed\/turnbullmodlangs\/wp-json\/wp\/v2\/media?parent=13"}],"curies":[{"name":"wp","href":"https:\/\/api.w.org\/{rel}","templated":true}]}}