{"id":155,"date":"2018-01-15T14:27:34","date_gmt":"2018-01-15T14:27:34","guid":{"rendered":"https:\/\/blogs.glowscotland.org.uk\/ea\/stpatrickpsmian2018\/?page_id=155"},"modified":"2025-02-27T14:08:24","modified_gmt":"2025-02-27T14:08:24","slug":"our-staff-2","status":"publish","type":"page","link":"https:\/\/blogs.glowscotland.org.uk\/ea\/stpatrickpsmian2018\/our-staff-2\/","title":{"rendered":"Meet the Team"},"content":{"rendered":"<p>&nbsp;<\/p>\n<p class=\"jetpack-slideshow-noscript robots-nocontent\">This slideshow requires JavaScript.<\/p><div id=\"gallery-155-1-slideshow\" class=\"jetpack-slideshow-window jetpack-slideshow jetpack-slideshow-black\" data-trans=\"fade\" data-autostart=\"1\" data-gallery=\"[{&quot;src&quot;:&quot;https:\\\/\\\/blogs.glowscotland.org.uk\\\/ea\\\/public\\\/stpatrickpsmian2018\\\/uploads\\\/sites\\\/7069\\\/2024\\\/06\\\/06101537\\\/me-rotated-e1717669118318.jpg&quot;,&quot;id&quot;:&quot;2895&quot;,&quot;title&quot;:&quot;me&quot;,&quot;alt&quot;:&quot;&quot;,&quot;caption&quot;:&quot;Mrs Bradley \\u0026#8211; Head Teacher&quot;,&quot;itemprop&quot;:&quot;image&quot;},{&quot;src&quot;:&quot;https:\\\/\\\/blogs.glowscotland.org.uk\\\/ea\\\/public\\\/stpatrickpsmian2018\\\/uploads\\\/sites\\\/7069\\\/2022\\\/05\\\/13151107\\\/SS.jpg&quot;,&quot;id&quot;:&quot;2312&quot;,&quot;title&quot;:&quot;SS&quot;,&quot;alt&quot;:&quot;&quot;,&quot;caption&quot;:&quot;Mrs Sinclair \\u0026#8211; Depute Head Teacher&quot;,&quot;itemprop&quot;:&quot;image&quot;},{&quot;src&quot;:&quot;https:\\\/\\\/blogs.glowscotland.org.uk\\\/ea\\\/public\\\/stpatrickpsmian2018\\\/uploads\\\/sites\\\/7069\\\/2022\\\/05\\\/13151108\\\/TR.jpg&quot;,&quot;id&quot;:&quot;2313&quot;,&quot;title&quot;:&quot;TR&quot;,&quot;alt&quot;:&quot;&quot;,&quot;caption&quot;:&quot;Mrs Reid \\u0026#8211; Senior Clerical Officer&quot;,&quot;itemprop&quot;:&quot;image&quot;},{&quot;src&quot;:&quot;https:\\\/\\\/blogs.glowscotland.org.uk\\\/ea\\\/public\\\/stpatrickpsmian2018\\\/uploads\\\/sites\\\/7069\\\/2022\\\/05\\\/13151103\\\/HG.jpg&quot;,&quot;id&quot;:&quot;2307&quot;,&quot;title&quot;:&quot;HG&quot;,&quot;alt&quot;:&quot;&quot;,&quot;caption&quot;:&quot;Mrs Goudie \\u0026#8211; Classroom Assistant&quot;,&quot;itemprop&quot;:&quot;image&quot;},{&quot;src&quot;:&quot;https:\\\/\\\/blogs.glowscotland.org.uk\\\/ea\\\/public\\\/stpatrickpsmian2018\\\/uploads\\\/sites\\\/7069\\\/2022\\\/05\\\/13151106\\\/NQ.jpg&quot;,&quot;id&quot;:&quot;2310&quot;,&quot;title&quot;:&quot;NQ&quot;,&quot;alt&quot;:&quot;&quot;,&quot;caption&quot;:&quot;Mrs Tennant \\u0026#8211; Class Teacher&quot;,&quot;itemprop&quot;:&quot;image&quot;},{&quot;src&quot;:&quot;https:\\\/\\\/blogs.glowscotland.org.uk\\\/ea\\\/public\\\/stpatrickpsmian2018\\\/uploads\\\/sites\\\/7069\\\/2022\\\/05\\\/13151102\\\/CD.jpg&quot;,&quot;id&quot;:&quot;2306&quot;,&quot;title&quot;:&quot;CD&quot;,&quot;alt&quot;:&quot;&quot;,&quot;caption&quot;:&quot;Mrs Dumigan \\u0026#8211; Class Teacher&quot;,&quot;itemprop&quot;:&quot;image&quot;},{&quot;src&quot;:&quot;https:\\\/\\\/blogs.glowscotland.org.uk\\\/ea\\\/public\\\/stpatrickpsmian2018\\\/uploads\\\/sites\\\/7069\\\/2022\\\/05\\\/13151109\\\/UnS.jpg&quot;,&quot;id&quot;:&quot;2314&quot;,&quot;title&quot;:&quot;UnS&quot;,&quot;alt&quot;:&quot;&quot;,&quot;caption&quot;:&quot;Miss N\\u00ed\\u00a0Sh\\u00failleabh\\u00e1in \\u0026#8211; Class Teacher&quot;,&quot;itemprop&quot;:&quot;image&quot;},{&quot;src&quot;:&quot;https:\\\/\\\/blogs.glowscotland.org.uk\\\/ea\\\/public\\\/stpatrickpsmian2018\\\/uploads\\\/sites\\\/7069\\\/2022\\\/05\\\/13151110\\\/YL.jpg&quot;,&quot;id&quot;:&quot;2315&quot;,&quot;title&quot;:&quot;YL&quot;,&quot;alt&quot;:&quot;&quot;,&quot;caption&quot;:&quot;Mrs Lawrie \\u0026#8211; Class Teacher&quot;,&quot;itemprop&quot;:&quot;image&quot;},{&quot;src&quot;:&quot;https:\\\/\\\/blogs.glowscotland.org.uk\\\/ea\\\/public\\\/stpatrickpsmian2018\\\/uploads\\\/sites\\\/7069\\\/2024\\\/06\\\/06092532\\\/IMG_0910.jpg&quot;,&quot;id&quot;:&quot;2889&quot;,&quot;title&quot;:&quot;IMG_0910&quot;,&quot;alt&quot;:&quot;&quot;,&quot;caption&quot;:&quot;Mrs Duffy \\u0026#8211; Class Teacher&quot;,&quot;itemprop&quot;:&quot;image&quot;},{&quot;src&quot;:&quot;https:\\\/\\\/blogs.glowscotland.org.uk\\\/ea\\\/public\\\/stpatrickpsmian2018\\\/uploads\\\/sites\\\/7069\\\/2024\\\/06\\\/06092136\\\/IMG_0908.jpg&quot;,&quot;id&quot;:&quot;2887&quot;,&quot;title&quot;:&quot;IMG_0908&quot;,&quot;alt&quot;:&quot;&quot;,&quot;caption&quot;:&quot;Mr Logan \\u0026#8211; Facilities Assistant&quot;,&quot;itemprop&quot;:&quot;image&quot;},{&quot;src&quot;:&quot;https:\\\/\\\/blogs.glowscotland.org.uk\\\/ea\\\/public\\\/stpatrickpsmian2018\\\/uploads\\\/sites\\\/7069\\\/2024\\\/06\\\/06092123\\\/IMG_0904.jpg&quot;,&quot;id&quot;:&quot;2883&quot;,&quot;title&quot;:&quot;IMG_0904&quot;,&quot;alt&quot;:&quot;&quot;,&quot;caption&quot;:&quot;Mrs Rennie \\u0026#8211; Classroom Assistant&quot;,&quot;itemprop&quot;:&quot;image&quot;}]\" itemscope itemtype=\"https:\/\/schema.org\/ImageGallery\"><\/div>\n<h3 style=\"text-align: center\"><span style=\"color: #008000\">Meet the people who make our school a great place to learn.<\/span><\/h3>\n<h3 style=\"text-align: center\"><strong><span style=\"color: #008000\">Head Teacher<\/span><\/strong><\/h3>\n<p style=\"text-align: center\"><strong>Mrs Marianne Bradley<\/strong><\/p>\n<h3 style=\"text-align: center\"><strong><span style=\"color: #008000\">Depute Head Teacher\u00a0<\/span><\/strong><\/h3>\n<p style=\"text-align: center\"><strong>\u00a0Mrs Sharon Sinclair\u00a0 <\/strong>(P7 Mon, Thur, Fri)<\/p>\n<h3 style=\"text-align: center\"><strong><span style=\"color: #008000\">Class Teachers<\/span><\/strong><\/h3>\n<p style=\"text-align: center\"><span style=\"font-size: 1rem\"><strong>Miss Courtney Thorpe <\/strong>(P7 Tues &amp; Wed, P3\/4 Mon)<\/span><\/p>\n<p style=\"text-align: center\"><strong><span style=\"font-size: 1rem\">Mrs Natalie Tennant <\/span><\/strong>(P6)<\/p>\n<p style=\"text-align: center\"><span style=\"font-size: 1rem\"><strong>Miss <\/strong><\/span><span style=\"font-size: 1rem\"><strong>\u00dana N\u00ed Sh\u00failleabh\u00e1in<\/strong> <\/span>(P5)<\/p>\n<p style=\"text-align: center\"><span style=\"font-size: 1rem\"><strong>Mrs Chelsea Dumigan<\/strong> (P3\/4 Tues &#8211; Fri)<\/span><\/p>\n<p style=\"text-align: center\"><span style=\"font-size: 1rem\"><strong>Mrs Kay Duffy<\/strong> (P2\/3)<\/span><\/p>\n<p style=\"text-align: center\"><strong>Mrs Yvonne Lawrie<\/strong> (P1)<\/p>\n<p style=\"text-align: center\"><strong>Miss Karen Love <\/strong>(NCCT &#8211; Thurs\u00a0 &amp; Fri)<\/p>\n<h3 style=\"text-align: center\"><strong><span style=\"color: #008000\">Senior Clerical Officer<\/span><\/strong><\/h3>\n<p style=\"text-align: center\"><strong>Mrs Theresa Reid<\/strong><\/p>\n<h3 style=\"text-align: center\"><strong><span style=\"color: #008000\">Pupil Support Assistants<\/span><\/strong><\/h3>\n<p style=\"text-align: center\"><strong>Mrs Helen Goudie<\/strong><\/p>\n<p style=\"text-align: center\"><strong>Mrs Tracey Rennie<\/strong><\/p>\n<h3 style=\"text-align: center\"><strong><span style=\"color: #008000\">Janitor<\/span><\/strong><\/h3>\n<p style=\"text-align: center\"><strong>Mr Jack Logan<\/strong><\/p>\n<h3 style=\"text-align: center\"><strong><span style=\"color: #008000\">Catering Staff<\/span><\/strong><\/h3>\n<p style=\"text-align: center\"><strong>Lynn Houston (Catering Manager)<\/strong><\/p>\n<p style=\"text-align: center\"><strong>Janey Berry<\/strong><\/p>\n<p style=\"text-align: center\"><strong>Pauline McColl<\/strong><\/p>\n<h3 style=\"text-align: center\"><strong><span style=\"color: #008000\">Cleaning Staff<\/span><\/strong><\/h3>\n<p style=\"text-align: center\"><strong>Pauline McColl<\/strong><\/p>\n<h3 style=\"text-align: center\"><strong><span style=\"color: #008000\">EAST Teacher (Mon &amp; Wed)<\/span><\/strong><\/h3>\n<p style=\"text-align: center\"><strong>Miss Lyndsey Thomson<\/strong><\/p>\n<h3 style=\"text-align: center\"><strong><span style=\"color: #008000\">Active School Co-ordinator<\/span><\/strong><\/h3>\n<p style=\"text-align: center\"><strong>Mr Barry Holmes<\/strong><\/p>\n<h3 style=\"text-align: center\"><strong><span style=\"color: #008000\">Educational Psychologist<\/span><\/strong><\/h3>\n<p style=\"text-align: center\"><strong>Lorraine Rodden<\/strong><\/p>\n<h3 style=\"text-align: center\"><strong><span style=\"color: #008000\">School Nurse<\/span><\/strong><\/h3>\n<p style=\"text-align: center\"><strong>Natalie Sinclair<\/strong><\/p>\n<h3 style=\"text-align: center\"><strong><span style=\"color: #008000\">School Chaplin<\/span><\/strong><\/h3>\n<p style=\"text-align: center\"><strong>Fr Philip Kitchen<\/strong><\/p>\n<p style=\"text-align: center\"><strong><span style=\"color: #008000\">Our team of professionals bring a vast range of experience, expertise and commitment <\/span><\/strong><strong><span style=\"color: #008000\">to St Patrick\u2019s Primary School.<\/span><\/strong><\/p>\n","protected":false},"excerpt":{"rendered":"<p>&nbsp; Meet the people who make our school a great place to learn. Head Teacher Mrs Marianne Bradley Depute Head Teacher\u00a0 \u00a0Mrs Sharon Sinclair\u00a0 (P7 Mon, Thur, Fri) Class Teachers Miss Courtney Thorpe (P7 Tues &amp; Wed, P3\/4 Mon) Mrs Natalie Tennant (P6) Miss \u00dana N\u00ed Sh\u00failleabh\u00e1in (P5) Mrs Chelsea Dumigan (P3\/4 Tues &#8211; Fri) &hellip; <a href=\"https:\/\/blogs.glowscotland.org.uk\/ea\/stpatrickpsmian2018\/our-staff-2\/\" class=\"more-link\">Continue reading <span class=\"screen-reader-text\">Meet the Team<\/span> <span class=\"meta-nav\">&rarr;<\/span><\/a><\/p>\n","protected":false},"author":2780,"featured_media":0,"parent":0,"menu_order":2,"comment_status":"closed","ping_status":"closed","template":"","meta":{"footnotes":""},"class_list":["post-155","page","type-page","status-publish","hentry"],"jetpack_sharing_enabled":true,"_links":{"self":[{"href":"https:\/\/blogs.glowscotland.org.uk\/ea\/stpatrickpsmian2018\/wp-json\/wp\/v2\/pages\/155","targetHints":{"allow":["GET"]}}],"collection":[{"href":"https:\/\/blogs.glowscotland.org.uk\/ea\/stpatrickpsmian2018\/wp-json\/wp\/v2\/pages"}],"about":[{"href":"https:\/\/blogs.glowscotland.org.uk\/ea\/stpatrickpsmian2018\/wp-json\/wp\/v2\/types\/page"}],"author":[{"embeddable":true,"href":"https:\/\/blogs.glowscotland.org.uk\/ea\/stpatrickpsmian2018\/wp-json\/wp\/v2\/users\/2780"}],"replies":[{"embeddable":true,"href":"https:\/\/blogs.glowscotland.org.uk\/ea\/stpatrickpsmian2018\/wp-json\/wp\/v2\/comments?post=155"}],"version-history":[{"count":42,"href":"https:\/\/blogs.glowscotland.org.uk\/ea\/stpatrickpsmian2018\/wp-json\/wp\/v2\/pages\/155\/revisions"}],"predecessor-version":[{"id":3076,"href":"https:\/\/blogs.glowscotland.org.uk\/ea\/stpatrickpsmian2018\/wp-json\/wp\/v2\/pages\/155\/revisions\/3076"}],"wp:attachment":[{"href":"https:\/\/blogs.glowscotland.org.uk\/ea\/stpatrickpsmian2018\/wp-json\/wp\/v2\/media?parent=155"}],"curies":[{"name":"wp","href":"https:\/\/api.w.org\/{rel}","templated":true}]}}