{"id":29,"date":"2021-12-18T12:13:09","date_gmt":"2021-12-18T12:13:09","guid":{"rendered":"https:\/\/blogs.glowscotland.org.uk\/ea\/sgoilaraichnacoillenuaidh\/?page_id=29"},"modified":"2021-12-18T12:13:09","modified_gmt":"2021-12-18T12:13:09","slug":"shanarri","status":"publish","type":"page","link":"https:\/\/blogs.glowscotland.org.uk\/ea\/sgoilaraichnacoillenuaidh\/shanarri\/","title":{"rendered":"SHANARRI"},"content":{"rendered":"<p><a href=\"https:\/\/blogs.glowscotland.org.uk\/ea\/public\/sgoilaraichnacoillenuaidh\/uploads\/sites\/19012\/2021\/12\/18120803\/What-is-SHANARRI_.pdf\">What-is-SHANARRI_<\/a><\/p>\n<p>This is what SHANARRI looks like in Sgoil-\u00c0raich na Coille Nuaidh<\/p>\n<p><a href=\"https:\/\/blogs.glowscotland.org.uk\/ea\/public\/sgoilaraichnacoillenuaidh\/uploads\/sites\/19012\/2021\/12\/18120919\/SHANNARI-in-Sgoil-Araich-na-Coille-Nuaidh-SAFE.pdf\">SHANNARI-in-Sgoil-\u00c0raich-na-Coille-Nuaidh-SAFE<\/a><\/p>\n<p><a href=\"https:\/\/blogs.glowscotland.org.uk\/ea\/public\/sgoilaraichnacoillenuaidh\/uploads\/sites\/19012\/2021\/12\/18121038\/SHANNARI-in-Sgoil-Araich-na-Coille-Nuaidh-HEALTHY.pdf\">SHANNARI-in-Sgoil-\u00c0raich-na-Coille-Nuaidh-HEALTHY<\/a><\/p>\n<p><a href=\"https:\/\/blogs.glowscotland.org.uk\/ea\/public\/sgoilaraichnacoillenuaidh\/uploads\/sites\/19012\/2021\/12\/18121102\/SHANNARI-in-Sgoil-Araich-na-Coille-Nuaidh-ACHIEVING.pdf\">SHANNARI-in-Sgoil-\u00c0raich-na-Coille-Nuaidh-ACHIEVING<\/a><\/p>\n<p><a href=\"https:\/\/blogs.glowscotland.org.uk\/ea\/public\/sgoilaraichnacoillenuaidh\/uploads\/sites\/19012\/2021\/12\/18121117\/SHANNARI-in-Sgoil-Araich-na-Coille-Nuaidh-NURTURED.pdf\">SHANNARI-in-Sgoil-\u00c0raich-na-Coille-Nuaidh-NURTURED<\/a><\/p>\n<p><a href=\"https:\/\/blogs.glowscotland.org.uk\/ea\/public\/sgoilaraichnacoillenuaidh\/uploads\/sites\/19012\/2021\/12\/18121132\/SHANNARI-in-Sgoil-Araich-na-Coille-Nuaidh-ACTIVE.pdf\">SHANNARI-in-Sgoil-\u00c0raich-na-Coille-Nuaidh-ACTIVE<\/a><\/p>\n<p><a href=\"https:\/\/blogs.glowscotland.org.uk\/ea\/public\/sgoilaraichnacoillenuaidh\/uploads\/sites\/19012\/2021\/12\/18121236\/SHANNARI-in-Sgoil-Araich-na-Coille-Nuaidh-RESPECTED.pdf\">SHANNARI-in-Sgoil-\u00c0raich-na-Coille-Nuaidh-RESPECTED<\/a><\/p>\n<p><a href=\"https:\/\/blogs.glowscotland.org.uk\/ea\/public\/sgoilaraichnacoillenuaidh\/uploads\/sites\/19012\/2021\/12\/18121250\/SHANNARI-in-Sgoil-Araich-na-Coille-Nuaidh-RESPONSIBLE.pdf\">SHANNARI-in-Sgoil-\u00c0raich-na-Coille-Nuaidh-RESPONSIBLE<\/a><\/p>\n<p><a href=\"https:\/\/blogs.glowscotland.org.uk\/ea\/public\/sgoilaraichnacoillenuaidh\/uploads\/sites\/19012\/2021\/12\/18121302\/SHANNARI-in-Sgoil-Araich-na-Coille-Nuaidh-INCLUDED.pdf\">SHANNARI-in-Sgoil-\u00c0raich-na-Coille-Nuaidh-INCLUDED<\/a><\/p>\n","protected":false},"excerpt":{"rendered":"<p>What-is-SHANARRI_ This is what SHANARRI looks like in Sgoil-\u00c0raich na Coille Nuaidh SHANNARI-in-Sgoil-\u00c0raich-na-Coille-Nuaidh-SAFE SHANNARI-in-Sgoil-\u00c0raich-na-Coille-Nuaidh-HEALTHY SHANNARI-in-Sgoil-\u00c0raich-na-Coille-Nuaidh-ACHIEVING SHANNARI-in-Sgoil-\u00c0raich-na-Coille-Nuaidh-NURTURED SHANNARI-in-Sgoil-\u00c0raich-na-Coille-Nuaidh-ACTIVE SHANNARI-in-Sgoil-\u00c0raich-na-Coille-Nuaidh-RESPECTED SHANNARI-in-Sgoil-\u00c0raich-na-Coille-Nuaidh-RESPONSIBLE SHANNARI-in-Sgoil-\u00c0raich-na-Coille-Nuaidh-INCLUDED<\/p>\n","protected":false},"author":3654,"featured_media":0,"parent":0,"menu_order":5,"comment_status":"closed","ping_status":"closed","template":"","meta":{"footnotes":""},"class_list":["post-29","page","type-page","status-publish","hentry"],"_links":{"self":[{"href":"https:\/\/blogs.glowscotland.org.uk\/ea\/sgoilaraichnacoillenuaidh\/wp-json\/wp\/v2\/pages\/29","targetHints":{"allow":["GET"]}}],"collection":[{"href":"https:\/\/blogs.glowscotland.org.uk\/ea\/sgoilaraichnacoillenuaidh\/wp-json\/wp\/v2\/pages"}],"about":[{"href":"https:\/\/blogs.glowscotland.org.uk\/ea\/sgoilaraichnacoillenuaidh\/wp-json\/wp\/v2\/types\/page"}],"author":[{"embeddable":true,"href":"https:\/\/blogs.glowscotland.org.uk\/ea\/sgoilaraichnacoillenuaidh\/wp-json\/wp\/v2\/users\/3654"}],"replies":[{"embeddable":true,"href":"https:\/\/blogs.glowscotland.org.uk\/ea\/sgoilaraichnacoillenuaidh\/wp-json\/wp\/v2\/comments?post=29"}],"version-history":[{"count":1,"href":"https:\/\/blogs.glowscotland.org.uk\/ea\/sgoilaraichnacoillenuaidh\/wp-json\/wp\/v2\/pages\/29\/revisions"}],"predecessor-version":[{"id":41,"href":"https:\/\/blogs.glowscotland.org.uk\/ea\/sgoilaraichnacoillenuaidh\/wp-json\/wp\/v2\/pages\/29\/revisions\/41"}],"wp:attachment":[{"href":"https:\/\/blogs.glowscotland.org.uk\/ea\/sgoilaraichnacoillenuaidh\/wp-json\/wp\/v2\/media?parent=29"}],"curies":[{"name":"wp","href":"https:\/\/api.w.org\/{rel}","templated":true}]}}