{"id":119,"date":"2023-01-25T18:07:52","date_gmt":"2023-01-25T18:07:52","guid":{"rendered":"https:\/\/blogs.glowscotland.org.uk\/ea\/sgoilaraichnacoillenuaidh\/?page_id=119"},"modified":"2023-06-09T18:26:08","modified_gmt":"2023-06-09T17:26:08","slug":"events-in-the-sgoil-araich","status":"publish","type":"page","link":"https:\/\/blogs.glowscotland.org.uk\/ea\/sgoilaraichnacoillenuaidh\/events-in-the-sgoil-araich\/","title":{"rendered":"Events in the Sgoil-\u00c0raich"},"content":{"rendered":"<p>June 2023<\/p>\n<p><img loading=\"lazy\" decoding=\"async\" class=\"aligncenter wp-image-251\" src=\"https:\/\/blogs.glowscotland.org.uk\/ea\/public\/sgoilaraichnacoillenuaidh\/uploads\/sites\/19012\/2023\/06\/09125147\/Screenshot-2023-06-09-104754-150x150.png\" alt=\"\" width=\"281\" height=\"281\" \/><\/p>\n<p>B\u2019 e Diardaoin Latha Cuantan na Cruinne agus chomharraich sinn a h-uile c\u00e0il uisge.<br \/>\nThursday was World Oceans Day and we celebrated all things water.<\/p>\n<p><a href=\"https:\/\/www.canva.com\/design\/DAFlThssp_0\/l50TzW6oDqQwwOQXEb5o6A\/edit?utm_content=DAFlThssp_0&amp;utm_campaign=designshare&amp;utm_medium=link2&amp;utm_source=sharebutton\">https:\/\/www.canva.com\/design\/DAFlThssp_0\/l50TzW6oDqQwwOQXEb5o6A\/edit?utm_content=DAFlThssp_0&amp;utm_campaign=designshare&amp;utm_medium=link2&amp;utm_source=sharebutton<\/a><\/p>\n<p><img loading=\"lazy\" decoding=\"async\" class=\"aligncenter wp-image-247\" src=\"https:\/\/blogs.glowscotland.org.uk\/ea\/public\/sgoilaraichnacoillenuaidh\/uploads\/sites\/19012\/2023\/06\/09104452\/Oceans-Day-2023-150x150.png\" alt=\"\" width=\"247\" height=\"247\" srcset=\"https:\/\/blogs.glowscotland.org.uk\/ea\/public\/sgoilaraichnacoillenuaidh\/uploads\/sites\/19012\/2023\/06\/09104452\/Oceans-Day-2023-150x150.png 150w, https:\/\/blogs.glowscotland.org.uk\/ea\/public\/sgoilaraichnacoillenuaidh\/uploads\/sites\/19012\/2023\/06\/09104452\/Oceans-Day-2023-300x300.png 300w, https:\/\/blogs.glowscotland.org.uk\/ea\/public\/sgoilaraichnacoillenuaidh\/uploads\/sites\/19012\/2023\/06\/09104452\/Oceans-Day-2023-1024x1024.png 1024w, https:\/\/blogs.glowscotland.org.uk\/ea\/public\/sgoilaraichnacoillenuaidh\/uploads\/sites\/19012\/2023\/06\/09104452\/Oceans-Day-2023-768x768.png 768w, https:\/\/blogs.glowscotland.org.uk\/ea\/public\/sgoilaraichnacoillenuaidh\/uploads\/sites\/19012\/2023\/06\/09104452\/Oceans-Day-2023.png 1260w\" sizes=\"auto, (max-width: 247px) 100vw, 247px\" \/><\/p>\n<p>May 2023<\/p>\n<p>Bha sinn uabhasach trang a\u2019 tomhas.\/We were very busy measuring.<\/p>\n<div style=\"width: 660px;\" class=\"wp-video\"><!--[if lt IE 9]><script>document.createElement('video');<\/script><![endif]-->\n<video class=\"wp-video-shortcode\" id=\"video-119-1\" width=\"660\" height=\"660\" preload=\"metadata\" controls=\"controls\"><source type=\"video\/mp4\" src=\"https:\/\/blogs.glowscotland.org.uk\/ea\/public\/sgoilaraichnacoillenuaidh\/uploads\/sites\/19012\/2023\/05\/21181136\/Tomhais-hearts.mp4?_=1\" \/><a href=\"https:\/\/blogs.glowscotland.org.uk\/ea\/public\/sgoilaraichnacoillenuaidh\/uploads\/sites\/19012\/2023\/05\/21181136\/Tomhais-hearts.mp4\">https:\/\/blogs.glowscotland.org.uk\/ea\/public\/sgoilaraichnacoillenuaidh\/uploads\/sites\/19012\/2023\/05\/21181136\/Tomhais-hearts.mp4<\/a><\/video><\/div>\n<p>April 2023<\/p>\n<pre class=\"tw-data-text tw-text-large tw-ta\" data-placeholder=\"Translation\"><span class=\"Y2IQFc\" lang=\"gd\">An-diugh bha sinn a-muigh a\u2019 coimhead airson duilleagan is fl\u00f9raichean.\r\n\r\n<\/span>Today we were outside looking for leaves and flowers.<\/pre>\n<div style=\"width: 660px;\" class=\"wp-video\"><video class=\"wp-video-shortcode\" id=\"video-119-2\" width=\"660\" height=\"935\" preload=\"metadata\" controls=\"controls\"><source type=\"video\/mp4\" src=\"https:\/\/blogs.glowscotland.org.uk\/ea\/public\/sgoilaraichnacoillenuaidh\/uploads\/sites\/19012\/2023\/04\/21093748\/Yellow-Watercolor-Wild-Flowers-Notes-A4-Document.mp4?_=2\" \/><a href=\"https:\/\/blogs.glowscotland.org.uk\/ea\/public\/sgoilaraichnacoillenuaidh\/uploads\/sites\/19012\/2023\/04\/21093748\/Yellow-Watercolor-Wild-Flowers-Notes-A4-Document.mp4\">https:\/\/blogs.glowscotland.org.uk\/ea\/public\/sgoilaraichnacoillenuaidh\/uploads\/sites\/19012\/2023\/04\/21093748\/Yellow-Watercolor-Wild-Flowers-Notes-A4-Document.mp4<\/a><\/video><\/div>\n<p>March 2023<\/p>\n<p>Abair deagh \u00f9ine a bh\u2019 againn leis na caraidean \u00f9ra Kris agus Scott, a thug an carbad-eiridinn aca gus sealltainn dhuinn agus teagasg dhuinn uile mu na diofar uidheamachd a tha na bhroinn.<\/p>\n<p>What a super time we had with our new caraidean Kris and Scott, who brought their ambulance to show us and teach us all about the different equipment inside it.<\/p>\n<div style=\"width: 660px;\" class=\"wp-video\"><video class=\"wp-video-shortcode\" id=\"video-119-3\" width=\"660\" height=\"1173\" preload=\"metadata\" controls=\"controls\"><source type=\"video\/mp4\" src=\"https:\/\/blogs.glowscotland.org.uk\/ea\/public\/sgoilaraichnacoillenuaidh\/uploads\/sites\/19012\/2023\/03\/10194230\/Ambulance-visit-March-2023.mp4?_=3\" \/><a href=\"https:\/\/blogs.glowscotland.org.uk\/ea\/public\/sgoilaraichnacoillenuaidh\/uploads\/sites\/19012\/2023\/03\/10194230\/Ambulance-visit-March-2023.mp4\">https:\/\/blogs.glowscotland.org.uk\/ea\/public\/sgoilaraichnacoillenuaidh\/uploads\/sites\/19012\/2023\/03\/10194230\/Ambulance-visit-March-2023.mp4<\/a><\/video><\/div>\n<p>&nbsp;<\/p>\n<p>&nbsp;<\/p>\n<p>March 2023<\/p>\n<p>Bha sinn cho fortanach H\u00f9b H\u00e0b a mhealtainn c\u00f2mhla ri ar caraidean ann an Clas 1-3.<\/p>\n<p>We were so fortunate to enjoy H\u00f9b H\u00e0b with our friends in Clas 1-3.<\/p>\n<div style=\"width: 660px;\" class=\"wp-video\"><video class=\"wp-video-shortcode\" id=\"video-119-4\" width=\"660\" height=\"371\" preload=\"metadata\" controls=\"controls\"><source type=\"video\/mp4\" src=\"https:\/\/blogs.glowscotland.org.uk\/ea\/public\/sgoilaraichnacoillenuaidh\/uploads\/sites\/19012\/2023\/03\/09142922\/Hub-Hab.mp4?_=4\" \/><a href=\"https:\/\/blogs.glowscotland.org.uk\/ea\/public\/sgoilaraichnacoillenuaidh\/uploads\/sites\/19012\/2023\/03\/09142922\/Hub-Hab.mp4\">https:\/\/blogs.glowscotland.org.uk\/ea\/public\/sgoilaraichnacoillenuaidh\/uploads\/sites\/19012\/2023\/03\/09142922\/Hub-Hab.mp4<\/a><\/video><\/div>\n<p>March 2023<\/p>\n<div style=\"width: 660px;\" class=\"wp-video\"><video class=\"wp-video-shortcode\" id=\"video-119-5\" width=\"660\" height=\"660\" preload=\"metadata\" controls=\"controls\"><source type=\"video\/mp4\" src=\"https:\/\/blogs.glowscotland.org.uk\/ea\/public\/sgoilaraichnacoillenuaidh\/uploads\/sites\/19012\/2023\/03\/03141605\/World-book-day-parents.mp4?_=5\" \/><a href=\"https:\/\/blogs.glowscotland.org.uk\/ea\/public\/sgoilaraichnacoillenuaidh\/uploads\/sites\/19012\/2023\/03\/03141605\/World-book-day-parents.mp4\">https:\/\/blogs.glowscotland.org.uk\/ea\/public\/sgoilaraichnacoillenuaidh\/uploads\/sites\/19012\/2023\/03\/03141605\/World-book-day-parents.mp4<\/a><\/video><\/div>\n<p>A huge big thank you to all our visitors this week as we celebrated World Book Day. We had Scots, Gaelic and English and we enjoyed every single one x<\/p>\n<p>M\u00f2ran taing don luchd-tadhail againn air fad an t-seachdain seo agus sinn a\u2019 comharrachadh Latha Leabhraichean an t-Saoghail. Bha Albais, G\u00e0idhlig agus Beurla againn agus ch\u00f2rd a h-uile fear leinn x<\/p>\n<p>&nbsp;<\/p>\n<p>February 2023<\/p>\n<p>Bha sinn airson Dim\u00e0irt na h-Inid a chomharrachadh agus ar sean-ph\u00e0rantan agus mar sin bha p\u00e0rtaidh t\u00ec againn. Bhruidhinn sinn mu dh\u00e8ideagan agus dh\u2019 innis ar sean-ph\u00e0rantan dhuinn c\u00f2 ris a bhiodh iad a\u2019 cluich nuair a bha iad beag.<\/p>\n<p>We wanted to celebrate Shrove Tuesday and our grandparents so we had a tea party. We chatted about toys and our grandparents shared with us what they used to play with when they were small.<\/p>\n<div style=\"width: 558px;\" class=\"wp-video\"><video class=\"wp-video-shortcode\" id=\"video-119-6\" width=\"558\" height=\"396\" preload=\"metadata\" controls=\"controls\"><source type=\"video\/mp4\" src=\"https:\/\/blogs.glowscotland.org.uk\/ea\/public\/sgoilaraichnacoillenuaidh\/uploads\/sites\/19012\/2023\/02\/24071920\/Tea-Party-Feb-2023Twitter-GLOW.mp4?_=6\" \/><a href=\"https:\/\/blogs.glowscotland.org.uk\/ea\/public\/sgoilaraichnacoillenuaidh\/uploads\/sites\/19012\/2023\/02\/24071920\/Tea-Party-Feb-2023Twitter-GLOW.mp4\">https:\/\/blogs.glowscotland.org.uk\/ea\/public\/sgoilaraichnacoillenuaidh\/uploads\/sites\/19012\/2023\/02\/24071920\/Tea-Party-Feb-2023Twitter-GLOW.mp4<\/a><\/video><\/div>\n<div style=\"width: 660px;\" class=\"wp-video\"><video class=\"wp-video-shortcode\" id=\"video-119-7\" width=\"660\" height=\"371\" preload=\"metadata\" controls=\"controls\"><source type=\"video\/mp4\" src=\"https:\/\/blogs.glowscotland.org.uk\/ea\/public\/sgoilaraichnacoillenuaidh\/uploads\/sites\/19012\/2023\/01\/25181100\/Stay-Play-January-2023-photo-consent.mp4?_=7\" \/><a href=\"https:\/\/blogs.glowscotland.org.uk\/ea\/public\/sgoilaraichnacoillenuaidh\/uploads\/sites\/19012\/2023\/01\/25181100\/Stay-Play-January-2023-photo-consent.mp4\">https:\/\/blogs.glowscotland.org.uk\/ea\/public\/sgoilaraichnacoillenuaidh\/uploads\/sites\/19012\/2023\/01\/25181100\/Stay-Play-January-2023-photo-consent.mp4<\/a><\/video><\/div>\n<p>What a smashing time we had exploring loose parts at our Stay and Play session in Sgoil-\u00c0raich na Coille Nuaidh. A huge big thank you to all the parents\/carers who attended to play with us. We had lots of fun x<\/p>\n","protected":false},"excerpt":{"rendered":"<p>June 2023 B\u2019 e Diardaoin Latha Cuantan na Cruinne agus chomharraich sinn a h-uile c\u00e0il uisge. Thursday was World Oceans Day and we celebrated all things water. https:\/\/www.canva.com\/design\/DAFlThssp_0\/l50TzW6oDqQwwOQXEb5o6A\/edit?utm_content=DAFlThssp_0&amp;utm_campaign=designshare&amp;utm_medium=link2&amp;utm_source=sharebutton May 2023 Bha sinn uabhasach trang a\u2019 tomhas.\/We were very busy measuring. April 2023 An-diugh bha sinn a-muigh a\u2019 coimhead airson duilleagan is fl\u00f9raichean. Today we were &hellip; <a href=\"https:\/\/blogs.glowscotland.org.uk\/ea\/sgoilaraichnacoillenuaidh\/events-in-the-sgoil-araich\/\" class=\"more-link\">Continue reading <span class=\"screen-reader-text\">Events in the Sgoil-\u00c0raich<\/span><\/a><\/p>\n","protected":false},"author":10786,"featured_media":0,"parent":0,"menu_order":0,"comment_status":"closed","ping_status":"closed","template":"","meta":{"footnotes":""},"class_list":["post-119","page","type-page","status-publish","hentry"],"_links":{"self":[{"href":"https:\/\/blogs.glowscotland.org.uk\/ea\/sgoilaraichnacoillenuaidh\/wp-json\/wp\/v2\/pages\/119","targetHints":{"allow":["GET"]}}],"collection":[{"href":"https:\/\/blogs.glowscotland.org.uk\/ea\/sgoilaraichnacoillenuaidh\/wp-json\/wp\/v2\/pages"}],"about":[{"href":"https:\/\/blogs.glowscotland.org.uk\/ea\/sgoilaraichnacoillenuaidh\/wp-json\/wp\/v2\/types\/page"}],"author":[{"embeddable":true,"href":"https:\/\/blogs.glowscotland.org.uk\/ea\/sgoilaraichnacoillenuaidh\/wp-json\/wp\/v2\/users\/10786"}],"replies":[{"embeddable":true,"href":"https:\/\/blogs.glowscotland.org.uk\/ea\/sgoilaraichnacoillenuaidh\/wp-json\/wp\/v2\/comments?post=119"}],"version-history":[{"count":14,"href":"https:\/\/blogs.glowscotland.org.uk\/ea\/sgoilaraichnacoillenuaidh\/wp-json\/wp\/v2\/pages\/119\/revisions"}],"predecessor-version":[{"id":122,"href":"https:\/\/blogs.glowscotland.org.uk\/ea\/sgoilaraichnacoillenuaidh\/wp-json\/wp\/v2\/pages\/119\/revisions\/122"}],"wp:attachment":[{"href":"https:\/\/blogs.glowscotland.org.uk\/ea\/sgoilaraichnacoillenuaidh\/wp-json\/wp\/v2\/media?parent=119"}],"curies":[{"name":"wp","href":"https:\/\/api.w.org\/{rel}","templated":true}]}}