{"id":12028,"date":"2024-04-30T11:06:47","date_gmt":"2024-04-30T11:06:47","guid":{"rendered":"https:\/\/blogs.glowscotland.org.uk\/ea\/jameshamiltonprimaryschool\/?page_id=12028"},"modified":"2024-04-30T11:06:47","modified_gmt":"2024-04-30T11:06:47","slug":"am-mod","status":"publish","type":"page","link":"https:\/\/blogs.glowscotland.org.uk\/ea\/jameshamiltonprimaryschool\/sgoil-na-coille-nuaidh\/am-mod\/","title":{"rendered":"Am M\u00f2d"},"content":{"rendered":"<p>Recordings for the M\u00f2d poems can be found <a href=\"https:\/\/blogs.glowscotland.org.uk\/ea\/jameshamiltonprimaryschool\/?page_id=12031&amp;preview=true\">here.<\/a><\/p>\n<p>The M\u00f2d 2024 will take place in Oban between 11<sup>th<\/sup> and 19<sup>th<\/sup> of October.<\/p>\n<p>Local M\u00f2d competitions will take place in East Kilbride on June 8<sup>th<\/sup> and in Glasgow on June 15<sup>th<\/sup>.<\/p>\n<p>Information on all M\u00f2d competitions and entry deadlines can be found at the website below.<\/p>\n<p>https:\/\/www.ancomunn.co.uk\/<\/p>\n","protected":false},"excerpt":{"rendered":"<p>Recordings for the M\u00f2d poems can be found here. The M\u00f2d 2024 will take place in Oban between 11th and 19th of October. Local M\u00f2d competitions will take place in East Kilbride on June 8th and in Glasgow on June 15th. Information on all M\u00f2d competitions and entry deadlines can be found at the website &hellip; <a href=\"https:\/\/blogs.glowscotland.org.uk\/ea\/jameshamiltonprimaryschool\/sgoil-na-coille-nuaidh\/am-mod\/\" class=\"more-link\">Continue reading <span class=\"screen-reader-text\">Am M\u00f2d<\/span> <span class=\"meta-nav\">&rarr;<\/span><\/a><\/p>\n","protected":false},"author":17268,"featured_media":0,"parent":10006,"menu_order":0,"comment_status":"closed","ping_status":"closed","template":"","meta":{"footnotes":""},"class_list":["post-12028","page","type-page","status-publish","hentry"],"jetpack_sharing_enabled":true,"_links":{"self":[{"href":"https:\/\/blogs.glowscotland.org.uk\/ea\/jameshamiltonprimaryschool\/wp-json\/wp\/v2\/pages\/12028","targetHints":{"allow":["GET"]}}],"collection":[{"href":"https:\/\/blogs.glowscotland.org.uk\/ea\/jameshamiltonprimaryschool\/wp-json\/wp\/v2\/pages"}],"about":[{"href":"https:\/\/blogs.glowscotland.org.uk\/ea\/jameshamiltonprimaryschool\/wp-json\/wp\/v2\/types\/page"}],"author":[{"embeddable":true,"href":"https:\/\/blogs.glowscotland.org.uk\/ea\/jameshamiltonprimaryschool\/wp-json\/wp\/v2\/users\/17268"}],"replies":[{"embeddable":true,"href":"https:\/\/blogs.glowscotland.org.uk\/ea\/jameshamiltonprimaryschool\/wp-json\/wp\/v2\/comments?post=12028"}],"version-history":[{"count":4,"href":"https:\/\/blogs.glowscotland.org.uk\/ea\/jameshamiltonprimaryschool\/wp-json\/wp\/v2\/pages\/12028\/revisions"}],"predecessor-version":[{"id":12034,"href":"https:\/\/blogs.glowscotland.org.uk\/ea\/jameshamiltonprimaryschool\/wp-json\/wp\/v2\/pages\/12028\/revisions\/12034"}],"up":[{"embeddable":true,"href":"https:\/\/blogs.glowscotland.org.uk\/ea\/jameshamiltonprimaryschool\/wp-json\/wp\/v2\/pages\/10006"}],"wp:attachment":[{"href":"https:\/\/blogs.glowscotland.org.uk\/ea\/jameshamiltonprimaryschool\/wp-json\/wp\/v2\/media?parent=12028"}],"curies":[{"name":"wp","href":"https:\/\/api.w.org\/{rel}","templated":true}]}}