{"id":1861,"date":"2015-11-14T08:39:12","date_gmt":"2015-11-14T08:39:12","guid":{"rendered":"https:\/\/blogs.glowscotland.org.uk\/ea\/gargiestonpsandecc\/?page_id=1861"},"modified":"2015-11-14T08:39:12","modified_gmt":"2015-11-14T08:39:12","slug":"polish","status":"publish","type":"page","link":"https:\/\/blogs.glowscotland.org.uk\/ea\/gargiestonpsandecc\/polish\/","title":{"rendered":"Polish"},"content":{"rendered":"<p>Witamy w Gargieston Podstawowej i Centrum Ma\u0142ego Dziecka<br \/>\nTutaj w Gargieston Podstawowej i Centrum Ma\u0142ego Dziecka kontynuujemy promocj\u0119 naszych podstawowych warto\u015bci:<\/p>\n<p>PRZYJA\u0179\u0143 SZCZ\u0118\u015aCIE RESPECT MOTYWACJA<\/p>\n<p>Wierzymy, \u017ce wszystkie dzieci i doro\u015bli powinni cieszy\u0107 nauki, sukces do\u015bwiadczenie i maj\u0105 wysokie oczekiwania co mog\u0105 osi\u0105gn\u0105\u0107. Personel w naszej szkole i Centrum Ma\u0142ego Dziecka dzia\u0142a\u0107 na rzecz tworzenia szcz\u0119\u015bliwego, swobodnej nauki atmosfer\u0119, w kt\u00f3rej dziecko b\u0119dzie si\u0119 zach\u0119ca\u0107 do udzia\u0142u w \u017cyciu szko\u0142y, ci\u0119\u017cko pracowa\u0107 i d\u0105\u017cy\u0107 do osi\u0105gni\u0119cia mo\u017cliwie najlepszych dla siebie samego \/ sam\u0105 siebie.<\/p>\n<p>Znaczenie rodziny na dzieci i ich nauki jest kluczowa, dlatego jako szko\u0142a chcemy aktywnie anga\u017cowa\u0107 was, rodziny i rodzic\u00f3w, w edukacj\u0119 swoich dzieci. Nasza szko\u0142a rozwija si\u0119 na tej wsp\u00f3\u0142pracy mo\u017cemy zbudowa\u0107 z tob\u0105 i naszej spo\u0142eczno\u015bci.<\/p>\n<p>Mamy nadziej\u0119, \u017ce zdj\u0119cia i posty w tym strona \/ blog pomocy przekaza\u0107 etosu naszej szko\u0142y jednak chcieliby\u015bmy zaprosi\u0107 Pa\u0144stwa do przyj\u015b\u0107 do szko\u0142y i przedszkola, aby dowiedzie\u0107 si\u0119 o nas z pierwszej r\u0119ki.<\/p>\n<p>Gargieston jest miejscem do nauki i ta strona \/ blog jest stale pod-konstrukcji. Jako zesp\u00f3\u0142, uczymy si\u0119 razem i coraz wi\u0119cej dzieci i pracownicy ucz\u0105 si\u0119 pisa\u0107 i tworzy\u0107 strony, mo\u017cna zobaczy\u0107 nasze post\u0119py. Wszyscy mamy r\u00f3\u017cne style uczenia si\u0119 i post\u0119p\u00f3w w r\u00f3\u017cnych cenach. Jak nauczy\u0107 si\u0119 korzysta\u0107 z tego narz\u0119dzia do komunikacji nale\u017cy pami\u0119ta\u0107, \u017ce mo\u017ce to by\u0107 dziecko lub doros\u0142ego pierwszy post. \u017byjemy w 21 wieku, a tak\u017ce mo\u017ce by\u0107 przygotowanie dzieci do prac, kt\u00f3re jeszcze nie istniej\u0105. Chcemy, aby nauczy\u0107 si\u0119 korzysta\u0107 z internetu w spos\u00f3b odpowiedzialny i bezpieczny, a ta strona (kt\u00f3ra nie pozwala przej\u015b\u0107 po dzieci \u017cy\u0107 bez zgody doros\u0142ych) zapewnia mo\u017cemy wspiera\u0107 dzieci, aby dok\u0142adnie przemy\u015ble\u0107 to, co umieszczaj\u0105 w Internecie.<\/p>\n<p>Pracuj\u0105c razem, mo\u017cemy osi\u0105gn\u0105\u0107 to, co najlepsze do\u015bwiadczenia i mo\u017cliwo\u015bci dla ka\u017cdego w Gargieston i East Ayrshire. Nasza wsp\u00f3lna wizja jest taka, \u017ce \u200b\u200b&#8230;<\/p>\n<p>Ka\u017cdego dnia, w domu ka\u017cdego niemowl\u0119cia, &#8220;na pi\u0119trze&#8221; w ka\u017cdym Centrum Ma\u0142ego Dziecka, w ka\u017cdej lekcji, w ka\u017cdej klasie, wszystkie nasze dzieci i m\u0142odzie\u017cy spotka\u0107 my\u015blenia i stymulowanie do\u015bwiadcze\u0144 edukacyjnych, od opieki, pewno\u015b\u0107 rodzic\u00f3w z Zakres wysoko wykwalifikowanych i zmotywowanych pracownik\u00f3w profesjonalny personel z niezb\u0119dnego wsparcia i zach\u0119ty, w tym czasie jest to konieczne, do osi\u0105gni\u0119cia sukcesu w \u017cyciu, nauki i pracy.<\/p>\n<p>&nbsp;<\/p>\n<p>W skali kraju b\u0119dziemy pracowa\u0107 razem, aby zapewni\u0107 wszystkie dzieci s\u0105:<\/p>\n<p>Bezpiecznego, zdrowego, aktywnego, piel\u0119gnowa\u0107, REALIZACJI, szanowany, odpowiedzialny i ZAWARTE<br \/>\nKonwencja ONZ o prawach dziecka Artyku\u0142 29: Masz prawo do edukacji, kt\u00f3ry rozwija swoj\u0105 osobowo\u015b\u0107, szacunek dla innych praw u\u017cytkownika i \u015brodowiska.<\/p>\n","protected":false},"excerpt":{"rendered":"<p>Witamy w Gargieston Podstawowej i Centrum Ma\u0142ego Dziecka Tutaj w Gargieston Podstawowej i Centrum Ma\u0142ego Dziecka kontynuujemy promocj\u0119 naszych podstawowych warto\u015bci: PRZYJA\u0179\u0143 SZCZ\u0118\u015aCIE RESPECT MOTYWACJA Wierzymy, \u017ce wszystkie dzieci i doro\u015bli powinni cieszy\u0107 nauki, sukces do\u015bwiadczenie i maj\u0105 wysokie oczekiwania co mog\u0105 osi\u0105gn\u0105\u0107. Personel w naszej szkole i Centrum Ma\u0142ego Dziecka dzia\u0142a\u0107 na rzecz tworzenia &hellip; <a href=\"https:\/\/blogs.glowscotland.org.uk\/ea\/gargiestonpsandecc\/polish\/\" class=\"more-link\">Continue reading <span class=\"screen-reader-text\">Polish<\/span> <span class=\"meta-nav\">&rarr;<\/span><\/a><\/p>\n","protected":false},"author":3158,"featured_media":0,"parent":0,"menu_order":0,"comment_status":"open","ping_status":"open","template":"","meta":{"footnotes":""},"class_list":["post-1861","page","type-page","status-publish","hentry"],"jetpack_sharing_enabled":true,"_links":{"self":[{"href":"https:\/\/blogs.glowscotland.org.uk\/ea\/gargiestonpsandecc\/wp-json\/wp\/v2\/pages\/1861","targetHints":{"allow":["GET"]}}],"collection":[{"href":"https:\/\/blogs.glowscotland.org.uk\/ea\/gargiestonpsandecc\/wp-json\/wp\/v2\/pages"}],"about":[{"href":"https:\/\/blogs.glowscotland.org.uk\/ea\/gargiestonpsandecc\/wp-json\/wp\/v2\/types\/page"}],"author":[{"embeddable":true,"href":"https:\/\/blogs.glowscotland.org.uk\/ea\/gargiestonpsandecc\/wp-json\/wp\/v2\/users\/3158"}],"replies":[{"embeddable":true,"href":"https:\/\/blogs.glowscotland.org.uk\/ea\/gargiestonpsandecc\/wp-json\/wp\/v2\/comments?post=1861"}],"version-history":[{"count":1,"href":"https:\/\/blogs.glowscotland.org.uk\/ea\/gargiestonpsandecc\/wp-json\/wp\/v2\/pages\/1861\/revisions"}],"predecessor-version":[{"id":1862,"href":"https:\/\/blogs.glowscotland.org.uk\/ea\/gargiestonpsandecc\/wp-json\/wp\/v2\/pages\/1861\/revisions\/1862"}],"wp:attachment":[{"href":"https:\/\/blogs.glowscotland.org.uk\/ea\/gargiestonpsandecc\/wp-json\/wp\/v2\/media?parent=1861"}],"curies":[{"name":"wp","href":"https:\/\/api.w.org\/{rel}","templated":true}]}}