{"id":235,"date":"2018-07-02T21:52:02","date_gmt":"2018-07-02T21:52:02","guid":{"rendered":"https:\/\/blogs.glowscotland.org.uk\/as\/ealaberdeenshire\/?page_id=235"},"modified":"2021-01-20T15:12:29","modified_gmt":"2021-01-20T15:12:29","slug":"nursery-resources-parents","status":"publish","type":"page","link":"https:\/\/blogs.glowscotland.org.uk\/as\/ealaberdeenshire\/nursery-resources-parents\/","title":{"rendered":"Nursery Resources &#8211; Parents"},"content":{"rendered":"<section id=\"builder-section-text_140\" class=\"builder-section-first builder-section builder-section-text builder-section-next-text builder-text-columns-1\" style=\"background-size: cover; background-repeat: no-repeat;background-position: center center;\">\n<div class=\"builder-section-content\">\n<div class=\"builder-text-row\">\n<div class=\"builder-text-column builder-text-column-1\" id=\"builder-section-text_140-column-1\">\n<div class=\"builder-text-content\">\n<p>The following comment could be copied into a message to parents along with any relevant leaflets from those available below:<\/p>\n<table width=\"935\">\n<tbody>\n<tr>\n<td width=\"156\">\n<p><strong>English<\/strong><\/p>\n<\/td>\n<td width=\"156\">\n<p><strong>Arabic<\/strong><\/p>\n<\/td>\n<td width=\"156\">\n<p><strong>Latvian<\/strong><\/p>\n<\/td>\n<td width=\"156\">\n<p><strong>Lithuanian<\/strong><\/p>\n<\/td>\n<td width=\"156\">\n<p><strong>Polish<\/strong><\/p>\n<\/td>\n<td width=\"156\">\n<p><strong>Russian<\/strong><\/p>\n<\/td>\n<\/tr>\n<tr>\n<td width=\"156\">\n<p>Here are some translated information leaflets about supporting your child\u2019s language development:<\/p>\n<p><strong>\u00a0<\/strong><\/p>\n<\/td>\n<td width=\"156\">\n<p>\u0648\u0641\u064a\u0645\u0627 \u064a\u0644\u064a \u0628\u0639\u0636 \u0627\u0644\u0645\u0646\u0634\u0648\u0631\u0627\u062a \u0627\u0644\u0625\u0639\u0644\u0627\u0645\u064a\u0629 \u0627\u0644\u0645\u062a\u0631\u062c\u0645\u0629 \u0628\u0634\u0623\u0646 \u062f\u0639\u0645 \u0627\u0644\u062a\u0637\u0648\u0631 \u0627\u0644\u0644\u063a\u0648\u064a \u0644\u062f\u0649 \u0637\u0641\u0644\u0643:<\/p>\n<p><strong>\u00a0<\/strong><\/p>\n<\/td>\n<td width=\"156\">\n<p>\u0160eit ir da\u017eas iztulkotas inform\u0101cijas bro\u0161\u016bras par atbalstu b\u0113rna valodas att\u012bst\u012bb\u0101:<\/p>\n<p><strong>\u00a0<\/strong><\/p>\n<\/td>\n<td width=\"156\">\n<p>\u010cia pateikiama kai kuri versta informacija, kaip pad\u0117ti vaikui \u012fsisavinti kalb\u0105:<\/p>\n<p><strong>\u00a0<\/strong><\/p>\n<\/td>\n<td width=\"156\">\n<p>Jest mo\u017cliwo\u015b\u0107 uzyskania r\u00f3\u017cnych przet\u0142umaczonych ulotek, dotycz\u0105ych form wspierania rozwoju j\u0119zyka dziecka.<\/p>\n<p><strong>\u00a0<\/strong><\/p>\n<\/td>\n<td width=\"156\">\n<p>\u0412\u043e\u0442 \u043d\u0435\u0441\u043a\u043e\u043b\u044c\u043a\u043e \u043f\u0435\u0440\u0435\u0432\u0435\u0434\u0435\u043d\u043d\u044b\u0445 \u0438\u043d\u0444\u043e\u0440\u043c\u0430\u0446\u0438\u043e\u043d\u043d\u044b\u0445 \u0431\u0443\u043a\u043b\u0435\u0442\u043e\u0432 \u043e \u043f\u043e\u0434\u0434\u0435\u0440\u0436\u043a\u0435 \u044f\u0437\u044b\u043a\u043e\u0432\u043e\u0433\u043e \u0440\u0430\u0437\u0432\u0438\u0442\u0438\u044f \u0432\u0430\u0448\u0435\u0433\u043e \u0440\u0435\u0431\u0435\u043d\u043a\u0430:<\/p>\n<p><strong>\u00a0<\/strong><\/p>\n<\/td>\n<\/tr>\n<\/tbody>\n<\/table><\/div>\n<\/p><\/div>\n<\/p><\/div>\n<div class=\"builder-text-row\">\n<div class=\"builder-text-column builder-text-column-2\" id=\"builder-section-text_140-column-1\">\n<div class=\"builder-text-content\">\n\t\t\t\t\t\t\t\t\t\t\t<\/div>\n<\/p><\/div>\n<\/p><\/div>\n<div class=\"builder-text-row\">\n<div class=\"builder-text-column builder-text-column-3\" id=\"builder-section-text_140-column-1\">\n<div class=\"builder-text-content\">\n\t\t\t\t\t\t\t\t\t\t\t<\/div>\n<\/p><\/div>\n<\/p><\/div>\n<\/p><\/div>\n<\/section>\n<section id=\"builder-section-text_83\" class=\"builder-section-prev-text builder-section builder-section-text builder-section-next-postlist builder-text-columns-1\" style=\"background-size: cover; background-repeat: no-repeat;background-position: center center;\">\n<div class=\"builder-section-content\">\n<div class=\"builder-text-row\">\n<div class=\"builder-text-column builder-text-column-1\" id=\"builder-section-text_83-column-1\">\n<div class=\"builder-text-content\">\n<p><a href=\"https:\/\/blogs.glowscotland.org.uk\/as\/public\/ealaberdeenshire\/uploads\/sites\/2246\/2020\/03\/18135934\/Play-%40-Home-Eng-Arabic-and-Pol.zip\">Play @ Home (Eng, Arabic and Pol)<\/a><\/p>\n<p>These cards have a range of activities you can play with your child (in English, Arabic and Polish)<\/p>\n<\/p><\/div>\n<\/p><\/div>\n<\/p><\/div>\n<div class=\"builder-text-row\">\n<div class=\"builder-text-column builder-text-column-2\" id=\"builder-section-text_83-column-1\">\n<div class=\"builder-text-content\">\n\t\t\t\t\t\t\t\t\t\t\t<\/div>\n<\/p><\/div>\n<\/p><\/div>\n<div class=\"builder-text-row\">\n<div class=\"builder-text-column builder-text-column-3\" id=\"builder-section-text_83-column-1\">\n<div class=\"builder-text-content\">\n\t\t\t\t\t\t\t\t\t\t\t<\/div>\n<\/p><\/div>\n<\/p><\/div>\n<\/p><\/div>\n<\/section>\n<section id=\"builder-section-postlist_11\" class=\"builder-section-prev-text builder-section builder-section-postlist builder-section-next-text -mode\" style=\"background-size: cover; background-repeat: no-repeat;background-position: center center;\">\n<div class=\"builder-section-content container\">\n\t\t\t\t<div class=\"ttfmp-post-list columns-2 thumbnail-top has-excerpt\">\n\t\t\t\n\t\t\t\t\t\t\t\t\t\t\t\t\t\t\t\t\t\t\t\t\t<div class=\"ttfmp-post-list-row\">\n\t\t\t\t\t\t\t\t\t\t<div class=\"ttfmp-post-list-item\">\n\t\t\t\t\t\t\n<header class=\"ttfmp-post-list-item-header\">\n\t\t\t<h3 class=\"ttfmp-post-list-item-title\">\n\t\t<a href=\"https:\/\/blogs.glowscotland.org.uk\/as\/ealaberdeenshire\/2018\/05\/02\/advice-for-parents-of-young-children-talking-with-your-baby-literacy-trust\/\">\n\t\t\tAdvice for parents of young children &#8211; Talking with your baby (Literacy Trust)\t\t<\/a>\n\t<\/h3>\n\t\t\t<span class=\"ttfmp-post-list-item-date\">\n\t\t<a href=\"https:\/\/blogs.glowscotland.org.uk\/as\/ealaberdeenshire\/2018\/05\/02\/advice-for-parents-of-young-children-talking-with-your-baby-literacy-trust\/\" rel=\"bookmark\">\n\t\t\tMay 2, 2018\t\t<\/a>\n\t<\/span>\n\t<\/header>\n<div class=\"ttfmp-post-list-item-content\">\n\t<p>Arabic Talking with your baby Bengali Talking with your baby Chinese Talking with your baby English Talking with your baby English with space for translation Talking with your baby Estonian Talking with your baby French Talking with your baby Gujarati Talking with your baby Norwegian Talking with your baby Polish&hellip; <a class=\"more-link\" href=\"https:\/\/blogs.glowscotland.org.uk\/as\/ealaberdeenshire\/2018\/05\/02\/advice-for-parents-of-young-children-talking-with-your-baby-literacy-trust\/\">Read more<\/a><\/p>\n<\/div>\n\t\t\t\t\t<\/div>\n\t\t\t\t\t\t\t\t\t\t\t\t\t\t\t\t\t\t\t\t\t\t\t\t\t\t\t\t\t\t\t\t\t<div class=\"ttfmp-post-list-item last\">\n\t\t\t\t\t\t\n<header class=\"ttfmp-post-list-item-header\">\n\t\t\t<h3 class=\"ttfmp-post-list-item-title\">\n\t\t<a href=\"https:\/\/blogs.glowscotland.org.uk\/as\/ealaberdeenshire\/2018\/05\/02\/advice-for-parents-of-young-children-talk-to-your-baby-in-your-own-language-literacy-trust\/\">\n\t\t\tAdvice for parents of young children &#8211; Talk to your baby in your own language (Literacy Trust)\t\t<\/a>\n\t<\/h3>\n\t\t\t<span class=\"ttfmp-post-list-item-date\">\n\t\t<a href=\"https:\/\/blogs.glowscotland.org.uk\/as\/ealaberdeenshire\/2018\/05\/02\/advice-for-parents-of-young-children-talk-to-your-baby-in-your-own-language-literacy-trust\/\" rel=\"bookmark\">\n\t\t\tMay 2, 2018\t\t<\/a>\n\t<\/span>\n\t<\/header>\n<div class=\"ttfmp-post-list-item-content\">\n\t<p>Arabic Talk to your baby in your own language Bengali Talk to your baby in your own language Chinese Talk to your baby in your own language English only Talk to your baby in your own language English with space for translation Talk to your baby in your own language&hellip; <a class=\"more-link\" href=\"https:\/\/blogs.glowscotland.org.uk\/as\/ealaberdeenshire\/2018\/05\/02\/advice-for-parents-of-young-children-talk-to-your-baby-in-your-own-language-literacy-trust\/\">Read more<\/a><\/p>\n<\/div>\n\t\t\t\t\t<\/div>\n\t\t\t\t\t\t\t\t\t\t\t<\/div>\n\t\t\t\t\t\t\t\t\t\t\t\t\t\t\t\t\t\t\t\t\t\t\t\t\t\t\t\t\t\t\t\t\t\t<div class=\"ttfmp-post-list-row\">\n\t\t\t\t\t\t\t\t\t\t<div class=\"ttfmp-post-list-item\">\n\t\t\t\t\t\t\n<header class=\"ttfmp-post-list-item-header\">\n\t\t\t<h3 class=\"ttfmp-post-list-item-title\">\n\t\t<a href=\"https:\/\/blogs.glowscotland.org.uk\/as\/ealaberdeenshire\/2018\/05\/02\/advice-for-parents-of-young-children-literacy-trust\/\">\n\t\t\tAdvice for parents of young children &#8211; (Literacy Trust)\t\t<\/a>\n\t<\/h3>\n\t\t\t<span class=\"ttfmp-post-list-item-date\">\n\t\t<a href=\"https:\/\/blogs.glowscotland.org.uk\/as\/ealaberdeenshire\/2018\/05\/02\/advice-for-parents-of-young-children-literacy-trust\/\" rel=\"bookmark\">\n\t\t\tMay 2, 2018\t\t<\/a>\n\t<\/span>\n\t<\/header>\n<div class=\"ttfmp-post-list-item-content\">\n\t<p>Arabic Sharing songs and rhymes Bengali Sharing songs and rhymes Chinese Sharing songs and rhymes English Sharing songs and rhymes English with space for translation Sharing songs and rhymes Estonian Sharing songs and rhymes French Sharing songs and rhymes Gujarati Sharing songs and rhymes Norwegian Sharing songs and rhymes Polish&hellip; <a class=\"more-link\" href=\"https:\/\/blogs.glowscotland.org.uk\/as\/ealaberdeenshire\/2018\/05\/02\/advice-for-parents-of-young-children-literacy-trust\/\">Read more<\/a><\/p>\n<\/div>\n\t\t\t\t\t<\/div>\n\t\t\t\t\t\t\t\t\t\t\t\t\t\t\t\t\t\t\t\t\t\t\t\t\t\t\t\t\t\t\t\t\t<div class=\"ttfmp-post-list-item last\">\n\t\t\t\t\t\t\n<header class=\"ttfmp-post-list-item-header\">\n\t\t\t<h3 class=\"ttfmp-post-list-item-title\">\n\t\t<a href=\"https:\/\/blogs.glowscotland.org.uk\/as\/ealaberdeenshire\/2018\/05\/02\/advice-for-parents-of-young-children-sharing-books-with-your-baby-literacy-trust\/\">\n\t\t\tAdvice for parents of young children &#8211; Sharing books with your baby (Literacy Trust)\t\t<\/a>\n\t<\/h3>\n\t\t\t<span class=\"ttfmp-post-list-item-date\">\n\t\t<a href=\"https:\/\/blogs.glowscotland.org.uk\/as\/ealaberdeenshire\/2018\/05\/02\/advice-for-parents-of-young-children-sharing-books-with-your-baby-literacy-trust\/\" rel=\"bookmark\">\n\t\t\tMay 2, 2018\t\t<\/a>\n\t<\/span>\n\t<\/header>\n<div class=\"ttfmp-post-list-item-content\">\n\t<p>Arabic Sharing books with your baby Bengali Sharing books with your baby Chinese Sharing books with your baby English Sharing books with your baby English with space for translation Sharing books with your baby Estonian Sharing books with your baby French Sharing books with your baby Gujarati Sharing books with&hellip; <a class=\"more-link\" href=\"https:\/\/blogs.glowscotland.org.uk\/as\/ealaberdeenshire\/2018\/05\/02\/advice-for-parents-of-young-children-sharing-books-with-your-baby-literacy-trust\/\">Read more<\/a><\/p>\n<\/div>\n\t\t\t\t\t<\/div>\n\t\t\t\t\t\t\t\t\t\t\t<\/div>\n\t\t\t\t\t\t\t\t\t\t\t\t\t\t\t\t\t\t\t\t\t\t\t\t\t\t\t\t\t\t\t\t\t\t<div class=\"ttfmp-post-list-row\">\n\t\t\t\t\t\t\t\t\t\t<div class=\"ttfmp-post-list-item\">\n\t\t\t\t\t\t\n<header class=\"ttfmp-post-list-item-header\">\n\t\t\t<h3 class=\"ttfmp-post-list-item-title\">\n\t\t<a href=\"https:\/\/blogs.glowscotland.org.uk\/as\/ealaberdeenshire\/2018\/05\/02\/translated-advice-for-parents-of-young-children-say-hello-to-your-new-baby-literacy-trust\/\">\n\t\t\tTranslated advice for parents of young children &#8211; Say hello to your new baby (Literacy Trust)\t\t<\/a>\n\t<\/h3>\n\t\t\t<span class=\"ttfmp-post-list-item-date\">\n\t\t<a href=\"https:\/\/blogs.glowscotland.org.uk\/as\/ealaberdeenshire\/2018\/05\/02\/translated-advice-for-parents-of-young-children-say-hello-to-your-new-baby-literacy-trust\/\" rel=\"bookmark\">\n\t\t\tMay 2, 2018\t\t<\/a>\n\t<\/span>\n\t<\/header>\n<div class=\"ttfmp-post-list-item-content\">\n\t<p>Arabic say hello to your new baby Bengali say hello to your new baby Chinese say hello to your new baby English say hello to your new baby English with space for translation say hello to your new baby Estonian say hello to your new baby French say hello to&hellip; <a class=\"more-link\" href=\"https:\/\/blogs.glowscotland.org.uk\/as\/ealaberdeenshire\/2018\/05\/02\/translated-advice-for-parents-of-young-children-say-hello-to-your-new-baby-literacy-trust\/\">Read more<\/a><\/p>\n<\/div>\n\t\t\t\t\t<\/div>\n\t\t\t\t\t\t\t\t\t\t\t\t\t\t\t\t\t\t\t\t\t\t\t\t\t\t\t\t\t\t\t\t\t<div class=\"ttfmp-post-list-item last\">\n\t\t\t\t\t\t\n<header class=\"ttfmp-post-list-item-header\">\n\t\t\t<h3 class=\"ttfmp-post-list-item-title\">\n\t\t<a href=\"https:\/\/blogs.glowscotland.org.uk\/as\/ealaberdeenshire\/2018\/05\/02\/translated-advice-for-parents-of-young-children-playing-with-your-baby-literacy-trust\/\">\n\t\t\tTranslated advice for parents of young children &#8211; Playing with your baby (Literacy Trust)\t\t<\/a>\n\t<\/h3>\n\t\t\t<span class=\"ttfmp-post-list-item-date\">\n\t\t<a href=\"https:\/\/blogs.glowscotland.org.uk\/as\/ealaberdeenshire\/2018\/05\/02\/translated-advice-for-parents-of-young-children-playing-with-your-baby-literacy-trust\/\" rel=\"bookmark\">\n\t\t\tMay 2, 2018\t\t<\/a>\n\t<\/span>\n\t<\/header>\n<div class=\"ttfmp-post-list-item-content\">\n\t<p>Arabic Playing with your baby Bengali Playing with your baby Chinese Playing with your baby English Playing with your baby English with space for translation Playing with your baby Estonian Playing with your baby French Playing with your baby Gujarati Playing with your baby Norwegian Playing with your baby Polish&hellip; <a class=\"more-link\" href=\"https:\/\/blogs.glowscotland.org.uk\/as\/ealaberdeenshire\/2018\/05\/02\/translated-advice-for-parents-of-young-children-playing-with-your-baby-literacy-trust\/\">Read more<\/a><\/p>\n<\/div>\n\t\t\t\t\t<\/div>\n\t\t\t\t\t\t\t\t\t\t\t<\/div>\n\t\t\t\t\t\t\t\t\t\t\t\t\t\t\t\t\t\t\t\t\t\t\t\t\t\t\t\t\t\t\t\t\t\t<div class=\"ttfmp-post-list-row\">\n\t\t\t\t\t\t\t\t\t\t<div class=\"ttfmp-post-list-item\">\n\t\t\t\t\t\t\n<header class=\"ttfmp-post-list-item-header\">\n\t\t\t<h3 class=\"ttfmp-post-list-item-title\">\n\t\t<a href=\"https:\/\/blogs.glowscotland.org.uk\/as\/ealaberdeenshire\/2018\/05\/02\/translated-advice-for-parents-of-young-children-making-the-most-of-television-literacy-trust\/\">\n\t\t\tTranslated advice for parents of young children &#8211; Making the most of television (Literacy Trust)\t\t<\/a>\n\t<\/h3>\n\t\t\t<span class=\"ttfmp-post-list-item-date\">\n\t\t<a href=\"https:\/\/blogs.glowscotland.org.uk\/as\/ealaberdeenshire\/2018\/05\/02\/translated-advice-for-parents-of-young-children-making-the-most-of-television-literacy-trust\/\" rel=\"bookmark\">\n\t\t\tMay 2, 2018\t\t<\/a>\n\t<\/span>\n\t<\/header>\n<div class=\"ttfmp-post-list-item-content\">\n\t<p>Arabic Making the most of television Bengali Making the most of television Chinese Making the most of television English only Making the most of television English with space for translation Making the most of television Estonian Making the most of television French Making the most of television Gujarati Making the&hellip; <a class=\"more-link\" href=\"https:\/\/blogs.glowscotland.org.uk\/as\/ealaberdeenshire\/2018\/05\/02\/translated-advice-for-parents-of-young-children-making-the-most-of-television-literacy-trust\/\">Read more<\/a><\/p>\n<\/div>\n\t\t\t\t\t<\/div>\n\t\t\t\t\t\t\t\t\t\t\t\t\t\t\t\t\t\t\t\t\t\t\t\t\t\t\t\t\t\t\t\t\t<div class=\"ttfmp-post-list-item last\">\n\t\t\t\t\t\t\n<header class=\"ttfmp-post-list-item-header\">\n\t\t\t<h3 class=\"ttfmp-post-list-item-title\">\n\t\t<a href=\"https:\/\/blogs.glowscotland.org.uk\/as\/ealaberdeenshire\/2018\/05\/02\/translated-advice-for-parents-of-young-children-dummies-and-talking-literacy-trust\/\">\n\t\t\tTranslated advice for parents of young children &#8211; Dummies and Talking (Literacy Trust)\t\t<\/a>\n\t<\/h3>\n\t\t\t<span class=\"ttfmp-post-list-item-date\">\n\t\t<a href=\"https:\/\/blogs.glowscotland.org.uk\/as\/ealaberdeenshire\/2018\/05\/02\/translated-advice-for-parents-of-young-children-dummies-and-talking-literacy-trust\/\" rel=\"bookmark\">\n\t\t\tMay 2, 2018\t\t<\/a>\n\t<\/span>\n\t<\/header>\n<div class=\"ttfmp-post-list-item-content\">\n\t<p>Arabic Dummies and talking Bengali Dummies and talking Chinese Dummies and talking English Dummies and talking English with space for translation Dummies and talking Estonian Dummies and talking French Dummies and talking Gujarati Dummies and talking Norwegian Dummies and talking Panjabi Dummies and talking Polish Dummies and talking Portuguese Dummies&hellip; <a class=\"more-link\" href=\"https:\/\/blogs.glowscotland.org.uk\/as\/ealaberdeenshire\/2018\/05\/02\/translated-advice-for-parents-of-young-children-dummies-and-talking-literacy-trust\/\">Read more<\/a><\/p>\n<\/div>\n\t\t\t\t\t<\/div>\n\t\t\t\t\t\t\t\t\t\t\t<\/div>\n\t\t\t\t\t\t\t\t\t\t\t\t\t\t\t\t\t\t\t\n\t\t\t\n\n\t\t\t\n\t\t\t\t\t<\/div>\n\t\t\n\t<\/div>\n<\/section>\n<section id=\"builder-section-text_17\" class=\"builder-section-prev-postlist builder-section builder-section-text builder-section-next-banner builder-text-columns-3 layout-4-8\" style=\"background-size: cover; background-repeat: no-repeat;background-position: center center;\">\n<div class=\"builder-section-content\">\n<div class=\"builder-text-row\">\n<div class=\"builder-text-column builder-text-column-1\" id=\"builder-section-text_17-column-1\">\n<div class=\"builder-text-content\">\n<p><strong>Books<\/strong><\/p>\n<ul>\n<li>Baker, C. (2014) A Parent and Teacher\u2019s Guide to Bilingualism, Bangor University<\/li>\n<li>\u00a0Beck, A. (2016) Maximize your Child\u2019s Bilingual Ability. Hiroshima: Bilingual Adventures<\/li>\n<li>Grosjean, F. (1982) Life with Two Languages:\u00a0 An Introduction to Bilingualism. Harvard University Press<\/li>\n<li>Koshy.V. (2010) Action Research for Improving Educational Practice. A Step-by-Step Guide. London: Sage<\/li>\n<li>Medina, J. (2014) Brain Rules for Baby. How to Raise a Smart and Happy Child from Zero to Five. Seattle: Pear Press<\/li>\n<li>Miller, J. (1983) Many Voices: Bilingualism, Culture and Education. London: Routledge &amp; Kegan Paul<\/li>\n<li>Rosenback, R. (2014) Bringing up a Bilingual Child. Surrey: Filament Publishing LTD.<\/li>\n<\/ul>\n<p><strong>\u00a0<\/strong><\/p>\n<\/p><\/div>\n<\/p><\/div>\n<div class=\"builder-text-column builder-text-column-2\" id=\"builder-section-text_17-column-2\">\n<div class=\"builder-text-content\">\n<p><strong>Blogs:<\/strong><\/p>\n<p>\u00a0<\/p>\n<p>The world of the internet offers a great variety of blogs and websites related to Bilingualism, although I have to say that one needs to be quite selective and critical when finding information:<\/p>\n<p>Adam\u00a0from\u00a0<a href=\"http:\/\/bilingualmonkeys.com\/\">Bilingual Monkeys<\/a><br \/>\u2013 Japanese, English<br \/>Ana\u00a0from\u00a0<a href=\"http:\/\/blog.prek12plaza.com\/\">PreK12Plaza<\/a><br \/>\u2013 Spanish, Italian, English<br \/>Annabelle\u00a0from\u00a0<a href=\"http:\/\/www.thepiripirilexicon.com\/\">The <\/a><a href=\"http:\/\/www.thepiripirilexicon.com\/\">Piri-Piri<\/a><a href=\"http:\/\/www.thepiripirilexicon.com\/\"> Lexicon<\/a><br \/>\u2013 French, Portuguese, English, German<br \/>Audrey\u00a0from\u00a0<a href=\"http:\/\/espanolitablog.com\/\">Espa\u00f1olita<\/a><a href=\"http:\/\/espanolitablog.com\/\">\u2026\u00a1<\/a><a href=\"http:\/\/espanolitablog.com\/\">Sobre<\/a><a href=\"http:\/\/espanolitablog.com\/\"> la <\/a><a href=\"http:\/\/espanolitablog.com\/\">Marcha<\/a><a href=\"http:\/\/espanolitablog.com\/\">!<\/a><br \/>\u2013 Spanish, English<br \/>Eowyn\u00a0from\u00a0<a href=\"http:\/\/onraisingbilingualchildren.com\/\">On Raising Bilingual Children<\/a><br \/>\u2013 French, English, Dutch<br \/>Esther\u00a0from\u00a0<a href=\"http:\/\/www.thirdculturemama.com\/\">Third Culture Mama<\/a><br \/>\u2013 French, English, (Mandarin Chinese)<\/p>\n<p><strong>\u00a0<\/strong><\/p>\n<p>Galina\u00a0from\u00a0Raising a Trilingual Child<\/p>\n<p>\u00a0\u2013 Russian, English, Italian<\/p>\n<p>\u00a0\u00a0\u00a0\u00a0 Dr. Grosjean Publishing in Psychology Today Blog<\/p>\n<p>Ilze\u00a0from\u00a0Let the Journey Begin<br \/>\u2013 German, Latvian, English<br \/>Jonathan\u00a0from\u00a0Dad\u2019s The Way I Like It<br \/>\u2013 Welsh, English<br \/>Leanna\u00a0from\u00a0All Done Monkey<br \/>\u2013 Spanish, English<br \/>Maria\u00a0from\u00a0Trilingual Mama<br \/>\u2013 Spanish, French, English<br \/>Marianna\u00a0from\u00a0Bilingual Avenue<br \/>\u2013 Spanish, English, German<br \/>Olga\u00a0from\u00a0The European Mama<br \/>\u2013 Polish, German, Dutch<br \/>and\u00a0Rita, from\u00a0Multilingual Parenting<br \/>\u2013 Swedish, Punjabi, Finnish, English<\/p>\n<\/p><\/div>\n<\/p><\/div>\n<div class=\"builder-text-column builder-text-column-3\" id=\"builder-section-text_17-column-3\">\n<div class=\"builder-text-content\">\n<p><strong>Benefits of reading<\/strong><\/p>\n<ol>\n<li>Reading to young children sets them up to succeed<\/li>\n<\/ol>\n<p>The more you read to your children, the more knowledge they absorb, and knowledge is important in all aspects of life.<\/p>\n<ol start=\"2\">\n<li>Reading develops language skills<\/li>\n<\/ol>\n<p>3.Exposure to reading exercises your child\u2019s brain<\/p>\n<ol start=\"4\">\n<li>Reading enhances a child\u2019s concentration<\/li>\n<li>Reading together encourages a thirst for knowledge<\/li>\n<li>A range of books teaches children about different topics<\/li>\n<li>Reading develops a child\u2019s imagination and creativity<\/li>\n<li>Reading books with children helps to develop empathy<\/li>\n<li>Books are a form of entertainment<\/li>\n<li>Reading together helps to create a bond<\/li>\n<\/ol>\n<div class=\"ttfmake-embed-wrapper aligncenter\" style=\"max-width: 960px;\">\n<blockquote class=\"wp-embedded-content\" data-secret=\"oOHmxG3sV1\"><p><a href=\"https:\/\/bilingualkidspot.com\/2017\/10\/19\/benefits-importance-reading-young-children\/\">Importance of Reading With Kids: 10 Great Benefits<\/a><\/p><\/blockquote>\n<p><iframe loading=\"lazy\" class=\"wp-embedded-content\" sandbox=\"allow-scripts\" security=\"restricted\" style=\"position: absolute; clip: rect(1px, 1px, 1px, 1px);\" title=\"&#8220;Importance of Reading With Kids: 10 Great Benefits&#8221; &#8212; Bilingual Kidspot\" src=\"https:\/\/bilingualkidspot.com\/2017\/10\/19\/benefits-importance-reading-young-children\/embed\/#?secret=oOHmxG3sV1\" data-secret=\"oOHmxG3sV1\" width=\"600\" height=\"338\" frameborder=\"0\" marginwidth=\"0\" marginheight=\"0\" scrolling=\"no\"><\/iframe><\/div>\n<\/p>\n<p>\u00a0<\/p>\n<\/p><\/div>\n<\/p><\/div>\n<\/p><\/div>\n<\/p><\/div>\n<\/section>\n<section id=\"builder-section-banner_69\" class=\"builder-section-prev-text builder-section builder-section-banner builder-section-last\" style=\"background-size: cover; background-repeat: no-repeat;background-position: center center;\">\n<div class=\"builder-section-content\">\n<div class=\"builder-banner-slide content-position-none\" style=\"\">\n<div class=\"builder-banner-content\">\n<div class=\"builder-banner-inner-content\">\n\t\t\t\t\t\t\t\t\t<\/div>\n<\/p><\/div>\n<\/p><\/div>\n<\/p><\/div>\n<\/section>\n","protected":false},"excerpt":{"rendered":"<p>The following comment could be copied into a message to parents along with any relevant leaflets from those available below: English Arabic Latvian Lithuanian Polish Russian Here are some translated information leaflets about supporting your child\u2019s language development: \u00a0 \u0648\u0641\u064a\u0645\u0627 \u064a\u0644\u064a \u0628\u0639\u0636 \u0627\u0644\u0645\u0646\u0634\u0648\u0631\u0627\u062a \u0627\u0644\u0625\u0639\u0644\u0627\u0645\u064a\u0629 \u0627\u0644\u0645\u062a\u0631\u062c\u0645\u0629 \u0628\u0634\u0623\u0646 \u062f\u0639\u0645 \u0627\u0644\u062a\u0637\u0648\u0631 \u0627\u0644\u0644\u063a\u0648\u064a \u0644\u062f\u0649 \u0637\u0641\u0644\u0643: \u00a0 \u0160eit ir da\u017eas &hellip;<\/p>\n","protected":false},"author":20455,"featured_media":0,"parent":0,"menu_order":0,"comment_status":"closed","ping_status":"closed","template":"template-builder.php","meta":{"footnotes":""},"class_list":["post-235","page","type-page","status-publish","hentry"],"_links":{"self":[{"href":"https:\/\/blogs.glowscotland.org.uk\/as\/ealaberdeenshire\/wp-json\/wp\/v2\/pages\/235","targetHints":{"allow":["GET"]}}],"collection":[{"href":"https:\/\/blogs.glowscotland.org.uk\/as\/ealaberdeenshire\/wp-json\/wp\/v2\/pages"}],"about":[{"href":"https:\/\/blogs.glowscotland.org.uk\/as\/ealaberdeenshire\/wp-json\/wp\/v2\/types\/page"}],"author":[{"embeddable":true,"href":"https:\/\/blogs.glowscotland.org.uk\/as\/ealaberdeenshire\/wp-json\/wp\/v2\/users\/20455"}],"replies":[{"embeddable":true,"href":"https:\/\/blogs.glowscotland.org.uk\/as\/ealaberdeenshire\/wp-json\/wp\/v2\/comments?post=235"}],"version-history":[{"count":9,"href":"https:\/\/blogs.glowscotland.org.uk\/as\/ealaberdeenshire\/wp-json\/wp\/v2\/pages\/235\/revisions"}],"predecessor-version":[{"id":763,"href":"https:\/\/blogs.glowscotland.org.uk\/as\/ealaberdeenshire\/wp-json\/wp\/v2\/pages\/235\/revisions\/763"}],"wp:attachment":[{"href":"https:\/\/blogs.glowscotland.org.uk\/as\/ealaberdeenshire\/wp-json\/wp\/v2\/media?parent=235"}],"curies":[{"name":"wp","href":"https:\/\/api.w.org\/{rel}","templated":true}]}}