{"id":1227,"date":"2026-02-01T13:59:02","date_gmt":"2026-02-01T13:59:02","guid":{"rendered":"https:\/\/blogs.glowscotland.org.uk\/ab\/bowmorewebsite\/?page_id=1227"},"modified":"2026-03-29T16:53:12","modified_gmt":"2026-03-29T16:53:12","slug":"sgoil-araich","status":"publish","type":"page","link":"https:\/\/blogs.glowscotland.org.uk\/ab\/bowmorewebsite\/sgoil-araich\/","title":{"rendered":"Sgoil-\u00e0raich"},"content":{"rendered":"<h1 data-section-id=\"1wiewg7\" data-start=\"158\" data-end=\"179\"><span role=\"text\"><strong data-start=\"163\" data-end=\"179\">\ud83c\udf3fSgoil-\u00e0raich<\/strong><\/span><\/h1>\n<h3 data-section-id=\"sfzb0c\" data-start=\"181\" data-end=\"196\"><strong data-start=\"442\" data-end=\"452\">F\u00e0ilte<\/strong><\/h3>\n<p data-start=\"197\" data-end=\"348\">Sgoil-\u00e0raich is our Gaelic nursery, based within the Gaelic Early Learning and Childcare class in the modular unit at the opposite end of the school.<\/p>\n<p data-start=\"350\" data-end=\"471\">We provide a warm, nurturing environment where children learn through play, relationships and rich experiences in Gaelic.<\/p>\n<p data-start=\"473\" data-end=\"597\"><img loading=\"lazy\" decoding=\"async\" data-attachment-id=\"1536\" data-permalink=\"https:\/\/blogs.glowscotland.org.uk\/ab\/bowmorewebsite\/sgoil-araich\/sga4\/\" data-orig-file=\"https:\/\/blogs.glowscotland.org.uk\/ab\/public\/bowmorewebsite\/uploads\/sites\/1426\/2026\/03\/29150810\/sga4.jpg\" data-orig-size=\"1024,1024\" data-comments-opened=\"1\" data-image-meta=\"{&quot;aperture&quot;:&quot;0&quot;,&quot;credit&quot;:&quot;&quot;,&quot;camera&quot;:&quot;&quot;,&quot;caption&quot;:&quot;&quot;,&quot;created_timestamp&quot;:&quot;0&quot;,&quot;copyright&quot;:&quot;&quot;,&quot;focal_length&quot;:&quot;0&quot;,&quot;iso&quot;:&quot;0&quot;,&quot;shutter_speed&quot;:&quot;0&quot;,&quot;title&quot;:&quot;&quot;,&quot;orientation&quot;:&quot;0&quot;}\" data-image-title=\"sga4\" data-image-description=\"\" data-image-caption=\"\" data-medium-file=\"https:\/\/blogs.glowscotland.org.uk\/ab\/public\/bowmorewebsite\/uploads\/sites\/1426\/2026\/03\/29150810\/sga4-300x300.jpg\" data-large-file=\"https:\/\/blogs.glowscotland.org.uk\/ab\/public\/bowmorewebsite\/uploads\/sites\/1426\/2026\/03\/29150810\/sga4.jpg\" class=\"aligncenter size-full wp-image-1536\" src=\"https:\/\/blogs.glowscotland.org.uk\/ab\/public\/bowmorewebsite\/uploads\/sites\/1426\/2026\/03\/29150810\/sga4.jpg\" alt=\"\" width=\"1024\" height=\"1024\" srcset=\"https:\/\/blogs.glowscotland.org.uk\/ab\/public\/bowmorewebsite\/uploads\/sites\/1426\/2026\/03\/29150810\/sga4.jpg 1024w, https:\/\/blogs.glowscotland.org.uk\/ab\/public\/bowmorewebsite\/uploads\/sites\/1426\/2026\/03\/29150810\/sga4-300x300.jpg 300w, https:\/\/blogs.glowscotland.org.uk\/ab\/public\/bowmorewebsite\/uploads\/sites\/1426\/2026\/03\/29150810\/sga4-150x150.jpg 150w, https:\/\/blogs.glowscotland.org.uk\/ab\/public\/bowmorewebsite\/uploads\/sites\/1426\/2026\/03\/29150810\/sga4-768x768.jpg 768w\" sizes=\"auto, (max-width: 1024px) 100vw, 1024px\" \/><\/p>\n<hr data-start=\"599\" data-end=\"602\" \/>\n<h2 data-section-id=\"1f56hz3\" data-start=\"225\" data-end=\"275\"><span role=\"text\"><strong data-start=\"232\" data-end=\"275\">\ud83d\udde3\ufe0fA\u2019 bruidhinn G\u00e0idhlig \u2013 Speaking Gaelic<\/strong><\/span><\/h2>\n<p data-start=\"277\" data-end=\"438\">At Sgoil-\u00e0raich, children begin to hear and use Gaelic naturally through play, routines and daily interactions. Here are some words and phrases we use every day:<\/p>\n<ul data-start=\"440\" data-end=\"904\">\n<li data-section-id=\"tnfj7i\" data-start=\"440\" data-end=\"476\"><strong data-start=\"442\" data-end=\"452\">F\u00e0ilte<\/strong> <em data-start=\"453\" data-end=\"464\">(fal-cha)<\/em> \u2013 Welcome<\/li>\n<li data-section-id=\"18o56vr\" data-start=\"477\" data-end=\"526\"><strong data-start=\"479\" data-end=\"496\">Madainn mhath<\/strong> <em data-start=\"497\" data-end=\"509\">(matin va)<\/em> \u2013 Good morning<\/li>\n<li data-section-id=\"164gpl\" data-start=\"527\" data-end=\"587\"><strong data-start=\"529\" data-end=\"550\">Ciamar a tha thu?<\/strong> <em data-start=\"551\" data-end=\"570\">(kim-ar a ha oo?)<\/em> \u2013 How are you?<\/li>\n<li data-section-id=\"1vind88\" data-start=\"588\" data-end=\"640\"><strong data-start=\"590\" data-end=\"608\">Tha mi gu math<\/strong> <em data-start=\"609\" data-end=\"626\">(ha mi goo mah)<\/em> \u2013 I am well<\/li>\n<li data-section-id=\"1x49z9k\" data-start=\"641\" data-end=\"685\"><strong data-start=\"643\" data-end=\"658\">Tapadh leat<\/strong> <em data-start=\"659\" data-end=\"671\">(tapa lat)<\/em> \u2013 Thank you<\/li>\n<li data-section-id=\"qfpp0r\" data-start=\"686\" data-end=\"733\"><strong data-start=\"688\" data-end=\"704\">Deagh obair!<\/strong> <em data-start=\"705\" data-end=\"718\">(ja ow-ber)<\/em> \u2013 Good work!<\/li>\n<li data-section-id=\"1mm5ny9\" data-start=\"734\" data-end=\"783\"><strong data-start=\"736\" data-end=\"750\">Suidh s\u00ecos<\/strong> <em data-start=\"751\" data-end=\"770\">(soo-ee shee-oss)<\/em> \u2013 Sit down<\/li>\n<li data-section-id=\"1bhq6ua\" data-start=\"784\" data-end=\"815\"><strong data-start=\"786\" data-end=\"794\">\u00c8ist<\/strong> <em data-start=\"795\" data-end=\"804\">(aysht)<\/em> \u2013 Listen<\/li>\n<li data-section-id=\"13kzt1x\" data-start=\"816\" data-end=\"863\"><strong data-start=\"818\" data-end=\"833\">Thig an seo<\/strong> <em data-start=\"834\" data-end=\"849\">(hig an shoh)<\/em> \u2013 Come here<\/li>\n<li data-section-id=\"3r6i0z\" data-start=\"864\" data-end=\"904\"><strong data-start=\"866\" data-end=\"879\">Sl\u00e0n leat<\/strong> <em data-start=\"880\" data-end=\"892\">(slan lat)<\/em> \u2013 Goodbye<\/li>\n<\/ul>\n<p data-start=\"906\" data-end=\"1025\">Children quickly become familiar with these phrases and begin to use them with confidence as part of everyday learning.<\/p>\n<p data-start=\"906\" data-end=\"1025\"><img loading=\"lazy\" decoding=\"async\" data-attachment-id=\"1535\" data-permalink=\"https:\/\/blogs.glowscotland.org.uk\/ab\/bowmorewebsite\/sgoil-araich\/sg7\/\" data-orig-file=\"https:\/\/blogs.glowscotland.org.uk\/ab\/public\/bowmorewebsite\/uploads\/sites\/1426\/2026\/03\/29150807\/sg7.jpg\" data-orig-size=\"1024,1024\" data-comments-opened=\"1\" data-image-meta=\"{&quot;aperture&quot;:&quot;0&quot;,&quot;credit&quot;:&quot;&quot;,&quot;camera&quot;:&quot;&quot;,&quot;caption&quot;:&quot;&quot;,&quot;created_timestamp&quot;:&quot;0&quot;,&quot;copyright&quot;:&quot;&quot;,&quot;focal_length&quot;:&quot;0&quot;,&quot;iso&quot;:&quot;0&quot;,&quot;shutter_speed&quot;:&quot;0&quot;,&quot;title&quot;:&quot;&quot;,&quot;orientation&quot;:&quot;0&quot;}\" data-image-title=\"sg7\" data-image-description=\"\" data-image-caption=\"\" data-medium-file=\"https:\/\/blogs.glowscotland.org.uk\/ab\/public\/bowmorewebsite\/uploads\/sites\/1426\/2026\/03\/29150807\/sg7-300x300.jpg\" data-large-file=\"https:\/\/blogs.glowscotland.org.uk\/ab\/public\/bowmorewebsite\/uploads\/sites\/1426\/2026\/03\/29150807\/sg7.jpg\" class=\"aligncenter size-full wp-image-1535\" src=\"https:\/\/blogs.glowscotland.org.uk\/ab\/public\/bowmorewebsite\/uploads\/sites\/1426\/2026\/03\/29150807\/sg7.jpg\" alt=\"\" width=\"1024\" height=\"1024\" srcset=\"https:\/\/blogs.glowscotland.org.uk\/ab\/public\/bowmorewebsite\/uploads\/sites\/1426\/2026\/03\/29150807\/sg7.jpg 1024w, https:\/\/blogs.glowscotland.org.uk\/ab\/public\/bowmorewebsite\/uploads\/sites\/1426\/2026\/03\/29150807\/sg7-300x300.jpg 300w, https:\/\/blogs.glowscotland.org.uk\/ab\/public\/bowmorewebsite\/uploads\/sites\/1426\/2026\/03\/29150807\/sg7-150x150.jpg 150w, https:\/\/blogs.glowscotland.org.uk\/ab\/public\/bowmorewebsite\/uploads\/sites\/1426\/2026\/03\/29150807\/sg7-768x768.jpg 768w\" sizes=\"auto, (max-width: 1024px) 100vw, 1024px\" \/><\/p>\n<h3 data-section-id=\"1qmfkr5\" data-start=\"604\" data-end=\"620\"><span role=\"text\"><strong data-start=\"608\" data-end=\"620\">\ud83d\udcc5Visit Us<\/strong><\/span><\/h3>\n<p data-start=\"621\" data-end=\"691\">You and your child are very welcome to visit our ELC by appointment.<\/p>\n<p data-start=\"693\" data-end=\"777\">Please contact the school by telephone or email to arrange a suitable time and date.<\/p>\n<p data-start=\"693\" data-end=\"777\"><img loading=\"lazy\" decoding=\"async\" data-attachment-id=\"1546\" data-permalink=\"https:\/\/blogs.glowscotland.org.uk\/ab\/bowmorewebsite\/sgoil-araich\/screenshot-2026-03-29-at-16-18-19\/\" data-orig-file=\"https:\/\/blogs.glowscotland.org.uk\/ab\/public\/bowmorewebsite\/uploads\/sites\/1426\/2026\/03\/29151914\/Screenshot-2026-03-29-at-16.18.19.png\" data-orig-size=\"1112,824\" data-comments-opened=\"1\" data-image-meta=\"{&quot;aperture&quot;:&quot;0&quot;,&quot;credit&quot;:&quot;&quot;,&quot;camera&quot;:&quot;&quot;,&quot;caption&quot;:&quot;&quot;,&quot;created_timestamp&quot;:&quot;0&quot;,&quot;copyright&quot;:&quot;&quot;,&quot;focal_length&quot;:&quot;0&quot;,&quot;iso&quot;:&quot;0&quot;,&quot;shutter_speed&quot;:&quot;0&quot;,&quot;title&quot;:&quot;&quot;,&quot;orientation&quot;:&quot;0&quot;}\" data-image-title=\"Screenshot 2026-03-29 at 16.18.19\" data-image-description=\"\" data-image-caption=\"\" data-medium-file=\"https:\/\/blogs.glowscotland.org.uk\/ab\/public\/bowmorewebsite\/uploads\/sites\/1426\/2026\/03\/29151914\/Screenshot-2026-03-29-at-16.18.19-300x222.png\" data-large-file=\"https:\/\/blogs.glowscotland.org.uk\/ab\/public\/bowmorewebsite\/uploads\/sites\/1426\/2026\/03\/29151914\/Screenshot-2026-03-29-at-16.18.19-1024x759.png\" class=\"aligncenter size-full wp-image-1546\" src=\"https:\/\/blogs.glowscotland.org.uk\/ab\/public\/bowmorewebsite\/uploads\/sites\/1426\/2026\/03\/29151914\/Screenshot-2026-03-29-at-16.18.19.png\" alt=\"\" width=\"1112\" height=\"824\" srcset=\"https:\/\/blogs.glowscotland.org.uk\/ab\/public\/bowmorewebsite\/uploads\/sites\/1426\/2026\/03\/29151914\/Screenshot-2026-03-29-at-16.18.19.png 1112w, https:\/\/blogs.glowscotland.org.uk\/ab\/public\/bowmorewebsite\/uploads\/sites\/1426\/2026\/03\/29151914\/Screenshot-2026-03-29-at-16.18.19-300x222.png 300w, https:\/\/blogs.glowscotland.org.uk\/ab\/public\/bowmorewebsite\/uploads\/sites\/1426\/2026\/03\/29151914\/Screenshot-2026-03-29-at-16.18.19-1024x759.png 1024w, https:\/\/blogs.glowscotland.org.uk\/ab\/public\/bowmorewebsite\/uploads\/sites\/1426\/2026\/03\/29151914\/Screenshot-2026-03-29-at-16.18.19-768x569.png 768w\" sizes=\"auto, (max-width: 1112px) 100vw, 1112px\" \/><\/p>\n<hr data-start=\"906\" data-end=\"909\" \/>\n<h3 data-section-id=\"1a615hq\" data-start=\"911\" data-end=\"928\"><span role=\"text\"><strong data-start=\"915\" data-end=\"928\">\ud83c\udf08Enrolment<\/strong><\/span><\/h3>\n<p data-start=\"929\" data-end=\"1005\">Enrolment dates are shared through local communication and school updates.<\/p>\n<p data-start=\"1007\" data-end=\"1128\">Children are eligible for up to <strong data-start=\"1039\" data-end=\"1053\">5 sessions<\/strong>, and families will be informed in writing once a place has been allocated.<\/p>\n<p data-start=\"1130\" data-end=\"1279\"><img loading=\"lazy\" decoding=\"async\" data-attachment-id=\"1545\" data-permalink=\"https:\/\/blogs.glowscotland.org.uk\/ab\/bowmorewebsite\/sgoil-araich\/screenshot-2026-03-29-at-16-18-12\/\" data-orig-file=\"https:\/\/blogs.glowscotland.org.uk\/ab\/public\/bowmorewebsite\/uploads\/sites\/1426\/2026\/03\/29151907\/Screenshot-2026-03-29-at-16.18.12.png\" data-orig-size=\"570,598\" data-comments-opened=\"1\" data-image-meta=\"{&quot;aperture&quot;:&quot;0&quot;,&quot;credit&quot;:&quot;&quot;,&quot;camera&quot;:&quot;&quot;,&quot;caption&quot;:&quot;&quot;,&quot;created_timestamp&quot;:&quot;0&quot;,&quot;copyright&quot;:&quot;&quot;,&quot;focal_length&quot;:&quot;0&quot;,&quot;iso&quot;:&quot;0&quot;,&quot;shutter_speed&quot;:&quot;0&quot;,&quot;title&quot;:&quot;&quot;,&quot;orientation&quot;:&quot;0&quot;}\" data-image-title=\"Screenshot 2026-03-29 at 16.18.12\" data-image-description=\"\" data-image-caption=\"\" data-medium-file=\"https:\/\/blogs.glowscotland.org.uk\/ab\/public\/bowmorewebsite\/uploads\/sites\/1426\/2026\/03\/29151907\/Screenshot-2026-03-29-at-16.18.12-286x300.png\" data-large-file=\"https:\/\/blogs.glowscotland.org.uk\/ab\/public\/bowmorewebsite\/uploads\/sites\/1426\/2026\/03\/29151907\/Screenshot-2026-03-29-at-16.18.12.png\" class=\"aligncenter size-full wp-image-1545\" src=\"https:\/\/blogs.glowscotland.org.uk\/ab\/public\/bowmorewebsite\/uploads\/sites\/1426\/2026\/03\/29151907\/Screenshot-2026-03-29-at-16.18.12.png\" alt=\"\" width=\"570\" height=\"598\" srcset=\"https:\/\/blogs.glowscotland.org.uk\/ab\/public\/bowmorewebsite\/uploads\/sites\/1426\/2026\/03\/29151907\/Screenshot-2026-03-29-at-16.18.12.png 570w, https:\/\/blogs.glowscotland.org.uk\/ab\/public\/bowmorewebsite\/uploads\/sites\/1426\/2026\/03\/29151907\/Screenshot-2026-03-29-at-16.18.12-286x300.png 286w\" sizes=\"auto, (max-width: 570px) 100vw, 570px\" \/><\/p>\n<hr data-start=\"1281\" data-end=\"1284\" \/>\n<h3 data-section-id=\"117w4ua\" data-start=\"1286\" data-end=\"1310\"><span role=\"text\"><strong data-start=\"1290\" data-end=\"1310\">\ud83e\udd1dStarting with Us<\/strong><\/span><\/h3>\n<p data-start=\"1311\" data-end=\"1411\">Starting nursery is an important step, and we support this through a gentle, nurturing transition.<\/p>\n<p data-start=\"1413\" data-end=\"1608\">Families are invited to meet staff, share information about their child and take part in a planned induction process. Children attend with support as needed until they feel confident and settled.<\/p>\n<p data-start=\"1610\" data-end=\"1703\">Children\u2019s learning is shared with families through <strong data-start=\"1662\" data-end=\"1672\">Seesaw<\/strong>, our online learning platform.<\/p>\n<p data-start=\"1705\" data-end=\"1845\"><img loading=\"lazy\" decoding=\"async\" data-attachment-id=\"1540\" data-permalink=\"https:\/\/blogs.glowscotland.org.uk\/ab\/bowmorewebsite\/sgoil-araich\/screenshot-2026-03-29-at-16-17-06\/\" data-orig-file=\"https:\/\/blogs.glowscotland.org.uk\/ab\/public\/bowmorewebsite\/uploads\/sites\/1426\/2026\/03\/29151856\/Screenshot-2026-03-29-at-16.17.06.png\" data-orig-size=\"552,732\" data-comments-opened=\"1\" data-image-meta=\"{&quot;aperture&quot;:&quot;0&quot;,&quot;credit&quot;:&quot;&quot;,&quot;camera&quot;:&quot;&quot;,&quot;caption&quot;:&quot;&quot;,&quot;created_timestamp&quot;:&quot;0&quot;,&quot;copyright&quot;:&quot;&quot;,&quot;focal_length&quot;:&quot;0&quot;,&quot;iso&quot;:&quot;0&quot;,&quot;shutter_speed&quot;:&quot;0&quot;,&quot;title&quot;:&quot;&quot;,&quot;orientation&quot;:&quot;0&quot;}\" data-image-title=\"Screenshot 2026-03-29 at 16.17.06\" data-image-description=\"\" data-image-caption=\"\" data-medium-file=\"https:\/\/blogs.glowscotland.org.uk\/ab\/public\/bowmorewebsite\/uploads\/sites\/1426\/2026\/03\/29151856\/Screenshot-2026-03-29-at-16.17.06-226x300.png\" data-large-file=\"https:\/\/blogs.glowscotland.org.uk\/ab\/public\/bowmorewebsite\/uploads\/sites\/1426\/2026\/03\/29151856\/Screenshot-2026-03-29-at-16.17.06.png\" class=\"aligncenter size-full wp-image-1540\" src=\"https:\/\/blogs.glowscotland.org.uk\/ab\/public\/bowmorewebsite\/uploads\/sites\/1426\/2026\/03\/29151856\/Screenshot-2026-03-29-at-16.17.06.png\" alt=\"\" width=\"552\" height=\"732\" srcset=\"https:\/\/blogs.glowscotland.org.uk\/ab\/public\/bowmorewebsite\/uploads\/sites\/1426\/2026\/03\/29151856\/Screenshot-2026-03-29-at-16.17.06.png 552w, https:\/\/blogs.glowscotland.org.uk\/ab\/public\/bowmorewebsite\/uploads\/sites\/1426\/2026\/03\/29151856\/Screenshot-2026-03-29-at-16.17.06-226x300.png 226w\" sizes=\"auto, (max-width: 552px) 100vw, 552px\" \/><\/p>\n<hr data-start=\"1847\" data-end=\"1850\" \/>\n<h3 data-section-id=\"10ihfjm\" data-start=\"1852\" data-end=\"1867\"><span role=\"text\"><strong data-start=\"1856\" data-end=\"1867\">\u23f0Our Day<\/strong><\/span><\/h3>\n<p data-start=\"1868\" data-end=\"1910\"><strong data-start=\"1868\" data-end=\"1888\">Monday to Friday<\/strong><br data-start=\"1888\" data-end=\"1891\" \/><strong data-start=\"1891\" data-end=\"1910\">9.05am \u2013 3.05pm<\/strong><\/p>\n<p data-start=\"1912\" data-end=\"2039\">Our days include a balance of play, outdoor learning, stories, creativity and opportunities to develop language through Gaelic.<\/p>\n<hr data-start=\"2155\" data-end=\"2158\" \/>\n<h3 data-section-id=\"7gw1wk\" data-start=\"2160\" data-end=\"2188\"><span role=\"text\"><strong data-start=\"2164\" data-end=\"2188\">\ud83c\udf4eHealth and Wellbeing<\/strong><\/span><\/h3>\n<p data-start=\"2189\" data-end=\"2251\">Health and wellbeing are at the heart of our ELC experience.<\/p>\n<p data-start=\"2253\" data-end=\"2418\">Children have access to milk, a healthy snack and, where eligible, a funded nursery lunch. Our meals are nutritious and designed to support growing, active learners.<\/p>\n<p data-start=\"2420\" data-end=\"2527\"><img loading=\"lazy\" decoding=\"async\" data-attachment-id=\"1542\" data-permalink=\"https:\/\/blogs.glowscotland.org.uk\/ab\/bowmorewebsite\/sgoil-araich\/screenshot-2026-03-29-at-16-17-43\/\" data-orig-file=\"https:\/\/blogs.glowscotland.org.uk\/ab\/public\/bowmorewebsite\/uploads\/sites\/1426\/2026\/03\/29151901\/Screenshot-2026-03-29-at-16.17.43.png\" data-orig-size=\"528,556\" data-comments-opened=\"1\" data-image-meta=\"{&quot;aperture&quot;:&quot;0&quot;,&quot;credit&quot;:&quot;&quot;,&quot;camera&quot;:&quot;&quot;,&quot;caption&quot;:&quot;&quot;,&quot;created_timestamp&quot;:&quot;0&quot;,&quot;copyright&quot;:&quot;&quot;,&quot;focal_length&quot;:&quot;0&quot;,&quot;iso&quot;:&quot;0&quot;,&quot;shutter_speed&quot;:&quot;0&quot;,&quot;title&quot;:&quot;&quot;,&quot;orientation&quot;:&quot;0&quot;}\" data-image-title=\"Screenshot 2026-03-29 at 16.17.43\" data-image-description=\"\" data-image-caption=\"\" data-medium-file=\"https:\/\/blogs.glowscotland.org.uk\/ab\/public\/bowmorewebsite\/uploads\/sites\/1426\/2026\/03\/29151901\/Screenshot-2026-03-29-at-16.17.43-285x300.png\" data-large-file=\"https:\/\/blogs.glowscotland.org.uk\/ab\/public\/bowmorewebsite\/uploads\/sites\/1426\/2026\/03\/29151901\/Screenshot-2026-03-29-at-16.17.43.png\" class=\"aligncenter size-full wp-image-1542\" src=\"https:\/\/blogs.glowscotland.org.uk\/ab\/public\/bowmorewebsite\/uploads\/sites\/1426\/2026\/03\/29151901\/Screenshot-2026-03-29-at-16.17.43.png\" alt=\"\" width=\"528\" height=\"556\" srcset=\"https:\/\/blogs.glowscotland.org.uk\/ab\/public\/bowmorewebsite\/uploads\/sites\/1426\/2026\/03\/29151901\/Screenshot-2026-03-29-at-16.17.43.png 528w, https:\/\/blogs.glowscotland.org.uk\/ab\/public\/bowmorewebsite\/uploads\/sites\/1426\/2026\/03\/29151901\/Screenshot-2026-03-29-at-16.17.43-285x300.png 285w\" sizes=\"auto, (max-width: 528px) 100vw, 528px\" \/><\/p>\n<hr data-start=\"2529\" data-end=\"2532\" \/>\n<h3 data-section-id=\"1jadq8j\" data-start=\"2534\" data-end=\"2564\"><span role=\"text\"><strong data-start=\"2538\" data-end=\"2564\">\ud83c\udf31Additional Year of ELC<\/strong><\/span><\/h3>\n<p data-start=\"2565\" data-end=\"2679\">Some families may wish to consider an additional year of Early Learning and Childcare before starting Primary 1.<\/p>\n<p data-start=\"2681\" data-end=\"2779\">Staff will support you in making the best decision for your child, in line with GIRFEC principles.<\/p>\n<p data-start=\"2781\" data-end=\"2904\"><img loading=\"lazy\" decoding=\"async\" data-attachment-id=\"1539\" data-permalink=\"https:\/\/blogs.glowscotland.org.uk\/ab\/bowmorewebsite\/sgoil-araich\/screenshot-2026-03-29-at-16-18-27\/\" data-orig-file=\"https:\/\/blogs.glowscotland.org.uk\/ab\/public\/bowmorewebsite\/uploads\/sites\/1426\/2026\/03\/29151853\/Screenshot-2026-03-29-at-16.18.27.png\" data-orig-size=\"586,592\" data-comments-opened=\"1\" data-image-meta=\"{&quot;aperture&quot;:&quot;0&quot;,&quot;credit&quot;:&quot;&quot;,&quot;camera&quot;:&quot;&quot;,&quot;caption&quot;:&quot;&quot;,&quot;created_timestamp&quot;:&quot;0&quot;,&quot;copyright&quot;:&quot;&quot;,&quot;focal_length&quot;:&quot;0&quot;,&quot;iso&quot;:&quot;0&quot;,&quot;shutter_speed&quot;:&quot;0&quot;,&quot;title&quot;:&quot;&quot;,&quot;orientation&quot;:&quot;0&quot;}\" data-image-title=\"Screenshot 2026-03-29 at 16.18.27\" data-image-description=\"\" data-image-caption=\"\" data-medium-file=\"https:\/\/blogs.glowscotland.org.uk\/ab\/public\/bowmorewebsite\/uploads\/sites\/1426\/2026\/03\/29151853\/Screenshot-2026-03-29-at-16.18.27-297x300.png\" data-large-file=\"https:\/\/blogs.glowscotland.org.uk\/ab\/public\/bowmorewebsite\/uploads\/sites\/1426\/2026\/03\/29151853\/Screenshot-2026-03-29-at-16.18.27.png\" class=\"aligncenter size-full wp-image-1539\" src=\"https:\/\/blogs.glowscotland.org.uk\/ab\/public\/bowmorewebsite\/uploads\/sites\/1426\/2026\/03\/29151853\/Screenshot-2026-03-29-at-16.18.27.png\" alt=\"\" width=\"586\" height=\"592\" srcset=\"https:\/\/blogs.glowscotland.org.uk\/ab\/public\/bowmorewebsite\/uploads\/sites\/1426\/2026\/03\/29151853\/Screenshot-2026-03-29-at-16.18.27.png 586w, https:\/\/blogs.glowscotland.org.uk\/ab\/public\/bowmorewebsite\/uploads\/sites\/1426\/2026\/03\/29151853\/Screenshot-2026-03-29-at-16.18.27-297x300.png 297w\" sizes=\"auto, (max-width: 586px) 100vw, 586px\" \/><\/p>\n<hr data-start=\"2906\" data-end=\"2909\" \/>\n<h3 data-section-id=\"1pyo88o\" data-start=\"2911\" data-end=\"2932\"><span role=\"text\"><strong data-start=\"2915\" data-end=\"2932\">\ud83d\udd0eFind Out More<\/strong><\/span><\/h3>\n<p data-start=\"2933\" data-end=\"3072\">Further information about Early Learning and Childcare, enrolment and placing requests can be found on the Argyll and Bute Council website.<\/p>\n","protected":false},"excerpt":{"rendered":"<p>\ud83c\udf3fSgoil-\u00e0raich F\u00e0ilte Sgoil-\u00e0raich is our Gaelic nursery, based within the Gaelic Early Learning and Childcare class in the modular unit at the opposite end of the school. We provide a warm, nurturing environment where children learn through play, relationships and rich experiences in Gaelic. \ud83d\udde3\ufe0fA\u2019 bruidhinn G\u00e0idhlig \u2013 Speaking Gaelic At Sgoil-\u00e0raich, children begin to [&hellip;]<\/p>\n","protected":false},"author":35,"featured_media":0,"parent":0,"menu_order":0,"comment_status":"closed","ping_status":"closed","template":"","meta":{"footnotes":""},"class_list":["post-1227","page","type-page","status-publish","hentry"],"_links":{"self":[{"href":"https:\/\/blogs.glowscotland.org.uk\/ab\/bowmorewebsite\/wp-json\/wp\/v2\/pages\/1227","targetHints":{"allow":["GET"]}}],"collection":[{"href":"https:\/\/blogs.glowscotland.org.uk\/ab\/bowmorewebsite\/wp-json\/wp\/v2\/pages"}],"about":[{"href":"https:\/\/blogs.glowscotland.org.uk\/ab\/bowmorewebsite\/wp-json\/wp\/v2\/types\/page"}],"author":[{"embeddable":true,"href":"https:\/\/blogs.glowscotland.org.uk\/ab\/bowmorewebsite\/wp-json\/wp\/v2\/users\/35"}],"replies":[{"embeddable":true,"href":"https:\/\/blogs.glowscotland.org.uk\/ab\/bowmorewebsite\/wp-json\/wp\/v2\/comments?post=1227"}],"version-history":[{"count":6,"href":"https:\/\/blogs.glowscotland.org.uk\/ab\/bowmorewebsite\/wp-json\/wp\/v2\/pages\/1227\/revisions"}],"predecessor-version":[{"id":1568,"href":"https:\/\/blogs.glowscotland.org.uk\/ab\/bowmorewebsite\/wp-json\/wp\/v2\/pages\/1227\/revisions\/1568"}],"wp:attachment":[{"href":"https:\/\/blogs.glowscotland.org.uk\/ab\/bowmorewebsite\/wp-json\/wp\/v2\/media?parent=1227"}],"curies":[{"name":"wp","href":"https:\/\/api.w.org\/{rel}","templated":true}]}}