{"id":12,"date":"2025-04-03T11:14:29","date_gmt":"2025-04-03T11:14:29","guid":{"rendered":"https:\/\/blogs.glowscotland.org.uk\/ab\/bowmorewebsite\/?page_id=12"},"modified":"2026-04-07T12:30:04","modified_gmt":"2026-04-07T12:30:04","slug":"home","status":"publish","type":"page","link":"https:\/\/blogs.glowscotland.org.uk\/ab\/bowmorewebsite\/","title":{"rendered":"Dachaigh"},"content":{"rendered":"<div id=\"content\">\n<div id=\"block-system-main\" class=\"block block-system no-title odd first last block-count-3 block-region-content block-main\">\n<article id=\"node-5\" class=\"node node-page article odd node-full ia-n clearfix\" role=\"article\">\n<div class=\"node-content\">\n<div class=\"field field-name-body field-type-text-with-summary field-label-hidden view-mode-full\">\n<div class=\"field-items\">\n<div class=\"field-item even\">\n<h1 style=\"text-align: center\"><\/h1>\n<p class=\"jetpack-slideshow-noscript robots-nocontent\">This slideshow requires JavaScript.<\/p><div id=\"gallery-12-1-slideshow\" class=\"jetpack-slideshow-window jetpack-slideshow jetpack-slideshow-black\" data-trans=\"fade\" data-autostart=\"1\" data-gallery=\"[{&quot;src&quot;:&quot;https:\\\/\\\/glow-prod-ab.s3.eu-west-1.amazonaws.com\\\/ab\\\/public\\\/bowmorewebsite\\\/uploads\\\/sites\\\/1426\\\/2019\\\/03\\\/Screen-Saver-1-1024x680.jpg?X-Amz-Content-Sha256=UNSIGNED-PAYLOAD\\u0026X-Amz-Security-Token=IQoJb3JpZ2luX2VjEKT%2F%2F%2F%2F%2F%2F%2F%2F%2F%2FwEaCWV1LXdlc3QtMSJHMEUCIQDymErfPVmFu5HkCaqwa4G4Kg4NnH1vL1WMTy6COTQtjQIgeiJabFY%2Fy9Z0MD1F1wJb4DJp6w9ghaf5IAZrWyja274quQUIbRAFGgwyNzM1NzAxOTU0MzMiDE4LO4Q3t1ALkpZR1CqWBTXzjnHQ9w%2BsIJn7EM6PJrB3rAJCG8Dvd%2Bk6geIOKOIoVKlY8RZ4J6QYeH5LvpxYzoeWkh1kTObmDIYqCZdGTlP2EgpWsrDtDjaZ3rH4StEu%2FBbV0OmBGzcOG9gQHk0xYlRqu%2Fb3A27SELXaq7lNedxh8ZROWif4nsW8yQF720BXDuJ4P9QFgs%2F8XJiBYp7jKDyLidBgBPydaOBjzbSo366Vf3Aj3wnHl1gUnyAlb0QpMumCOZlfbZRzUi%2FKKIXg2v7KPLIvoPVyoRFCMCQalkxpFUxZccqznpYPz8BZyRE3IT0Zzvbkb42Ln4BNikCnyFnCkg%2Bqv1dMW%2B4KQpvs2OUSlKzH8gBY74ygdIv%2F1lsiNeZd993irb2Otxdl59YV27wBi94n6n9IF7qujJxoVnxxmZSpZq9fnPxd2NcWwa76HhfhDd9lupWPd27JbAgnd%2F0yKfp983Hvi7MGBSRm33g608Fr5uGhAS5%2F9CWL6wiWZr8KK2xE30ICVD89y0coyXYKaDfs7D4rIvhLec2eOm%2BKOkZNAQBjhJ%2FI0FLu2gRYq7FtfsSqZ0TGMPXN8%2FTpMjZP89h2qoQUd4%2FRn6zbijFXzEwMJsq1YGkaD%2FvPlWUlVFwSw%2FDkpd1qtDhYHj2NTlP6Jewyexn5h45ulXdTQwmWIS4xbCw1IpX6JRe%2BnKTfTECDkA4770pjmTKvI%2BiH7gspxHwL39zck31rzD245DwVo8PW4ZSc5HWkyiT4w%2FE3FkxSGzcBIY7nNKOlDuQue4n1PQKlWTEVz7Q%2F5PEc0l6dPXbjsa09jt0SOR0AhgFazqEAM4FrkUIc%2B1KQdJJKUvYkRErj5tm1YIAn5difjq0PMSQsefDkvabCqu9JUS1F1%2Bj1bI1NMPfxqc8GOrEBwilId%2BhkbdYqGJFENYMqpedf5lEkZ4f4AAfVE6KqQJki03QidaoWS2FvbprfSOGt5snlS9oC2KTFmm5Q0X4aWK0KAgOSBH4cxpnG23SHeV0XYeOrOMRgBJgGYQ1XoNFgbuSMVOs2EVN40Hm98Cl5MGga1k%2BmgYerNBcAXv2RSfWnbwuKKD2aSDW4vxgcDuTcnMaK7hFdP7DItWvj2PI1gGllh9K5mW5yT94VjlLHt88L\\u0026X-Amz-Algorithm=AWS4-HMAC-SHA256\\u0026X-Amz-Credential=ASIAT7MQN47UYWTQR5UX%2F20260423%2Feu-west-1%2Fs3%2Faws4_request\\u0026X-Amz-Date=20260423T202719Z\\u0026X-Amz-SignedHeaders=host\\u0026X-Amz-Expires=900\\u0026X-Amz-Signature=31605e966899d482c180d6f593b9c5b6e1f062083ac04eed4076174011cf6eef&quot;,&quot;id&quot;:&quot;78&quot;,&quot;title&quot;:&quot;Screen Saver 1&quot;,&quot;alt&quot;:&quot;&quot;,&quot;caption&quot;:&quot;&quot;,&quot;itemprop&quot;:&quot;image&quot;},{&quot;src&quot;:&quot;https:\\\/\\\/blogs.glowscotland.org.uk\\\/ab\\\/public\\\/bowmorewebsite\\\/uploads\\\/sites\\\/1426\\\/2021\\\/06\\\/10144733\\\/picture-2.jpg&quot;,&quot;id&quot;:&quot;641&quot;,&quot;title&quot;:&quot;picture 2&quot;,&quot;alt&quot;:&quot;&quot;,&quot;caption&quot;:&quot;&quot;,&quot;itemprop&quot;:&quot;image&quot;},{&quot;src&quot;:&quot;https:\\\/\\\/blogs.glowscotland.org.uk\\\/ab\\\/public\\\/bowmorewebsite\\\/uploads\\\/sites\\\/1426\\\/2025\\\/04\\\/03115117\\\/STEMOVATORS-1024x768.jpg&quot;,&quot;id&quot;:&quot;1099&quot;,&quot;title&quot;:&quot;STEMOVATORS&quot;,&quot;alt&quot;:&quot;&quot;,&quot;caption&quot;:&quot;&quot;,&quot;itemprop&quot;:&quot;image&quot;},{&quot;src&quot;:&quot;https:\\\/\\\/blogs.glowscotland.org.uk\\\/ab\\\/public\\\/bowmorewebsite\\\/uploads\\\/sites\\\/1426\\\/2025\\\/03\\\/27141835\\\/G1-3-MR.png&quot;,&quot;id&quot;:&quot;1095&quot;,&quot;title&quot;:&quot;G1-3 MR&quot;,&quot;alt&quot;:&quot;&quot;,&quot;caption&quot;:&quot;&quot;,&quot;itemprop&quot;:&quot;image&quot;},{&quot;src&quot;:&quot;https:\\\/\\\/blogs.glowscotland.org.uk\\\/ab\\\/public\\\/bowmorewebsite\\\/uploads\\\/sites\\\/1426\\\/2025\\\/03\\\/27140108\\\/P4-5.png&quot;,&quot;id&quot;:&quot;1082&quot;,&quot;title&quot;:&quot;P4-5&quot;,&quot;alt&quot;:&quot;&quot;,&quot;caption&quot;:&quot;&quot;,&quot;itemprop&quot;:&quot;image&quot;},{&quot;src&quot;:&quot;https:\\\/\\\/blogs.glowscotland.org.uk\\\/ab\\\/public\\\/bowmorewebsite\\\/uploads\\\/sites\\\/1426\\\/2025\\\/03\\\/27140623\\\/P6-7.png&quot;,&quot;id&quot;:&quot;1086&quot;,&quot;title&quot;:&quot;P6-7&quot;,&quot;alt&quot;:&quot;&quot;,&quot;caption&quot;:&quot;&quot;,&quot;itemprop&quot;:&quot;image&quot;},{&quot;src&quot;:&quot;https:\\\/\\\/blogs.glowscotland.org.uk\\\/ab\\\/public\\\/bowmorewebsite\\\/uploads\\\/sites\\\/1426\\\/2025\\\/03\\\/27135502\\\/first-aid-P1-3-1.png&quot;,&quot;id&quot;:&quot;1078&quot;,&quot;title&quot;:&quot;first aid P1-3&quot;,&quot;alt&quot;:&quot;&quot;,&quot;caption&quot;:&quot;&quot;,&quot;itemprop&quot;:&quot;image&quot;},{&quot;src&quot;:&quot;https:\\\/\\\/blogs.glowscotland.org.uk\\\/ab\\\/public\\\/bowmorewebsite\\\/uploads\\\/sites\\\/1426\\\/2025\\\/04\\\/03120520\\\/Flynn-1024x768.jpg&quot;,&quot;id&quot;:&quot;1105&quot;,&quot;title&quot;:&quot;Flynn&quot;,&quot;alt&quot;:&quot;&quot;,&quot;caption&quot;:&quot;&quot;,&quot;itemprop&quot;:&quot;image&quot;},{&quot;src&quot;:&quot;https:\\\/\\\/blogs.glowscotland.org.uk\\\/ab\\\/public\\\/bowmorewebsite\\\/uploads\\\/sites\\\/1426\\\/2025\\\/04\\\/30084156\\\/Dino-2.png&quot;,&quot;id&quot;:&quot;1123&quot;,&quot;title&quot;:&quot;Dino 2&quot;,&quot;alt&quot;:&quot;&quot;,&quot;caption&quot;:&quot;&quot;,&quot;itemprop&quot;:&quot;image&quot;},{&quot;src&quot;:&quot;https:\\\/\\\/blogs.glowscotland.org.uk\\\/ab\\\/public\\\/bowmorewebsite\\\/uploads\\\/sites\\\/1426\\\/2025\\\/05\\\/29124904\\\/mud-768x1024.jpg&quot;,&quot;id&quot;:&quot;1134&quot;,&quot;title&quot;:&quot;mud&quot;,&quot;alt&quot;:&quot;&quot;,&quot;caption&quot;:&quot;&quot;,&quot;itemprop&quot;:&quot;image&quot;},{&quot;src&quot;:&quot;https:\\\/\\\/blogs.glowscotland.org.uk\\\/ab\\\/public\\\/bowmorewebsite\\\/uploads\\\/sites\\\/1426\\\/2025\\\/05\\\/29124655\\\/SA-digging-768x1024.jpg&quot;,&quot;id&quot;:&quot;1133&quot;,&quot;title&quot;:&quot;SA digging&quot;,&quot;alt&quot;:&quot;&quot;,&quot;caption&quot;:&quot;&quot;,&quot;itemprop&quot;:&quot;image&quot;},{&quot;src&quot;:&quot;https:\\\/\\\/blogs.glowscotland.org.uk\\\/ab\\\/public\\\/bowmorewebsite\\\/uploads\\\/sites\\\/1426\\\/2023\\\/12\\\/14103127\\\/screen2.png&quot;,&quot;id&quot;:&quot;1051&quot;,&quot;title&quot;:&quot;screen2&quot;,&quot;alt&quot;:&quot;&quot;,&quot;caption&quot;:&quot;&quot;,&quot;itemprop&quot;:&quot;image&quot;},{&quot;src&quot;:&quot;https:\\\/\\\/blogs.glowscotland.org.uk\\\/ab\\\/public\\\/bowmorewebsite\\\/uploads\\\/sites\\\/1426\\\/2026\\\/03\\\/30223145\\\/cne-lead.jpg&quot;,&quot;id&quot;:&quot;1621&quot;,&quot;title&quot;:&quot;cne lead&quot;,&quot;alt&quot;:&quot;&quot;,&quot;caption&quot;:&quot;&quot;,&quot;itemprop&quot;:&quot;image&quot;},{&quot;src&quot;:&quot;https:\\\/\\\/blogs.glowscotland.org.uk\\\/ab\\\/public\\\/bowmorewebsite\\\/uploads\\\/sites\\\/1426\\\/2026\\\/03\\\/30222313\\\/Screenshot-2026-03-30-232214.png&quot;,&quot;id&quot;:&quot;1618&quot;,&quot;title&quot;:&quot;Screenshot 2026-03-30 232214&quot;,&quot;alt&quot;:&quot;&quot;,&quot;caption&quot;:&quot;&quot;,&quot;itemprop&quot;:&quot;image&quot;},{&quot;src&quot;:&quot;https:\\\/\\\/blogs.glowscotland.org.uk\\\/ab\\\/public\\\/bowmorewebsite\\\/uploads\\\/sites\\\/1426\\\/2026\\\/03\\\/30221711\\\/Screenshot-2026-03-30-231643-1024x434.png&quot;,&quot;id&quot;:&quot;1616&quot;,&quot;title&quot;:&quot;Screenshot 2026-03-30 231643&quot;,&quot;alt&quot;:&quot;&quot;,&quot;caption&quot;:&quot;&quot;,&quot;itemprop&quot;:&quot;image&quot;},{&quot;src&quot;:&quot;https:\\\/\\\/blogs.glowscotland.org.uk\\\/ab\\\/public\\\/bowmorewebsite\\\/uploads\\\/sites\\\/1426\\\/2026\\\/03\\\/30215423\\\/Screenshot-2026-03-30-225358.png&quot;,&quot;id&quot;:&quot;1613&quot;,&quot;title&quot;:&quot;Screenshot 2026-03-30 225358&quot;,&quot;alt&quot;:&quot;&quot;,&quot;caption&quot;:&quot;Geologist David Webster&quot;,&quot;itemprop&quot;:&quot;image&quot;},{&quot;src&quot;:&quot;https:\\\/\\\/blogs.glowscotland.org.uk\\\/ab\\\/public\\\/bowmorewebsite\\\/uploads\\\/sites\\\/1426\\\/2026\\\/03\\\/29183205\\\/Screenshot-2026-03-29-193141.png&quot;,&quot;id&quot;:&quot;1590&quot;,&quot;title&quot;:&quot;Screenshot 2026-03-29 193141&quot;,&quot;alt&quot;:&quot;&quot;,&quot;caption&quot;:&quot;&quot;,&quot;itemprop&quot;:&quot;image&quot;},{&quot;src&quot;:&quot;https:\\\/\\\/blogs.glowscotland.org.uk\\\/ab\\\/public\\\/bowmorewebsite\\\/uploads\\\/sites\\\/1426\\\/2026\\\/03\\\/29181356\\\/Screenshot-2026-03-29-191333.png&quot;,&quot;id&quot;:&quot;1586&quot;,&quot;title&quot;:&quot;Screenshot 2026-03-29 191333&quot;,&quot;alt&quot;:&quot;&quot;,&quot;caption&quot;:&quot;&quot;,&quot;itemprop&quot;:&quot;image&quot;},{&quot;src&quot;:&quot;https:\\\/\\\/blogs.glowscotland.org.uk\\\/ab\\\/public\\\/bowmorewebsite\\\/uploads\\\/sites\\\/1426\\\/2026\\\/03\\\/29174946\\\/Screenshot-2026-03-29-184932.png&quot;,&quot;id&quot;:&quot;1579&quot;,&quot;title&quot;:&quot;Screenshot 2026-03-29 184932&quot;,&quot;alt&quot;:&quot;&quot;,&quot;caption&quot;:&quot;&quot;,&quot;itemprop&quot;:&quot;image&quot;},{&quot;src&quot;:&quot;https:\\\/\\\/blogs.glowscotland.org.uk\\\/ab\\\/public\\\/bowmorewebsite\\\/uploads\\\/sites\\\/1426\\\/2026\\\/03\\\/29175626\\\/Screenshot-2026-03-29-185606.png&quot;,&quot;id&quot;:&quot;1583&quot;,&quot;title&quot;:&quot;Screenshot 2026-03-29 185606&quot;,&quot;alt&quot;:&quot;&quot;,&quot;caption&quot;:&quot;&quot;,&quot;itemprop&quot;:&quot;image&quot;},{&quot;src&quot;:&quot;https:\\\/\\\/blogs.glowscotland.org.uk\\\/ab\\\/public\\\/bowmorewebsite\\\/uploads\\\/sites\\\/1426\\\/2026\\\/03\\\/29174708\\\/Screenshot-2026-03-29-184648.png&quot;,&quot;id&quot;:&quot;1577&quot;,&quot;title&quot;:&quot;Screenshot 2026-03-29 184648&quot;,&quot;alt&quot;:&quot;&quot;,&quot;caption&quot;:&quot;&quot;,&quot;itemprop&quot;:&quot;image&quot;},{&quot;src&quot;:&quot;https:\\\/\\\/blogs.glowscotland.org.uk\\\/ab\\\/public\\\/bowmorewebsite\\\/uploads\\\/sites\\\/1426\\\/2026\\\/03\\\/29174813\\\/Screenshot-2026-03-29-184756.png&quot;,&quot;id&quot;:&quot;1578&quot;,&quot;title&quot;:&quot;Screenshot 2026-03-29 184756&quot;,&quot;alt&quot;:&quot;&quot;,&quot;caption&quot;:&quot;&quot;,&quot;itemprop&quot;:&quot;image&quot;},{&quot;src&quot;:&quot;https:\\\/\\\/blogs.glowscotland.org.uk\\\/ab\\\/public\\\/bowmorewebsite\\\/uploads\\\/sites\\\/1426\\\/2026\\\/03\\\/29174325\\\/6f56320e-d382-4245-9766-54251dc0a8ab.jpg___1774353712___1209600___1___z5X3Hujc1tfttgD9fIHF5h-kTKGYafb5WPXZR9P9zRXxZEBalIdI0QnErWITY1qgQ8aIicEDNOKqyjS9676vTw.jpg&quot;,&quot;id&quot;:&quot;1573&quot;,&quot;title&quot;:&quot;6f56320e-d382-4245-9766-54251dc0a8ab.jpg___1774353712___1209600___1___z5X3Hujc1tfttgD9fIHF5h-kTKGYafb5WPXZR9P9zRXxZEBalIdI0QnErWITY1qgQ8aIicEDNOKqyjS9676vTw&quot;,&quot;alt&quot;:&quot;&quot;,&quot;caption&quot;:&quot;&quot;,&quot;itemprop&quot;:&quot;image&quot;},{&quot;src&quot;:&quot;https:\\\/\\\/blogs.glowscotland.org.uk\\\/ab\\\/public\\\/bowmorewebsite\\\/uploads\\\/sites\\\/1426\\\/2026\\\/03\\\/29174330\\\/8e1db8a4-27a2-4303-9135-ec79660176df.jpg___1774238354___1209600___1___0eGWgPBSq5mkxiGTgy-qpKStB3fFgyrY26c3PAkeBKcfCXixiOKky0cshEG9ynLs2xmKvTm180SKoP-_u3a8NQ-770x1024.jpg&quot;,&quot;id&quot;:&quot;1575&quot;,&quot;title&quot;:&quot;8e1db8a4-27a2-4303-9135-ec79660176df.jpg___1774238354___1209600___1___0eGWgPBSq5mkxiGTgy-qpKStB3fFgyrY26c3PAkeBKcfCXixiOKky0cshEG9ynLs2xmKvTm180SKoP-_u3a8NQ&quot;,&quot;alt&quot;:&quot;&quot;,&quot;caption&quot;:&quot;&quot;,&quot;itemprop&quot;:&quot;image&quot;},{&quot;src&quot;:&quot;https:\\\/\\\/blogs.glowscotland.org.uk\\\/ab\\\/public\\\/bowmorewebsite\\\/uploads\\\/sites\\\/1426\\\/2026\\\/03\\\/29153924\\\/68c1e589-5fb3-4d00-a4b3-5cf378420c95.jpg___1774769958___1209600___1___GhsFAD5ZX_pEjpIVa2CodIrXjY6aM04V3PgtMyamXG4xV_GVhuYmv_zZPF3yT6qIoLJfCxDOMzJe3aaIN0Yeig-770x1024.jpg&quot;,&quot;id&quot;:&quot;1564&quot;,&quot;title&quot;:&quot;68c1e589-5fb3-4d00-a4b3-5cf378420c95.jpg___1774769958___1209600___1___GhsFAD5ZX_pEjpIVa2CodIrXjY6aM04V3PgtMyamXG4xV_GVhuYmv_zZPF3yT6qIoLJfCxDOMzJe3aaIN0Yeig&quot;,&quot;alt&quot;:&quot;&quot;,&quot;caption&quot;:&quot;&quot;,&quot;itemprop&quot;:&quot;image&quot;},{&quot;src&quot;:&quot;https:\\\/\\\/blogs.glowscotland.org.uk\\\/ab\\\/public\\\/bowmorewebsite\\\/uploads\\\/sites\\\/1426\\\/2026\\\/03\\\/29153046\\\/IMG_3886-672x1024.jpeg&quot;,&quot;id&quot;:&quot;1555&quot;,&quot;title&quot;:&quot;Screenshot&quot;,&quot;alt&quot;:&quot;&quot;,&quot;caption&quot;:&quot;Screenshot&quot;,&quot;itemprop&quot;:&quot;image&quot;},{&quot;src&quot;:&quot;https:\\\/\\\/blogs.glowscotland.org.uk\\\/ab\\\/public\\\/bowmorewebsite\\\/uploads\\\/sites\\\/1426\\\/2026\\\/03\\\/29153034\\\/IMG_3898-696x1024.jpeg&quot;,&quot;id&quot;:&quot;1549&quot;,&quot;title&quot;:&quot;Screenshot&quot;,&quot;alt&quot;:&quot;&quot;,&quot;caption&quot;:&quot;Screenshot&quot;,&quot;itemprop&quot;:&quot;image&quot;},{&quot;src&quot;:&quot;https:\\\/\\\/blogs.glowscotland.org.uk\\\/ab\\\/public\\\/bowmorewebsite\\\/uploads\\\/sites\\\/1426\\\/2026\\\/03\\\/29132606\\\/E5IG9YfWEAA-bVx-1024x768.jpg&quot;,&quot;id&quot;:&quot;1532&quot;,&quot;title&quot;:&quot;E5IG9YfWEAA-bVx&quot;,&quot;alt&quot;:&quot;&quot;,&quot;caption&quot;:&quot;&quot;,&quot;itemprop&quot;:&quot;image&quot;},{&quot;src&quot;:&quot;https:\\\/\\\/blogs.glowscotland.org.uk\\\/ab\\\/public\\\/bowmorewebsite\\\/uploads\\\/sites\\\/1426\\\/2026\\\/03\\\/12112021\\\/uniform-768x1024.jpeg&quot;,&quot;id&quot;:&quot;1509&quot;,&quot;title&quot;:&quot;uniform&quot;,&quot;alt&quot;:&quot;&quot;,&quot;caption&quot;:&quot;&quot;,&quot;itemprop&quot;:&quot;image&quot;}]\" itemscope itemtype=\"https:\/\/schema.org\/ImageGallery\"><\/div>\n<p>&nbsp;<\/p>\n<p><img loading=\"lazy\" decoding=\"async\" data-attachment-id=\"1378\" data-permalink=\"https:\/\/blogs.glowscotland.org.uk\/ab\/bowmorewebsite\/our-rationale\/79146984432__5e5e5ce3-5a46-4811-aa0c-6fff284431bf\/\" data-orig-file=\"https:\/\/blogs.glowscotland.org.uk\/ab\/public\/bowmorewebsite\/uploads\/sites\/1426\/2026\/02\/01160657\/79146984432__5E5E5CE3-5A46-4811-AA0C-6FFF284431BF-e1769962543600.jpeg\" data-orig-size=\"1195,900\" data-comments-opened=\"1\" data-image-meta=\"{&quot;aperture&quot;:&quot;1.8&quot;,&quot;credit&quot;:&quot;&quot;,&quot;camera&quot;:&quot;iPhone XR&quot;,&quot;caption&quot;:&quot;&quot;,&quot;created_timestamp&quot;:&quot;1769777044&quot;,&quot;copyright&quot;:&quot;&quot;,&quot;focal_length&quot;:&quot;4.25&quot;,&quot;iso&quot;:&quot;100&quot;,&quot;shutter_speed&quot;:&quot;0.02&quot;,&quot;title&quot;:&quot;&quot;,&quot;orientation&quot;:&quot;1&quot;}\" data-image-title=\"79146984432__5E5E5CE3-5A46-4811-AA0C-6FFF284431BF\" data-image-description=\"\" data-image-caption=\"\" data-medium-file=\"https:\/\/blogs.glowscotland.org.uk\/ab\/public\/bowmorewebsite\/uploads\/sites\/1426\/2026\/02\/01160657\/79146984432__5E5E5CE3-5A46-4811-AA0C-6FFF284431BF-e1769962543600-300x226.jpeg\" data-large-file=\"https:\/\/blogs.glowscotland.org.uk\/ab\/public\/bowmorewebsite\/uploads\/sites\/1426\/2026\/02\/01160657\/79146984432__5E5E5CE3-5A46-4811-AA0C-6FFF284431BF-e1769962543600-1024x771.jpeg\" class=\"aligncenter wp-image-1378 \" src=\"https:\/\/blogs.glowscotland.org.uk\/ab\/public\/bowmorewebsite\/uploads\/sites\/1426\/2026\/02\/01160657\/79146984432__5E5E5CE3-5A46-4811-AA0C-6FFF284431BF-e1769962543600.jpeg\" alt=\"\" width=\"607\" height=\"457\" srcset=\"https:\/\/blogs.glowscotland.org.uk\/ab\/public\/bowmorewebsite\/uploads\/sites\/1426\/2026\/02\/01160657\/79146984432__5E5E5CE3-5A46-4811-AA0C-6FFF284431BF-e1769962543600.jpeg 1195w, https:\/\/blogs.glowscotland.org.uk\/ab\/public\/bowmorewebsite\/uploads\/sites\/1426\/2026\/02\/01160657\/79146984432__5E5E5CE3-5A46-4811-AA0C-6FFF284431BF-e1769962543600-300x226.jpeg 300w, https:\/\/blogs.glowscotland.org.uk\/ab\/public\/bowmorewebsite\/uploads\/sites\/1426\/2026\/02\/01160657\/79146984432__5E5E5CE3-5A46-4811-AA0C-6FFF284431BF-e1769962543600-1024x771.jpeg 1024w, https:\/\/blogs.glowscotland.org.uk\/ab\/public\/bowmorewebsite\/uploads\/sites\/1426\/2026\/02\/01160657\/79146984432__5E5E5CE3-5A46-4811-AA0C-6FFF284431BF-e1769962543600-768x578.jpeg 768w\" sizes=\"auto, (max-width: 607px) 100vw, 607px\" \/><\/p>\n<h1 style=\"text-align: center\"><em><strong>Welcome &#8211; <span class=\"ILfuVd\">F\u00e0ilte<\/span><\/strong><\/em><\/h1>\n<p>At Bowmore Primary School we aim to build strong links with parents, partner agencies and our friends in the community. We provide a wide range of learning experiences, trips and events to enhance the children\u2019s learning.<\/p>\n<p><em>Aig Bun-sgoil Bhogha M\u00f2r tha sinn ag amas air ceanglaichean l\u00e0idir a chruthachadh le p\u00e0rantan, luchd-obrach eile agus ar caraidean anns a\u2019 choimhearsnachd.\u00a0 Tha sinn a\u2019 tabhann iomadh diofar d\u00f2ighean ionnsachaidh, tursan agus tachartasan gus ionnsachadh na cloinne a leasachadh.<\/em><\/p>\n<p>Bowmore Primary School is proud to have children learning through the medium of Gaelic in addition to English, we work hard to promote Gaelic within our school and across the island.<\/p>\n<p><em>Tha Bun-sgoil Bhogha M\u00f2r moiteil gu bheil cuid den chloinn againn ag ionnsachadh tro mheadhan na G\u00e0idhlig a bharrachd air a\u2019 Bheurla; tha sinn ag obair gu cruaidh gus a\u2019 Gh\u00e0idhlig a bhrosnachadh anns an sgoil agus air feadh an eilein.<\/em><\/p>\n<\/div>\n<p>&nbsp;<\/p>\n<\/div>\n<\/div>\n<\/div>\n<\/article>\n<\/div>\n<\/div>\n","protected":false},"excerpt":{"rendered":"<p>&nbsp; Welcome &#8211; F\u00e0ilte At Bowmore Primary School we aim to build strong links with parents, partner agencies and our friends in the community. We provide a wide range of learning experiences, trips and events to enhance the children\u2019s learning. Aig Bun-sgoil Bhogha M\u00f2r tha sinn ag amas air ceanglaichean l\u00e0idir a chruthachadh le p\u00e0rantan, [&hellip;]<\/p>\n","protected":false},"author":2178,"featured_media":0,"parent":0,"menu_order":0,"comment_status":"closed","ping_status":"closed","template":"","meta":{"footnotes":""},"class_list":["post-12","page","type-page","status-publish","hentry"],"_links":{"self":[{"href":"https:\/\/blogs.glowscotland.org.uk\/ab\/bowmorewebsite\/wp-json\/wp\/v2\/pages\/12","targetHints":{"allow":["GET"]}}],"collection":[{"href":"https:\/\/blogs.glowscotland.org.uk\/ab\/bowmorewebsite\/wp-json\/wp\/v2\/pages"}],"about":[{"href":"https:\/\/blogs.glowscotland.org.uk\/ab\/bowmorewebsite\/wp-json\/wp\/v2\/types\/page"}],"author":[{"embeddable":true,"href":"https:\/\/blogs.glowscotland.org.uk\/ab\/bowmorewebsite\/wp-json\/wp\/v2\/users\/2178"}],"replies":[{"embeddable":true,"href":"https:\/\/blogs.glowscotland.org.uk\/ab\/bowmorewebsite\/wp-json\/wp\/v2\/comments?post=12"}],"version-history":[{"count":47,"href":"https:\/\/blogs.glowscotland.org.uk\/ab\/bowmorewebsite\/wp-json\/wp\/v2\/pages\/12\/revisions"}],"predecessor-version":[{"id":1624,"href":"https:\/\/blogs.glowscotland.org.uk\/ab\/bowmorewebsite\/wp-json\/wp\/v2\/pages\/12\/revisions\/1624"}],"wp:attachment":[{"href":"https:\/\/blogs.glowscotland.org.uk\/ab\/bowmorewebsite\/wp-json\/wp\/v2\/media?parent=12"}],"curies":[{"name":"wp","href":"https:\/\/api.w.org\/{rel}","templated":true}]}}